{"id":59,"date":"2016-05-27T23:56:35","date_gmt":"2016-05-27T21:56:35","guid":{"rendered":"http:\/\/cipciop.de\/?page_id=59"},"modified":"2025-08-02T14:25:17","modified_gmt":"2025-08-02T12:25:17","slug":"selbstabholung","status":"publish","type":"page","link":"https:\/\/filma-v.de\/?page_id=59","title":{"rendered":"Selbstabholung"},"content":{"rendered":"<div class=\"wpb-content-wrapper\"><p>[vc_row][vc_column][vc_column_text css=&#8221;&#8221;]<\/p>\n<h2><b>Selbstabholung, Zahlung in Bar oder \u00dcberweisung<\/b><\/h2>\n<div class=\"content_page_inner\">Auf dieser Seite erfahren Sie, wie Sie die bestellten Produkte abholen und bezahlen k\u00f6nnen.<\/div>\n<div class=\"content_page_inner\"><\/div>\n<p><b>Abholung<\/b><br \/>\nBitte erkundigen Sie sich telefonisch vorab, ob das gew\u00fcnschte Produkt am Abholtag verf\u00fcgbar ist. Das Produkt wird dann zur Abholung f\u00fcr Sie bereit gelegt. Sollte das Produkt nicht innerhalb von 4 Werktagen abgeholt werden, wird der Auftrag storniert und die Ware f\u00fcr andere Kunden freigegeben. Mit ihrer Bestellbest\u00e4tgung k\u00f6nnen Sie Ihre Bestellung zu der vereinbarten Zeit abholen.<br \/>\n<b>Bezahlung<\/b><br \/>\nBezahlen Sie bei Abholung in bar oder vorab per \u00dcberweisung (Ware wird nach erfolgter Gutschrift \u00fcbergeben). Kreditkartezahlung ist bei Abholung nicht m\u00f6glich. Bitte beachten Sie dass Abholungen nur ausgef\u00fchrt werden, wenn eine online oder telefonische Bestellung vorliegt.<\/p>\n<p><b>Abholanschrift<\/b><\/p>\n<p>Filma-V<br \/>\nInh. Claudia Virzi<br \/>\nHirschstra\u00dfe 8<br \/>\nD-89150 Laichingen<\/p>\n<p>Email: <a href=\"&#109;&#x61;i&#x6c;t&#111;&#x3a;i&#x6e;f&#111;&#x40;f&#x69;l&#x6d;&#x61;-&#x76;.&#x64;e\">inf&#111;&#x40;&#x66;&#x69;&#x6c;ma-&#118;&#x2e;&#x64;&#x65;<\/a><br \/>\nHandy: \u00a0(+49) 0 172 2667490[\/vc_column_text][\/vc_column][\/vc_row]<\/p>\n<\/div>","protected":false},"excerpt":{"rendered":"<p>[vc_row][vc_column][vc_column_text css=&#8221;&#8221;] Selbstabholung, Zahlung in Bar oder \u00dcberweisung Auf dieser Seite erfahren Sie, wie Sie die bestellten Produkte abholen und bezahlen k\u00f6nnen. Abholung Bitte erkundigen Sie sich telefonisch vorab, ob das gew\u00fcnschte<a class=\"moretag\" href=\"https:\/\/filma-v.de\/?page_id=59\">Weiterlesen&#8230;<\/a><\/p>\n","protected":false},"author":1,"featured_media":0,"parent":0,"menu_order":0,"comment_status":"closed","ping_status":"closed","template":"","meta":{"footnotes":""},"class_list":["post-59","page","type-page","status-publish","hentry"],"yoast_head":"<!-- This site is optimized with the Yoast SEO plugin v23.8 - https:\/\/yoast.com\/wordpress\/plugins\/seo\/ -->\n<title>Selbstabholung vom Produkt | Anfahrt | Filma-V<\/title>\n<meta name=\"description\" content=\"Auf dieser Seite erfahren Sie, wie Sie die bestellten Produkte abholen und bezahlen k\u00f6nnen.\" \/>\n<meta name=\"robots\" content=\"index, follow, max-snippet:-1, max-image-preview:large, max-video-preview:-1\" \/>\n<link rel=\"canonical\" href=\"https:\/\/filma-v.de\/?page_id=59\" \/>\n<meta property=\"og:locale\" content=\"de_DE\" \/>\n<meta property=\"og:type\" content=\"article\" \/>\n<meta property=\"og:title\" content=\"Selbstabholung vom Produkt | Anfahrt | Filma-V\" \/>\n<meta property=\"og:description\" content=\"Auf dieser Seite erfahren Sie, wie Sie die bestellten Produkte abholen und bezahlen k\u00f6nnen.\" \/>\n<meta property=\"og:url\" content=\"https:\/\/filma-v.de\/?page_id=59\" \/>\n<meta property=\"og:site_name\" content=\"FILMA-V\" \/>\n<meta property=\"article:modified_time\" content=\"2025-08-02T12:25:17+00:00\" \/>\n<meta name=\"twitter:card\" content=\"summary_large_image\" \/>\n<meta name=\"twitter:label1\" content=\"Gesch\u00e4tzte Lesezeit\" \/>\n\t<meta name=\"twitter:data1\" content=\"1\u00a0Minute\" \/>\n<script type=\"application\/ld+json\" class=\"yoast-schema-graph\">{\"@context\":\"https:\/\/schema.org\",\"@graph\":[{\"@type\":\"WebPage\",\"@id\":\"https:\/\/filma-v.de\/?page_id=59\",\"url\":\"https:\/\/filma-v.de\/?page_id=59\",\"name\":\"Selbstabholung vom Produkt | Anfahrt | Filma-V\",\"isPartOf\":{\"@id\":\"https:\/\/filma-v.de\/#website\"},\"datePublished\":\"2016-05-27T21:56:35+00:00\",\"dateModified\":\"2025-08-02T12:25:17+00:00\",\"description\":\"Auf dieser Seite erfahren Sie, wie Sie die bestellten Produkte abholen und bezahlen k\u00f6nnen.\",\"breadcrumb\":{\"@id\":\"https:\/\/filma-v.de\/?page_id=59#breadcrumb\"},\"inLanguage\":\"de\",\"potentialAction\":[{\"@type\":\"ReadAction\",\"target\":[\"https:\/\/filma-v.de\/?page_id=59\"]}]},{\"@type\":\"BreadcrumbList\",\"@id\":\"https:\/\/filma-v.de\/?page_id=59#breadcrumb\",\"itemListElement\":[{\"@type\":\"ListItem\",\"position\":1,\"name\":\"Startseite\",\"item\":\"https:\/\/filma-v.de\/\"},{\"@type\":\"ListItem\",\"position\":2,\"name\":\"Selbstabholung\"}]},{\"@type\":\"WebSite\",\"@id\":\"https:\/\/filma-v.de\/#website\",\"url\":\"https:\/\/filma-v.de\/\",\"name\":\"FILMA-V\",\"description\":\"Sat, Kabel, Dreambox, Humax, Topfield, Dreambox, VU+, Kathrein, lnb, Sat-Erotik, PayTV, Anlagen, Sch\u00fcsseln, Satfinder &amp; Pay-TV, Outdoor M\u00f6bel\",\"potentialAction\":[{\"@type\":\"SearchAction\",\"target\":{\"@type\":\"EntryPoint\",\"urlTemplate\":\"https:\/\/filma-v.de\/?s={search_term_string}\"},\"query-input\":{\"@type\":\"PropertyValueSpecification\",\"valueRequired\":true,\"valueName\":\"search_term_string\"}}],\"inLanguage\":\"de\"}]}<\/script>\n<!-- \/ Yoast SEO plugin. -->","yoast_head_json":{"title":"Selbstabholung vom Produkt | Anfahrt | Filma-V","description":"Auf dieser Seite erfahren Sie, wie Sie die bestellten Produkte abholen und bezahlen k\u00f6nnen.","robots":{"index":"index","follow":"follow","max-snippet":"max-snippet:-1","max-image-preview":"max-image-preview:large","max-video-preview":"max-video-preview:-1"},"canonical":"https:\/\/filma-v.de\/?page_id=59","og_locale":"de_DE","og_type":"article","og_title":"Selbstabholung vom Produkt | Anfahrt | Filma-V","og_description":"Auf dieser Seite erfahren Sie, wie Sie die bestellten Produkte abholen und bezahlen k\u00f6nnen.","og_url":"https:\/\/filma-v.de\/?page_id=59","og_site_name":"FILMA-V","article_modified_time":"2025-08-02T12:25:17+00:00","twitter_card":"summary_large_image","twitter_misc":{"Gesch\u00e4tzte Lesezeit":"1\u00a0Minute"},"schema":{"@context":"https:\/\/schema.org","@graph":[{"@type":"WebPage","@id":"https:\/\/filma-v.de\/?page_id=59","url":"https:\/\/filma-v.de\/?page_id=59","name":"Selbstabholung vom Produkt | Anfahrt | Filma-V","isPartOf":{"@id":"https:\/\/filma-v.de\/#website"},"datePublished":"2016-05-27T21:56:35+00:00","dateModified":"2025-08-02T12:25:17+00:00","description":"Auf dieser Seite erfahren Sie, wie Sie die bestellten Produkte abholen und bezahlen k\u00f6nnen.","breadcrumb":{"@id":"https:\/\/filma-v.de\/?page_id=59#breadcrumb"},"inLanguage":"de","potentialAction":[{"@type":"ReadAction","target":["https:\/\/filma-v.de\/?page_id=59"]}]},{"@type":"BreadcrumbList","@id":"https:\/\/filma-v.de\/?page_id=59#breadcrumb","itemListElement":[{"@type":"ListItem","position":1,"name":"Startseite","item":"https:\/\/filma-v.de\/"},{"@type":"ListItem","position":2,"name":"Selbstabholung"}]},{"@type":"WebSite","@id":"https:\/\/filma-v.de\/#website","url":"https:\/\/filma-v.de\/","name":"FILMA-V","description":"Sat, Kabel, Dreambox, Humax, Topfield, Dreambox, VU+, Kathrein, lnb, Sat-Erotik, PayTV, Anlagen, Sch\u00fcsseln, Satfinder &amp; Pay-TV, Outdoor M\u00f6bel","potentialAction":[{"@type":"SearchAction","target":{"@type":"EntryPoint","urlTemplate":"https:\/\/filma-v.de\/?s={search_term_string}"},"query-input":{"@type":"PropertyValueSpecification","valueRequired":true,"valueName":"search_term_string"}}],"inLanguage":"de"}]}},"_links":{"self":[{"href":"https:\/\/filma-v.de\/index.php?rest_route=\/wp\/v2\/pages\/59","targetHints":{"allow":["GET"]}}],"collection":[{"href":"https:\/\/filma-v.de\/index.php?rest_route=\/wp\/v2\/pages"}],"about":[{"href":"https:\/\/filma-v.de\/index.php?rest_route=\/wp\/v2\/types\/page"}],"author":[{"embeddable":true,"href":"https:\/\/filma-v.de\/index.php?rest_route=\/wp\/v2\/users\/1"}],"replies":[{"embeddable":true,"href":"https:\/\/filma-v.de\/index.php?rest_route=%2Fwp%2Fv2%2Fcomments&post=59"}],"version-history":[{"count":9,"href":"https:\/\/filma-v.de\/index.php?rest_route=\/wp\/v2\/pages\/59\/revisions"}],"predecessor-version":[{"id":4831,"href":"https:\/\/filma-v.de\/index.php?rest_route=\/wp\/v2\/pages\/59\/revisions\/4831"}],"wp:attachment":[{"href":"https:\/\/filma-v.de\/index.php?rest_route=%2Fwp%2Fv2%2Fmedia&parent=59"}],"curies":[{"name":"wp","href":"https:\/\/api.w.org\/{rel}","templated":true}]}}