{"id":8,"date":"2016-05-27T21:12:57","date_gmt":"2016-05-27T19:12:57","guid":{"rendered":"http:\/\/cipciop.de\/mein-konto\/"},"modified":"2016-05-27T21:12:57","modified_gmt":"2016-05-27T19:12:57","slug":"mein-konto","status":"publish","type":"page","link":"https:\/\/filma-v.de\/?page_id=8","title":{"rendered":"Mein Konto"},"content":{"rendered":"<div class=\"woocommerce\"><div class=\"woocommerce-notices-wrapper\"><\/div>\n\n<div class=\"u-columns col2-set\" id=\"customer_login\">\n\n\t<div class=\"u-column1 col-1\">\n\n\n\t\t<h2>Anmelden<\/h2>\n\n\t\t<form class=\"woocommerce-form woocommerce-form-login login\" method=\"post\">\n\n\t\t\t\n\t\t\t<p class=\"woocommerce-form-row woocommerce-form-row--wide form-row form-row-wide\">\n\t\t\t\t<label for=\"username\">Benutzername oder E-Mail-Adresse&nbsp;<span class=\"required\" aria-hidden=\"true\">*<\/span><span class=\"screen-reader-text\">Erforderlich<\/span><\/label>\n\t\t\t\t<input type=\"text\" class=\"woocommerce-Input woocommerce-Input--text input-text\" name=\"username\" id=\"username\" autocomplete=\"username\" value=\"\" required aria-required=\"true\" \/>\t\t\t<\/p>\n\t\t\t<p class=\"woocommerce-form-row woocommerce-form-row--wide form-row form-row-wide\">\n\t\t\t\t<label for=\"password\">Passwort&nbsp;<span class=\"required\" aria-hidden=\"true\">*<\/span><span class=\"screen-reader-text\">Erforderlich<\/span><\/label>\n\t\t\t\t<input class=\"woocommerce-Input woocommerce-Input--text input-text\" type=\"password\" name=\"password\" id=\"password\" autocomplete=\"current-password\" required aria-required=\"true\" \/>\n\t\t\t<\/p>\n\n\t\t\t\n\t\t\t<p class=\"form-row\">\n\t\t\t\t<label class=\"woocommerce-form__label woocommerce-form__label-for-checkbox woocommerce-form-login__rememberme\">\n\t\t\t\t\t<input class=\"woocommerce-form__input woocommerce-form__input-checkbox\" name=\"rememberme\" type=\"checkbox\" id=\"rememberme\" value=\"forever\" \/> <span>Angemeldet bleiben<\/span>\n\t\t\t\t<\/label>\n\t\t\t\t<input type=\"hidden\" id=\"woocommerce-login-nonce\" name=\"woocommerce-login-nonce\" value=\"47d35df872\" \/><input type=\"hidden\" name=\"_wp_http_referer\" value=\"\/index.php?rest_route=%2Fwp%2Fv2%2Fpages%2F8\" \/>\t\t\t\t<button type=\"submit\" class=\"woocommerce-button button woocommerce-form-login__submit\" name=\"login\" value=\"Anmelden\">Anmelden<\/button>\n\t\t\t<\/p>\n\t\t\t<p class=\"woocommerce-LostPassword lost_password\">\n\t\t\t\t<a href=\"https:\/\/filma-v.de\/?page_id=8&#038;lost-password\">Passwort vergessen?<\/a>\n\t\t\t<\/p>\n\n\t\t\t\n\t\t<\/form>\n\n\n\t<\/div>\n\n\t<div class=\"u-column2 col-2\">\n\n\t\t<h2>Registrieren<\/h2>\n\n\t\t<form method=\"post\" class=\"woocommerce-form woocommerce-form-register register\"  >\n\n\t\t\t\n\t\t\t\n\t\t\t\t<p class=\"woocommerce-form-row woocommerce-form-row--wide form-row form-row-wide\">\n\t\t\t\t\t<label for=\"reg_username\">Benutzername&nbsp;<span class=\"required\" aria-hidden=\"true\">*<\/span><span class=\"screen-reader-text\">Erforderlich<\/span><\/label>\n\t\t\t\t\t<input type=\"text\" class=\"woocommerce-Input woocommerce-Input--text input-text\" name=\"username\" id=\"reg_username\" autocomplete=\"username\" value=\"\" required aria-required=\"true\" \/>\t\t\t\t<\/p>\n\n\t\t\t\n\t\t\t<p class=\"woocommerce-form-row woocommerce-form-row--wide form-row form-row-wide\">\n\t\t\t\t<label for=\"reg_email\">E-Mail-Adresse&nbsp;<span class=\"required\" aria-hidden=\"true\">*<\/span><span class=\"screen-reader-text\">Erforderlich<\/span><\/label>\n\t\t\t\t<input type=\"email\" class=\"woocommerce-Input woocommerce-Input--text input-text\" name=\"email\" id=\"reg_email\" autocomplete=\"email\" value=\"\" required aria-required=\"true\" \/>\t\t\t<\/p>\n\n\t\t\t\n\t\t\t\t<p class=\"woocommerce-form-row woocommerce-form-row--wide form-row form-row-wide\">\n\t\t\t\t\t<label for=\"reg_password\">Passwort&nbsp;<span class=\"required\" aria-hidden=\"true\">*<\/span><span class=\"screen-reader-text\">Erforderlich<\/span><\/label>\n\t\t\t\t\t<input type=\"password\" class=\"woocommerce-Input woocommerce-Input--text input-text\" name=\"password\" id=\"reg_password\" autocomplete=\"new-password\" required aria-required=\"true\" \/>\n\t\t\t\t<\/p>\n\n\t\t\t\n\t\t\t\t<p class=\"form-row form-row-wide\">\n\t\t<label for=\"first_name\">Vorname<\/label>\n\t\t<input type=\"text\" name=\"first_name\" id=\"first_name\" class=\"input-text\" value=\"\" size=\"25\" \/>\n\t<\/p>\n\t<p class=\"form-row form-row-wide\">\n\t\t<label for=\"last_name\">Nachname<\/label>\n\t\t<input type=\"text\" name=\"last_name\" id=\"last_name\" class=\"input-text\" value=\"\" size=\"25\" \/>\n\t<\/p>\n\n\t<script type='text\/javascript'>\n\t\/* <![CDATA[ *\/\n\tr3f5x9JS=escape(document['referrer']);\n\thf3N='8143890140f69dc6e628a519d527876e';\n\thf3V='ee229fdb4112f8f354c06477ae6e4591';\n\tdocument.write(\"<input type='hidden' name='r3f5x9JS' value='\"+r3f5x9JS+\"' \/><input type='hidden' name='\"+hf3N+\"' value='\"+hf3V+\"' \/>\");\n\t\/* ]]> *\/\n\t<\/script>\n\t<noscript><input type=\"hidden\" name=\"JS04X7\" value=\"NS3\" \/><\/noscript>\n\t<noscript><p><strong>Derzeit hast du JavaScript deaktiviert. Um dich zu registrieren, stellen bitte sicher, dass JavaScript und Cookies aktiviert sind, und lade die Seite neu.<\/strong> <a href=\"http:\/\/enable-javascript.com\/\" rel=\"nofollow external\" >Klicke hier f\u00fcr eine Anleitung die dir zeigt, wie du JavaScript in deinem Browser aktivierst.<\/a><br \/><br \/><\/p><\/noscript>\n\t<wc-order-attribution-inputs><\/wc-order-attribution-inputs><div class=\"wc-gzd-checkbox-placeholder wc-gzd-checkbox-placeholder-reg_data_privacy\" data-checkbox=\"privacy\">\n<p class=\"legal form-row-wide terms-privacy-policy form-row checkbox-reg_data_privacy validate-required\" data-checkbox=\"privacy\" style=\"\">\n\t<label for=\"reg_data_privacy\" class=\"woocommerce-form__label woocommerce-form__label-for-checkbox checkbox\">\n\t\t\t\t\t<input\n\t\t\t\ttype=\"checkbox\"\n\t\t\t\tclass=\"woocommerce-form__input woocommerce-form__input-checkbox input-checkbox\"\n\t\t\t\tname=\"privacy\"\n\t\t\t\tid=\"reg_data_privacy\"\n\t\t\t\/>\n\t\t\t\t<span class=\"woocommerce-gzd-reg_data_privacy-checkbox-text\">Ja, ich m\u00f6chte ein Kundenkonto er\u00f6ffnen und akzeptiere die <a href=\"https:\/\/filma-v.de\/?page_id=46\" target=\"_blank\">Datenschutzerkl\u00e4rung<\/a>.<\/span>\n\t\t\t\t\t&nbsp;<abbr class=\"required\" title=\"erforderlich\">*<\/abbr>\n\t\t\t\t<input type=\"hidden\" name=\"privacy-field\" value=\"1\" \/>\n\t<\/label>\n<\/p>\n<\/div>\n\t\t\t<p class=\"woocommerce-form-row form-row\">\n\t\t\t\t<input type=\"hidden\" id=\"woocommerce-register-nonce\" name=\"woocommerce-register-nonce\" value=\"fa469b6139\" \/><input type=\"hidden\" name=\"_wp_http_referer\" value=\"\/index.php?rest_route=%2Fwp%2Fv2%2Fpages%2F8\" \/>\t\t\t\t<button type=\"submit\" class=\"woocommerce-Button woocommerce-button button woocommerce-form-register__submit\" name=\"register\" value=\"Registrieren\">Registrieren<\/button>\n\t\t\t<\/p>\n\n\t\t\t\n\t\t<\/form>\n\n\t<\/div>\n\n<\/div>\n\n<\/div>\n","protected":false},"excerpt":{"rendered":"Anmelden Benutzername oder E-Mail-Adresse&nbsp;*Erforderlich Passwort&nbsp;*Erforderlich Angemeldet bleiben Anmelden Passwort vergessen? Registrieren Benutzername&nbsp;*Erforderlich E-Mail-Adresse&nbsp;*Erforderlich Passwort&nbsp;*Erforderlich Ja, ich m\u00f6chte ein Kundenkonto er\u00f6ffnen und akzeptiere die Datenschutzerkl\u00e4rung. &nbsp;* Registrieren","protected":false},"author":1,"featured_media":0,"parent":0,"menu_order":0,"comment_status":"closed","ping_status":"closed","template":"","meta":{"footnotes":""},"class_list":["post-8","page","type-page","status-publish","hentry"],"yoast_head":"<!-- This site is optimized with the Yoast SEO plugin v23.8 - https:\/\/yoast.com\/wordpress\/plugins\/seo\/ -->\n<title>Mein Konto &#8211; FILMA-V<\/title>\n<meta name=\"robots\" content=\"index, follow, max-snippet:-1, max-image-preview:large, max-video-preview:-1\" \/>\n<link rel=\"canonical\" href=\"https:\/\/filma-v.de\/?page_id=8\" \/>\n<meta property=\"og:locale\" content=\"de_DE\" \/>\n<meta property=\"og:type\" content=\"article\" \/>\n<meta property=\"og:title\" content=\"Mein Konto &#8211; FILMA-V\" \/>\n<meta property=\"og:url\" content=\"https:\/\/filma-v.de\/?page_id=8\" \/>\n<meta property=\"og:site_name\" content=\"FILMA-V\" \/>\n<meta name=\"twitter:card\" content=\"summary_large_image\" \/>\n<script type=\"application\/ld+json\" class=\"yoast-schema-graph\">{\"@context\":\"https:\/\/schema.org\",\"@graph\":[{\"@type\":\"WebPage\",\"@id\":\"https:\/\/filma-v.de\/?page_id=8\",\"url\":\"https:\/\/filma-v.de\/?page_id=8\",\"name\":\"Mein Konto &#8211; FILMA-V\",\"isPartOf\":{\"@id\":\"https:\/\/filma-v.de\/#website\"},\"datePublished\":\"2016-05-27T19:12:57+00:00\",\"dateModified\":\"2016-05-27T19:12:57+00:00\",\"breadcrumb\":{\"@id\":\"https:\/\/filma-v.de\/?page_id=8#breadcrumb\"},\"inLanguage\":\"de\",\"potentialAction\":[{\"@type\":\"ReadAction\",\"target\":[\"https:\/\/filma-v.de\/?page_id=8\"]}]},{\"@type\":\"BreadcrumbList\",\"@id\":\"https:\/\/filma-v.de\/?page_id=8#breadcrumb\",\"itemListElement\":[{\"@type\":\"ListItem\",\"position\":1,\"name\":\"Startseite\",\"item\":\"https:\/\/filma-v.de\/\"},{\"@type\":\"ListItem\",\"position\":2,\"name\":\"Mein Konto\"}]},{\"@type\":\"WebSite\",\"@id\":\"https:\/\/filma-v.de\/#website\",\"url\":\"https:\/\/filma-v.de\/\",\"name\":\"FILMA-V\",\"description\":\"Sat, Kabel, Dreambox, Humax, Topfield, Dreambox, VU+, Kathrein, lnb, Sat-Erotik, PayTV, Anlagen, Sch\u00fcsseln, Satfinder &amp; Pay-TV, Outdoor M\u00f6bel\",\"potentialAction\":[{\"@type\":\"SearchAction\",\"target\":{\"@type\":\"EntryPoint\",\"urlTemplate\":\"https:\/\/filma-v.de\/?s={search_term_string}\"},\"query-input\":{\"@type\":\"PropertyValueSpecification\",\"valueRequired\":true,\"valueName\":\"search_term_string\"}}],\"inLanguage\":\"de\"}]}<\/script>\n<!-- \/ Yoast SEO plugin. -->","yoast_head_json":{"title":"Mein Konto &#8211; FILMA-V","robots":{"index":"index","follow":"follow","max-snippet":"max-snippet:-1","max-image-preview":"max-image-preview:large","max-video-preview":"max-video-preview:-1"},"canonical":"https:\/\/filma-v.de\/?page_id=8","og_locale":"de_DE","og_type":"article","og_title":"Mein Konto &#8211; FILMA-V","og_url":"https:\/\/filma-v.de\/?page_id=8","og_site_name":"FILMA-V","twitter_card":"summary_large_image","schema":{"@context":"https:\/\/schema.org","@graph":[{"@type":"WebPage","@id":"https:\/\/filma-v.de\/?page_id=8","url":"https:\/\/filma-v.de\/?page_id=8","name":"Mein Konto &#8211; FILMA-V","isPartOf":{"@id":"https:\/\/filma-v.de\/#website"},"datePublished":"2016-05-27T19:12:57+00:00","dateModified":"2016-05-27T19:12:57+00:00","breadcrumb":{"@id":"https:\/\/filma-v.de\/?page_id=8#breadcrumb"},"inLanguage":"de","potentialAction":[{"@type":"ReadAction","target":["https:\/\/filma-v.de\/?page_id=8"]}]},{"@type":"BreadcrumbList","@id":"https:\/\/filma-v.de\/?page_id=8#breadcrumb","itemListElement":[{"@type":"ListItem","position":1,"name":"Startseite","item":"https:\/\/filma-v.de\/"},{"@type":"ListItem","position":2,"name":"Mein Konto"}]},{"@type":"WebSite","@id":"https:\/\/filma-v.de\/#website","url":"https:\/\/filma-v.de\/","name":"FILMA-V","description":"Sat, Kabel, Dreambox, Humax, Topfield, Dreambox, VU+, Kathrein, lnb, Sat-Erotik, PayTV, Anlagen, Sch\u00fcsseln, Satfinder &amp; Pay-TV, Outdoor M\u00f6bel","potentialAction":[{"@type":"SearchAction","target":{"@type":"EntryPoint","urlTemplate":"https:\/\/filma-v.de\/?s={search_term_string}"},"query-input":{"@type":"PropertyValueSpecification","valueRequired":true,"valueName":"search_term_string"}}],"inLanguage":"de"}]}},"_links":{"self":[{"href":"https:\/\/filma-v.de\/index.php?rest_route=\/wp\/v2\/pages\/8","targetHints":{"allow":["GET"]}}],"collection":[{"href":"https:\/\/filma-v.de\/index.php?rest_route=\/wp\/v2\/pages"}],"about":[{"href":"https:\/\/filma-v.de\/index.php?rest_route=\/wp\/v2\/types\/page"}],"author":[{"embeddable":true,"href":"https:\/\/filma-v.de\/index.php?rest_route=\/wp\/v2\/users\/1"}],"replies":[{"embeddable":true,"href":"https:\/\/filma-v.de\/index.php?rest_route=%2Fwp%2Fv2%2Fcomments&post=8"}],"version-history":[{"count":0,"href":"https:\/\/filma-v.de\/index.php?rest_route=\/wp\/v2\/pages\/8\/revisions"}],"wp:attachment":[{"href":"https:\/\/filma-v.de\/index.php?rest_route=%2Fwp%2Fv2%2Fmedia&parent=8"}],"curies":[{"name":"wp","href":"https:\/\/api.w.org\/{rel}","templated":true}]}}