{"id":1371,"date":"2017-03-21T16:44:43","date_gmt":"2017-03-21T15:44:43","guid":{"rendered":"https:\/\/filma-v.de\/?post_type=product&#038;p=1371"},"modified":"2024-12-13T16:24:59","modified_gmt":"2024-12-13T15:24:59","slug":"kabel-splitternetzwerkdopplercat-y-adapter","status":"publish","type":"product","link":"https:\/\/filma-v.de\/?product=kabel-splitternetzwerkdopplercat-y-adapter","title":{"rendered":"Kabelsplitter(Netzwerkdoppler) CAT Y-Adapter"},"content":{"rendered":"<div class=\"wpb-content-wrapper\"><p>[vc_row][vc_column][vc_tta_tabs][vc_tta_section title=&#8221;Artikelbeschreibung&#8221; tab_id=&#8221;1464382921179-156eb823-8f811f9e-a2ddce67-45c479d9-0c36f5c1-9448&#8243;][vc_column_text]Der Anschlussverdoppler erlaubt einfach \u00fcber ein CAT-Kabel zwei Ethernet-Leitungen zu f\u00fchren (Cable-sharing). Das ist m\u00f6glich, da die H\u00e4lfte der Dr\u00e4hte im Netzwerkkabel nicht genutzt wird. Der Anschlussverdoppler braucht keinen Strom, muss aber immer paarweise eingesetzt werden &#8211; einer an jedem Ende der Leitung. Das erste St\u00fcck vereinigt die Signale auf ein Kabel, das zweite St\u00fcck trennt sie wieder auf normale Netzwerkdosen. Das funktioniert jedoch nur, wenn man kein Gigabit-LAN und kein PoE nutzt. Dort werden n\u00e4mlich mehr Dr\u00e4hte gebraucht und der Trick geht nicht.<\/p>\n<p>erlaubt zwei Ethernet-Leitungen \u00fcber ein CAT-Kabel zu f\u00fchren (Cable-sharing)<br \/>\ndient als Kabel-Splitter f\u00fcr strukturierte Verkabelung<br \/>\ngeeignet f\u00fcr 10\/100Mbit Netzwerkverbindungen<br \/>\nMuss immer paarweise (2 Adapter) eingesetzt werden!<br \/>\nMetallisiertes Geh\u00e4use[\/vc_column_text][\/vc_tta_section][vc_tta_section title=&#8221;Technische Daten&#8221; tab_id=&#8221;1464383140502-4eb41e34-4e471f9e-a2ddce67-45c479d9-0c36f5c1-9448&#8243;][vc_column_text]L\u00e4nge 150 mm [\/vc_column_text][\/vc_tta_section][vc_tta_section title=&#8221;Lieferumfang&#8221; tab_id=&#8221;1490111023161-6a96ffa1-7281&#8243;][vc_column_text]1 x Kabelsplitter[\/vc_column_text][\/vc_tta_section][\/vc_tta_tabs][vc_separator style=&#8221;dotted&#8221; border_width=&#8221;2&#8243;][\/vc_column][\/vc_row]<\/p>\n<\/div>","protected":false},"excerpt":{"rendered":"<p>Beschaltung 2 x CAT 5 Ethernet, geschirmt<\/p>\n","protected":false},"featured_media":1607,"template":"","meta":[],"product_cat":[63,90],"product_tag":[],"class_list":{"0":"post-1371","1":"product","2":"type-product","3":"status-publish","4":"has-post-thumbnail","6":"product_cat-montagezubehoer","7":"product_cat-weiteres-zubehoer","8":"product_shipping_class-gls","10":"first","11":"instock","12":"shipping-taxable","13":"purchasable","14":"product-type-simple"},"yoast_head":"<!-- This site is optimized with the Yoast SEO plugin v23.8 - https:\/\/yoast.com\/wordpress\/plugins\/seo\/ -->\n<title>Kabelsplitter(Netzwerkdoppler) CAT Y-Adapter &#8211; FILMA-V<\/title>\n<meta name=\"description\" content=\"Kabel-Splitter (Netzwerkdoppler) CAT Y-Adapter\" \/>\n<meta name=\"robots\" content=\"index, follow, max-snippet:-1, max-image-preview:large, max-video-preview:-1\" \/>\n<link rel=\"canonical\" href=\"https:\/\/filma-v.de\/?product=kabel-splitternetzwerkdopplercat-y-adapter\" \/>\n<meta property=\"og:locale\" content=\"de_DE\" \/>\n<meta property=\"og:type\" content=\"article\" \/>\n<meta property=\"og:title\" content=\"Kabelsplitter(Netzwerkdoppler) CAT Y-Adapter &#8211; FILMA-V\" \/>\n<meta property=\"og:description\" content=\"Kabel-Splitter (Netzwerkdoppler) CAT Y-Adapter\" \/>\n<meta property=\"og:url\" content=\"https:\/\/filma-v.de\/?product=kabel-splitternetzwerkdopplercat-y-adapter\" \/>\n<meta property=\"og:site_name\" content=\"FILMA-V\" \/>\n<meta property=\"article:modified_time\" content=\"2024-12-13T15:24:59+00:00\" \/>\n<meta property=\"og:image\" content=\"https:\/\/filma-v.de\/wp-content\/uploads\/2017\/03\/Kabel-Splitter-Netzwerkdoppler-CAT-Y-Adapter.jpg\" \/>\n\t<meta property=\"og:image:width\" content=\"1500\" \/>\n\t<meta property=\"og:image:height\" content=\"1500\" \/>\n\t<meta property=\"og:image:type\" content=\"image\/jpeg\" \/>\n<meta name=\"twitter:card\" content=\"summary_large_image\" \/>\n<meta name=\"twitter:label1\" content=\"Gesch\u00e4tzte Lesezeit\" \/>\n\t<meta name=\"twitter:data1\" content=\"1\u00a0Minute\" \/>\n<script type=\"application\/ld+json\" class=\"yoast-schema-graph\">{\"@context\":\"https:\/\/schema.org\",\"@graph\":[{\"@type\":\"WebPage\",\"@id\":\"https:\/\/filma-v.de\/?product=kabel-splitternetzwerkdopplercat-y-adapter\",\"url\":\"https:\/\/filma-v.de\/?product=kabel-splitternetzwerkdopplercat-y-adapter\",\"name\":\"Kabelsplitter(Netzwerkdoppler) CAT Y-Adapter &#8211; FILMA-V\",\"isPartOf\":{\"@id\":\"https:\/\/filma-v.de\/#website\"},\"primaryImageOfPage\":{\"@id\":\"https:\/\/filma-v.de\/?product=kabel-splitternetzwerkdopplercat-y-adapter#primaryimage\"},\"image\":{\"@id\":\"https:\/\/filma-v.de\/?product=kabel-splitternetzwerkdopplercat-y-adapter#primaryimage\"},\"thumbnailUrl\":\"https:\/\/filma-v.de\/wp-content\/uploads\/2017\/03\/Kabel-Splitter-Netzwerkdoppler-CAT-Y-Adapter.jpg\",\"datePublished\":\"2017-03-21T15:44:43+00:00\",\"dateModified\":\"2024-12-13T15:24:59+00:00\",\"description\":\"Kabel-Splitter (Netzwerkdoppler) CAT Y-Adapter\",\"breadcrumb\":{\"@id\":\"https:\/\/filma-v.de\/?product=kabel-splitternetzwerkdopplercat-y-adapter#breadcrumb\"},\"inLanguage\":\"de\",\"potentialAction\":[{\"@type\":\"ReadAction\",\"target\":[\"https:\/\/filma-v.de\/?product=kabel-splitternetzwerkdopplercat-y-adapter\"]}]},{\"@type\":\"ImageObject\",\"inLanguage\":\"de\",\"@id\":\"https:\/\/filma-v.de\/?product=kabel-splitternetzwerkdopplercat-y-adapter#primaryimage\",\"url\":\"https:\/\/filma-v.de\/wp-content\/uploads\/2017\/03\/Kabel-Splitter-Netzwerkdoppler-CAT-Y-Adapter.jpg\",\"contentUrl\":\"https:\/\/filma-v.de\/wp-content\/uploads\/2017\/03\/Kabel-Splitter-Netzwerkdoppler-CAT-Y-Adapter.jpg\",\"width\":1500,\"height\":1500,\"caption\":\"Kabel-Splitter (Netzwerkdoppler), CAT Y-Adapter\"},{\"@type\":\"BreadcrumbList\",\"@id\":\"https:\/\/filma-v.de\/?product=kabel-splitternetzwerkdopplercat-y-adapter#breadcrumb\",\"itemListElement\":[{\"@type\":\"ListItem\",\"position\":1,\"name\":\"Startseite\",\"item\":\"https:\/\/filma-v.de\/\"},{\"@type\":\"ListItem\",\"position\":2,\"name\":\"SHOP\",\"item\":\"https:\/\/filma-v.de\/?page_id=5\"},{\"@type\":\"ListItem\",\"position\":3,\"name\":\"Kabelsplitter(Netzwerkdoppler) CAT Y-Adapter\"}]},{\"@type\":\"WebSite\",\"@id\":\"https:\/\/filma-v.de\/#website\",\"url\":\"https:\/\/filma-v.de\/\",\"name\":\"FILMA-V\",\"description\":\"Sat, Kabel, Dreambox, Humax, Topfield, Dreambox, VU+, Kathrein, lnb, Sat-Erotik, PayTV, Anlagen, Sch\u00fcsseln, Satfinder &amp; Pay-TV, Outdoor M\u00f6bel\",\"potentialAction\":[{\"@type\":\"SearchAction\",\"target\":{\"@type\":\"EntryPoint\",\"urlTemplate\":\"https:\/\/filma-v.de\/?s={search_term_string}\"},\"query-input\":{\"@type\":\"PropertyValueSpecification\",\"valueRequired\":true,\"valueName\":\"search_term_string\"}}],\"inLanguage\":\"de\"}]}<\/script>\n<!-- \/ Yoast SEO plugin. -->","yoast_head_json":{"title":"Kabelsplitter(Netzwerkdoppler) CAT Y-Adapter &#8211; FILMA-V","description":"Kabel-Splitter (Netzwerkdoppler) CAT Y-Adapter","robots":{"index":"index","follow":"follow","max-snippet":"max-snippet:-1","max-image-preview":"max-image-preview:large","max-video-preview":"max-video-preview:-1"},"canonical":"https:\/\/filma-v.de\/?product=kabel-splitternetzwerkdopplercat-y-adapter","og_locale":"de_DE","og_type":"article","og_title":"Kabelsplitter(Netzwerkdoppler) CAT Y-Adapter &#8211; FILMA-V","og_description":"Kabel-Splitter (Netzwerkdoppler) CAT Y-Adapter","og_url":"https:\/\/filma-v.de\/?product=kabel-splitternetzwerkdopplercat-y-adapter","og_site_name":"FILMA-V","article_modified_time":"2024-12-13T15:24:59+00:00","og_image":[{"width":1500,"height":1500,"url":"https:\/\/filma-v.de\/wp-content\/uploads\/2017\/03\/Kabel-Splitter-Netzwerkdoppler-CAT-Y-Adapter.jpg","type":"image\/jpeg"}],"twitter_card":"summary_large_image","twitter_misc":{"Gesch\u00e4tzte Lesezeit":"1\u00a0Minute"},"schema":{"@context":"https:\/\/schema.org","@graph":[{"@type":"WebPage","@id":"https:\/\/filma-v.de\/?product=kabel-splitternetzwerkdopplercat-y-adapter","url":"https:\/\/filma-v.de\/?product=kabel-splitternetzwerkdopplercat-y-adapter","name":"Kabelsplitter(Netzwerkdoppler) CAT Y-Adapter &#8211; FILMA-V","isPartOf":{"@id":"https:\/\/filma-v.de\/#website"},"primaryImageOfPage":{"@id":"https:\/\/filma-v.de\/?product=kabel-splitternetzwerkdopplercat-y-adapter#primaryimage"},"image":{"@id":"https:\/\/filma-v.de\/?product=kabel-splitternetzwerkdopplercat-y-adapter#primaryimage"},"thumbnailUrl":"https:\/\/filma-v.de\/wp-content\/uploads\/2017\/03\/Kabel-Splitter-Netzwerkdoppler-CAT-Y-Adapter.jpg","datePublished":"2017-03-21T15:44:43+00:00","dateModified":"2024-12-13T15:24:59+00:00","description":"Kabel-Splitter (Netzwerkdoppler) CAT Y-Adapter","breadcrumb":{"@id":"https:\/\/filma-v.de\/?product=kabel-splitternetzwerkdopplercat-y-adapter#breadcrumb"},"inLanguage":"de","potentialAction":[{"@type":"ReadAction","target":["https:\/\/filma-v.de\/?product=kabel-splitternetzwerkdopplercat-y-adapter"]}]},{"@type":"ImageObject","inLanguage":"de","@id":"https:\/\/filma-v.de\/?product=kabel-splitternetzwerkdopplercat-y-adapter#primaryimage","url":"https:\/\/filma-v.de\/wp-content\/uploads\/2017\/03\/Kabel-Splitter-Netzwerkdoppler-CAT-Y-Adapter.jpg","contentUrl":"https:\/\/filma-v.de\/wp-content\/uploads\/2017\/03\/Kabel-Splitter-Netzwerkdoppler-CAT-Y-Adapter.jpg","width":1500,"height":1500,"caption":"Kabel-Splitter (Netzwerkdoppler), CAT Y-Adapter"},{"@type":"BreadcrumbList","@id":"https:\/\/filma-v.de\/?product=kabel-splitternetzwerkdopplercat-y-adapter#breadcrumb","itemListElement":[{"@type":"ListItem","position":1,"name":"Startseite","item":"https:\/\/filma-v.de\/"},{"@type":"ListItem","position":2,"name":"SHOP","item":"https:\/\/filma-v.de\/?page_id=5"},{"@type":"ListItem","position":3,"name":"Kabelsplitter(Netzwerkdoppler) CAT Y-Adapter"}]},{"@type":"WebSite","@id":"https:\/\/filma-v.de\/#website","url":"https:\/\/filma-v.de\/","name":"FILMA-V","description":"Sat, Kabel, Dreambox, Humax, Topfield, Dreambox, VU+, Kathrein, lnb, Sat-Erotik, PayTV, Anlagen, Sch\u00fcsseln, Satfinder &amp; Pay-TV, Outdoor M\u00f6bel","potentialAction":[{"@type":"SearchAction","target":{"@type":"EntryPoint","urlTemplate":"https:\/\/filma-v.de\/?s={search_term_string}"},"query-input":{"@type":"PropertyValueSpecification","valueRequired":true,"valueName":"search_term_string"}}],"inLanguage":"de"}]}},"_links":{"self":[{"href":"https:\/\/filma-v.de\/index.php?rest_route=\/wp\/v2\/product\/1371","targetHints":{"allow":["GET"]}}],"collection":[{"href":"https:\/\/filma-v.de\/index.php?rest_route=\/wp\/v2\/product"}],"about":[{"href":"https:\/\/filma-v.de\/index.php?rest_route=\/wp\/v2\/types\/product"}],"wp:featuredmedia":[{"embeddable":true,"href":"https:\/\/filma-v.de\/index.php?rest_route=\/wp\/v2\/media\/1607"}],"wp:attachment":[{"href":"https:\/\/filma-v.de\/index.php?rest_route=%2Fwp%2Fv2%2Fmedia&parent=1371"}],"wp:term":[{"taxonomy":"product_cat","embeddable":true,"href":"https:\/\/filma-v.de\/index.php?rest_route=%2Fwp%2Fv2%2Fproduct_cat&post=1371"},{"taxonomy":"product_tag","embeddable":true,"href":"https:\/\/filma-v.de\/index.php?rest_route=%2Fwp%2Fv2%2Fproduct_tag&post=1371"}],"curies":[{"name":"wp","href":"https:\/\/api.w.org\/{rel}","templated":true}]}}