{"id":179,"date":"2017-02-18T18:49:24","date_gmt":"2017-02-18T17:49:24","guid":{"rendered":"http:\/\/cipciop.de\/?post_type=product&#038;p=179"},"modified":"2024-12-13T16:59:44","modified_gmt":"2024-12-13T15:59:44","slug":"regiestuhl-rot","status":"publish","type":"product","link":"https:\/\/filma-v.de\/?product=regiestuhl-rot","title":{"rendered":"Regiestuhl ROT"},"content":{"rendered":"<div class=\"wpb-content-wrapper\"><p>[vc_row][vc_column][vc_column_text]INOX AISI 316 ist in der Atmosph\u00e4re und in einer Vielzahl von Salzen, ausgezeichnet f\u00fcr Meeresgew\u00e4sser wegen seinem niedrigen Kohlenstoffanteil 0\u201905%. Genauso kann der Stuhl im Schnee aufgestellt werden.[\/vc_column_text][vc_tta_tabs][vc_tta_section title=&#8221;Technische Daten&#8221; tab_id=&#8221;1464383140502-4eb41e34-4e471f9e-a2ddd6f1-ee7b2716-32a68b34-bc76&#8243;][vc_column_text]\u2022 Rahmen ist aus einem speziellen Aluminium-Profilen nach unserem Konzept gebaut, eine prim\u00e4re Design-Legierung 3569<br \/>\n\u2022 Physikalische TA16, 70\/80 Brinellh\u00e4rte<br \/>\n\u2022 Typ aus Satin Eloxieren Chemikalien (f\u00fcr glatte Oberfl\u00e4che), H\u00e4rte 20 microms<br \/>\n\u2022 Nieten, Schrauben, Muttern, Unterlegscheiben und Zirkel in Edelstahl AISI 316<\/p>\n<p><strong>Kann leichte Kratzer oder Reibespuren aufweisen.<\/strong>[\/vc_column_text][\/vc_tta_section][vc_tta_section title=&#8221;Ma\u00dfe&#8221; tab_id=&#8221;1487439469282-a0e7be35-742b2716-32a68b34-bc76&#8243;][vc_column_text]<strong>Geschlossen<\/strong><\/p>\n<table border=\"0\" width=\"200\" cellspacing=\"1\" cellpadding=\"1\">\n<tbody>\n<tr>\n<td>H\u00f6he<\/td>\n<td>88 cm<\/td>\n<\/tr>\n<tr>\n<td>Breite<\/td>\n<td>20 cm<\/td>\n<\/tr>\n<tr>\n<td>Gewicht<\/td>\n<td>4 kg<\/td>\n<\/tr>\n<\/tbody>\n<\/table>\n<p>&nbsp;<\/p>\n<p><strong>Ge\u00f6ffnet<\/strong><\/p>\n<table border=\"0\" width=\"200\" cellspacing=\"1\" cellpadding=\"1\">\n<tbody>\n<tr>\n<td>H\u00f6he<\/td>\n<td>88 cm<\/td>\n<\/tr>\n<tr>\n<td>Breite<\/td>\n<td>50 cm<\/td>\n<\/tr>\n<tr>\n<td>Gewicht<\/td>\n<td>4 kg<\/td>\n<\/tr>\n<\/tbody>\n<\/table>\n<p>[\/vc_column_text][\/vc_tta_section][vc_tta_section title=&#8221;Gewebe&#8221; tab_id=&#8221;1487439549123-48a5c692-031d2716-32a68b34-bc76&#8243;][vc_row_inner][vc_column_inner width=&#8221;1\/3&#8243;][vc_custom_heading text=&#8221;Milestone Medium&#8221; font_container=&#8221;tag:h4|text_align:left&#8221; use_theme_fonts=&#8221;yes&#8221;][vc_column_text]Die Gewebe der Linie Milestone sind entwickelt worden, um den UVA-Strahlen und anderen atmosph\u00e4rischen Verbindungen zu widerstehen. Dies geschieht dank einer speziellen Formel. Die Line Milestone ist seit fast 50 Jahren die Ikone am italienischen Strand und hat mit Stil Millionen von Sonnenliegen am Meer Farbe verliehen.[\/vc_column_text][\/vc_column_inner][vc_column_inner width=&#8221;1\/3&#8243;][vc_icon icon_fontawesome=&#8221;fa fa-info-circle&#8221; color=&#8221;custom&#8221; size=&#8221;lg&#8221; align=&#8221;right&#8221; custom_color=&#8221;#334161&#8243;][\/vc_column_inner][vc_column_inner width=&#8221;1\/3&#8243;][vc_column_text css=&#8221;.vc_custom_1487440207221{padding-bottom: -10px !important;}&#8221;]\u2022 Webdichte: 14.20 F\u00e4den \/ cm<br \/>\n\u2022 Stoffgewicht: 870 gr \/ qm<br \/>\n\u2022 Bruchlast: 450 kg \/ 5 cm<br \/>\n\u2022 Dicke: 1,80 mm<br \/>\n\u2022 Polyvinyl: 71%<br \/>\n\u2022 Polyester: 29%[\/vc_column_text][\/vc_column_inner][\/vc_row_inner][\/vc_tta_section][vc_tta_section title=&#8221;Firmenpreise&#8221; tab_id=&#8221;1464382921302-1d55021d-3ef01f9e-a2ddd6f1-ee7b2716-32a68b34-bc76&#8243;][vc_column_text]G\u00fcnstige Staffelpreise f\u00fcr Firmen und Unternehmen: bei gr\u00f6\u00dferen Bestellmengen k\u00f6nnen Sie bis zu 30% sparen!<\/p>\n<p>Senden Sie uns einfach Ihre <a href=\"ma&#105;&#x6c;&#x74;o:i&#110;&#x66;&#x6f;&#64;fi&#108;&#x6d;&#x61;-v&#46;&#x64;&#x65;\">Anfrage Regiestuhl<\/a>.[\/vc_column_text][\/vc_tta_section][vc_tta_section title=&#8221;Pflege&#8221; tab_id=&#8221;1487440250379-fd762a2a-d06f2716-32a68b34-bc76&#8243;][vc_column_text]Waschen Sie den Stoff mit Wasser und milder Seife.<br \/>\nVerwenden Sie kein Wasser das hei\u00dfer als 40 \u00b0C ist.<\/p>\n<p>Reinigen Sie mindestens einmal im Jahr den Rahmen mit einem Tuch gesalbt mit Vaseline und Edelstahl-Produkte f\u00fcr die Reinigung von Metall.[\/vc_column_text][\/vc_tta_section][\/vc_tta_tabs][vc_separator style=&#8221;dotted&#8221; border_width=&#8221;2&#8243;][vc_row_inner][vc_column_inner width=&#8221;2\/3&#8243;][vc_column_text]Bei uns erhalten Sie ein Qualit\u00e4tsprodukt, welches sonst nirgends zu finden ist.<br \/>\n<strong>Der Hersteller gibt eine Garantie von 10 Jahren.<\/strong><br \/>\nDie Kunststoffverbindungen wurden patentiert. Das Produkt ist nicht zu vergleichen mit anderen sich auf dem Markt befindlichen Regiest\u00fchlen.[\/vc_column_text][\/vc_column_inner][vc_column_inner width=&#8221;1\/3&#8243;][vc_cta h2=&#8221;FILMA-V OUTDOOR&#8221; txt_align=&#8221;center&#8221; style=&#8221;outline&#8221; color=&#8221;blue&#8221; add_button=&#8221;bottom&#8221; btn_title=&#8221;Mehr Info&#8217;s gibt es hier.&#8221; btn_style=&#8221;outline&#8221; btn_color=&#8221;blue&#8221; btn_align=&#8221;center&#8221; btn_link=&#8221;url:http%3A%2F%2Fwww.filma-v-outdoor.de||target:%20_blank|&#8221;][\/vc_cta][\/vc_column_inner][\/vc_row_inner][vc_separator style=&#8221;dotted&#8221; border_width=&#8221;2&#8243;][\/vc_column][\/vc_row]<\/p>\n<\/div>","protected":false},"excerpt":{"rendered":"<p>Regiestuhl in ROT, der Stil und die Qualit\u00e4t \u201cMade in Italy\u201d<\/p>\n<p><strong>Preis inkl. Versandkosten! (Gilt nur bei Versand innerhalb Deutschlands!)<\/strong><\/p>\n<p><strong>Kein Versand per Nachnahme!<\/strong><\/p>\n<p>Firma Nanni nun auch in Deutschland pr\u00e4sent durch: Filma-V<\/p>\n","protected":false},"featured_media":181,"template":"","meta":[],"product_cat":[48,49],"product_tag":[],"class_list":{"0":"post-179","1":"product","2":"type-product","3":"status-publish","4":"has-post-thumbnail","6":"product_cat-garten-und-terrassenmoebel","7":"product_cat-stuehle","8":"product_shipping_class-inkl-versand","9":"product_brand-nanni-sald","11":"first","12":"instock","13":"featured","14":"shipping-taxable","15":"purchasable","16":"product-type-simple"},"yoast_head":"<!-- This site is optimized with the Yoast SEO plugin v23.8 - https:\/\/yoast.com\/wordpress\/plugins\/seo\/ -->\n<title>Regiestuhl ROT \u2013 Garten und Terrassenm\u00f6bel \u2013 FILMA-V<\/title>\n<meta name=\"description\" content=\"Regiestuhl in ROT, der Stil und die Qualit\u00e4t der \u201cMade in Italy\u201d Firma Nanni nun auch in Deutschland pr\u00e4sent durch: Filma-V\" \/>\n<meta name=\"robots\" content=\"index, follow, max-snippet:-1, max-image-preview:large, max-video-preview:-1\" \/>\n<link rel=\"canonical\" href=\"https:\/\/filma-v.de\/?product=regiestuhl-rot\" \/>\n<meta property=\"og:locale\" content=\"de_DE\" \/>\n<meta property=\"og:type\" content=\"article\" \/>\n<meta property=\"og:title\" content=\"Regiestuhl ROT \u2013 Garten und Terrassenm\u00f6bel \u2013 FILMA-V\" \/>\n<meta property=\"og:description\" content=\"Regiestuhl in ROT, der Stil und die Qualit\u00e4t der \u201cMade in Italy\u201d Firma Nanni nun auch in Deutschland pr\u00e4sent durch: Filma-V\" \/>\n<meta property=\"og:url\" content=\"https:\/\/filma-v.de\/?product=regiestuhl-rot\" \/>\n<meta property=\"og:site_name\" content=\"FILMA-V\" \/>\n<meta property=\"article:modified_time\" content=\"2024-12-13T15:59:44+00:00\" \/>\n<meta property=\"og:image\" content=\"https:\/\/filma-v.de\/wp-content\/uploads\/2017\/02\/regiestuhl-rot2.jpg\" \/>\n\t<meta property=\"og:image:width\" content=\"1400\" \/>\n\t<meta property=\"og:image:height\" content=\"1550\" \/>\n\t<meta property=\"og:image:type\" content=\"image\/jpeg\" \/>\n<meta name=\"twitter:card\" content=\"summary_large_image\" \/>\n<meta name=\"twitter:label1\" content=\"Gesch\u00e4tzte Lesezeit\" \/>\n\t<meta name=\"twitter:data1\" content=\"2\u00a0Minuten\" \/>\n<script type=\"application\/ld+json\" class=\"yoast-schema-graph\">{\"@context\":\"https:\/\/schema.org\",\"@graph\":[{\"@type\":\"WebPage\",\"@id\":\"https:\/\/filma-v.de\/?product=regiestuhl-rot\",\"url\":\"https:\/\/filma-v.de\/?product=regiestuhl-rot\",\"name\":\"Regiestuhl ROT \u2013 Garten und Terrassenm\u00f6bel \u2013 FILMA-V\",\"isPartOf\":{\"@id\":\"https:\/\/filma-v.de\/#website\"},\"primaryImageOfPage\":{\"@id\":\"https:\/\/filma-v.de\/?product=regiestuhl-rot#primaryimage\"},\"image\":{\"@id\":\"https:\/\/filma-v.de\/?product=regiestuhl-rot#primaryimage\"},\"thumbnailUrl\":\"https:\/\/filma-v.de\/wp-content\/uploads\/2017\/02\/regiestuhl-rot2.jpg\",\"datePublished\":\"2017-02-18T17:49:24+00:00\",\"dateModified\":\"2024-12-13T15:59:44+00:00\",\"description\":\"Regiestuhl in ROT, der Stil und die Qualit\u00e4t der \u201cMade in Italy\u201d Firma Nanni nun auch in Deutschland pr\u00e4sent durch: Filma-V\",\"breadcrumb\":{\"@id\":\"https:\/\/filma-v.de\/?product=regiestuhl-rot#breadcrumb\"},\"inLanguage\":\"de\",\"potentialAction\":[{\"@type\":\"ReadAction\",\"target\":[\"https:\/\/filma-v.de\/?product=regiestuhl-rot\"]}]},{\"@type\":\"ImageObject\",\"inLanguage\":\"de\",\"@id\":\"https:\/\/filma-v.de\/?product=regiestuhl-rot#primaryimage\",\"url\":\"https:\/\/filma-v.de\/wp-content\/uploads\/2017\/02\/regiestuhl-rot2.jpg\",\"contentUrl\":\"https:\/\/filma-v.de\/wp-content\/uploads\/2017\/02\/regiestuhl-rot2.jpg\",\"width\":1400,\"height\":1550},{\"@type\":\"BreadcrumbList\",\"@id\":\"https:\/\/filma-v.de\/?product=regiestuhl-rot#breadcrumb\",\"itemListElement\":[{\"@type\":\"ListItem\",\"position\":1,\"name\":\"Startseite\",\"item\":\"https:\/\/filma-v.de\/\"},{\"@type\":\"ListItem\",\"position\":2,\"name\":\"SHOP\",\"item\":\"https:\/\/filma-v.de\/?page_id=5\"},{\"@type\":\"ListItem\",\"position\":3,\"name\":\"Regiestuhl ROT\"}]},{\"@type\":\"WebSite\",\"@id\":\"https:\/\/filma-v.de\/#website\",\"url\":\"https:\/\/filma-v.de\/\",\"name\":\"FILMA-V\",\"description\":\"Sat, Kabel, Dreambox, Humax, Topfield, Dreambox, VU+, Kathrein, lnb, Sat-Erotik, PayTV, Anlagen, Sch\u00fcsseln, Satfinder &amp; Pay-TV, Outdoor M\u00f6bel\",\"potentialAction\":[{\"@type\":\"SearchAction\",\"target\":{\"@type\":\"EntryPoint\",\"urlTemplate\":\"https:\/\/filma-v.de\/?s={search_term_string}\"},\"query-input\":{\"@type\":\"PropertyValueSpecification\",\"valueRequired\":true,\"valueName\":\"search_term_string\"}}],\"inLanguage\":\"de\"}]}<\/script>\n<!-- \/ Yoast SEO plugin. -->","yoast_head_json":{"title":"Regiestuhl ROT \u2013 Garten und Terrassenm\u00f6bel \u2013 FILMA-V","description":"Regiestuhl in ROT, der Stil und die Qualit\u00e4t der \u201cMade in Italy\u201d Firma Nanni nun auch in Deutschland pr\u00e4sent durch: Filma-V","robots":{"index":"index","follow":"follow","max-snippet":"max-snippet:-1","max-image-preview":"max-image-preview:large","max-video-preview":"max-video-preview:-1"},"canonical":"https:\/\/filma-v.de\/?product=regiestuhl-rot","og_locale":"de_DE","og_type":"article","og_title":"Regiestuhl ROT \u2013 Garten und Terrassenm\u00f6bel \u2013 FILMA-V","og_description":"Regiestuhl in ROT, der Stil und die Qualit\u00e4t der \u201cMade in Italy\u201d Firma Nanni nun auch in Deutschland pr\u00e4sent durch: Filma-V","og_url":"https:\/\/filma-v.de\/?product=regiestuhl-rot","og_site_name":"FILMA-V","article_modified_time":"2024-12-13T15:59:44+00:00","og_image":[{"width":1400,"height":1550,"url":"https:\/\/filma-v.de\/wp-content\/uploads\/2017\/02\/regiestuhl-rot2.jpg","type":"image\/jpeg"}],"twitter_card":"summary_large_image","twitter_misc":{"Gesch\u00e4tzte Lesezeit":"2\u00a0Minuten"},"schema":{"@context":"https:\/\/schema.org","@graph":[{"@type":"WebPage","@id":"https:\/\/filma-v.de\/?product=regiestuhl-rot","url":"https:\/\/filma-v.de\/?product=regiestuhl-rot","name":"Regiestuhl ROT \u2013 Garten und Terrassenm\u00f6bel \u2013 FILMA-V","isPartOf":{"@id":"https:\/\/filma-v.de\/#website"},"primaryImageOfPage":{"@id":"https:\/\/filma-v.de\/?product=regiestuhl-rot#primaryimage"},"image":{"@id":"https:\/\/filma-v.de\/?product=regiestuhl-rot#primaryimage"},"thumbnailUrl":"https:\/\/filma-v.de\/wp-content\/uploads\/2017\/02\/regiestuhl-rot2.jpg","datePublished":"2017-02-18T17:49:24+00:00","dateModified":"2024-12-13T15:59:44+00:00","description":"Regiestuhl in ROT, der Stil und die Qualit\u00e4t der \u201cMade in Italy\u201d Firma Nanni nun auch in Deutschland pr\u00e4sent durch: Filma-V","breadcrumb":{"@id":"https:\/\/filma-v.de\/?product=regiestuhl-rot#breadcrumb"},"inLanguage":"de","potentialAction":[{"@type":"ReadAction","target":["https:\/\/filma-v.de\/?product=regiestuhl-rot"]}]},{"@type":"ImageObject","inLanguage":"de","@id":"https:\/\/filma-v.de\/?product=regiestuhl-rot#primaryimage","url":"https:\/\/filma-v.de\/wp-content\/uploads\/2017\/02\/regiestuhl-rot2.jpg","contentUrl":"https:\/\/filma-v.de\/wp-content\/uploads\/2017\/02\/regiestuhl-rot2.jpg","width":1400,"height":1550},{"@type":"BreadcrumbList","@id":"https:\/\/filma-v.de\/?product=regiestuhl-rot#breadcrumb","itemListElement":[{"@type":"ListItem","position":1,"name":"Startseite","item":"https:\/\/filma-v.de\/"},{"@type":"ListItem","position":2,"name":"SHOP","item":"https:\/\/filma-v.de\/?page_id=5"},{"@type":"ListItem","position":3,"name":"Regiestuhl ROT"}]},{"@type":"WebSite","@id":"https:\/\/filma-v.de\/#website","url":"https:\/\/filma-v.de\/","name":"FILMA-V","description":"Sat, Kabel, Dreambox, Humax, Topfield, Dreambox, VU+, Kathrein, lnb, Sat-Erotik, PayTV, Anlagen, Sch\u00fcsseln, Satfinder &amp; Pay-TV, Outdoor M\u00f6bel","potentialAction":[{"@type":"SearchAction","target":{"@type":"EntryPoint","urlTemplate":"https:\/\/filma-v.de\/?s={search_term_string}"},"query-input":{"@type":"PropertyValueSpecification","valueRequired":true,"valueName":"search_term_string"}}],"inLanguage":"de"}]}},"_links":{"self":[{"href":"https:\/\/filma-v.de\/index.php?rest_route=\/wp\/v2\/product\/179","targetHints":{"allow":["GET"]}}],"collection":[{"href":"https:\/\/filma-v.de\/index.php?rest_route=\/wp\/v2\/product"}],"about":[{"href":"https:\/\/filma-v.de\/index.php?rest_route=\/wp\/v2\/types\/product"}],"wp:featuredmedia":[{"embeddable":true,"href":"https:\/\/filma-v.de\/index.php?rest_route=\/wp\/v2\/media\/181"}],"wp:attachment":[{"href":"https:\/\/filma-v.de\/index.php?rest_route=%2Fwp%2Fv2%2Fmedia&parent=179"}],"wp:term":[{"taxonomy":"product_cat","embeddable":true,"href":"https:\/\/filma-v.de\/index.php?rest_route=%2Fwp%2Fv2%2Fproduct_cat&post=179"},{"taxonomy":"product_tag","embeddable":true,"href":"https:\/\/filma-v.de\/index.php?rest_route=%2Fwp%2Fv2%2Fproduct_tag&post=179"}],"curies":[{"name":"wp","href":"https:\/\/api.w.org\/{rel}","templated":true}]}}