{"id":1993,"date":"2017-06-09T15:03:06","date_gmt":"2017-06-09T13:03:06","guid":{"rendered":"https:\/\/filma-v.de\/?post_type=product&#038;p=1993"},"modified":"2024-12-13T16:07:01","modified_gmt":"2024-12-13T15:07:01","slug":"mexx-herren-uhr-4243","status":"publish","type":"product","link":"https:\/\/filma-v.de\/?product=mexx-herren-uhr-4243","title":{"rendered":"MEXX Herren-Uhr 4243"},"content":{"rendered":"<div class=\"wpb-content-wrapper\"><p>[vc_row][vc_column][vc_row_inner][vc_column_inner][vc_column_text]MEXX Herren-Uhr 949\/4243.00<br \/>\nElegante Herren-Uhr Metall silberfarben[\/vc_column_text][\/vc_column_inner][\/vc_row_inner][vc_tta_tabs][vc_tta_section title=&#8221;Artikelbeschreibung&#8221; tab_id=&#8221;1464382921179-156eb823-8f811f9e-a2dd1f92-022db765-0ffe&#8221;][vc_column_text]\u2013 schwarzes Lederarmband<br \/>\n\u2013 Durchmesser ca. 40 mm<br \/>\n\u2013 Dicke ca. 5mm<br \/>\n\u2013 weiss-silbernes Zifferblatt[\/vc_column_text][\/vc_tta_section][vc_tta_section title=&#8221;Wasserdichtigkeit&#8221; tab_id=&#8221;1464383140502-4eb41e34-4e471f9e-a2dd1f92-022db765-0ffe&#8221;][vc_column_text]<br \/>\n<strong>Keine Angaben auf Zifferblatt oder Uhrenboden<\/strong> (Die Uhr ist NICHT Wassergesch\u00fctzt)<\/p>\n<p>Diese Uhr muss zumindest gegen normale Umwelteinfl\u00fcsse gesch\u00fctzt werden!<\/p>\n<p>Die Angabe <strong>WATER RESIST<\/strong> (Wasser gesch\u00fctzt)<br \/>\nDiese Uhr ist nur spritzwasserbest\u00e4ndig (Diese Uhr sollte vor Wasser gesch\u00fctzt werden!)<\/p>\n<p>Die Angabe <strong>WATERRESISTANT 30M oder 3 ATM<\/strong> (Wasserdicht 30m)<br \/>\nDiese Uhr eignet sich f\u00fcr Autowaschen, Regen, Wasserspritzer, Schwei\u00df. Nat\u00fcrlich keinesfalls um damit 30 Meter tief zu tauchen. Bitte beachten Sie dabei, Reinigungsmittel, wie sie beim Autowaschen verwendet werden k\u00f6nnen die Oberfl\u00e4chenspannung zwischen Glas und Uhrengeh\u00e4use verringern und so das Eindringen von Wasser erm\u00f6glichen.<\/p>\n<p>Die Angabe <strong>WATERRESISTANT 50M oder 5 ATM<\/strong> (Wasserdicht 50m)<br \/>\nDiese Uhr eignet sich Sport, insbesondere Skisport, Trekking, Autowaschen, Regen, Wasserspritzer und Schwei\u00df.<\/p>\n<p>Die Angabe <strong>WATERRESISTANT 100M oder 10 ATM<\/strong> (Wasserdicht 100m)<br \/>\nDiese Uhr eignet f\u00fcr beim Wassersport, Baden, Skisport, Trekking, Duschen, Autowaschen \u2026etc.<\/p>\n<p>Die Angabe <strong>WATERRESISTANT 200M oder 20 ATM<\/strong> (Wasserdicht 200m)<br \/>\nEndlich, diese Uhr eignet sich f\u00fcr Tauchen (ohne Ausr\u00fcstung), Schnorcheln, Wassersport, Baden etc. Solche Uhren haben eine verschraubte Krone, die nur in verschraubten Zustand wasserdichte garantieren.<\/p>\n<p>Es gibt viele weitere Faktoren, die auch die angegebene Wasserdichte der Uhr negativ beeinflussenk\u00f6nnen. Die schon angesprochene verschraubte Krone der Uhr ist ein wichtiger Punkt, ein wesentlicher Punkt bei der Wasserdichtigkeit der Uhren ist auch das Alter der Uhr, je \u00e4lter eine Uhr ist um so mehr vermindern sich die Angaben auf Geh\u00e4useboden oder Ziffernblatt der Uhr. Eine Uhr die nur ein Jahr alt ist wird schon nicht mehr die gleichen Eigenschaften im Hinblick auf Wasserdichte besitzen wie eine neue Uhr.<\/p>\n<p>Dichtungen der Uhr altern und verspr\u00f6den im Laufe der Zeit. Hitze, K\u00e4lte, L\u00f6sungsmittel und Kosmetika beschleunigen diesen Vorgang. Besch\u00e4digungen des Glases, der Krone, der Aufzugwelle der Uhr oder der Dichtung f\u00fchrt meist zum Verlust der Wasserdichtheit, eindringende Feuchtigkeit in die Uhr zerst\u00f6rt das Werk und auch das Zifferblatt.<\/p>\n<p>Wasserdichtigkeit bei Uhren ist \u00fcbrigens keine Frage des Preises, auch sehr teure Uhren haben hier keinen Vorteil gegen\u00fcber preisg\u00fcnstigen Modellen, sicher spielt die Qualit\u00e4t der Verarbeitung eine wichtige Rolle, aber es ist fast unm\u00f6glich zum Beispiel eine eckige Uhr wasserdicht zu bekommen.[\/vc_column_text][\/vc_tta_section][vc_tta_section title=&#8221;Lieferumfang&#8221; tab_id=&#8221;1497013248286-67464337-4b58&#8243;][vc_column_text]1x Herrenuhr<br \/>\n1x schwarzes Lederarmband[\/vc_column_text][\/vc_tta_section][\/vc_tta_tabs][vc_separator style=&#8221;dotted&#8221; border_width=&#8221;2&#8243;][\/vc_column][\/vc_row]<\/p>\n<\/div>","protected":false},"excerpt":{"rendered":"<div>\n<p>Elegante Herren-Uhr Metall silberfarben<\/p>\n<p><strong>Restposten!<\/strong><\/p>\n<\/div>\n","protected":false},"featured_media":1996,"template":"","meta":[],"product_cat":[18,20],"product_tag":[],"class_list":{"0":"post-1993","1":"product","2":"type-product","3":"status-publish","4":"has-post-thumbnail","6":"product_cat-armbanduhren","7":"product_cat-mexx","8":"product_shipping_class-gls","10":"first","11":"instock","12":"shipping-taxable","13":"purchasable","14":"product-type-simple"},"yoast_head":"<!-- This site is optimized with the Yoast SEO plugin v23.8 - https:\/\/yoast.com\/wordpress\/plugins\/seo\/ -->\n<title>MEXX Herren-Uhr 4243 &#8211; FILMA-V<\/title>\n<meta name=\"description\" content=\"MEXX Herren-Uhr 949\/4243.00 Elegante Herren-Uhr Metall silberfarben\" \/>\n<meta name=\"robots\" content=\"index, follow, max-snippet:-1, max-image-preview:large, max-video-preview:-1\" \/>\n<link rel=\"canonical\" href=\"https:\/\/filma-v.de\/?product=mexx-herren-uhr-4243\" \/>\n<meta property=\"og:locale\" content=\"de_DE\" \/>\n<meta property=\"og:type\" content=\"article\" \/>\n<meta property=\"og:title\" content=\"MEXX Herren-Uhr 4243 &#8211; FILMA-V\" \/>\n<meta property=\"og:description\" content=\"MEXX Herren-Uhr 949\/4243.00 Elegante Herren-Uhr Metall silberfarben\" \/>\n<meta property=\"og:url\" content=\"https:\/\/filma-v.de\/?product=mexx-herren-uhr-4243\" \/>\n<meta property=\"og:site_name\" content=\"FILMA-V\" \/>\n<meta property=\"article:modified_time\" content=\"2024-12-13T15:07:01+00:00\" \/>\n<meta property=\"og:image\" content=\"https:\/\/filma-v.de\/wp-content\/uploads\/2017\/06\/949_4243-00-mann.jpg\" \/>\n\t<meta property=\"og:image:width\" content=\"1500\" \/>\n\t<meta property=\"og:image:height\" content=\"1500\" \/>\n\t<meta property=\"og:image:type\" content=\"image\/jpeg\" \/>\n<meta name=\"twitter:card\" content=\"summary_large_image\" \/>\n<meta name=\"twitter:label1\" content=\"Gesch\u00e4tzte Lesezeit\" \/>\n\t<meta name=\"twitter:data1\" content=\"3\u00a0Minuten\" \/>\n<script type=\"application\/ld+json\" class=\"yoast-schema-graph\">{\"@context\":\"https:\/\/schema.org\",\"@graph\":[{\"@type\":\"WebPage\",\"@id\":\"https:\/\/filma-v.de\/?product=mexx-herren-uhr-4243\",\"url\":\"https:\/\/filma-v.de\/?product=mexx-herren-uhr-4243\",\"name\":\"MEXX Herren-Uhr 4243 &#8211; FILMA-V\",\"isPartOf\":{\"@id\":\"https:\/\/filma-v.de\/#website\"},\"primaryImageOfPage\":{\"@id\":\"https:\/\/filma-v.de\/?product=mexx-herren-uhr-4243#primaryimage\"},\"image\":{\"@id\":\"https:\/\/filma-v.de\/?product=mexx-herren-uhr-4243#primaryimage\"},\"thumbnailUrl\":\"https:\/\/filma-v.de\/wp-content\/uploads\/2017\/06\/949_4243-00-mann.jpg\",\"datePublished\":\"2017-06-09T13:03:06+00:00\",\"dateModified\":\"2024-12-13T15:07:01+00:00\",\"description\":\"MEXX Herren-Uhr 949\/4243.00 Elegante Herren-Uhr Metall silberfarben\",\"breadcrumb\":{\"@id\":\"https:\/\/filma-v.de\/?product=mexx-herren-uhr-4243#breadcrumb\"},\"inLanguage\":\"de\",\"potentialAction\":[{\"@type\":\"ReadAction\",\"target\":[\"https:\/\/filma-v.de\/?product=mexx-herren-uhr-4243\"]}]},{\"@type\":\"ImageObject\",\"inLanguage\":\"de\",\"@id\":\"https:\/\/filma-v.de\/?product=mexx-herren-uhr-4243#primaryimage\",\"url\":\"https:\/\/filma-v.de\/wp-content\/uploads\/2017\/06\/949_4243-00-mann.jpg\",\"contentUrl\":\"https:\/\/filma-v.de\/wp-content\/uploads\/2017\/06\/949_4243-00-mann.jpg\",\"width\":1500,\"height\":1500,\"caption\":\"MEXX 949.4243.00\"},{\"@type\":\"BreadcrumbList\",\"@id\":\"https:\/\/filma-v.de\/?product=mexx-herren-uhr-4243#breadcrumb\",\"itemListElement\":[{\"@type\":\"ListItem\",\"position\":1,\"name\":\"Startseite\",\"item\":\"https:\/\/filma-v.de\/\"},{\"@type\":\"ListItem\",\"position\":2,\"name\":\"SHOP\",\"item\":\"https:\/\/filma-v.de\/?page_id=5\"},{\"@type\":\"ListItem\",\"position\":3,\"name\":\"MEXX Herren-Uhr 4243\"}]},{\"@type\":\"WebSite\",\"@id\":\"https:\/\/filma-v.de\/#website\",\"url\":\"https:\/\/filma-v.de\/\",\"name\":\"FILMA-V\",\"description\":\"Sat, Kabel, Dreambox, Humax, Topfield, Dreambox, VU+, Kathrein, lnb, Sat-Erotik, PayTV, Anlagen, Sch\u00fcsseln, Satfinder &amp; Pay-TV, Outdoor M\u00f6bel\",\"potentialAction\":[{\"@type\":\"SearchAction\",\"target\":{\"@type\":\"EntryPoint\",\"urlTemplate\":\"https:\/\/filma-v.de\/?s={search_term_string}\"},\"query-input\":{\"@type\":\"PropertyValueSpecification\",\"valueRequired\":true,\"valueName\":\"search_term_string\"}}],\"inLanguage\":\"de\"}]}<\/script>\n<!-- \/ Yoast SEO plugin. -->","yoast_head_json":{"title":"MEXX Herren-Uhr 4243 &#8211; FILMA-V","description":"MEXX Herren-Uhr 949\/4243.00 Elegante Herren-Uhr Metall silberfarben","robots":{"index":"index","follow":"follow","max-snippet":"max-snippet:-1","max-image-preview":"max-image-preview:large","max-video-preview":"max-video-preview:-1"},"canonical":"https:\/\/filma-v.de\/?product=mexx-herren-uhr-4243","og_locale":"de_DE","og_type":"article","og_title":"MEXX Herren-Uhr 4243 &#8211; FILMA-V","og_description":"MEXX Herren-Uhr 949\/4243.00 Elegante Herren-Uhr Metall silberfarben","og_url":"https:\/\/filma-v.de\/?product=mexx-herren-uhr-4243","og_site_name":"FILMA-V","article_modified_time":"2024-12-13T15:07:01+00:00","og_image":[{"width":1500,"height":1500,"url":"https:\/\/filma-v.de\/wp-content\/uploads\/2017\/06\/949_4243-00-mann.jpg","type":"image\/jpeg"}],"twitter_card":"summary_large_image","twitter_misc":{"Gesch\u00e4tzte Lesezeit":"3\u00a0Minuten"},"schema":{"@context":"https:\/\/schema.org","@graph":[{"@type":"WebPage","@id":"https:\/\/filma-v.de\/?product=mexx-herren-uhr-4243","url":"https:\/\/filma-v.de\/?product=mexx-herren-uhr-4243","name":"MEXX Herren-Uhr 4243 &#8211; FILMA-V","isPartOf":{"@id":"https:\/\/filma-v.de\/#website"},"primaryImageOfPage":{"@id":"https:\/\/filma-v.de\/?product=mexx-herren-uhr-4243#primaryimage"},"image":{"@id":"https:\/\/filma-v.de\/?product=mexx-herren-uhr-4243#primaryimage"},"thumbnailUrl":"https:\/\/filma-v.de\/wp-content\/uploads\/2017\/06\/949_4243-00-mann.jpg","datePublished":"2017-06-09T13:03:06+00:00","dateModified":"2024-12-13T15:07:01+00:00","description":"MEXX Herren-Uhr 949\/4243.00 Elegante Herren-Uhr Metall silberfarben","breadcrumb":{"@id":"https:\/\/filma-v.de\/?product=mexx-herren-uhr-4243#breadcrumb"},"inLanguage":"de","potentialAction":[{"@type":"ReadAction","target":["https:\/\/filma-v.de\/?product=mexx-herren-uhr-4243"]}]},{"@type":"ImageObject","inLanguage":"de","@id":"https:\/\/filma-v.de\/?product=mexx-herren-uhr-4243#primaryimage","url":"https:\/\/filma-v.de\/wp-content\/uploads\/2017\/06\/949_4243-00-mann.jpg","contentUrl":"https:\/\/filma-v.de\/wp-content\/uploads\/2017\/06\/949_4243-00-mann.jpg","width":1500,"height":1500,"caption":"MEXX 949.4243.00"},{"@type":"BreadcrumbList","@id":"https:\/\/filma-v.de\/?product=mexx-herren-uhr-4243#breadcrumb","itemListElement":[{"@type":"ListItem","position":1,"name":"Startseite","item":"https:\/\/filma-v.de\/"},{"@type":"ListItem","position":2,"name":"SHOP","item":"https:\/\/filma-v.de\/?page_id=5"},{"@type":"ListItem","position":3,"name":"MEXX Herren-Uhr 4243"}]},{"@type":"WebSite","@id":"https:\/\/filma-v.de\/#website","url":"https:\/\/filma-v.de\/","name":"FILMA-V","description":"Sat, Kabel, Dreambox, Humax, Topfield, Dreambox, VU+, Kathrein, lnb, Sat-Erotik, PayTV, Anlagen, Sch\u00fcsseln, Satfinder &amp; Pay-TV, Outdoor M\u00f6bel","potentialAction":[{"@type":"SearchAction","target":{"@type":"EntryPoint","urlTemplate":"https:\/\/filma-v.de\/?s={search_term_string}"},"query-input":{"@type":"PropertyValueSpecification","valueRequired":true,"valueName":"search_term_string"}}],"inLanguage":"de"}]}},"_links":{"self":[{"href":"https:\/\/filma-v.de\/index.php?rest_route=\/wp\/v2\/product\/1993","targetHints":{"allow":["GET"]}}],"collection":[{"href":"https:\/\/filma-v.de\/index.php?rest_route=\/wp\/v2\/product"}],"about":[{"href":"https:\/\/filma-v.de\/index.php?rest_route=\/wp\/v2\/types\/product"}],"wp:featuredmedia":[{"embeddable":true,"href":"https:\/\/filma-v.de\/index.php?rest_route=\/wp\/v2\/media\/1996"}],"wp:attachment":[{"href":"https:\/\/filma-v.de\/index.php?rest_route=%2Fwp%2Fv2%2Fmedia&parent=1993"}],"wp:term":[{"taxonomy":"product_cat","embeddable":true,"href":"https:\/\/filma-v.de\/index.php?rest_route=%2Fwp%2Fv2%2Fproduct_cat&post=1993"},{"taxonomy":"product_tag","embeddable":true,"href":"https:\/\/filma-v.de\/index.php?rest_route=%2Fwp%2Fv2%2Fproduct_tag&post=1993"}],"curies":[{"name":"wp","href":"https:\/\/api.w.org\/{rel}","templated":true}]}}