{"id":2027,"date":"2017-06-16T16:57:19","date_gmt":"2017-06-16T14:57:19","guid":{"rendered":"https:\/\/filma-v.de\/?post_type=product&#038;p=2027"},"modified":"2024-12-13T16:02:34","modified_gmt":"2024-12-13T15:02:34","slug":"tv-easyfix-invisible-xl-tv-halterung","status":"publish","type":"product","link":"https:\/\/filma-v.de\/?product=tv-easyfix-invisible-xl-tv-halterung","title":{"rendered":"TV EasyFix Invisible XL &#8211; TV Halterung"},"content":{"rendered":"<div class=\"wpb-content-wrapper\"><p>[vc_row][vc_column][vc_tta_tabs][vc_tta_section title=&#8221;Artikelbeschreibung&#8221; tab_id=&#8221;1464382921179-156eb823-8f811f9e-a2ddce67-45c479d9-0c367112-5901&#8243;][vc_column_text]minimal m\u00f6glicher Wandabstand von nur 10 mm<br \/>\nzus\u00e4tzliche Ger\u00e4tesicherung f\u00fcr zuverl\u00e4ssigen Halt<br \/>\npassend f\u00fcr TVs von 94 cm &#8211; 178 cm (37-70&#8243;)<br \/>\ngeeignet f\u00fcr Ger\u00e4te bis 40 kg<br \/>\nVESA-Lochabst\u00e4nde bis 800 x 400 mm<br \/>\nMontagematerial im Lieferumfang enthalten[\/vc_column_text][\/vc_tta_section][vc_tta_section title=&#8221;Technische Daten&#8221; tab_id=&#8221;1464383140502-4eb41e34-4e471f9e-a2ddce67-45c479d9-0c367112-5901&#8243;][vc_column_text]<strong>Leistung<\/strong><br \/>\nBildschirmgr\u00f6\u00dfe 94 &#8211; 178 cm<br \/>\nmax. Traglast 40 kg<br \/>\nVESA (FDMI) 200 x 200 mm, 300 x 300 mm, 400 x 200 mm, 400 x 400 mm, 600 x 400 mm, 800 x 400 mm<br \/>\n<strong><br \/>\nAllgemein<\/strong><br \/>\nVerbrauchseinheit 1 x Karton<br \/>\nFarbe Schwarz<br \/>\nMaterial Kunststoff, Stahl (pulverbeschichtet)<br \/>\nBreite 873 mm<br \/>\nH\u00f6he 465 mm<br \/>\nTiefe 1,5 mm<br \/>\nGewicht 1700 g[\/vc_column_text][\/vc_tta_section][vc_tta_section title=&#8221;Lieferumfang&#8221; tab_id=&#8221;1497624809191-ade17899-73a0&#8243;][vc_column_text]Montagematerial Distanzst\u00fccke, D\u00fcbel, Schrauben<br \/>\nBetriebsanleitung DE, EN, FR, IT [\/vc_column_text][\/vc_tta_section][\/vc_tta_tabs][vc_separator style=&#8221;dotted&#8221; border_width=&#8221;2&#8243;][\/vc_column][\/vc_row]<\/p>\n<\/div>","protected":false},"excerpt":{"rendered":"<p>nahezu unsichtbarer Halter f\u00fcr TVs bis 178 cm (70&#8243;)<\/p>\n","protected":false},"featured_media":2028,"template":"","meta":[],"product_cat":[63,64],"product_tag":[],"class_list":{"0":"post-2027","1":"product","2":"type-product","3":"status-publish","4":"has-post-thumbnail","6":"product_cat-montagezubehoer","7":"product_cat-wandhalter","8":"product_shipping_class-gls","9":"product_brand-goobay","11":"first","12":"instock","13":"shipping-taxable","14":"purchasable","15":"product-type-simple"},"yoast_head":"<!-- This site is optimized with the Yoast SEO plugin v23.8 - https:\/\/yoast.com\/wordpress\/plugins\/seo\/ -->\n<title>TV EasyFix Invisible XL - TV Halterung &#8211; FILMA-V<\/title>\n<meta name=\"robots\" content=\"index, follow, max-snippet:-1, max-image-preview:large, max-video-preview:-1\" \/>\n<link rel=\"canonical\" href=\"https:\/\/filma-v.de\/?product=tv-easyfix-invisible-xl-tv-halterung\" \/>\n<meta property=\"og:locale\" content=\"de_DE\" \/>\n<meta property=\"og:type\" content=\"article\" \/>\n<meta property=\"og:title\" content=\"TV EasyFix Invisible XL - TV Halterung &#8211; FILMA-V\" \/>\n<meta property=\"og:description\" content=\"nahezu unsichtbarer Halter f\u00fcr TVs bis 178 cm (70&quot;)\" \/>\n<meta property=\"og:url\" content=\"https:\/\/filma-v.de\/?product=tv-easyfix-invisible-xl-tv-halterung\" \/>\n<meta property=\"og:site_name\" content=\"FILMA-V\" \/>\n<meta property=\"article:modified_time\" content=\"2024-12-13T15:02:34+00:00\" \/>\n<meta property=\"og:image\" content=\"https:\/\/filma-v.de\/wp-content\/uploads\/2017\/06\/63475.jpg\" \/>\n\t<meta property=\"og:image:width\" content=\"2362\" \/>\n\t<meta property=\"og:image:height\" content=\"2237\" \/>\n\t<meta property=\"og:image:type\" content=\"image\/jpeg\" \/>\n<meta name=\"twitter:card\" content=\"summary_large_image\" \/>\n<meta name=\"twitter:label1\" content=\"Gesch\u00e4tzte Lesezeit\" \/>\n\t<meta name=\"twitter:data1\" content=\"1\u00a0Minute\" \/>\n<script type=\"application\/ld+json\" class=\"yoast-schema-graph\">{\"@context\":\"https:\/\/schema.org\",\"@graph\":[{\"@type\":\"WebPage\",\"@id\":\"https:\/\/filma-v.de\/?product=tv-easyfix-invisible-xl-tv-halterung\",\"url\":\"https:\/\/filma-v.de\/?product=tv-easyfix-invisible-xl-tv-halterung\",\"name\":\"TV EasyFix Invisible XL - TV Halterung &#8211; FILMA-V\",\"isPartOf\":{\"@id\":\"https:\/\/filma-v.de\/#website\"},\"primaryImageOfPage\":{\"@id\":\"https:\/\/filma-v.de\/?product=tv-easyfix-invisible-xl-tv-halterung#primaryimage\"},\"image\":{\"@id\":\"https:\/\/filma-v.de\/?product=tv-easyfix-invisible-xl-tv-halterung#primaryimage\"},\"thumbnailUrl\":\"https:\/\/filma-v.de\/wp-content\/uploads\/2017\/06\/63475.jpg\",\"datePublished\":\"2017-06-16T14:57:19+00:00\",\"dateModified\":\"2024-12-13T15:02:34+00:00\",\"breadcrumb\":{\"@id\":\"https:\/\/filma-v.de\/?product=tv-easyfix-invisible-xl-tv-halterung#breadcrumb\"},\"inLanguage\":\"de\",\"potentialAction\":[{\"@type\":\"ReadAction\",\"target\":[\"https:\/\/filma-v.de\/?product=tv-easyfix-invisible-xl-tv-halterung\"]}]},{\"@type\":\"ImageObject\",\"inLanguage\":\"de\",\"@id\":\"https:\/\/filma-v.de\/?product=tv-easyfix-invisible-xl-tv-halterung#primaryimage\",\"url\":\"https:\/\/filma-v.de\/wp-content\/uploads\/2017\/06\/63475.jpg\",\"contentUrl\":\"https:\/\/filma-v.de\/wp-content\/uploads\/2017\/06\/63475.jpg\",\"width\":2362,\"height\":2237,\"caption\":\"TV EasyFix Invisible XL\"},{\"@type\":\"BreadcrumbList\",\"@id\":\"https:\/\/filma-v.de\/?product=tv-easyfix-invisible-xl-tv-halterung#breadcrumb\",\"itemListElement\":[{\"@type\":\"ListItem\",\"position\":1,\"name\":\"Startseite\",\"item\":\"https:\/\/filma-v.de\/\"},{\"@type\":\"ListItem\",\"position\":2,\"name\":\"SHOP\",\"item\":\"https:\/\/filma-v.de\/?page_id=5\"},{\"@type\":\"ListItem\",\"position\":3,\"name\":\"TV EasyFix Invisible XL &#8211; TV Halterung\"}]},{\"@type\":\"WebSite\",\"@id\":\"https:\/\/filma-v.de\/#website\",\"url\":\"https:\/\/filma-v.de\/\",\"name\":\"FILMA-V\",\"description\":\"Sat, Kabel, Dreambox, Humax, Topfield, Dreambox, VU+, Kathrein, lnb, Sat-Erotik, PayTV, Anlagen, Sch\u00fcsseln, Satfinder &amp; Pay-TV, Outdoor M\u00f6bel\",\"potentialAction\":[{\"@type\":\"SearchAction\",\"target\":{\"@type\":\"EntryPoint\",\"urlTemplate\":\"https:\/\/filma-v.de\/?s={search_term_string}\"},\"query-input\":{\"@type\":\"PropertyValueSpecification\",\"valueRequired\":true,\"valueName\":\"search_term_string\"}}],\"inLanguage\":\"de\"}]}<\/script>\n<!-- \/ Yoast SEO plugin. -->","yoast_head_json":{"title":"TV EasyFix Invisible XL - TV Halterung &#8211; FILMA-V","robots":{"index":"index","follow":"follow","max-snippet":"max-snippet:-1","max-image-preview":"max-image-preview:large","max-video-preview":"max-video-preview:-1"},"canonical":"https:\/\/filma-v.de\/?product=tv-easyfix-invisible-xl-tv-halterung","og_locale":"de_DE","og_type":"article","og_title":"TV EasyFix Invisible XL - TV Halterung &#8211; FILMA-V","og_description":"nahezu unsichtbarer Halter f\u00fcr TVs bis 178 cm (70\")","og_url":"https:\/\/filma-v.de\/?product=tv-easyfix-invisible-xl-tv-halterung","og_site_name":"FILMA-V","article_modified_time":"2024-12-13T15:02:34+00:00","og_image":[{"width":2362,"height":2237,"url":"https:\/\/filma-v.de\/wp-content\/uploads\/2017\/06\/63475.jpg","type":"image\/jpeg"}],"twitter_card":"summary_large_image","twitter_misc":{"Gesch\u00e4tzte Lesezeit":"1\u00a0Minute"},"schema":{"@context":"https:\/\/schema.org","@graph":[{"@type":"WebPage","@id":"https:\/\/filma-v.de\/?product=tv-easyfix-invisible-xl-tv-halterung","url":"https:\/\/filma-v.de\/?product=tv-easyfix-invisible-xl-tv-halterung","name":"TV EasyFix Invisible XL - TV Halterung &#8211; FILMA-V","isPartOf":{"@id":"https:\/\/filma-v.de\/#website"},"primaryImageOfPage":{"@id":"https:\/\/filma-v.de\/?product=tv-easyfix-invisible-xl-tv-halterung#primaryimage"},"image":{"@id":"https:\/\/filma-v.de\/?product=tv-easyfix-invisible-xl-tv-halterung#primaryimage"},"thumbnailUrl":"https:\/\/filma-v.de\/wp-content\/uploads\/2017\/06\/63475.jpg","datePublished":"2017-06-16T14:57:19+00:00","dateModified":"2024-12-13T15:02:34+00:00","breadcrumb":{"@id":"https:\/\/filma-v.de\/?product=tv-easyfix-invisible-xl-tv-halterung#breadcrumb"},"inLanguage":"de","potentialAction":[{"@type":"ReadAction","target":["https:\/\/filma-v.de\/?product=tv-easyfix-invisible-xl-tv-halterung"]}]},{"@type":"ImageObject","inLanguage":"de","@id":"https:\/\/filma-v.de\/?product=tv-easyfix-invisible-xl-tv-halterung#primaryimage","url":"https:\/\/filma-v.de\/wp-content\/uploads\/2017\/06\/63475.jpg","contentUrl":"https:\/\/filma-v.de\/wp-content\/uploads\/2017\/06\/63475.jpg","width":2362,"height":2237,"caption":"TV EasyFix Invisible XL"},{"@type":"BreadcrumbList","@id":"https:\/\/filma-v.de\/?product=tv-easyfix-invisible-xl-tv-halterung#breadcrumb","itemListElement":[{"@type":"ListItem","position":1,"name":"Startseite","item":"https:\/\/filma-v.de\/"},{"@type":"ListItem","position":2,"name":"SHOP","item":"https:\/\/filma-v.de\/?page_id=5"},{"@type":"ListItem","position":3,"name":"TV EasyFix Invisible XL &#8211; TV Halterung"}]},{"@type":"WebSite","@id":"https:\/\/filma-v.de\/#website","url":"https:\/\/filma-v.de\/","name":"FILMA-V","description":"Sat, Kabel, Dreambox, Humax, Topfield, Dreambox, VU+, Kathrein, lnb, Sat-Erotik, PayTV, Anlagen, Sch\u00fcsseln, Satfinder &amp; Pay-TV, Outdoor M\u00f6bel","potentialAction":[{"@type":"SearchAction","target":{"@type":"EntryPoint","urlTemplate":"https:\/\/filma-v.de\/?s={search_term_string}"},"query-input":{"@type":"PropertyValueSpecification","valueRequired":true,"valueName":"search_term_string"}}],"inLanguage":"de"}]}},"_links":{"self":[{"href":"https:\/\/filma-v.de\/index.php?rest_route=\/wp\/v2\/product\/2027","targetHints":{"allow":["GET"]}}],"collection":[{"href":"https:\/\/filma-v.de\/index.php?rest_route=\/wp\/v2\/product"}],"about":[{"href":"https:\/\/filma-v.de\/index.php?rest_route=\/wp\/v2\/types\/product"}],"wp:featuredmedia":[{"embeddable":true,"href":"https:\/\/filma-v.de\/index.php?rest_route=\/wp\/v2\/media\/2028"}],"wp:attachment":[{"href":"https:\/\/filma-v.de\/index.php?rest_route=%2Fwp%2Fv2%2Fmedia&parent=2027"}],"wp:term":[{"taxonomy":"product_cat","embeddable":true,"href":"https:\/\/filma-v.de\/index.php?rest_route=%2Fwp%2Fv2%2Fproduct_cat&post=2027"},{"taxonomy":"product_tag","embeddable":true,"href":"https:\/\/filma-v.de\/index.php?rest_route=%2Fwp%2Fv2%2Fproduct_tag&post=2027"}],"curies":[{"name":"wp","href":"https:\/\/api.w.org\/{rel}","templated":true}]}}