{"id":216,"date":"2017-02-18T20:44:47","date_gmt":"2017-02-18T19:44:47","guid":{"rendered":"http:\/\/cipciop.de\/?post_type=product&#038;p=216"},"modified":"2025-01-30T11:25:19","modified_gmt":"2025-01-30T10:25:19","slug":"hd-smart-karte-verlaengerung-1-jahr","status":"publish","type":"product","link":"https:\/\/filma-v.de\/?product=hd-smart-karte-verlaengerung-1-jahr","title":{"rendered":"HD+ Smart Karte Verl\u00e4ngerung 12 Monate"},"content":{"rendered":"<div class=\"wpb-content-wrapper\"><p>[vc_row][vc_column][vc_row_inner][vc_column_inner][vc_column_text]Mit der Aktivierung der Karte gehen Sie einen Vertrag mit dem jeweiligen Anbieter ein, das Kartenguthaben verringert sich durch Zeitablauf nach Aktivierung der Karte entsprechend. Die Verwendung der HD+ Karte ist auf das Ger\u00e4t beschr\u00e4nkt, indem es aktiviert wurde.<\/p>\n<p>Es wird keine Haftung f\u00fcr Senderausf\u00e4lle, \u00c4nderung des Programminhaltes oder Insolvenz des jeweiligen Sendeanbieters \u00fcbernommen. Ebenfalls wird keine Haftung f\u00fcr \u00c4nderungen des Verschl\u00fcsselungssystems \u00fcbernommen. Die HD+ Karte ist ausschlie\u00dflich f\u00fcr Deutschland geeignet.<\/p>\n<p>Bei technischen Problemen wenden Sie sich bitte direkt an den HD-Plus Kundenservice.<br \/>\n<strong>Abbildung \u00e4hnlich, kann vom Inhalt abweichen.<\/strong>[\/vc_column_text][\/vc_column_inner][\/vc_row_inner][vc_tta_tabs][vc_tta_section title=&#8221;Artikelbeschreibung&#8221; tab_id=&#8221;1464382921179-156eb823-8f811f9e-a2dda994-37d5caf3-d625&#8243;][vc_column_text]HD+ Freischaltung f\u00fcr 12 Monate<\/p>\n<p>kein Vertrag, kein Abo, keine Registrierung<\/p>\n<p>einmalige Freischaltung aller verschl\u00fcsselten HD Sender f\u00fcr 1 Jahr<\/p>\n<p>ausschlie\u00dflich geeignet f\u00fcr SAT Receiver mit Kartenleser (CI)<\/p>\n<p>nicht geeignet f\u00fcr Kabel-Receiver und Sky Receiver[\/vc_column_text][\/vc_tta_section][vc_tta_section title=&#8221;Verl\u00e4ngerung&#8221; tab_id=&#8221;1487447187999-390e45ec-b9eb&#8221;][vc_column_text css=&#8221;&#8221;]<\/p>\n<p align=\"LEFT\"><span style=\"color: #000000;\">Sie erhalten einen 16-stelligen Code zur Verl\u00e4ngerung Ihrer vorhandenen Smartkarte um weitere 12 Monate. Den Code erhalten Sie per Email nach Bestellung\/Bezahlung!<br \/>\nDie Freischaltung Ihrer Smartkarte erfolgt mit diesem 16-stelligen Code auf der <a href=\"https:\/\/www.hd-plus.de\/haendler\/service-tools\/hd-plus-verlaengerung-freischalten\/\">HD-Plus Seite<\/a>.<br \/>\n<\/span><\/p>\n<p>[\/vc_column_text][\/vc_tta_section][\/vc_tta_tabs][vc_separator style=&#8221;dotted&#8221; border_width=&#8221;2&#8243;][\/vc_column][\/vc_row]<\/p>\n<\/div>","protected":false},"excerpt":{"rendered":"<p>HD+ Freischaltung f\u00fcr 12 Monate<\/p>\n<p>kein Vertrag, kein Abo, keine Registrierung<\/p>\n<p><strong>Mitteilung der PIN erfolgt via email.<\/strong><\/p>\n","protected":false},"featured_media":4708,"template":"","meta":[],"product_cat":[16],"product_tag":[],"class_list":{"0":"post-216","1":"product","2":"type-product","3":"status-publish","4":"has-post-thumbnail","6":"product_cat-hd-plus","7":"product_shipping_class-inkl-versand","8":"product_brand-hd-plus","10":"first","11":"instock","12":"shipping-taxable","13":"purchasable","14":"product-type-simple"},"yoast_head":"<!-- This site is optimized with the Yoast SEO plugin v23.8 - https:\/\/yoast.com\/wordpress\/plugins\/seo\/ -->\n<title>HD+ Smart Karte Verl\u00e4ngerung 12 Monate &#8211; FILMA-V<\/title>\n<meta name=\"description\" content=\"kein Vertrag, kein Abo, keine Registrierung einmalige Freischaltung aller verschl\u00fcsselten HD Sender f\u00fcr 1 Jahr\" \/>\n<meta name=\"robots\" content=\"index, follow, max-snippet:-1, max-image-preview:large, max-video-preview:-1\" \/>\n<link rel=\"canonical\" href=\"https:\/\/filma-v.de\/?product=hd-smart-karte-verlaengerung-1-jahr\" \/>\n<meta property=\"og:locale\" content=\"de_DE\" \/>\n<meta property=\"og:type\" content=\"article\" \/>\n<meta property=\"og:title\" content=\"HD+ Smart Karte Verl\u00e4ngerung 12 Monate &#8211; FILMA-V\" \/>\n<meta property=\"og:description\" content=\"kein Vertrag, kein Abo, keine Registrierung einmalige Freischaltung aller verschl\u00fcsselten HD Sender f\u00fcr 1 Jahr\" \/>\n<meta property=\"og:url\" content=\"https:\/\/filma-v.de\/?product=hd-smart-karte-verlaengerung-1-jahr\" \/>\n<meta property=\"og:site_name\" content=\"FILMA-V\" \/>\n<meta property=\"article:modified_time\" content=\"2025-01-30T10:25:19+00:00\" \/>\n<meta property=\"og:image\" content=\"https:\/\/filma-v.de\/wp-content\/uploads\/2017\/02\/Neu-010225.jpg\" \/>\n\t<meta property=\"og:image:width\" content=\"281\" \/>\n\t<meta property=\"og:image:height\" content=\"448\" \/>\n\t<meta property=\"og:image:type\" content=\"image\/jpeg\" \/>\n<meta name=\"twitter:card\" content=\"summary_large_image\" \/>\n<meta name=\"twitter:label1\" content=\"Gesch\u00e4tzte Lesezeit\" \/>\n\t<meta name=\"twitter:data1\" content=\"2\u00a0Minuten\" \/>\n<script type=\"application\/ld+json\" class=\"yoast-schema-graph\">{\"@context\":\"https:\/\/schema.org\",\"@graph\":[{\"@type\":\"WebPage\",\"@id\":\"https:\/\/filma-v.de\/?product=hd-smart-karte-verlaengerung-1-jahr\",\"url\":\"https:\/\/filma-v.de\/?product=hd-smart-karte-verlaengerung-1-jahr\",\"name\":\"HD+ Smart Karte Verl\u00e4ngerung 12 Monate &#8211; FILMA-V\",\"isPartOf\":{\"@id\":\"https:\/\/filma-v.de\/#website\"},\"primaryImageOfPage\":{\"@id\":\"https:\/\/filma-v.de\/?product=hd-smart-karte-verlaengerung-1-jahr#primaryimage\"},\"image\":{\"@id\":\"https:\/\/filma-v.de\/?product=hd-smart-karte-verlaengerung-1-jahr#primaryimage\"},\"thumbnailUrl\":\"https:\/\/filma-v.de\/wp-content\/uploads\/2017\/02\/Neu-010225.jpg\",\"datePublished\":\"2017-02-18T19:44:47+00:00\",\"dateModified\":\"2025-01-30T10:25:19+00:00\",\"description\":\"kein Vertrag, kein Abo, keine Registrierung einmalige Freischaltung aller verschl\u00fcsselten HD Sender f\u00fcr 1 Jahr\",\"breadcrumb\":{\"@id\":\"https:\/\/filma-v.de\/?product=hd-smart-karte-verlaengerung-1-jahr#breadcrumb\"},\"inLanguage\":\"de\",\"potentialAction\":[{\"@type\":\"ReadAction\",\"target\":[\"https:\/\/filma-v.de\/?product=hd-smart-karte-verlaengerung-1-jahr\"]}]},{\"@type\":\"ImageObject\",\"inLanguage\":\"de\",\"@id\":\"https:\/\/filma-v.de\/?product=hd-smart-karte-verlaengerung-1-jahr#primaryimage\",\"url\":\"https:\/\/filma-v.de\/wp-content\/uploads\/2017\/02\/Neu-010225.jpg\",\"contentUrl\":\"https:\/\/filma-v.de\/wp-content\/uploads\/2017\/02\/Neu-010225.jpg\",\"width\":281,\"height\":448},{\"@type\":\"BreadcrumbList\",\"@id\":\"https:\/\/filma-v.de\/?product=hd-smart-karte-verlaengerung-1-jahr#breadcrumb\",\"itemListElement\":[{\"@type\":\"ListItem\",\"position\":1,\"name\":\"Startseite\",\"item\":\"https:\/\/filma-v.de\/\"},{\"@type\":\"ListItem\",\"position\":2,\"name\":\"SHOP\",\"item\":\"https:\/\/filma-v.de\/?page_id=5\"},{\"@type\":\"ListItem\",\"position\":3,\"name\":\"HD+ Smart Karte Verl\u00e4ngerung 12 Monate\"}]},{\"@type\":\"WebSite\",\"@id\":\"https:\/\/filma-v.de\/#website\",\"url\":\"https:\/\/filma-v.de\/\",\"name\":\"FILMA-V\",\"description\":\"Sat, Kabel, Dreambox, Humax, Topfield, Dreambox, VU+, Kathrein, lnb, Sat-Erotik, PayTV, Anlagen, Sch\u00fcsseln, Satfinder &amp; Pay-TV, Outdoor M\u00f6bel\",\"potentialAction\":[{\"@type\":\"SearchAction\",\"target\":{\"@type\":\"EntryPoint\",\"urlTemplate\":\"https:\/\/filma-v.de\/?s={search_term_string}\"},\"query-input\":{\"@type\":\"PropertyValueSpecification\",\"valueRequired\":true,\"valueName\":\"search_term_string\"}}],\"inLanguage\":\"de\"}]}<\/script>\n<!-- \/ Yoast SEO plugin. -->","yoast_head_json":{"title":"HD+ Smart Karte Verl\u00e4ngerung 12 Monate &#8211; FILMA-V","description":"kein Vertrag, kein Abo, keine Registrierung einmalige Freischaltung aller verschl\u00fcsselten HD Sender f\u00fcr 1 Jahr","robots":{"index":"index","follow":"follow","max-snippet":"max-snippet:-1","max-image-preview":"max-image-preview:large","max-video-preview":"max-video-preview:-1"},"canonical":"https:\/\/filma-v.de\/?product=hd-smart-karte-verlaengerung-1-jahr","og_locale":"de_DE","og_type":"article","og_title":"HD+ Smart Karte Verl\u00e4ngerung 12 Monate &#8211; FILMA-V","og_description":"kein Vertrag, kein Abo, keine Registrierung einmalige Freischaltung aller verschl\u00fcsselten HD Sender f\u00fcr 1 Jahr","og_url":"https:\/\/filma-v.de\/?product=hd-smart-karte-verlaengerung-1-jahr","og_site_name":"FILMA-V","article_modified_time":"2025-01-30T10:25:19+00:00","og_image":[{"width":281,"height":448,"url":"https:\/\/filma-v.de\/wp-content\/uploads\/2017\/02\/Neu-010225.jpg","type":"image\/jpeg"}],"twitter_card":"summary_large_image","twitter_misc":{"Gesch\u00e4tzte Lesezeit":"2\u00a0Minuten"},"schema":{"@context":"https:\/\/schema.org","@graph":[{"@type":"WebPage","@id":"https:\/\/filma-v.de\/?product=hd-smart-karte-verlaengerung-1-jahr","url":"https:\/\/filma-v.de\/?product=hd-smart-karte-verlaengerung-1-jahr","name":"HD+ Smart Karte Verl\u00e4ngerung 12 Monate &#8211; FILMA-V","isPartOf":{"@id":"https:\/\/filma-v.de\/#website"},"primaryImageOfPage":{"@id":"https:\/\/filma-v.de\/?product=hd-smart-karte-verlaengerung-1-jahr#primaryimage"},"image":{"@id":"https:\/\/filma-v.de\/?product=hd-smart-karte-verlaengerung-1-jahr#primaryimage"},"thumbnailUrl":"https:\/\/filma-v.de\/wp-content\/uploads\/2017\/02\/Neu-010225.jpg","datePublished":"2017-02-18T19:44:47+00:00","dateModified":"2025-01-30T10:25:19+00:00","description":"kein Vertrag, kein Abo, keine Registrierung einmalige Freischaltung aller verschl\u00fcsselten HD Sender f\u00fcr 1 Jahr","breadcrumb":{"@id":"https:\/\/filma-v.de\/?product=hd-smart-karte-verlaengerung-1-jahr#breadcrumb"},"inLanguage":"de","potentialAction":[{"@type":"ReadAction","target":["https:\/\/filma-v.de\/?product=hd-smart-karte-verlaengerung-1-jahr"]}]},{"@type":"ImageObject","inLanguage":"de","@id":"https:\/\/filma-v.de\/?product=hd-smart-karte-verlaengerung-1-jahr#primaryimage","url":"https:\/\/filma-v.de\/wp-content\/uploads\/2017\/02\/Neu-010225.jpg","contentUrl":"https:\/\/filma-v.de\/wp-content\/uploads\/2017\/02\/Neu-010225.jpg","width":281,"height":448},{"@type":"BreadcrumbList","@id":"https:\/\/filma-v.de\/?product=hd-smart-karte-verlaengerung-1-jahr#breadcrumb","itemListElement":[{"@type":"ListItem","position":1,"name":"Startseite","item":"https:\/\/filma-v.de\/"},{"@type":"ListItem","position":2,"name":"SHOP","item":"https:\/\/filma-v.de\/?page_id=5"},{"@type":"ListItem","position":3,"name":"HD+ Smart Karte Verl\u00e4ngerung 12 Monate"}]},{"@type":"WebSite","@id":"https:\/\/filma-v.de\/#website","url":"https:\/\/filma-v.de\/","name":"FILMA-V","description":"Sat, Kabel, Dreambox, Humax, Topfield, Dreambox, VU+, Kathrein, lnb, Sat-Erotik, PayTV, Anlagen, Sch\u00fcsseln, Satfinder &amp; Pay-TV, Outdoor M\u00f6bel","potentialAction":[{"@type":"SearchAction","target":{"@type":"EntryPoint","urlTemplate":"https:\/\/filma-v.de\/?s={search_term_string}"},"query-input":{"@type":"PropertyValueSpecification","valueRequired":true,"valueName":"search_term_string"}}],"inLanguage":"de"}]}},"_links":{"self":[{"href":"https:\/\/filma-v.de\/index.php?rest_route=\/wp\/v2\/product\/216","targetHints":{"allow":["GET"]}}],"collection":[{"href":"https:\/\/filma-v.de\/index.php?rest_route=\/wp\/v2\/product"}],"about":[{"href":"https:\/\/filma-v.de\/index.php?rest_route=\/wp\/v2\/types\/product"}],"wp:featuredmedia":[{"embeddable":true,"href":"https:\/\/filma-v.de\/index.php?rest_route=\/wp\/v2\/media\/4708"}],"wp:attachment":[{"href":"https:\/\/filma-v.de\/index.php?rest_route=%2Fwp%2Fv2%2Fmedia&parent=216"}],"wp:term":[{"taxonomy":"product_cat","embeddable":true,"href":"https:\/\/filma-v.de\/index.php?rest_route=%2Fwp%2Fv2%2Fproduct_cat&post=216"},{"taxonomy":"product_tag","embeddable":true,"href":"https:\/\/filma-v.de\/index.php?rest_route=%2Fwp%2Fv2%2Fproduct_tag&post=216"}],"curies":[{"name":"wp","href":"https:\/\/api.w.org\/{rel}","templated":true}]}}