{"id":2193,"date":"2017-07-26T13:54:54","date_gmt":"2017-07-26T11:54:54","guid":{"rendered":"https:\/\/filma-v.de\/?post_type=product&#038;p=2193"},"modified":"2024-12-13T15:47:52","modified_gmt":"2024-12-13T14:47:52","slug":"megasat-dachsparrenhalter-profi-line","status":"publish","type":"product","link":"https:\/\/filma-v.de\/?product=megasat-dachsparrenhalter-profi-line","title":{"rendered":"Megasat Dachsparrenhalter Profi-Line"},"content":{"rendered":"<div class=\"wpb-content-wrapper\"><p>[vc_row][vc_column][vc_tta_tabs][vc_tta_section title=&#8221;Artikelbeschreibung&#8221; tab_id=&#8221;1464382921179-156eb823-8f811f9e-a2ddce67-45c479d9-0c36aca9-3899&#8243;][vc_column_text]Der Dachsparrenhalter wird zwischen oder auf zwei Dachsparren montiert. Dabei spielt die Dachneigung keine Rolle, da der Mast individiuell und stufenlos eingestellt werden kann. Auch eine exakte Zentrierung unter allen Dachziegelformen ist m\u00f6glich.<\/p>\n<p>Die stabile Befestigung des Mastgelenkes h\u00e4lt auch st\u00e4rksten Windbelastungen stand. Der Dachsparrenhalter ist geeignet f\u00fcr Satelliten-Spiegel mit einem Durchmesser bis max. 100 cm.[\/vc_column_text][\/vc_tta_section][vc_tta_section title=&#8221;Eigenschaften&#8221; tab_id=&#8221;1464383140502-4eb41e34-4e471f9e-a2ddce67-45c479d9-0c36aca9-3899&#8243;][vc_column_text]Material: Stahl<br \/>\nMastl\u00e4nge: ca. 1,00 m<br \/>\nRohrdurchmesser: 48 mm<br \/>\nDachsparrenabstand: bis max. 950 mm<br \/>\nT\u00dcV und GS gepr\u00fcft<\/p>\n<p><strong>Produkt:<\/strong><br \/>\nBreite: max. 950 mm<br \/>\nTiefe: 210 mm<br \/>\nH\u00f6he: 1000 mm<br \/>\nGewicht: ca. 6,5 kg (netto)[\/vc_column_text][\/vc_tta_section][vc_tta_section title=&#8221;Lieferumfang&#8221; tab_id=&#8221;1501069821456-9840597a-47cd&#8221;][vc_column_text]1x Megasat Dachsparrenhalter Profi-Line<br \/>\n1x Montagezubeh\u00f6r (exkl. Schraubensatz f\u00fcr den Dachsparren)<br \/>\n[\/vc_column_text][\/vc_tta_section][\/vc_tta_tabs][vc_separator style=&#8221;dotted&#8221; border_width=&#8221;2&#8243;][\/vc_column][\/vc_row]<\/p>\n<\/div>","protected":false},"excerpt":{"rendered":"<p>Die ideale L\u00f6sung f\u00fcr eine Montage auf dem Dach<\/p>\n","protected":false},"featured_media":2194,"template":"","meta":[],"product_cat":[63,65],"product_tag":[],"class_list":{"0":"post-2193","1":"product","2":"type-product","3":"status-publish","4":"has-post-thumbnail","6":"product_cat-montagezubehoer","7":"product_cat-dachsparrenhalter","8":"product_shipping_class-gls-ab-m","9":"product_brand-megasat","11":"first","12":"instock","13":"shipping-taxable","14":"purchasable","15":"product-type-simple"},"yoast_head":"<!-- This site is optimized with the Yoast SEO plugin v23.8 - https:\/\/yoast.com\/wordpress\/plugins\/seo\/ -->\n<title>Megasat Dachsparrenhalter Profi-Line &#8211; FILMA-V<\/title>\n<meta name=\"description\" content=\"Megasat Dachsparrenhalter Profi-Line f\u00fcr Satelliten-Spiegel mit einem Durchmesser bis max. 100 cm.\" \/>\n<meta name=\"robots\" content=\"index, follow, max-snippet:-1, max-image-preview:large, max-video-preview:-1\" \/>\n<link rel=\"canonical\" href=\"https:\/\/filma-v.de\/?product=megasat-dachsparrenhalter-profi-line\" \/>\n<meta property=\"og:locale\" content=\"de_DE\" \/>\n<meta property=\"og:type\" content=\"article\" \/>\n<meta property=\"og:title\" content=\"Megasat Dachsparrenhalter Profi-Line &#8211; FILMA-V\" \/>\n<meta property=\"og:description\" content=\"Megasat Dachsparrenhalter Profi-Line f\u00fcr Satelliten-Spiegel mit einem Durchmesser bis max. 100 cm.\" \/>\n<meta property=\"og:url\" content=\"https:\/\/filma-v.de\/?product=megasat-dachsparrenhalter-profi-line\" \/>\n<meta property=\"og:site_name\" content=\"FILMA-V\" \/>\n<meta property=\"article:modified_time\" content=\"2024-12-13T14:47:52+00:00\" \/>\n<meta property=\"og:image\" content=\"https:\/\/filma-v.de\/wp-content\/uploads\/2017\/07\/Montage-Set-1.jpg\" \/>\n\t<meta property=\"og:image:width\" content=\"1500\" \/>\n\t<meta property=\"og:image:height\" content=\"1500\" \/>\n\t<meta property=\"og:image:type\" content=\"image\/jpeg\" \/>\n<meta name=\"twitter:card\" content=\"summary_large_image\" \/>\n<meta name=\"twitter:label1\" content=\"Gesch\u00e4tzte Lesezeit\" \/>\n\t<meta name=\"twitter:data1\" content=\"1\u00a0Minute\" \/>\n<script type=\"application\/ld+json\" class=\"yoast-schema-graph\">{\"@context\":\"https:\/\/schema.org\",\"@graph\":[{\"@type\":\"WebPage\",\"@id\":\"https:\/\/filma-v.de\/?product=megasat-dachsparrenhalter-profi-line\",\"url\":\"https:\/\/filma-v.de\/?product=megasat-dachsparrenhalter-profi-line\",\"name\":\"Megasat Dachsparrenhalter Profi-Line &#8211; FILMA-V\",\"isPartOf\":{\"@id\":\"https:\/\/filma-v.de\/#website\"},\"primaryImageOfPage\":{\"@id\":\"https:\/\/filma-v.de\/?product=megasat-dachsparrenhalter-profi-line#primaryimage\"},\"image\":{\"@id\":\"https:\/\/filma-v.de\/?product=megasat-dachsparrenhalter-profi-line#primaryimage\"},\"thumbnailUrl\":\"https:\/\/filma-v.de\/wp-content\/uploads\/2017\/07\/Montage-Set-1.jpg\",\"datePublished\":\"2017-07-26T11:54:54+00:00\",\"dateModified\":\"2024-12-13T14:47:52+00:00\",\"description\":\"Megasat Dachsparrenhalter Profi-Line f\u00fcr Satelliten-Spiegel mit einem Durchmesser bis max. 100 cm.\",\"breadcrumb\":{\"@id\":\"https:\/\/filma-v.de\/?product=megasat-dachsparrenhalter-profi-line#breadcrumb\"},\"inLanguage\":\"de\",\"potentialAction\":[{\"@type\":\"ReadAction\",\"target\":[\"https:\/\/filma-v.de\/?product=megasat-dachsparrenhalter-profi-line\"]}]},{\"@type\":\"ImageObject\",\"inLanguage\":\"de\",\"@id\":\"https:\/\/filma-v.de\/?product=megasat-dachsparrenhalter-profi-line#primaryimage\",\"url\":\"https:\/\/filma-v.de\/wp-content\/uploads\/2017\/07\/Montage-Set-1.jpg\",\"contentUrl\":\"https:\/\/filma-v.de\/wp-content\/uploads\/2017\/07\/Montage-Set-1.jpg\",\"width\":1500,\"height\":1500,\"caption\":\"Dachsparrenhalter Profi-Line\"},{\"@type\":\"BreadcrumbList\",\"@id\":\"https:\/\/filma-v.de\/?product=megasat-dachsparrenhalter-profi-line#breadcrumb\",\"itemListElement\":[{\"@type\":\"ListItem\",\"position\":1,\"name\":\"Startseite\",\"item\":\"https:\/\/filma-v.de\/\"},{\"@type\":\"ListItem\",\"position\":2,\"name\":\"SHOP\",\"item\":\"https:\/\/filma-v.de\/?page_id=5\"},{\"@type\":\"ListItem\",\"position\":3,\"name\":\"Megasat Dachsparrenhalter Profi-Line\"}]},{\"@type\":\"WebSite\",\"@id\":\"https:\/\/filma-v.de\/#website\",\"url\":\"https:\/\/filma-v.de\/\",\"name\":\"FILMA-V\",\"description\":\"Sat, Kabel, Dreambox, Humax, Topfield, Dreambox, VU+, Kathrein, lnb, Sat-Erotik, PayTV, Anlagen, Sch\u00fcsseln, Satfinder &amp; Pay-TV, Outdoor M\u00f6bel\",\"potentialAction\":[{\"@type\":\"SearchAction\",\"target\":{\"@type\":\"EntryPoint\",\"urlTemplate\":\"https:\/\/filma-v.de\/?s={search_term_string}\"},\"query-input\":{\"@type\":\"PropertyValueSpecification\",\"valueRequired\":true,\"valueName\":\"search_term_string\"}}],\"inLanguage\":\"de\"}]}<\/script>\n<!-- \/ Yoast SEO plugin. -->","yoast_head_json":{"title":"Megasat Dachsparrenhalter Profi-Line &#8211; FILMA-V","description":"Megasat Dachsparrenhalter Profi-Line f\u00fcr Satelliten-Spiegel mit einem Durchmesser bis max. 100 cm.","robots":{"index":"index","follow":"follow","max-snippet":"max-snippet:-1","max-image-preview":"max-image-preview:large","max-video-preview":"max-video-preview:-1"},"canonical":"https:\/\/filma-v.de\/?product=megasat-dachsparrenhalter-profi-line","og_locale":"de_DE","og_type":"article","og_title":"Megasat Dachsparrenhalter Profi-Line &#8211; FILMA-V","og_description":"Megasat Dachsparrenhalter Profi-Line f\u00fcr Satelliten-Spiegel mit einem Durchmesser bis max. 100 cm.","og_url":"https:\/\/filma-v.de\/?product=megasat-dachsparrenhalter-profi-line","og_site_name":"FILMA-V","article_modified_time":"2024-12-13T14:47:52+00:00","og_image":[{"width":1500,"height":1500,"url":"https:\/\/filma-v.de\/wp-content\/uploads\/2017\/07\/Montage-Set-1.jpg","type":"image\/jpeg"}],"twitter_card":"summary_large_image","twitter_misc":{"Gesch\u00e4tzte Lesezeit":"1\u00a0Minute"},"schema":{"@context":"https:\/\/schema.org","@graph":[{"@type":"WebPage","@id":"https:\/\/filma-v.de\/?product=megasat-dachsparrenhalter-profi-line","url":"https:\/\/filma-v.de\/?product=megasat-dachsparrenhalter-profi-line","name":"Megasat Dachsparrenhalter Profi-Line &#8211; FILMA-V","isPartOf":{"@id":"https:\/\/filma-v.de\/#website"},"primaryImageOfPage":{"@id":"https:\/\/filma-v.de\/?product=megasat-dachsparrenhalter-profi-line#primaryimage"},"image":{"@id":"https:\/\/filma-v.de\/?product=megasat-dachsparrenhalter-profi-line#primaryimage"},"thumbnailUrl":"https:\/\/filma-v.de\/wp-content\/uploads\/2017\/07\/Montage-Set-1.jpg","datePublished":"2017-07-26T11:54:54+00:00","dateModified":"2024-12-13T14:47:52+00:00","description":"Megasat Dachsparrenhalter Profi-Line f\u00fcr Satelliten-Spiegel mit einem Durchmesser bis max. 100 cm.","breadcrumb":{"@id":"https:\/\/filma-v.de\/?product=megasat-dachsparrenhalter-profi-line#breadcrumb"},"inLanguage":"de","potentialAction":[{"@type":"ReadAction","target":["https:\/\/filma-v.de\/?product=megasat-dachsparrenhalter-profi-line"]}]},{"@type":"ImageObject","inLanguage":"de","@id":"https:\/\/filma-v.de\/?product=megasat-dachsparrenhalter-profi-line#primaryimage","url":"https:\/\/filma-v.de\/wp-content\/uploads\/2017\/07\/Montage-Set-1.jpg","contentUrl":"https:\/\/filma-v.de\/wp-content\/uploads\/2017\/07\/Montage-Set-1.jpg","width":1500,"height":1500,"caption":"Dachsparrenhalter Profi-Line"},{"@type":"BreadcrumbList","@id":"https:\/\/filma-v.de\/?product=megasat-dachsparrenhalter-profi-line#breadcrumb","itemListElement":[{"@type":"ListItem","position":1,"name":"Startseite","item":"https:\/\/filma-v.de\/"},{"@type":"ListItem","position":2,"name":"SHOP","item":"https:\/\/filma-v.de\/?page_id=5"},{"@type":"ListItem","position":3,"name":"Megasat Dachsparrenhalter Profi-Line"}]},{"@type":"WebSite","@id":"https:\/\/filma-v.de\/#website","url":"https:\/\/filma-v.de\/","name":"FILMA-V","description":"Sat, Kabel, Dreambox, Humax, Topfield, Dreambox, VU+, Kathrein, lnb, Sat-Erotik, PayTV, Anlagen, Sch\u00fcsseln, Satfinder &amp; Pay-TV, Outdoor M\u00f6bel","potentialAction":[{"@type":"SearchAction","target":{"@type":"EntryPoint","urlTemplate":"https:\/\/filma-v.de\/?s={search_term_string}"},"query-input":{"@type":"PropertyValueSpecification","valueRequired":true,"valueName":"search_term_string"}}],"inLanguage":"de"}]}},"_links":{"self":[{"href":"https:\/\/filma-v.de\/index.php?rest_route=\/wp\/v2\/product\/2193","targetHints":{"allow":["GET"]}}],"collection":[{"href":"https:\/\/filma-v.de\/index.php?rest_route=\/wp\/v2\/product"}],"about":[{"href":"https:\/\/filma-v.de\/index.php?rest_route=\/wp\/v2\/types\/product"}],"wp:featuredmedia":[{"embeddable":true,"href":"https:\/\/filma-v.de\/index.php?rest_route=\/wp\/v2\/media\/2194"}],"wp:attachment":[{"href":"https:\/\/filma-v.de\/index.php?rest_route=%2Fwp%2Fv2%2Fmedia&parent=2193"}],"wp:term":[{"taxonomy":"product_cat","embeddable":true,"href":"https:\/\/filma-v.de\/index.php?rest_route=%2Fwp%2Fv2%2Fproduct_cat&post=2193"},{"taxonomy":"product_tag","embeddable":true,"href":"https:\/\/filma-v.de\/index.php?rest_route=%2Fwp%2Fv2%2Fproduct_tag&post=2193"}],"curies":[{"name":"wp","href":"https:\/\/api.w.org\/{rel}","templated":true}]}}