{"id":2857,"date":"2018-03-16T15:36:01","date_gmt":"2018-03-16T14:36:01","guid":{"rendered":"https:\/\/filma-v.de\/?post_type=product&#038;p=2857"},"modified":"2024-12-13T15:34:29","modified_gmt":"2024-12-13T14:34:29","slug":"humax-usb-w-lan-stick-fuer-den-tivumax-recorder-tivusat","status":"publish","type":"product","link":"https:\/\/filma-v.de\/?product=humax-usb-w-lan-stick-fuer-den-tivumax-recorder-tivusat","title":{"rendered":"Humax USB W-LAN Stick f\u00fcr den Tivumax Recorder Tiv\u00f9sat  -letzter Artikel-"},"content":{"rendered":"<div class=\"wpb-content-wrapper\"><p>[vc_row][vc_column][vc_tta_tabs][vc_tta_section title=&#8221;Technische Daten&#8221; tab_id=&#8221;1464382921179-156eb823-8f817252-e197b15d-cf0f&#8221;][vc_column_text]USB W-LAN Stick<br \/>\nKabelloser 802.11a \/ b \/ g \/ n USB-Adapter<br \/>\nHumax 300Mbps Dual-Band 50HZ USB Wireless-Taste[\/vc_column_text][\/vc_tta_section][vc_tta_section title=&#8221;Produktdetails&#8221; tab_id=&#8221;1464383140502-4eb41e34-4e477252-e197b15d-cf0f&#8221;][vc_column_text]Entwickelt f\u00fcr Humax-kompatible Empf\u00e4nger und Videorekorder<br \/>\nErf\u00fcllt die Standards IEEE 802.11 a \/ b \/ g \/ n<br \/>\nHohe Daten\u00fcbertragungsrate: bis zu 300 Mbit \/ s<br \/>\nKompatibel mit Windows XP \/ Vista \/ 7, MAC OS: 10.4 \/ 10.5 \/ 10.6, Linux: 2.4 \/ 2.6 (TBD)<br \/>\nKompatibel mit USB 2.0 \/ 1.1<br \/>\nHumax USB W-LAN Stick 300Mbps 50Hz Dual-Band[\/vc_column_text][\/vc_tta_section][vc_tta_section title=&#8221;Lieferumfang&#8221; tab_id=&#8221;1521210637792-fc879935-0406&#8243;][vc_column_text]1x USB-W-LAN Stick[\/vc_column_text][\/vc_tta_section][\/vc_tta_tabs][vc_separator style=&#8221;dotted&#8221; border_width=&#8221;2&#8243;][\/vc_column][\/vc_row]<\/p>\n<\/div>","protected":false},"excerpt":{"rendered":"<p>Humax USB W-LAN Stick 300Mbps f\u00fcr den Humax Tivumax Recorder Tiv\u00f9sat<\/p>\n<p>Nur f\u00fcr die Tiv\u00f9sat Plattform in Verbindung mit: Humax Digimax Recorder (Terrestrisch) Humax Recorder (Satellit), DIGIMAX Easy (Terrestrisch).<\/p>\n","protected":false},"featured_media":2858,"template":"","meta":[],"product_cat":[79,83,112,81,109],"product_tag":[],"class_list":{"0":"post-2857","1":"product","2":"type-product","3":"status-publish","4":"has-post-thumbnail","6":"product_cat-receiver","7":"product_cat-satelliten-receiver","8":"product_cat-humax-satelliten-receiver","9":"product_cat-hdtv-receiver","10":"product_cat-humax","11":"product_shipping_class-gls","12":"product_brand-humax","14":"first","15":"instock","16":"shipping-taxable","17":"purchasable","18":"product-type-simple"},"yoast_head":"<!-- This site is optimized with the Yoast SEO plugin v23.8 - https:\/\/yoast.com\/wordpress\/plugins\/seo\/ -->\n<title>Humax USB W-LAN Stick f\u00fcr den Tivumax Recorder Tiv\u00f9sat -letzter Artikel- &#8211; FILMA-V<\/title>\n<meta name=\"description\" content=\"Humax USB W-LAN Stick f\u00fcr den Tivumax Recorder Tiv\u00f9sat filma-v firma ulm tivusat italien\" \/>\n<meta name=\"robots\" content=\"index, follow, max-snippet:-1, max-image-preview:large, max-video-preview:-1\" \/>\n<link rel=\"canonical\" href=\"https:\/\/filma-v.de\/?product=humax-usb-w-lan-stick-fuer-den-tivumax-recorder-tivusat\" \/>\n<meta property=\"og:locale\" content=\"de_DE\" \/>\n<meta property=\"og:type\" content=\"article\" \/>\n<meta property=\"og:title\" content=\"Humax USB W-LAN Stick f\u00fcr den Tivumax Recorder Tiv\u00f9sat -letzter Artikel- &#8211; FILMA-V\" \/>\n<meta property=\"og:description\" content=\"Humax USB W-LAN Stick f\u00fcr den Tivumax Recorder Tiv\u00f9sat filma-v firma ulm tivusat italien\" \/>\n<meta property=\"og:url\" content=\"https:\/\/filma-v.de\/?product=humax-usb-w-lan-stick-fuer-den-tivumax-recorder-tivusat\" \/>\n<meta property=\"og:site_name\" content=\"FILMA-V\" \/>\n<meta property=\"article:modified_time\" content=\"2024-12-13T14:34:29+00:00\" \/>\n<meta property=\"og:image\" content=\"https:\/\/filma-v.de\/wp-content\/uploads\/2018\/03\/Humax-Stick.jpg\" \/>\n\t<meta property=\"og:image:width\" content=\"1372\" \/>\n\t<meta property=\"og:image:height\" content=\"683\" \/>\n\t<meta property=\"og:image:type\" content=\"image\/jpeg\" \/>\n<meta name=\"twitter:card\" content=\"summary_large_image\" \/>\n<meta name=\"twitter:label1\" content=\"Gesch\u00e4tzte Lesezeit\" \/>\n\t<meta name=\"twitter:data1\" content=\"1\u00a0Minute\" \/>\n<script type=\"application\/ld+json\" class=\"yoast-schema-graph\">{\"@context\":\"https:\/\/schema.org\",\"@graph\":[{\"@type\":\"WebPage\",\"@id\":\"https:\/\/filma-v.de\/?product=humax-usb-w-lan-stick-fuer-den-tivumax-recorder-tivusat\",\"url\":\"https:\/\/filma-v.de\/?product=humax-usb-w-lan-stick-fuer-den-tivumax-recorder-tivusat\",\"name\":\"Humax USB W-LAN Stick f\u00fcr den Tivumax Recorder Tiv\u00f9sat -letzter Artikel- &#8211; FILMA-V\",\"isPartOf\":{\"@id\":\"https:\/\/filma-v.de\/#website\"},\"primaryImageOfPage\":{\"@id\":\"https:\/\/filma-v.de\/?product=humax-usb-w-lan-stick-fuer-den-tivumax-recorder-tivusat#primaryimage\"},\"image\":{\"@id\":\"https:\/\/filma-v.de\/?product=humax-usb-w-lan-stick-fuer-den-tivumax-recorder-tivusat#primaryimage\"},\"thumbnailUrl\":\"https:\/\/filma-v.de\/wp-content\/uploads\/2018\/03\/Humax-Stick.jpg\",\"datePublished\":\"2018-03-16T14:36:01+00:00\",\"dateModified\":\"2024-12-13T14:34:29+00:00\",\"description\":\"Humax USB W-LAN Stick f\u00fcr den Tivumax Recorder Tiv\u00f9sat filma-v firma ulm tivusat italien\",\"breadcrumb\":{\"@id\":\"https:\/\/filma-v.de\/?product=humax-usb-w-lan-stick-fuer-den-tivumax-recorder-tivusat#breadcrumb\"},\"inLanguage\":\"de\",\"potentialAction\":[{\"@type\":\"ReadAction\",\"target\":[\"https:\/\/filma-v.de\/?product=humax-usb-w-lan-stick-fuer-den-tivumax-recorder-tivusat\"]}]},{\"@type\":\"ImageObject\",\"inLanguage\":\"de\",\"@id\":\"https:\/\/filma-v.de\/?product=humax-usb-w-lan-stick-fuer-den-tivumax-recorder-tivusat#primaryimage\",\"url\":\"https:\/\/filma-v.de\/wp-content\/uploads\/2018\/03\/Humax-Stick.jpg\",\"contentUrl\":\"https:\/\/filma-v.de\/wp-content\/uploads\/2018\/03\/Humax-Stick.jpg\",\"width\":1372,\"height\":683},{\"@type\":\"BreadcrumbList\",\"@id\":\"https:\/\/filma-v.de\/?product=humax-usb-w-lan-stick-fuer-den-tivumax-recorder-tivusat#breadcrumb\",\"itemListElement\":[{\"@type\":\"ListItem\",\"position\":1,\"name\":\"Startseite\",\"item\":\"https:\/\/filma-v.de\/\"},{\"@type\":\"ListItem\",\"position\":2,\"name\":\"SHOP\",\"item\":\"https:\/\/filma-v.de\/?page_id=5\"},{\"@type\":\"ListItem\",\"position\":3,\"name\":\"Humax USB W-LAN Stick f\u00fcr den Tivumax Recorder Tiv\u00f9sat -letzter Artikel-\"}]},{\"@type\":\"WebSite\",\"@id\":\"https:\/\/filma-v.de\/#website\",\"url\":\"https:\/\/filma-v.de\/\",\"name\":\"FILMA-V\",\"description\":\"Sat, Kabel, Dreambox, Humax, Topfield, Dreambox, VU+, Kathrein, lnb, Sat-Erotik, PayTV, Anlagen, Sch\u00fcsseln, Satfinder &amp; Pay-TV, Outdoor M\u00f6bel\",\"potentialAction\":[{\"@type\":\"SearchAction\",\"target\":{\"@type\":\"EntryPoint\",\"urlTemplate\":\"https:\/\/filma-v.de\/?s={search_term_string}\"},\"query-input\":{\"@type\":\"PropertyValueSpecification\",\"valueRequired\":true,\"valueName\":\"search_term_string\"}}],\"inLanguage\":\"de\"}]}<\/script>\n<!-- \/ Yoast SEO plugin. -->","yoast_head_json":{"title":"Humax USB W-LAN Stick f\u00fcr den Tivumax Recorder Tiv\u00f9sat -letzter Artikel- &#8211; FILMA-V","description":"Humax USB W-LAN Stick f\u00fcr den Tivumax Recorder Tiv\u00f9sat filma-v firma ulm tivusat italien","robots":{"index":"index","follow":"follow","max-snippet":"max-snippet:-1","max-image-preview":"max-image-preview:large","max-video-preview":"max-video-preview:-1"},"canonical":"https:\/\/filma-v.de\/?product=humax-usb-w-lan-stick-fuer-den-tivumax-recorder-tivusat","og_locale":"de_DE","og_type":"article","og_title":"Humax USB W-LAN Stick f\u00fcr den Tivumax Recorder Tiv\u00f9sat -letzter Artikel- &#8211; FILMA-V","og_description":"Humax USB W-LAN Stick f\u00fcr den Tivumax Recorder Tiv\u00f9sat filma-v firma ulm tivusat italien","og_url":"https:\/\/filma-v.de\/?product=humax-usb-w-lan-stick-fuer-den-tivumax-recorder-tivusat","og_site_name":"FILMA-V","article_modified_time":"2024-12-13T14:34:29+00:00","og_image":[{"width":1372,"height":683,"url":"https:\/\/filma-v.de\/wp-content\/uploads\/2018\/03\/Humax-Stick.jpg","type":"image\/jpeg"}],"twitter_card":"summary_large_image","twitter_misc":{"Gesch\u00e4tzte Lesezeit":"1\u00a0Minute"},"schema":{"@context":"https:\/\/schema.org","@graph":[{"@type":"WebPage","@id":"https:\/\/filma-v.de\/?product=humax-usb-w-lan-stick-fuer-den-tivumax-recorder-tivusat","url":"https:\/\/filma-v.de\/?product=humax-usb-w-lan-stick-fuer-den-tivumax-recorder-tivusat","name":"Humax USB W-LAN Stick f\u00fcr den Tivumax Recorder Tiv\u00f9sat -letzter Artikel- &#8211; FILMA-V","isPartOf":{"@id":"https:\/\/filma-v.de\/#website"},"primaryImageOfPage":{"@id":"https:\/\/filma-v.de\/?product=humax-usb-w-lan-stick-fuer-den-tivumax-recorder-tivusat#primaryimage"},"image":{"@id":"https:\/\/filma-v.de\/?product=humax-usb-w-lan-stick-fuer-den-tivumax-recorder-tivusat#primaryimage"},"thumbnailUrl":"https:\/\/filma-v.de\/wp-content\/uploads\/2018\/03\/Humax-Stick.jpg","datePublished":"2018-03-16T14:36:01+00:00","dateModified":"2024-12-13T14:34:29+00:00","description":"Humax USB W-LAN Stick f\u00fcr den Tivumax Recorder Tiv\u00f9sat filma-v firma ulm tivusat italien","breadcrumb":{"@id":"https:\/\/filma-v.de\/?product=humax-usb-w-lan-stick-fuer-den-tivumax-recorder-tivusat#breadcrumb"},"inLanguage":"de","potentialAction":[{"@type":"ReadAction","target":["https:\/\/filma-v.de\/?product=humax-usb-w-lan-stick-fuer-den-tivumax-recorder-tivusat"]}]},{"@type":"ImageObject","inLanguage":"de","@id":"https:\/\/filma-v.de\/?product=humax-usb-w-lan-stick-fuer-den-tivumax-recorder-tivusat#primaryimage","url":"https:\/\/filma-v.de\/wp-content\/uploads\/2018\/03\/Humax-Stick.jpg","contentUrl":"https:\/\/filma-v.de\/wp-content\/uploads\/2018\/03\/Humax-Stick.jpg","width":1372,"height":683},{"@type":"BreadcrumbList","@id":"https:\/\/filma-v.de\/?product=humax-usb-w-lan-stick-fuer-den-tivumax-recorder-tivusat#breadcrumb","itemListElement":[{"@type":"ListItem","position":1,"name":"Startseite","item":"https:\/\/filma-v.de\/"},{"@type":"ListItem","position":2,"name":"SHOP","item":"https:\/\/filma-v.de\/?page_id=5"},{"@type":"ListItem","position":3,"name":"Humax USB W-LAN Stick f\u00fcr den Tivumax Recorder Tiv\u00f9sat -letzter Artikel-"}]},{"@type":"WebSite","@id":"https:\/\/filma-v.de\/#website","url":"https:\/\/filma-v.de\/","name":"FILMA-V","description":"Sat, Kabel, Dreambox, Humax, Topfield, Dreambox, VU+, Kathrein, lnb, Sat-Erotik, PayTV, Anlagen, Sch\u00fcsseln, Satfinder &amp; Pay-TV, Outdoor M\u00f6bel","potentialAction":[{"@type":"SearchAction","target":{"@type":"EntryPoint","urlTemplate":"https:\/\/filma-v.de\/?s={search_term_string}"},"query-input":{"@type":"PropertyValueSpecification","valueRequired":true,"valueName":"search_term_string"}}],"inLanguage":"de"}]}},"_links":{"self":[{"href":"https:\/\/filma-v.de\/index.php?rest_route=\/wp\/v2\/product\/2857","targetHints":{"allow":["GET"]}}],"collection":[{"href":"https:\/\/filma-v.de\/index.php?rest_route=\/wp\/v2\/product"}],"about":[{"href":"https:\/\/filma-v.de\/index.php?rest_route=\/wp\/v2\/types\/product"}],"wp:featuredmedia":[{"embeddable":true,"href":"https:\/\/filma-v.de\/index.php?rest_route=\/wp\/v2\/media\/2858"}],"wp:attachment":[{"href":"https:\/\/filma-v.de\/index.php?rest_route=%2Fwp%2Fv2%2Fmedia&parent=2857"}],"wp:term":[{"taxonomy":"product_cat","embeddable":true,"href":"https:\/\/filma-v.de\/index.php?rest_route=%2Fwp%2Fv2%2Fproduct_cat&post=2857"},{"taxonomy":"product_tag","embeddable":true,"href":"https:\/\/filma-v.de\/index.php?rest_route=%2Fwp%2Fv2%2Fproduct_tag&post=2857"}],"curies":[{"name":"wp","href":"https:\/\/api.w.org\/{rel}","templated":true}]}}