{"id":3059,"date":"2018-10-31T13:21:56","date_gmt":"2018-10-31T12:21:56","guid":{"rendered":"https:\/\/filma-v.de\/?post_type=product&#038;p=3059"},"modified":"2024-12-13T15:14:23","modified_gmt":"2024-12-13T14:14:23","slug":"goobay-5-v-schaltnetzteil-5w-und-1a","status":"publish","type":"product","link":"https:\/\/filma-v.de\/?product=goobay-5-v-schaltnetzteil-5w-und-1a","title":{"rendered":"Goobay 5 V Schaltnetzteil (5W und 1A)"},"content":{"rendered":"<div class=\"wpb-content-wrapper\"><p>[vc_row][vc_column][vc_tta_tabs][vc_tta_section title=&#8221;Beschreibung&#8221; tab_id=&#8221;1464382921179-156eb823-8f817252-e197547d-6ee1&#8243;][vc_column_text]- sorgt f\u00fcr stabilisierten Gleichstrom mit einer Stromst\u00e4rke von 1 A<br \/>\n&#8211; 5,5 mm x 2,1 mm Hohlstecker f\u00fcr den Anschluss g\u00e4ngiger elektrischer Ger\u00e4te<br \/>\n&#8211; bis zu 90% Energieeinsparung im Stand-By-Betrieb<br \/>\n&#8211; Weitbereichseingang von 100 V bis 240 V f\u00fcr den weltweiten Einsatz<br \/>\n&#8211; Sicherungen sch\u00fctzen vor Kurzschluss, \u00dcberlastung und \u00dcberstrom[\/vc_column_text][\/vc_tta_section][vc_tta_section title=&#8221;Technische Daten&#8221; tab_id=&#8221;1464383140502-4eb41e34-4e477252-e197547d-6ee1&#8243;][vc_column_text]<strong>Leistung<\/strong><br \/>\n&#8211; Sicherheitsfunktionen Kurzschluss, \u00dcberlastung, \u00dcberstrom<br \/>\n&#8211; Leistungsaufnahme 5 W<br \/>\n&#8211; Standby-Leistungsaufnahme 0,2 W<\/p>\n<p><strong>Ger\u00e4te-Anschl\u00fcsse<\/strong><br \/>\n&#8211; Ausgang, Spannungsstufen 5 V<br \/>\n&#8211; Spannungsstabilisierung ja<br \/>\n&#8211; Eingang, Spannungsbereich 100 &#8211; 240 (AC) V<br \/>\n&#8211; Eingang, Typ Eurostecker (Typ C, CEE 7\/16)<br \/>\n&#8211; Ausgang, max. Stromst\u00e4rke 1 A<br \/>\n&#8211; Ausgang, Typ DC-Stecker (5,50 x 2,10 mm)[\/vc_column_text][\/vc_tta_section][vc_tta_section title=&#8221;Lieferumfang&#8221; tab_id=&#8221;1540988224496-4c0e3557-432d&#8221;][vc_column_text]1 x Schaltnetzteil 5V[\/vc_column_text][\/vc_tta_section][\/vc_tta_tabs][vc_separator style=&#8221;dotted&#8221; border_width=&#8221;2&#8243;][\/vc_column][\/vc_row]<\/p>\n<\/div>","protected":false},"excerpt":{"rendered":"<p>max. 1000 mA<\/p>\n","protected":false},"featured_media":3060,"template":"","meta":[],"product_cat":[158,83],"product_tag":[],"class_list":{"0":"post-3059","1":"product","2":"type-product","3":"status-publish","4":"has-post-thumbnail","6":"product_cat-stecker-und-leisten","7":"product_cat-satelliten-receiver","8":"product_shipping_class-gls","9":"product_brand-goobay","11":"first","12":"instock","13":"shipping-taxable","14":"purchasable","15":"product-type-simple"},"yoast_head":"<!-- This site is optimized with the Yoast SEO plugin v23.8 - https:\/\/yoast.com\/wordpress\/plugins\/seo\/ -->\n<title>Goobay 5 V Schaltnetzteil (5W und 1A) &#8211; FILMA-V<\/title>\n<meta name=\"description\" content=\"Goobay 5 V Schaltnetzteil (5W und 1A) ulm filma firma stecker laden ladeger\u00e4t\" \/>\n<meta name=\"robots\" content=\"index, follow, max-snippet:-1, max-image-preview:large, max-video-preview:-1\" \/>\n<link rel=\"canonical\" href=\"https:\/\/filma-v.de\/?product=goobay-5-v-schaltnetzteil-5w-und-1a\" \/>\n<meta property=\"og:locale\" content=\"de_DE\" \/>\n<meta property=\"og:type\" content=\"article\" \/>\n<meta property=\"og:title\" content=\"Goobay 5 V Schaltnetzteil (5W und 1A) &#8211; FILMA-V\" \/>\n<meta property=\"og:description\" content=\"Goobay 5 V Schaltnetzteil (5W und 1A) ulm filma firma stecker laden ladeger\u00e4t\" \/>\n<meta property=\"og:url\" content=\"https:\/\/filma-v.de\/?product=goobay-5-v-schaltnetzteil-5w-und-1a\" \/>\n<meta property=\"og:site_name\" content=\"FILMA-V\" \/>\n<meta property=\"article:modified_time\" content=\"2024-12-13T14:14:23+00:00\" \/>\n<meta property=\"og:image\" content=\"https:\/\/filma-v.de\/wp-content\/uploads\/2018\/10\/2018-10-31_132023.jpg\" \/>\n\t<meta property=\"og:image:width\" content=\"872\" \/>\n\t<meta property=\"og:image:height\" content=\"675\" \/>\n\t<meta property=\"og:image:type\" content=\"image\/jpeg\" \/>\n<meta name=\"twitter:card\" content=\"summary_large_image\" \/>\n<meta name=\"twitter:label1\" content=\"Gesch\u00e4tzte Lesezeit\" \/>\n\t<meta name=\"twitter:data1\" content=\"1\u00a0Minute\" \/>\n<script type=\"application\/ld+json\" class=\"yoast-schema-graph\">{\"@context\":\"https:\/\/schema.org\",\"@graph\":[{\"@type\":\"WebPage\",\"@id\":\"https:\/\/filma-v.de\/?product=goobay-5-v-schaltnetzteil-5w-und-1a\",\"url\":\"https:\/\/filma-v.de\/?product=goobay-5-v-schaltnetzteil-5w-und-1a\",\"name\":\"Goobay 5 V Schaltnetzteil (5W und 1A) &#8211; FILMA-V\",\"isPartOf\":{\"@id\":\"https:\/\/filma-v.de\/#website\"},\"primaryImageOfPage\":{\"@id\":\"https:\/\/filma-v.de\/?product=goobay-5-v-schaltnetzteil-5w-und-1a#primaryimage\"},\"image\":{\"@id\":\"https:\/\/filma-v.de\/?product=goobay-5-v-schaltnetzteil-5w-und-1a#primaryimage\"},\"thumbnailUrl\":\"https:\/\/filma-v.de\/wp-content\/uploads\/2018\/10\/2018-10-31_132023.jpg\",\"datePublished\":\"2018-10-31T12:21:56+00:00\",\"dateModified\":\"2024-12-13T14:14:23+00:00\",\"description\":\"Goobay 5 V Schaltnetzteil (5W und 1A) ulm filma firma stecker laden ladeger\u00e4t\",\"breadcrumb\":{\"@id\":\"https:\/\/filma-v.de\/?product=goobay-5-v-schaltnetzteil-5w-und-1a#breadcrumb\"},\"inLanguage\":\"de\",\"potentialAction\":[{\"@type\":\"ReadAction\",\"target\":[\"https:\/\/filma-v.de\/?product=goobay-5-v-schaltnetzteil-5w-und-1a\"]}]},{\"@type\":\"ImageObject\",\"inLanguage\":\"de\",\"@id\":\"https:\/\/filma-v.de\/?product=goobay-5-v-schaltnetzteil-5w-und-1a#primaryimage\",\"url\":\"https:\/\/filma-v.de\/wp-content\/uploads\/2018\/10\/2018-10-31_132023.jpg\",\"contentUrl\":\"https:\/\/filma-v.de\/wp-content\/uploads\/2018\/10\/2018-10-31_132023.jpg\",\"width\":872,\"height\":675},{\"@type\":\"BreadcrumbList\",\"@id\":\"https:\/\/filma-v.de\/?product=goobay-5-v-schaltnetzteil-5w-und-1a#breadcrumb\",\"itemListElement\":[{\"@type\":\"ListItem\",\"position\":1,\"name\":\"Startseite\",\"item\":\"https:\/\/filma-v.de\/\"},{\"@type\":\"ListItem\",\"position\":2,\"name\":\"SHOP\",\"item\":\"https:\/\/filma-v.de\/?page_id=5\"},{\"@type\":\"ListItem\",\"position\":3,\"name\":\"Goobay 5 V Schaltnetzteil (5W und 1A)\"}]},{\"@type\":\"WebSite\",\"@id\":\"https:\/\/filma-v.de\/#website\",\"url\":\"https:\/\/filma-v.de\/\",\"name\":\"FILMA-V\",\"description\":\"Sat, Kabel, Dreambox, Humax, Topfield, Dreambox, VU+, Kathrein, lnb, Sat-Erotik, PayTV, Anlagen, Sch\u00fcsseln, Satfinder &amp; Pay-TV, Outdoor M\u00f6bel\",\"potentialAction\":[{\"@type\":\"SearchAction\",\"target\":{\"@type\":\"EntryPoint\",\"urlTemplate\":\"https:\/\/filma-v.de\/?s={search_term_string}\"},\"query-input\":{\"@type\":\"PropertyValueSpecification\",\"valueRequired\":true,\"valueName\":\"search_term_string\"}}],\"inLanguage\":\"de\"}]}<\/script>\n<!-- \/ Yoast SEO plugin. -->","yoast_head_json":{"title":"Goobay 5 V Schaltnetzteil (5W und 1A) &#8211; FILMA-V","description":"Goobay 5 V Schaltnetzteil (5W und 1A) ulm filma firma stecker laden ladeger\u00e4t","robots":{"index":"index","follow":"follow","max-snippet":"max-snippet:-1","max-image-preview":"max-image-preview:large","max-video-preview":"max-video-preview:-1"},"canonical":"https:\/\/filma-v.de\/?product=goobay-5-v-schaltnetzteil-5w-und-1a","og_locale":"de_DE","og_type":"article","og_title":"Goobay 5 V Schaltnetzteil (5W und 1A) &#8211; FILMA-V","og_description":"Goobay 5 V Schaltnetzteil (5W und 1A) ulm filma firma stecker laden ladeger\u00e4t","og_url":"https:\/\/filma-v.de\/?product=goobay-5-v-schaltnetzteil-5w-und-1a","og_site_name":"FILMA-V","article_modified_time":"2024-12-13T14:14:23+00:00","og_image":[{"width":872,"height":675,"url":"https:\/\/filma-v.de\/wp-content\/uploads\/2018\/10\/2018-10-31_132023.jpg","type":"image\/jpeg"}],"twitter_card":"summary_large_image","twitter_misc":{"Gesch\u00e4tzte Lesezeit":"1\u00a0Minute"},"schema":{"@context":"https:\/\/schema.org","@graph":[{"@type":"WebPage","@id":"https:\/\/filma-v.de\/?product=goobay-5-v-schaltnetzteil-5w-und-1a","url":"https:\/\/filma-v.de\/?product=goobay-5-v-schaltnetzteil-5w-und-1a","name":"Goobay 5 V Schaltnetzteil (5W und 1A) &#8211; FILMA-V","isPartOf":{"@id":"https:\/\/filma-v.de\/#website"},"primaryImageOfPage":{"@id":"https:\/\/filma-v.de\/?product=goobay-5-v-schaltnetzteil-5w-und-1a#primaryimage"},"image":{"@id":"https:\/\/filma-v.de\/?product=goobay-5-v-schaltnetzteil-5w-und-1a#primaryimage"},"thumbnailUrl":"https:\/\/filma-v.de\/wp-content\/uploads\/2018\/10\/2018-10-31_132023.jpg","datePublished":"2018-10-31T12:21:56+00:00","dateModified":"2024-12-13T14:14:23+00:00","description":"Goobay 5 V Schaltnetzteil (5W und 1A) ulm filma firma stecker laden ladeger\u00e4t","breadcrumb":{"@id":"https:\/\/filma-v.de\/?product=goobay-5-v-schaltnetzteil-5w-und-1a#breadcrumb"},"inLanguage":"de","potentialAction":[{"@type":"ReadAction","target":["https:\/\/filma-v.de\/?product=goobay-5-v-schaltnetzteil-5w-und-1a"]}]},{"@type":"ImageObject","inLanguage":"de","@id":"https:\/\/filma-v.de\/?product=goobay-5-v-schaltnetzteil-5w-und-1a#primaryimage","url":"https:\/\/filma-v.de\/wp-content\/uploads\/2018\/10\/2018-10-31_132023.jpg","contentUrl":"https:\/\/filma-v.de\/wp-content\/uploads\/2018\/10\/2018-10-31_132023.jpg","width":872,"height":675},{"@type":"BreadcrumbList","@id":"https:\/\/filma-v.de\/?product=goobay-5-v-schaltnetzteil-5w-und-1a#breadcrumb","itemListElement":[{"@type":"ListItem","position":1,"name":"Startseite","item":"https:\/\/filma-v.de\/"},{"@type":"ListItem","position":2,"name":"SHOP","item":"https:\/\/filma-v.de\/?page_id=5"},{"@type":"ListItem","position":3,"name":"Goobay 5 V Schaltnetzteil (5W und 1A)"}]},{"@type":"WebSite","@id":"https:\/\/filma-v.de\/#website","url":"https:\/\/filma-v.de\/","name":"FILMA-V","description":"Sat, Kabel, Dreambox, Humax, Topfield, Dreambox, VU+, Kathrein, lnb, Sat-Erotik, PayTV, Anlagen, Sch\u00fcsseln, Satfinder &amp; Pay-TV, Outdoor M\u00f6bel","potentialAction":[{"@type":"SearchAction","target":{"@type":"EntryPoint","urlTemplate":"https:\/\/filma-v.de\/?s={search_term_string}"},"query-input":{"@type":"PropertyValueSpecification","valueRequired":true,"valueName":"search_term_string"}}],"inLanguage":"de"}]}},"_links":{"self":[{"href":"https:\/\/filma-v.de\/index.php?rest_route=\/wp\/v2\/product\/3059","targetHints":{"allow":["GET"]}}],"collection":[{"href":"https:\/\/filma-v.de\/index.php?rest_route=\/wp\/v2\/product"}],"about":[{"href":"https:\/\/filma-v.de\/index.php?rest_route=\/wp\/v2\/types\/product"}],"wp:featuredmedia":[{"embeddable":true,"href":"https:\/\/filma-v.de\/index.php?rest_route=\/wp\/v2\/media\/3060"}],"wp:attachment":[{"href":"https:\/\/filma-v.de\/index.php?rest_route=%2Fwp%2Fv2%2Fmedia&parent=3059"}],"wp:term":[{"taxonomy":"product_cat","embeddable":true,"href":"https:\/\/filma-v.de\/index.php?rest_route=%2Fwp%2Fv2%2Fproduct_cat&post=3059"},{"taxonomy":"product_tag","embeddable":true,"href":"https:\/\/filma-v.de\/index.php?rest_route=%2Fwp%2Fv2%2Fproduct_tag&post=3059"}],"curies":[{"name":"wp","href":"https:\/\/api.w.org\/{rel}","templated":true}]}}