{"id":3187,"date":"2019-03-14T12:02:40","date_gmt":"2019-03-14T11:02:40","guid":{"rendered":"https:\/\/filma-v.de\/?post_type=product&#038;p=3187"},"modified":"2024-12-12T15:11:12","modified_gmt":"2024-12-12T14:11:12","slug":"megasat-octo-diavolo-lnb","status":"publish","type":"product","link":"https:\/\/filma-v.de\/?product=megasat-octo-diavolo-lnb","title":{"rendered":"Megasat Octo Diavolo LNB"},"content":{"rendered":"<div class=\"wpb-content-wrapper\"><p>[vc_row][vc_column][vc_tta_tabs][vc_tta_section title=&#8221;Technische Daten&#8221; tab_id=&#8221;1464382921179-156eb823-8f817252-e1973bc2-a252&#8243;][vc_column_text]Ein LNB in zuverl\u00e4ssiger Profi-Qualit\u00e4t f\u00fcr gestochen scharfes Fernsehvergn\u00fcgen. Die Megasat Diavolo Serie zeichnet sich durch eine extreme Witterungsbest\u00e4ndigkeit aus. Egal ob eisige K\u00e4lte oder gro\u00dfe Hitze \u2013 eine reibungslose Funktion ist garantiert.<\/p>\n<p>Die vergoldeten F-Anschl\u00fcsse sorgen f\u00fcr eine bessere Leitf\u00e4higkeit der Signale und das geringe Rauschma\u00df von nur 0,1 dB gew\u00e4hrleistet beste Bild- und Tonqualit\u00e4t.[\/vc_column_text][\/vc_tta_section][vc_tta_section title=&#8221;Beschreibung&#8221; tab_id=&#8221;1464383140502-4eb41e34-4e477252-e1973bc2-a252&#8243;][vc_column_text]Geeignet f\u00fcr 8 Teilnehmer<br \/>\n60 dB Verst\u00e4rkung<br \/>\nIntegrierter LTE Filter<br \/>\nEingangsfrequenz: 10.7 \u2013 12.75 GHz<br \/>\nExzellentes Rauschma\u00df von 0.1 dB<br \/>\nFeeddurchmesser: 40 mm<br \/>\nExtrem hitze- und k\u00e4ltebest\u00e4ndig<br \/>\nGeringer Stromverbrauch<br \/>\nLanglebige Elektronik<br \/>\nVergoldete Anschl\u00fcsse<br \/>\nWetterschutz f\u00fcr F-Stecker<\/p>\n<p><strong>Anschl\u00fcsse<\/strong><br \/>\n8x F-Anschluss[\/vc_column_text][\/vc_tta_section][vc_tta_section title=&#8221;Produktinfo &#8221; tab_id=&#8221;1552564357605-2508ae65-033d&#8221;][vc_column_text]L\u00e4nge: 130 mm<br \/>\nBreite: 115 mm<br \/>\nH\u00f6he: 60 mm[\/vc_column_text][\/vc_tta_section][vc_tta_section title=&#8221;Lieferumfang&#8221; tab_id=&#8221;1552564405788-41a04cf7-ceb8&#8243;][vc_column_text]1x Octo LNB Diavolo[\/vc_column_text][\/vc_tta_section][\/vc_tta_tabs][vc_separator style=&#8221;dotted&#8221; border_width=&#8221;2&#8243;][\/vc_column][\/vc_row]<\/p>\n<\/div>","protected":false},"excerpt":{"rendered":"<p>Der Octo LNB ist f\u00fcr den Empfang von einem Satelliten und zum Anschluss an acht Receiver geeignet.<\/p>\n","protected":false},"featured_media":3189,"template":"","meta":[],"product_cat":[71,77],"product_tag":[],"class_list":{"0":"post-3187","1":"product","2":"type-product","3":"status-publish","4":"has-post-thumbnail","6":"product_cat-lnbs","7":"product_cat-octo-lnb","8":"product_brand-megasat","10":"first","11":"instock","12":"shipping-taxable","13":"purchasable","14":"product-type-simple"},"yoast_head":"<!-- This site is optimized with the Yoast SEO plugin v23.8 - https:\/\/yoast.com\/wordpress\/plugins\/seo\/ -->\n<title>Megasat Octo Diavolo LNB &#8211; FILMA-V<\/title>\n<meta name=\"description\" content=\"Megasat Octo Diavolo LNB filma ulm firma\" \/>\n<meta name=\"robots\" content=\"index, follow, max-snippet:-1, max-image-preview:large, max-video-preview:-1\" \/>\n<link rel=\"canonical\" href=\"https:\/\/filma-v.de\/?product=megasat-octo-diavolo-lnb\" \/>\n<meta property=\"og:locale\" content=\"de_DE\" \/>\n<meta property=\"og:type\" content=\"article\" \/>\n<meta property=\"og:title\" content=\"Megasat Octo Diavolo LNB &#8211; FILMA-V\" \/>\n<meta property=\"og:description\" content=\"Megasat Octo Diavolo LNB filma ulm firma\" \/>\n<meta property=\"og:url\" content=\"https:\/\/filma-v.de\/?product=megasat-octo-diavolo-lnb\" \/>\n<meta property=\"og:site_name\" content=\"FILMA-V\" \/>\n<meta property=\"article:modified_time\" content=\"2024-12-12T14:11:12+00:00\" \/>\n<meta property=\"og:image\" content=\"https:\/\/filma-v.de\/wp-content\/uploads\/2019\/03\/Megasat-Octo-Diavolo-LNB.jpg\" \/>\n\t<meta property=\"og:image:width\" content=\"803\" \/>\n\t<meta property=\"og:image:height\" content=\"708\" \/>\n\t<meta property=\"og:image:type\" content=\"image\/jpeg\" \/>\n<meta name=\"twitter:card\" content=\"summary_large_image\" \/>\n<meta name=\"twitter:label1\" content=\"Gesch\u00e4tzte Lesezeit\" \/>\n\t<meta name=\"twitter:data1\" content=\"1\u00a0Minute\" \/>\n<script type=\"application\/ld+json\" class=\"yoast-schema-graph\">{\"@context\":\"https:\/\/schema.org\",\"@graph\":[{\"@type\":\"WebPage\",\"@id\":\"https:\/\/filma-v.de\/?product=megasat-octo-diavolo-lnb\",\"url\":\"https:\/\/filma-v.de\/?product=megasat-octo-diavolo-lnb\",\"name\":\"Megasat Octo Diavolo LNB &#8211; FILMA-V\",\"isPartOf\":{\"@id\":\"https:\/\/filma-v.de\/#website\"},\"primaryImageOfPage\":{\"@id\":\"https:\/\/filma-v.de\/?product=megasat-octo-diavolo-lnb#primaryimage\"},\"image\":{\"@id\":\"https:\/\/filma-v.de\/?product=megasat-octo-diavolo-lnb#primaryimage\"},\"thumbnailUrl\":\"https:\/\/filma-v.de\/wp-content\/uploads\/2019\/03\/Megasat-Octo-Diavolo-LNB.jpg\",\"datePublished\":\"2019-03-14T11:02:40+00:00\",\"dateModified\":\"2024-12-12T14:11:12+00:00\",\"description\":\"Megasat Octo Diavolo LNB filma ulm firma\",\"breadcrumb\":{\"@id\":\"https:\/\/filma-v.de\/?product=megasat-octo-diavolo-lnb#breadcrumb\"},\"inLanguage\":\"de\",\"potentialAction\":[{\"@type\":\"ReadAction\",\"target\":[\"https:\/\/filma-v.de\/?product=megasat-octo-diavolo-lnb\"]}]},{\"@type\":\"ImageObject\",\"inLanguage\":\"de\",\"@id\":\"https:\/\/filma-v.de\/?product=megasat-octo-diavolo-lnb#primaryimage\",\"url\":\"https:\/\/filma-v.de\/wp-content\/uploads\/2019\/03\/Megasat-Octo-Diavolo-LNB.jpg\",\"contentUrl\":\"https:\/\/filma-v.de\/wp-content\/uploads\/2019\/03\/Megasat-Octo-Diavolo-LNB.jpg\",\"width\":803,\"height\":708},{\"@type\":\"BreadcrumbList\",\"@id\":\"https:\/\/filma-v.de\/?product=megasat-octo-diavolo-lnb#breadcrumb\",\"itemListElement\":[{\"@type\":\"ListItem\",\"position\":1,\"name\":\"Startseite\",\"item\":\"https:\/\/filma-v.de\/\"},{\"@type\":\"ListItem\",\"position\":2,\"name\":\"SHOP\",\"item\":\"https:\/\/filma-v.de\/?page_id=5\"},{\"@type\":\"ListItem\",\"position\":3,\"name\":\"Megasat Octo Diavolo LNB\"}]},{\"@type\":\"WebSite\",\"@id\":\"https:\/\/filma-v.de\/#website\",\"url\":\"https:\/\/filma-v.de\/\",\"name\":\"FILMA-V\",\"description\":\"Sat, Kabel, Dreambox, Humax, Topfield, Dreambox, VU+, Kathrein, lnb, Sat-Erotik, PayTV, Anlagen, Sch\u00fcsseln, Satfinder &amp; Pay-TV, Outdoor M\u00f6bel\",\"potentialAction\":[{\"@type\":\"SearchAction\",\"target\":{\"@type\":\"EntryPoint\",\"urlTemplate\":\"https:\/\/filma-v.de\/?s={search_term_string}\"},\"query-input\":{\"@type\":\"PropertyValueSpecification\",\"valueRequired\":true,\"valueName\":\"search_term_string\"}}],\"inLanguage\":\"de\"}]}<\/script>\n<!-- \/ Yoast SEO plugin. -->","yoast_head_json":{"title":"Megasat Octo Diavolo LNB &#8211; FILMA-V","description":"Megasat Octo Diavolo LNB filma ulm firma","robots":{"index":"index","follow":"follow","max-snippet":"max-snippet:-1","max-image-preview":"max-image-preview:large","max-video-preview":"max-video-preview:-1"},"canonical":"https:\/\/filma-v.de\/?product=megasat-octo-diavolo-lnb","og_locale":"de_DE","og_type":"article","og_title":"Megasat Octo Diavolo LNB &#8211; FILMA-V","og_description":"Megasat Octo Diavolo LNB filma ulm firma","og_url":"https:\/\/filma-v.de\/?product=megasat-octo-diavolo-lnb","og_site_name":"FILMA-V","article_modified_time":"2024-12-12T14:11:12+00:00","og_image":[{"width":803,"height":708,"url":"https:\/\/filma-v.de\/wp-content\/uploads\/2019\/03\/Megasat-Octo-Diavolo-LNB.jpg","type":"image\/jpeg"}],"twitter_card":"summary_large_image","twitter_misc":{"Gesch\u00e4tzte Lesezeit":"1\u00a0Minute"},"schema":{"@context":"https:\/\/schema.org","@graph":[{"@type":"WebPage","@id":"https:\/\/filma-v.de\/?product=megasat-octo-diavolo-lnb","url":"https:\/\/filma-v.de\/?product=megasat-octo-diavolo-lnb","name":"Megasat Octo Diavolo LNB &#8211; FILMA-V","isPartOf":{"@id":"https:\/\/filma-v.de\/#website"},"primaryImageOfPage":{"@id":"https:\/\/filma-v.de\/?product=megasat-octo-diavolo-lnb#primaryimage"},"image":{"@id":"https:\/\/filma-v.de\/?product=megasat-octo-diavolo-lnb#primaryimage"},"thumbnailUrl":"https:\/\/filma-v.de\/wp-content\/uploads\/2019\/03\/Megasat-Octo-Diavolo-LNB.jpg","datePublished":"2019-03-14T11:02:40+00:00","dateModified":"2024-12-12T14:11:12+00:00","description":"Megasat Octo Diavolo LNB filma ulm firma","breadcrumb":{"@id":"https:\/\/filma-v.de\/?product=megasat-octo-diavolo-lnb#breadcrumb"},"inLanguage":"de","potentialAction":[{"@type":"ReadAction","target":["https:\/\/filma-v.de\/?product=megasat-octo-diavolo-lnb"]}]},{"@type":"ImageObject","inLanguage":"de","@id":"https:\/\/filma-v.de\/?product=megasat-octo-diavolo-lnb#primaryimage","url":"https:\/\/filma-v.de\/wp-content\/uploads\/2019\/03\/Megasat-Octo-Diavolo-LNB.jpg","contentUrl":"https:\/\/filma-v.de\/wp-content\/uploads\/2019\/03\/Megasat-Octo-Diavolo-LNB.jpg","width":803,"height":708},{"@type":"BreadcrumbList","@id":"https:\/\/filma-v.de\/?product=megasat-octo-diavolo-lnb#breadcrumb","itemListElement":[{"@type":"ListItem","position":1,"name":"Startseite","item":"https:\/\/filma-v.de\/"},{"@type":"ListItem","position":2,"name":"SHOP","item":"https:\/\/filma-v.de\/?page_id=5"},{"@type":"ListItem","position":3,"name":"Megasat Octo Diavolo LNB"}]},{"@type":"WebSite","@id":"https:\/\/filma-v.de\/#website","url":"https:\/\/filma-v.de\/","name":"FILMA-V","description":"Sat, Kabel, Dreambox, Humax, Topfield, Dreambox, VU+, Kathrein, lnb, Sat-Erotik, PayTV, Anlagen, Sch\u00fcsseln, Satfinder &amp; Pay-TV, Outdoor M\u00f6bel","potentialAction":[{"@type":"SearchAction","target":{"@type":"EntryPoint","urlTemplate":"https:\/\/filma-v.de\/?s={search_term_string}"},"query-input":{"@type":"PropertyValueSpecification","valueRequired":true,"valueName":"search_term_string"}}],"inLanguage":"de"}]}},"_links":{"self":[{"href":"https:\/\/filma-v.de\/index.php?rest_route=\/wp\/v2\/product\/3187","targetHints":{"allow":["GET"]}}],"collection":[{"href":"https:\/\/filma-v.de\/index.php?rest_route=\/wp\/v2\/product"}],"about":[{"href":"https:\/\/filma-v.de\/index.php?rest_route=\/wp\/v2\/types\/product"}],"wp:featuredmedia":[{"embeddable":true,"href":"https:\/\/filma-v.de\/index.php?rest_route=\/wp\/v2\/media\/3189"}],"wp:attachment":[{"href":"https:\/\/filma-v.de\/index.php?rest_route=%2Fwp%2Fv2%2Fmedia&parent=3187"}],"wp:term":[{"taxonomy":"product_cat","embeddable":true,"href":"https:\/\/filma-v.de\/index.php?rest_route=%2Fwp%2Fv2%2Fproduct_cat&post=3187"},{"taxonomy":"product_tag","embeddable":true,"href":"https:\/\/filma-v.de\/index.php?rest_route=%2Fwp%2Fv2%2Fproduct_tag&post=3187"}],"curies":[{"name":"wp","href":"https:\/\/api.w.org\/{rel}","templated":true}]}}