{"id":319,"date":"2017-02-21T13:58:06","date_gmt":"2017-02-21T12:58:06","guid":{"rendered":"http:\/\/cipciop.de\/?post_type=product&#038;p=319"},"modified":"2024-12-13T16:55:04","modified_gmt":"2024-12-13T15:55:04","slug":"reiseadapter-set-4-teilig-fuer-geraete-mit-euro-stecker","status":"publish","type":"product","link":"https:\/\/filma-v.de\/?product=reiseadapter-set-4-teilig-fuer-geraete-mit-euro-stecker","title":{"rendered":"Reiseadapter-Set; 4-teilig f\u00fcr Ger\u00e4te mit Euro-Stecker"},"content":{"rendered":"<div class=\"wpb-content-wrapper\"><p>[vc_row][vc_column][vc_row_inner][vc_column_inner][vc_column_text]Dieser Adapter konvertiert keine Netzspannung!<\/p>\n<p>Bitte stellen Sie vor Verwendung sicher, dass Ihr Ger\u00e4t zum Anschluss an das Netz geeignet ist.[\/vc_column_text][\/vc_column_inner][\/vc_row_inner][vc_tta_tabs][vc_tta_section title=&#8221;Artikelbeschreibung&#8221; tab_id=&#8221;1464382921179-156eb823-8f811f9e-a2dd1f92-022db56d-1767&#8243;][vc_column_text]Nutzbar in folgenden L\u00e4ndern<\/p>\n<p>&#8211; S\u00fcdeuropa-Adapter<br \/>\nz.B. f\u00fcr Italien, Spanien, Griechenland<br \/>\n.<br \/>\n-Amerika-Adapter<br \/>\nz.B. f\u00fcr USA, Kanada, Mittel- und S\u00fcdamerika, Korea,<br \/>\nJapan<br \/>\n.<br \/>\n&#8211; Fernreise-Adapter<br \/>\nz.B. f\u00fcr L\u00e4nder der britischen Commonwealth, Afrika,<br \/>\nCeylon, Hongkong, Malaysia<br \/>\n.<br \/>\n&#8211; England-Adapter<br \/>\nz.B. f\u00fcr England, Schottland, Wales, Irland [\/vc_column_text][\/vc_tta_section][vc_tta_section title=&#8221;Lieferumfang&#8221; tab_id=&#8221;1464383140502-4eb41e34-4e471f9e-a2dd1f92-022db56d-1767&#8243;][vc_column_text]1 x Reiseadapter-Set[\/vc_column_text][\/vc_tta_section][\/vc_tta_tabs][vc_separator style=&#8221;dotted&#8221; border_width=&#8221;2&#8243;][\/vc_column][\/vc_row]<\/p>\n<\/div>","protected":false},"excerpt":{"rendered":"<p>[vc_row][vc_column][vc_row_inner][vc_column_inner][vc_column_text]Dieser Adapter konvertiert keine Netzspannung! Bitte stellen Sie vor Verwendung sicher, dass Ihr Ger\u00e4t zum Anschluss an das Netz geeignet ist.[\/vc_column_text][\/vc_column_inner][\/vc_row_inner][vc_tta_tabs][vc_tta_section title=&#8221;Artikelbeschreibung&#8221; tab_id=&#8221;1464382921179-156eb823-8f811f9e-a2dd1f92-022db56d-1767&#8243;][vc_column_text]Nutzbar in folgenden L\u00e4ndern &#8211; S\u00fcdeuropa-Adapter z.B. f\u00fcr Italien, Spanien,<a class=\"moretag\" href=\"https:\/\/filma-v.de\/?product=reiseadapter-set-4-teilig-fuer-geraete-mit-euro-stecker\">Weiterlesen&#8230;<\/a><\/p>\n","protected":false},"featured_media":1446,"template":"","meta":[],"product_cat":[158],"product_tag":[],"class_list":{"0":"post-319","1":"product","2":"type-product","3":"status-publish","4":"has-post-thumbnail","6":"product_cat-stecker-und-leisten","7":"product_shipping_class-gls","9":"first","10":"instock","11":"shipping-taxable","12":"purchasable","13":"product-type-simple"},"yoast_head":"<!-- This site is optimized with the Yoast SEO plugin v23.8 - https:\/\/yoast.com\/wordpress\/plugins\/seo\/ -->\n<title>Reiseadapter-Set; 4-teilig f\u00fcr Ger\u00e4te mit Euro-Stecker &#8211; FILMA-V<\/title>\n<meta name=\"robots\" content=\"index, follow, max-snippet:-1, max-image-preview:large, max-video-preview:-1\" \/>\n<link rel=\"canonical\" href=\"https:\/\/filma-v.de\/?product=reiseadapter-set-4-teilig-fuer-geraete-mit-euro-stecker\" \/>\n<meta property=\"og:locale\" content=\"de_DE\" \/>\n<meta property=\"og:type\" content=\"article\" \/>\n<meta property=\"og:title\" content=\"Reiseadapter-Set; 4-teilig f\u00fcr Ger\u00e4te mit Euro-Stecker &#8211; FILMA-V\" \/>\n<meta property=\"og:description\" content=\"[vc_row][vc_column][vc_row_inner][vc_column_inner][vc_column_text]Dieser Adapter konvertiert keine Netzspannung! Bitte stellen Sie vor Verwendung sicher, dass Ihr Ger\u00e4t zum Anschluss an das Netz geeignet ist.[\/vc_column_text][\/vc_column_inner][\/vc_row_inner][vc_tta_tabs][vc_tta_section title=&#8221;Artikelbeschreibung&#8221; tab_id=&#8221;1464382921179-156eb823-8f811f9e-a2dd1f92-022db56d-1767&#8243;][vc_column_text]Nutzbar in folgenden L\u00e4ndern &#8211; S\u00fcdeuropa-Adapter z.B. f\u00fcr Italien, Spanien,Weiterlesen...\" \/>\n<meta property=\"og:url\" content=\"https:\/\/filma-v.de\/?product=reiseadapter-set-4-teilig-fuer-geraete-mit-euro-stecker\" \/>\n<meta property=\"og:site_name\" content=\"FILMA-V\" \/>\n<meta property=\"article:modified_time\" content=\"2024-12-13T15:55:04+00:00\" \/>\n<meta property=\"og:image\" content=\"https:\/\/filma-v.de\/wp-content\/uploads\/2017\/02\/Reiseadapter-Set.jpg\" \/>\n\t<meta property=\"og:image:width\" content=\"1500\" \/>\n\t<meta property=\"og:image:height\" content=\"1500\" \/>\n\t<meta property=\"og:image:type\" content=\"image\/jpeg\" \/>\n<meta name=\"twitter:card\" content=\"summary_large_image\" \/>\n<meta name=\"twitter:label1\" content=\"Gesch\u00e4tzte Lesezeit\" \/>\n\t<meta name=\"twitter:data1\" content=\"1\u00a0Minute\" \/>\n<script type=\"application\/ld+json\" class=\"yoast-schema-graph\">{\"@context\":\"https:\/\/schema.org\",\"@graph\":[{\"@type\":\"WebPage\",\"@id\":\"https:\/\/filma-v.de\/?product=reiseadapter-set-4-teilig-fuer-geraete-mit-euro-stecker\",\"url\":\"https:\/\/filma-v.de\/?product=reiseadapter-set-4-teilig-fuer-geraete-mit-euro-stecker\",\"name\":\"Reiseadapter-Set; 4-teilig f\u00fcr Ger\u00e4te mit Euro-Stecker &#8211; FILMA-V\",\"isPartOf\":{\"@id\":\"https:\/\/filma-v.de\/#website\"},\"primaryImageOfPage\":{\"@id\":\"https:\/\/filma-v.de\/?product=reiseadapter-set-4-teilig-fuer-geraete-mit-euro-stecker#primaryimage\"},\"image\":{\"@id\":\"https:\/\/filma-v.de\/?product=reiseadapter-set-4-teilig-fuer-geraete-mit-euro-stecker#primaryimage\"},\"thumbnailUrl\":\"https:\/\/filma-v.de\/wp-content\/uploads\/2017\/02\/Reiseadapter-Set.jpg\",\"datePublished\":\"2017-02-21T12:58:06+00:00\",\"dateModified\":\"2024-12-13T15:55:04+00:00\",\"breadcrumb\":{\"@id\":\"https:\/\/filma-v.de\/?product=reiseadapter-set-4-teilig-fuer-geraete-mit-euro-stecker#breadcrumb\"},\"inLanguage\":\"de\",\"potentialAction\":[{\"@type\":\"ReadAction\",\"target\":[\"https:\/\/filma-v.de\/?product=reiseadapter-set-4-teilig-fuer-geraete-mit-euro-stecker\"]}]},{\"@type\":\"ImageObject\",\"inLanguage\":\"de\",\"@id\":\"https:\/\/filma-v.de\/?product=reiseadapter-set-4-teilig-fuer-geraete-mit-euro-stecker#primaryimage\",\"url\":\"https:\/\/filma-v.de\/wp-content\/uploads\/2017\/02\/Reiseadapter-Set.jpg\",\"contentUrl\":\"https:\/\/filma-v.de\/wp-content\/uploads\/2017\/02\/Reiseadapter-Set.jpg\",\"width\":1500,\"height\":1500,\"caption\":\"Reiseadapter-Set\"},{\"@type\":\"BreadcrumbList\",\"@id\":\"https:\/\/filma-v.de\/?product=reiseadapter-set-4-teilig-fuer-geraete-mit-euro-stecker#breadcrumb\",\"itemListElement\":[{\"@type\":\"ListItem\",\"position\":1,\"name\":\"Startseite\",\"item\":\"https:\/\/filma-v.de\/\"},{\"@type\":\"ListItem\",\"position\":2,\"name\":\"SHOP\",\"item\":\"https:\/\/filma-v.de\/?page_id=5\"},{\"@type\":\"ListItem\",\"position\":3,\"name\":\"Reiseadapter-Set; 4-teilig f\u00fcr Ger\u00e4te mit Euro-Stecker\"}]},{\"@type\":\"WebSite\",\"@id\":\"https:\/\/filma-v.de\/#website\",\"url\":\"https:\/\/filma-v.de\/\",\"name\":\"FILMA-V\",\"description\":\"Sat, Kabel, Dreambox, Humax, Topfield, Dreambox, VU+, Kathrein, lnb, Sat-Erotik, PayTV, Anlagen, Sch\u00fcsseln, Satfinder &amp; Pay-TV, Outdoor M\u00f6bel\",\"potentialAction\":[{\"@type\":\"SearchAction\",\"target\":{\"@type\":\"EntryPoint\",\"urlTemplate\":\"https:\/\/filma-v.de\/?s={search_term_string}\"},\"query-input\":{\"@type\":\"PropertyValueSpecification\",\"valueRequired\":true,\"valueName\":\"search_term_string\"}}],\"inLanguage\":\"de\"}]}<\/script>\n<!-- \/ Yoast SEO plugin. -->","yoast_head_json":{"title":"Reiseadapter-Set; 4-teilig f\u00fcr Ger\u00e4te mit Euro-Stecker &#8211; FILMA-V","robots":{"index":"index","follow":"follow","max-snippet":"max-snippet:-1","max-image-preview":"max-image-preview:large","max-video-preview":"max-video-preview:-1"},"canonical":"https:\/\/filma-v.de\/?product=reiseadapter-set-4-teilig-fuer-geraete-mit-euro-stecker","og_locale":"de_DE","og_type":"article","og_title":"Reiseadapter-Set; 4-teilig f\u00fcr Ger\u00e4te mit Euro-Stecker &#8211; FILMA-V","og_description":"[vc_row][vc_column][vc_row_inner][vc_column_inner][vc_column_text]Dieser Adapter konvertiert keine Netzspannung! Bitte stellen Sie vor Verwendung sicher, dass Ihr Ger\u00e4t zum Anschluss an das Netz geeignet ist.[\/vc_column_text][\/vc_column_inner][\/vc_row_inner][vc_tta_tabs][vc_tta_section title=&#8221;Artikelbeschreibung&#8221; tab_id=&#8221;1464382921179-156eb823-8f811f9e-a2dd1f92-022db56d-1767&#8243;][vc_column_text]Nutzbar in folgenden L\u00e4ndern &#8211; S\u00fcdeuropa-Adapter z.B. f\u00fcr Italien, Spanien,Weiterlesen...","og_url":"https:\/\/filma-v.de\/?product=reiseadapter-set-4-teilig-fuer-geraete-mit-euro-stecker","og_site_name":"FILMA-V","article_modified_time":"2024-12-13T15:55:04+00:00","og_image":[{"width":1500,"height":1500,"url":"https:\/\/filma-v.de\/wp-content\/uploads\/2017\/02\/Reiseadapter-Set.jpg","type":"image\/jpeg"}],"twitter_card":"summary_large_image","twitter_misc":{"Gesch\u00e4tzte Lesezeit":"1\u00a0Minute"},"schema":{"@context":"https:\/\/schema.org","@graph":[{"@type":"WebPage","@id":"https:\/\/filma-v.de\/?product=reiseadapter-set-4-teilig-fuer-geraete-mit-euro-stecker","url":"https:\/\/filma-v.de\/?product=reiseadapter-set-4-teilig-fuer-geraete-mit-euro-stecker","name":"Reiseadapter-Set; 4-teilig f\u00fcr Ger\u00e4te mit Euro-Stecker &#8211; FILMA-V","isPartOf":{"@id":"https:\/\/filma-v.de\/#website"},"primaryImageOfPage":{"@id":"https:\/\/filma-v.de\/?product=reiseadapter-set-4-teilig-fuer-geraete-mit-euro-stecker#primaryimage"},"image":{"@id":"https:\/\/filma-v.de\/?product=reiseadapter-set-4-teilig-fuer-geraete-mit-euro-stecker#primaryimage"},"thumbnailUrl":"https:\/\/filma-v.de\/wp-content\/uploads\/2017\/02\/Reiseadapter-Set.jpg","datePublished":"2017-02-21T12:58:06+00:00","dateModified":"2024-12-13T15:55:04+00:00","breadcrumb":{"@id":"https:\/\/filma-v.de\/?product=reiseadapter-set-4-teilig-fuer-geraete-mit-euro-stecker#breadcrumb"},"inLanguage":"de","potentialAction":[{"@type":"ReadAction","target":["https:\/\/filma-v.de\/?product=reiseadapter-set-4-teilig-fuer-geraete-mit-euro-stecker"]}]},{"@type":"ImageObject","inLanguage":"de","@id":"https:\/\/filma-v.de\/?product=reiseadapter-set-4-teilig-fuer-geraete-mit-euro-stecker#primaryimage","url":"https:\/\/filma-v.de\/wp-content\/uploads\/2017\/02\/Reiseadapter-Set.jpg","contentUrl":"https:\/\/filma-v.de\/wp-content\/uploads\/2017\/02\/Reiseadapter-Set.jpg","width":1500,"height":1500,"caption":"Reiseadapter-Set"},{"@type":"BreadcrumbList","@id":"https:\/\/filma-v.de\/?product=reiseadapter-set-4-teilig-fuer-geraete-mit-euro-stecker#breadcrumb","itemListElement":[{"@type":"ListItem","position":1,"name":"Startseite","item":"https:\/\/filma-v.de\/"},{"@type":"ListItem","position":2,"name":"SHOP","item":"https:\/\/filma-v.de\/?page_id=5"},{"@type":"ListItem","position":3,"name":"Reiseadapter-Set; 4-teilig f\u00fcr Ger\u00e4te mit Euro-Stecker"}]},{"@type":"WebSite","@id":"https:\/\/filma-v.de\/#website","url":"https:\/\/filma-v.de\/","name":"FILMA-V","description":"Sat, Kabel, Dreambox, Humax, Topfield, Dreambox, VU+, Kathrein, lnb, Sat-Erotik, PayTV, Anlagen, Sch\u00fcsseln, Satfinder &amp; Pay-TV, Outdoor M\u00f6bel","potentialAction":[{"@type":"SearchAction","target":{"@type":"EntryPoint","urlTemplate":"https:\/\/filma-v.de\/?s={search_term_string}"},"query-input":{"@type":"PropertyValueSpecification","valueRequired":true,"valueName":"search_term_string"}}],"inLanguage":"de"}]}},"_links":{"self":[{"href":"https:\/\/filma-v.de\/index.php?rest_route=\/wp\/v2\/product\/319","targetHints":{"allow":["GET"]}}],"collection":[{"href":"https:\/\/filma-v.de\/index.php?rest_route=\/wp\/v2\/product"}],"about":[{"href":"https:\/\/filma-v.de\/index.php?rest_route=\/wp\/v2\/types\/product"}],"wp:featuredmedia":[{"embeddable":true,"href":"https:\/\/filma-v.de\/index.php?rest_route=\/wp\/v2\/media\/1446"}],"wp:attachment":[{"href":"https:\/\/filma-v.de\/index.php?rest_route=%2Fwp%2Fv2%2Fmedia&parent=319"}],"wp:term":[{"taxonomy":"product_cat","embeddable":true,"href":"https:\/\/filma-v.de\/index.php?rest_route=%2Fwp%2Fv2%2Fproduct_cat&post=319"},{"taxonomy":"product_tag","embeddable":true,"href":"https:\/\/filma-v.de\/index.php?rest_route=%2Fwp%2Fv2%2Fproduct_tag&post=319"}],"curies":[{"name":"wp","href":"https:\/\/api.w.org\/{rel}","templated":true}]}}