{"id":3255,"date":"2019-05-14T14:40:00","date_gmt":"2019-05-14T12:40:00","guid":{"rendered":"https:\/\/filma-v.de\/?post_type=product&#038;p=3255"},"modified":"2024-12-12T14:51:00","modified_gmt":"2024-12-12T13:51:00","slug":"liegestuhl-weiss","status":"publish","type":"product","link":"https:\/\/filma-v.de\/?product=liegestuhl-weiss","title":{"rendered":"Liegestuhl WEISS ohne Armlehnen"},"content":{"rendered":"<div class=\"wpb-content-wrapper\"><p>[vc_row][vc_column][vc_column_text]Aus nahtlosem eloxiertem Aluminium Typ SS32<\/p>\n<p>Der Rahmen des Liegestuhles sieht in seiner allgemeinen Struktur solide aber gut aus und ist besonders geeignet f\u00fcr das Meer, Schwimmb\u00e4der und Hotels.<\/p>\n<p>Die Liege ist so konzipiert, dass auch bei einer maximalen Anstrengung alle seine Teile standhaft sind.<\/p>\n<p>Seine Komponenten sind aus Edelstahl Typ AISI 316 Chrom-Nickel-Molybd\u00e4n, die vor allem in Werften, chemischen Pharmaindustrie, Fotografie, Ofen-Teile, W\u00e4rmetauscher, Orthop\u00e4die und der Chirurgie verwendet werden.<\/p>\n<p>Edelstahl AISI 316 ist in der Atmosph\u00e4re und in einer Vielzahl von Salzen, ausgezeichnet f\u00fcr Meeresgew\u00e4sser. Genauso kann die Liege im Schnee aufgestellt werden.[\/vc_column_text][vc_tta_tabs][vc_tta_section title=&#8221;Technische Daten&#8221; tab_id=&#8221;1464383140502-4eb41e34-4e471f9e-a2ddd6f1-ee7b2716-32a6ba8c-780ccee7-5682c03e-7e9b&#8221;][vc_column_text]\u2022Rahmen besteht aus einem mit speziellen Profilen in Aluminium nach unserem Konzept hergestellt, prim\u00e4re Legierung Uni 3569, der physikalische Zustand ist TA16, mit der H\u00e4rte von 70\/80 Brinell<br \/>\n\u2022 Die Art des Eloxieren sorgt f\u00fcr ein Aussehen wie Satin (glatte Oberfl\u00e4che), mit der H\u00e4rte von 20 microms<br \/>\n\u2022 Nieten, Schrauben, Muttern, Unterlegscheiben aus Edelstahl AISI 316<br \/>\n\u2022 Nahtlos mit Schutz[\/vc_column_text][\/vc_tta_section][vc_tta_section title=&#8221;Ma\u00dfe&#8221; tab_id=&#8221;1487439469282-a0e7be35-742b2716-32a6ba8c-780ccee7-5682c03e-7e9b&#8221;][vc_column_text]Mit Armlehne:<br \/>\nGewicht: 6,5 kg<\/p>\n<p><strong>Ma\u00dfe des Liegestuhls (geschlossen):<\/strong><br \/>\nH\u00f6he: 140 cm | Breite: 70 cm | Tiefe: 6 cm<\/p>\n<p><strong>Ma\u00dfe des Liegestuhls (ge\u00f6ffnet):<\/strong><br \/>\nH\u00f6he 86 cm \/ 96 cm \/ 105 cm je nach Neigungsgrad<br \/>\nBreite 63 cm<br \/>\nTiefe 103 cm \/ 110 cm je nach Neigungsgrad[\/vc_column_text][\/vc_tta_section][vc_tta_section title=&#8221;Gewebe&#8221; tab_id=&#8221;1487439549123-48a5c692-031d2716-32a6ba8c-780ccee7-5682c03e-7e9b&#8221;][vc_row_inner][vc_column_inner width=&#8221;1\/3&#8243;][vc_custom_heading text=&#8221;Milestone Medium&#8221; font_container=&#8221;tag:h4|text_align:left&#8221; use_theme_fonts=&#8221;yes&#8221;][vc_column_text]Die Gewebe der Linie Milestone sind entwickelt worden, um den UVA-Strahlen und anderen atmosph\u00e4rischen Verbindungen zu widerstehen. Dies geschieht dank einer speziellen Formel. Die Line Milestone ist seit fast 50 Jahren die Ikone am italienischen Strand und hat mit Stil Millionen von Sonnenliegen am Meer Farbe verliehen.[\/vc_column_text][\/vc_column_inner][vc_column_inner width=&#8221;1\/3&#8243;][vc_icon icon_fontawesome=&#8221;fa fa-info-circle&#8221; color=&#8221;custom&#8221; size=&#8221;lg&#8221; align=&#8221;right&#8221; custom_color=&#8221;#334161&#8243;][\/vc_column_inner][vc_column_inner width=&#8221;1\/3&#8243;][vc_column_text css=&#8221;.vc_custom_1487440207221{padding-bottom: -10px !important;}&#8221;]\u2022 Webdichte: 14.20 F\u00e4den \/ cm<br \/>\n\u2022 Stoffgewicht: 870 gr \/ qm<br \/>\n\u2022 Bruchlast: 450 kg \/ 5 cm<br \/>\n\u2022 Dicke: 1,80 mm<br \/>\n\u2022 Polyvinyl: 71%<br \/>\n\u2022 Polyester: 29%[\/vc_column_text][\/vc_column_inner][\/vc_row_inner][\/vc_tta_section][vc_tta_section title=&#8221;Firmenpreise&#8221; tab_id=&#8221;1464382921302-1d55021d-3ef01f9e-a2ddd6f1-ee7b2716-32a6ba8c-780ccee7-5682c03e-7e9b&#8221;][vc_column_text]G\u00fcnstige Staffelpreise f\u00fcr Firmen und Unternehmen: bei gr\u00f6\u00dferen Bestellmengen k\u00f6nnen Sie bis zu 30% sparen!<\/p>\n<p>Senden Sie uns einfach Ihre <a href=\"m&#x61;&#x69;l&#x74;&#x6f;:&#x69;&#x6e;f&#111;&#x40;f&#105;&#x6c;m&#97;&#x2d;v&#46;&#x64;e\">Anfrage Sdraio<\/a>.[\/vc_column_text][\/vc_tta_section][vc_tta_section title=&#8221;Pflege&#8221; tab_id=&#8221;1487440250379-fd762a2a-d06f2716-32a6ba8c-780ccee7-5682c03e-7e9b&#8221;][vc_column_text]Waschen Sie den Stoff mit Wasser und milder Seife.<br \/>\nVerwenden Sie kein Wasser das hei\u00dfer als 40 \u00b0C ist.<\/p>\n<p>Reinigen Sie mindestens einmal im Jahr den Rahmen mit einem Tuch gesalbt mit Vaseline und Edelstahl-Produkte f\u00fcr die Reinigung von Metall.[\/vc_column_text][\/vc_tta_section][\/vc_tta_tabs][vc_separator style=&#8221;dotted&#8221; border_width=&#8221;2&#8243;][vc_row_inner][vc_column_inner width=&#8221;2\/3&#8243;][vc_column_text]Bei uns erhalten Sie ein Qualit\u00e4tsprodukt, welches sonst nirgends zu finden ist.<br \/>\n<strong>Der Hersteller gibt eine Garantie von 10 Jahren.<\/strong><br \/>\nDie Kunststoffverbindungen wurden patentiert. Das Produkt ist nicht zu vergleichen mit anderen sich auf dem Markt befindlichen Regiest\u00fchlen.[\/vc_column_text][\/vc_column_inner][vc_column_inner width=&#8221;1\/3&#8243;][vc_cta h2=&#8221;FILMA-V OUTDOOR&#8221; txt_align=&#8221;center&#8221; style=&#8221;outline&#8221; color=&#8221;black&#8221; add_button=&#8221;bottom&#8221; btn_title=&#8221;Mehr Info&#8217;s gibt es hier.&#8221; btn_style=&#8221;outline&#8221; btn_color=&#8221;black&#8221; btn_align=&#8221;center&#8221; btn_link=&#8221;url:http%3A%2F%2Fwww.filma-v-outdoor.de||target:%20_blank|&#8221;][\/vc_cta][\/vc_column_inner][\/vc_row_inner][vc_separator style=&#8221;dotted&#8221; border_width=&#8221;2&#8243;][\/vc_column][\/vc_row]<\/p>\n<\/div>","protected":false},"excerpt":{"rendered":"<div>\n<p>Liegestuhl in WEISS, der Stil und die Qualit\u00e4t \u201cMade in Italy\u201d<\/p>\n<p><strong>OHNE ARMLEHNE\u00a0\u00a0 Abbildung \u00e4hnlich!<br \/>\n<\/strong><\/p>\n<p><strong>Preis inkl. Versandkosten! (Gilt nur bei Versand innerhalb Deutschlands!)<\/strong><\/p>\n<p><strong>Kein Versand per Nachnahme!<\/strong><\/p>\n<p>Firma Nanni nun auch in Deutschland pr\u00e4sent durch: Filma-V<\/p>\n<\/div>\n","protected":false},"featured_media":3256,"template":"","meta":[],"product_cat":[48,51],"product_tag":[],"class_list":{"0":"post-3255","1":"product","2":"type-product","3":"status-publish","4":"has-post-thumbnail","6":"product_cat-garten-und-terrassenmoebel","7":"product_cat-liegestuhl","8":"product_shipping_class-gls","9":"product_brand-nanni-sald","11":"first","12":"instock","13":"shipping-taxable","14":"purchasable","15":"product-type-simple"},"yoast_head":"<!-- This site is optimized with the Yoast SEO plugin v23.8 - https:\/\/yoast.com\/wordpress\/plugins\/seo\/ -->\n<title>Liegestuhl WEISS ohne Armlehnen &#8211; FILMA-V<\/title>\n<meta name=\"description\" content=\"Liegestuhl WEISS filma firma ulm sdraio nanni italy strand garten\" \/>\n<meta name=\"robots\" content=\"index, follow, max-snippet:-1, max-image-preview:large, max-video-preview:-1\" \/>\n<link rel=\"canonical\" href=\"https:\/\/filma-v.de\/?product=liegestuhl-weiss\" \/>\n<meta property=\"og:locale\" content=\"de_DE\" \/>\n<meta property=\"og:type\" content=\"article\" \/>\n<meta property=\"og:title\" content=\"Liegestuhl WEISS ohne Armlehnen &#8211; FILMA-V\" \/>\n<meta property=\"og:description\" content=\"Liegestuhl WEISS filma firma ulm sdraio nanni italy strand garten\" \/>\n<meta property=\"og:url\" content=\"https:\/\/filma-v.de\/?product=liegestuhl-weiss\" \/>\n<meta property=\"og:site_name\" content=\"FILMA-V\" \/>\n<meta property=\"article:modified_time\" content=\"2024-12-12T13:51:00+00:00\" \/>\n<meta property=\"og:image\" content=\"https:\/\/filma-v.de\/wp-content\/uploads\/2019\/05\/2019-05-14_143245.jpg\" \/>\n\t<meta property=\"og:image:width\" content=\"574\" \/>\n\t<meta property=\"og:image:height\" content=\"703\" \/>\n\t<meta property=\"og:image:type\" content=\"image\/jpeg\" \/>\n<meta name=\"twitter:card\" content=\"summary_large_image\" \/>\n<meta name=\"twitter:label1\" content=\"Gesch\u00e4tzte Lesezeit\" \/>\n\t<meta name=\"twitter:data1\" content=\"3\u00a0Minuten\" \/>\n<script type=\"application\/ld+json\" class=\"yoast-schema-graph\">{\"@context\":\"https:\/\/schema.org\",\"@graph\":[{\"@type\":\"WebPage\",\"@id\":\"https:\/\/filma-v.de\/?product=liegestuhl-weiss\",\"url\":\"https:\/\/filma-v.de\/?product=liegestuhl-weiss\",\"name\":\"Liegestuhl WEISS ohne Armlehnen &#8211; FILMA-V\",\"isPartOf\":{\"@id\":\"https:\/\/filma-v.de\/#website\"},\"primaryImageOfPage\":{\"@id\":\"https:\/\/filma-v.de\/?product=liegestuhl-weiss#primaryimage\"},\"image\":{\"@id\":\"https:\/\/filma-v.de\/?product=liegestuhl-weiss#primaryimage\"},\"thumbnailUrl\":\"https:\/\/filma-v.de\/wp-content\/uploads\/2019\/05\/2019-05-14_143245.jpg\",\"datePublished\":\"2019-05-14T12:40:00+00:00\",\"dateModified\":\"2024-12-12T13:51:00+00:00\",\"description\":\"Liegestuhl WEISS filma firma ulm sdraio nanni italy strand garten\",\"breadcrumb\":{\"@id\":\"https:\/\/filma-v.de\/?product=liegestuhl-weiss#breadcrumb\"},\"inLanguage\":\"de\",\"potentialAction\":[{\"@type\":\"ReadAction\",\"target\":[\"https:\/\/filma-v.de\/?product=liegestuhl-weiss\"]}]},{\"@type\":\"ImageObject\",\"inLanguage\":\"de\",\"@id\":\"https:\/\/filma-v.de\/?product=liegestuhl-weiss#primaryimage\",\"url\":\"https:\/\/filma-v.de\/wp-content\/uploads\/2019\/05\/2019-05-14_143245.jpg\",\"contentUrl\":\"https:\/\/filma-v.de\/wp-content\/uploads\/2019\/05\/2019-05-14_143245.jpg\",\"width\":574,\"height\":703},{\"@type\":\"BreadcrumbList\",\"@id\":\"https:\/\/filma-v.de\/?product=liegestuhl-weiss#breadcrumb\",\"itemListElement\":[{\"@type\":\"ListItem\",\"position\":1,\"name\":\"Startseite\",\"item\":\"https:\/\/filma-v.de\/\"},{\"@type\":\"ListItem\",\"position\":2,\"name\":\"SHOP\",\"item\":\"https:\/\/filma-v.de\/?page_id=5\"},{\"@type\":\"ListItem\",\"position\":3,\"name\":\"Liegestuhl WEISS ohne Armlehnen\"}]},{\"@type\":\"WebSite\",\"@id\":\"https:\/\/filma-v.de\/#website\",\"url\":\"https:\/\/filma-v.de\/\",\"name\":\"FILMA-V\",\"description\":\"Sat, Kabel, Dreambox, Humax, Topfield, Dreambox, VU+, Kathrein, lnb, Sat-Erotik, PayTV, Anlagen, Sch\u00fcsseln, Satfinder &amp; Pay-TV, Outdoor M\u00f6bel\",\"potentialAction\":[{\"@type\":\"SearchAction\",\"target\":{\"@type\":\"EntryPoint\",\"urlTemplate\":\"https:\/\/filma-v.de\/?s={search_term_string}\"},\"query-input\":{\"@type\":\"PropertyValueSpecification\",\"valueRequired\":true,\"valueName\":\"search_term_string\"}}],\"inLanguage\":\"de\"}]}<\/script>\n<!-- \/ Yoast SEO plugin. -->","yoast_head_json":{"title":"Liegestuhl WEISS ohne Armlehnen &#8211; FILMA-V","description":"Liegestuhl WEISS filma firma ulm sdraio nanni italy strand garten","robots":{"index":"index","follow":"follow","max-snippet":"max-snippet:-1","max-image-preview":"max-image-preview:large","max-video-preview":"max-video-preview:-1"},"canonical":"https:\/\/filma-v.de\/?product=liegestuhl-weiss","og_locale":"de_DE","og_type":"article","og_title":"Liegestuhl WEISS ohne Armlehnen &#8211; FILMA-V","og_description":"Liegestuhl WEISS filma firma ulm sdraio nanni italy strand garten","og_url":"https:\/\/filma-v.de\/?product=liegestuhl-weiss","og_site_name":"FILMA-V","article_modified_time":"2024-12-12T13:51:00+00:00","og_image":[{"width":574,"height":703,"url":"https:\/\/filma-v.de\/wp-content\/uploads\/2019\/05\/2019-05-14_143245.jpg","type":"image\/jpeg"}],"twitter_card":"summary_large_image","twitter_misc":{"Gesch\u00e4tzte Lesezeit":"3\u00a0Minuten"},"schema":{"@context":"https:\/\/schema.org","@graph":[{"@type":"WebPage","@id":"https:\/\/filma-v.de\/?product=liegestuhl-weiss","url":"https:\/\/filma-v.de\/?product=liegestuhl-weiss","name":"Liegestuhl WEISS ohne Armlehnen &#8211; FILMA-V","isPartOf":{"@id":"https:\/\/filma-v.de\/#website"},"primaryImageOfPage":{"@id":"https:\/\/filma-v.de\/?product=liegestuhl-weiss#primaryimage"},"image":{"@id":"https:\/\/filma-v.de\/?product=liegestuhl-weiss#primaryimage"},"thumbnailUrl":"https:\/\/filma-v.de\/wp-content\/uploads\/2019\/05\/2019-05-14_143245.jpg","datePublished":"2019-05-14T12:40:00+00:00","dateModified":"2024-12-12T13:51:00+00:00","description":"Liegestuhl WEISS filma firma ulm sdraio nanni italy strand garten","breadcrumb":{"@id":"https:\/\/filma-v.de\/?product=liegestuhl-weiss#breadcrumb"},"inLanguage":"de","potentialAction":[{"@type":"ReadAction","target":["https:\/\/filma-v.de\/?product=liegestuhl-weiss"]}]},{"@type":"ImageObject","inLanguage":"de","@id":"https:\/\/filma-v.de\/?product=liegestuhl-weiss#primaryimage","url":"https:\/\/filma-v.de\/wp-content\/uploads\/2019\/05\/2019-05-14_143245.jpg","contentUrl":"https:\/\/filma-v.de\/wp-content\/uploads\/2019\/05\/2019-05-14_143245.jpg","width":574,"height":703},{"@type":"BreadcrumbList","@id":"https:\/\/filma-v.de\/?product=liegestuhl-weiss#breadcrumb","itemListElement":[{"@type":"ListItem","position":1,"name":"Startseite","item":"https:\/\/filma-v.de\/"},{"@type":"ListItem","position":2,"name":"SHOP","item":"https:\/\/filma-v.de\/?page_id=5"},{"@type":"ListItem","position":3,"name":"Liegestuhl WEISS ohne Armlehnen"}]},{"@type":"WebSite","@id":"https:\/\/filma-v.de\/#website","url":"https:\/\/filma-v.de\/","name":"FILMA-V","description":"Sat, Kabel, Dreambox, Humax, Topfield, Dreambox, VU+, Kathrein, lnb, Sat-Erotik, PayTV, Anlagen, Sch\u00fcsseln, Satfinder &amp; Pay-TV, Outdoor M\u00f6bel","potentialAction":[{"@type":"SearchAction","target":{"@type":"EntryPoint","urlTemplate":"https:\/\/filma-v.de\/?s={search_term_string}"},"query-input":{"@type":"PropertyValueSpecification","valueRequired":true,"valueName":"search_term_string"}}],"inLanguage":"de"}]}},"_links":{"self":[{"href":"https:\/\/filma-v.de\/index.php?rest_route=\/wp\/v2\/product\/3255","targetHints":{"allow":["GET"]}}],"collection":[{"href":"https:\/\/filma-v.de\/index.php?rest_route=\/wp\/v2\/product"}],"about":[{"href":"https:\/\/filma-v.de\/index.php?rest_route=\/wp\/v2\/types\/product"}],"wp:featuredmedia":[{"embeddable":true,"href":"https:\/\/filma-v.de\/index.php?rest_route=\/wp\/v2\/media\/3256"}],"wp:attachment":[{"href":"https:\/\/filma-v.de\/index.php?rest_route=%2Fwp%2Fv2%2Fmedia&parent=3255"}],"wp:term":[{"taxonomy":"product_cat","embeddable":true,"href":"https:\/\/filma-v.de\/index.php?rest_route=%2Fwp%2Fv2%2Fproduct_cat&post=3255"},{"taxonomy":"product_tag","embeddable":true,"href":"https:\/\/filma-v.de\/index.php?rest_route=%2Fwp%2Fv2%2Fproduct_tag&post=3255"}],"curies":[{"name":"wp","href":"https:\/\/api.w.org\/{rel}","templated":true}]}}