{"id":3271,"date":"2019-05-28T15:51:08","date_gmt":"2019-05-28T13:51:08","guid":{"rendered":"https:\/\/filma-v.de\/?post_type=product&#038;p=3271"},"modified":"2024-12-13T14:50:08","modified_gmt":"2024-12-13T13:50:08","slug":"exitv-programmiert-fuer-telefunken-vs-444-e-vs-460-e-vs-644-e","status":"publish","type":"product","link":"https:\/\/filma-v.de\/?product=exitv-programmiert-fuer-telefunken-vs-444-e-vs-460-e-vs-644-e","title":{"rendered":"Fernbedienung Ersatz f\u00fcr Telefunken VS 444 E &#8211; VS 460 E &#8211; VS 644 E"},"content":{"rendered":"<div class=\"wpb-content-wrapper\"><p>[vc_row][vc_column][vc_tta_tabs][vc_tta_section title=&#8221;Artikelbeschreibung&#8221; tab_id=&#8221;1464382921179-156eb823-8f811f9e-a2dd0862-cdffb5af-9e33&#8243;][vc_column_text]- Ersetzt die Fernbedienung f\u00fcr den VS 444 E oder VS 460 E oder VS 644 E<br \/>\n<strong><br \/>\n&#8211; Universalfernbedienung f\u00fcr 2 Ger\u00e4te = das 2. Ger\u00e4t bitte bei Kauf angeben, ansonsten wird nur f\u00fcr die hier angegebene Marke programmiert!<br \/>\n<\/strong><\/p>\n<p>&#8211; Mit allen Symbolen Ihrer Originalfernbedienung.[\/vc_column_text][\/vc_tta_section][vc_tta_section title=&#8221;Descrizione&#8221; tab_id=&#8221;1464382921302-1d55021d-3ef01f9e-a2dd0862-cdffb5af-9e33&#8243;][vc_column_text]- Il telecomando viene programmato e testato prima della spedizione.<\/p>\n<p>&#8211; \u00c8 possibile utilizzare il dispositivo con il telecomando, proprio come fai sempre, solo i tasti possono essere organizzati in modo diverso sul telecomando originale.<\/p>\n<p>\u00c8 necessario 2 batterie AAA <strong>(non incluse)<\/strong>.<\/p>\n<p>La programmazione viene mantenuta anche se si sostituiscono le batterie.[\/vc_column_text][\/vc_tta_section][vc_tta_section title=&#8221;Lieferumfang&#8221; tab_id=&#8221;1464383140502-4eb41e34-4e471f9e-a2dd0862-cdffb5af-9e33&#8243;][vc_column_text]1 x\u00a0Superior Fernbedienung Programmiert[\/vc_column_text][\/vc_tta_section][\/vc_tta_tabs][vc_separator style=&#8221;dotted&#8221; border_width=&#8221;2&#8243;][vc_row_inner][vc_column_inner][vc_column_text]Es werden 2x AAA Batterien ben\u00f6tigt (<strong>sind nicht im Lieferumfang enthalten<\/strong>).<\/p>\n<p>Die Programmierung bleibt auch bei Batteriewechsel erhalten.[\/vc_column_text][\/vc_column_inner][\/vc_row_inner][\/vc_column][\/vc_row]<\/p>\n<\/div>","protected":false},"excerpt":{"rendered":"<p>[vc_row][vc_column][vc_tta_tabs][vc_tta_section title=&#8221;Artikelbeschreibung&#8221; tab_id=&#8221;1464382921179-156eb823-8f811f9e-a2dd0862-cdffb5af-9e33&#8243;][vc_column_text]- Ersetzt die Fernbedienung f\u00fcr den VS 444 E oder VS 460 E oder VS 644 E &#8211; Universalfernbedienung f\u00fcr 2 Ger\u00e4te = das 2. Ger\u00e4t bitte bei Kauf angeben,<a class=\"moretag\" href=\"https:\/\/filma-v.de\/?product=exitv-programmiert-fuer-telefunken-vs-444-e-vs-460-e-vs-644-e\">Weiterlesen&#8230;<\/a><\/p>\n","protected":false},"featured_media":3457,"template":"","meta":[],"product_cat":[34],"product_tag":[],"class_list":{"0":"post-3271","1":"product","2":"type-product","3":"status-publish","4":"has-post-thumbnail","6":"product_cat-fernbedienungen","7":"product_shipping_class-gls","8":"product_brand-xdome","10":"first","11":"instock","12":"shipping-taxable","13":"purchasable","14":"product-type-simple"},"yoast_head":"<!-- This site is optimized with the Yoast SEO plugin v23.8 - https:\/\/yoast.com\/wordpress\/plugins\/seo\/ -->\n<title>Fernbedienung Ersatz f\u00fcr Telefunken VS 444 E - VS 460 E - VS 644 E &#8211; FILMA-V<\/title>\n<meta name=\"description\" content=\"ExiTV programmiert f\u00fcr Telefunken VS 444 E - VS 460 E - VS 644 E ersatz filma firma ulm fernsehen neu\" \/>\n<meta name=\"robots\" content=\"index, follow, max-snippet:-1, max-image-preview:large, max-video-preview:-1\" \/>\n<link rel=\"canonical\" href=\"https:\/\/filma-v.de\/?product=exitv-programmiert-fuer-telefunken-vs-444-e-vs-460-e-vs-644-e\" \/>\n<meta property=\"og:locale\" content=\"de_DE\" \/>\n<meta property=\"og:type\" content=\"article\" \/>\n<meta property=\"og:title\" content=\"Fernbedienung Ersatz f\u00fcr Telefunken VS 444 E - VS 460 E - VS 644 E &#8211; FILMA-V\" \/>\n<meta property=\"og:description\" content=\"ExiTV programmiert f\u00fcr Telefunken VS 444 E - VS 460 E - VS 644 E ersatz filma firma ulm fernsehen neu\" \/>\n<meta property=\"og:url\" content=\"https:\/\/filma-v.de\/?product=exitv-programmiert-fuer-telefunken-vs-444-e-vs-460-e-vs-644-e\" \/>\n<meta property=\"og:site_name\" content=\"FILMA-V\" \/>\n<meta property=\"article:modified_time\" content=\"2024-12-13T13:50:08+00:00\" \/>\n<meta property=\"og:image\" content=\"https:\/\/filma-v.de\/wp-content\/uploads\/2016\/09\/XDome-2zu1.jpg\" \/>\n\t<meta property=\"og:image:width\" content=\"1500\" \/>\n\t<meta property=\"og:image:height\" content=\"1500\" \/>\n\t<meta property=\"og:image:type\" content=\"image\/jpeg\" \/>\n<meta name=\"twitter:card\" content=\"summary_large_image\" \/>\n<meta name=\"twitter:label1\" content=\"Gesch\u00e4tzte Lesezeit\" \/>\n\t<meta name=\"twitter:data1\" content=\"1\u00a0Minute\" \/>\n<script type=\"application\/ld+json\" class=\"yoast-schema-graph\">{\"@context\":\"https:\/\/schema.org\",\"@graph\":[{\"@type\":\"WebPage\",\"@id\":\"https:\/\/filma-v.de\/?product=exitv-programmiert-fuer-telefunken-vs-444-e-vs-460-e-vs-644-e\",\"url\":\"https:\/\/filma-v.de\/?product=exitv-programmiert-fuer-telefunken-vs-444-e-vs-460-e-vs-644-e\",\"name\":\"Fernbedienung Ersatz f\u00fcr Telefunken VS 444 E - VS 460 E - VS 644 E &#8211; FILMA-V\",\"isPartOf\":{\"@id\":\"https:\/\/filma-v.de\/#website\"},\"primaryImageOfPage\":{\"@id\":\"https:\/\/filma-v.de\/?product=exitv-programmiert-fuer-telefunken-vs-444-e-vs-460-e-vs-644-e#primaryimage\"},\"image\":{\"@id\":\"https:\/\/filma-v.de\/?product=exitv-programmiert-fuer-telefunken-vs-444-e-vs-460-e-vs-644-e#primaryimage\"},\"thumbnailUrl\":\"https:\/\/filma-v.de\/wp-content\/uploads\/2016\/09\/XDome-2zu1.jpg\",\"datePublished\":\"2019-05-28T13:51:08+00:00\",\"dateModified\":\"2024-12-13T13:50:08+00:00\",\"description\":\"ExiTV programmiert f\u00fcr Telefunken VS 444 E - VS 460 E - VS 644 E ersatz filma firma ulm fernsehen neu\",\"breadcrumb\":{\"@id\":\"https:\/\/filma-v.de\/?product=exitv-programmiert-fuer-telefunken-vs-444-e-vs-460-e-vs-644-e#breadcrumb\"},\"inLanguage\":\"de\",\"potentialAction\":[{\"@type\":\"ReadAction\",\"target\":[\"https:\/\/filma-v.de\/?product=exitv-programmiert-fuer-telefunken-vs-444-e-vs-460-e-vs-644-e\"]}]},{\"@type\":\"ImageObject\",\"inLanguage\":\"de\",\"@id\":\"https:\/\/filma-v.de\/?product=exitv-programmiert-fuer-telefunken-vs-444-e-vs-460-e-vs-644-e#primaryimage\",\"url\":\"https:\/\/filma-v.de\/wp-content\/uploads\/2016\/09\/XDome-2zu1.jpg\",\"contentUrl\":\"https:\/\/filma-v.de\/wp-content\/uploads\/2016\/09\/XDome-2zu1.jpg\",\"width\":1500,\"height\":1500},{\"@type\":\"BreadcrumbList\",\"@id\":\"https:\/\/filma-v.de\/?product=exitv-programmiert-fuer-telefunken-vs-444-e-vs-460-e-vs-644-e#breadcrumb\",\"itemListElement\":[{\"@type\":\"ListItem\",\"position\":1,\"name\":\"Startseite\",\"item\":\"https:\/\/filma-v.de\/\"},{\"@type\":\"ListItem\",\"position\":2,\"name\":\"SHOP\",\"item\":\"https:\/\/filma-v.de\/?page_id=5\"},{\"@type\":\"ListItem\",\"position\":3,\"name\":\"Fernbedienung Ersatz f\u00fcr Telefunken VS 444 E &#8211; VS 460 E &#8211; VS 644 E\"}]},{\"@type\":\"WebSite\",\"@id\":\"https:\/\/filma-v.de\/#website\",\"url\":\"https:\/\/filma-v.de\/\",\"name\":\"FILMA-V\",\"description\":\"Sat, Kabel, Dreambox, Humax, Topfield, Dreambox, VU+, Kathrein, lnb, Sat-Erotik, PayTV, Anlagen, Sch\u00fcsseln, Satfinder &amp; Pay-TV, Outdoor M\u00f6bel\",\"potentialAction\":[{\"@type\":\"SearchAction\",\"target\":{\"@type\":\"EntryPoint\",\"urlTemplate\":\"https:\/\/filma-v.de\/?s={search_term_string}\"},\"query-input\":{\"@type\":\"PropertyValueSpecification\",\"valueRequired\":true,\"valueName\":\"search_term_string\"}}],\"inLanguage\":\"de\"}]}<\/script>\n<!-- \/ Yoast SEO plugin. -->","yoast_head_json":{"title":"Fernbedienung Ersatz f\u00fcr Telefunken VS 444 E - VS 460 E - VS 644 E &#8211; FILMA-V","description":"ExiTV programmiert f\u00fcr Telefunken VS 444 E - VS 460 E - VS 644 E ersatz filma firma ulm fernsehen neu","robots":{"index":"index","follow":"follow","max-snippet":"max-snippet:-1","max-image-preview":"max-image-preview:large","max-video-preview":"max-video-preview:-1"},"canonical":"https:\/\/filma-v.de\/?product=exitv-programmiert-fuer-telefunken-vs-444-e-vs-460-e-vs-644-e","og_locale":"de_DE","og_type":"article","og_title":"Fernbedienung Ersatz f\u00fcr Telefunken VS 444 E - VS 460 E - VS 644 E &#8211; FILMA-V","og_description":"ExiTV programmiert f\u00fcr Telefunken VS 444 E - VS 460 E - VS 644 E ersatz filma firma ulm fernsehen neu","og_url":"https:\/\/filma-v.de\/?product=exitv-programmiert-fuer-telefunken-vs-444-e-vs-460-e-vs-644-e","og_site_name":"FILMA-V","article_modified_time":"2024-12-13T13:50:08+00:00","og_image":[{"width":1500,"height":1500,"url":"https:\/\/filma-v.de\/wp-content\/uploads\/2016\/09\/XDome-2zu1.jpg","type":"image\/jpeg"}],"twitter_card":"summary_large_image","twitter_misc":{"Gesch\u00e4tzte Lesezeit":"1\u00a0Minute"},"schema":{"@context":"https:\/\/schema.org","@graph":[{"@type":"WebPage","@id":"https:\/\/filma-v.de\/?product=exitv-programmiert-fuer-telefunken-vs-444-e-vs-460-e-vs-644-e","url":"https:\/\/filma-v.de\/?product=exitv-programmiert-fuer-telefunken-vs-444-e-vs-460-e-vs-644-e","name":"Fernbedienung Ersatz f\u00fcr Telefunken VS 444 E - VS 460 E - VS 644 E &#8211; FILMA-V","isPartOf":{"@id":"https:\/\/filma-v.de\/#website"},"primaryImageOfPage":{"@id":"https:\/\/filma-v.de\/?product=exitv-programmiert-fuer-telefunken-vs-444-e-vs-460-e-vs-644-e#primaryimage"},"image":{"@id":"https:\/\/filma-v.de\/?product=exitv-programmiert-fuer-telefunken-vs-444-e-vs-460-e-vs-644-e#primaryimage"},"thumbnailUrl":"https:\/\/filma-v.de\/wp-content\/uploads\/2016\/09\/XDome-2zu1.jpg","datePublished":"2019-05-28T13:51:08+00:00","dateModified":"2024-12-13T13:50:08+00:00","description":"ExiTV programmiert f\u00fcr Telefunken VS 444 E - VS 460 E - VS 644 E ersatz filma firma ulm fernsehen neu","breadcrumb":{"@id":"https:\/\/filma-v.de\/?product=exitv-programmiert-fuer-telefunken-vs-444-e-vs-460-e-vs-644-e#breadcrumb"},"inLanguage":"de","potentialAction":[{"@type":"ReadAction","target":["https:\/\/filma-v.de\/?product=exitv-programmiert-fuer-telefunken-vs-444-e-vs-460-e-vs-644-e"]}]},{"@type":"ImageObject","inLanguage":"de","@id":"https:\/\/filma-v.de\/?product=exitv-programmiert-fuer-telefunken-vs-444-e-vs-460-e-vs-644-e#primaryimage","url":"https:\/\/filma-v.de\/wp-content\/uploads\/2016\/09\/XDome-2zu1.jpg","contentUrl":"https:\/\/filma-v.de\/wp-content\/uploads\/2016\/09\/XDome-2zu1.jpg","width":1500,"height":1500},{"@type":"BreadcrumbList","@id":"https:\/\/filma-v.de\/?product=exitv-programmiert-fuer-telefunken-vs-444-e-vs-460-e-vs-644-e#breadcrumb","itemListElement":[{"@type":"ListItem","position":1,"name":"Startseite","item":"https:\/\/filma-v.de\/"},{"@type":"ListItem","position":2,"name":"SHOP","item":"https:\/\/filma-v.de\/?page_id=5"},{"@type":"ListItem","position":3,"name":"Fernbedienung Ersatz f\u00fcr Telefunken VS 444 E &#8211; VS 460 E &#8211; VS 644 E"}]},{"@type":"WebSite","@id":"https:\/\/filma-v.de\/#website","url":"https:\/\/filma-v.de\/","name":"FILMA-V","description":"Sat, Kabel, Dreambox, Humax, Topfield, Dreambox, VU+, Kathrein, lnb, Sat-Erotik, PayTV, Anlagen, Sch\u00fcsseln, Satfinder &amp; Pay-TV, Outdoor M\u00f6bel","potentialAction":[{"@type":"SearchAction","target":{"@type":"EntryPoint","urlTemplate":"https:\/\/filma-v.de\/?s={search_term_string}"},"query-input":{"@type":"PropertyValueSpecification","valueRequired":true,"valueName":"search_term_string"}}],"inLanguage":"de"}]}},"_links":{"self":[{"href":"https:\/\/filma-v.de\/index.php?rest_route=\/wp\/v2\/product\/3271","targetHints":{"allow":["GET"]}}],"collection":[{"href":"https:\/\/filma-v.de\/index.php?rest_route=\/wp\/v2\/product"}],"about":[{"href":"https:\/\/filma-v.de\/index.php?rest_route=\/wp\/v2\/types\/product"}],"wp:featuredmedia":[{"embeddable":true,"href":"https:\/\/filma-v.de\/index.php?rest_route=\/wp\/v2\/media\/3457"}],"wp:attachment":[{"href":"https:\/\/filma-v.de\/index.php?rest_route=%2Fwp%2Fv2%2Fmedia&parent=3271"}],"wp:term":[{"taxonomy":"product_cat","embeddable":true,"href":"https:\/\/filma-v.de\/index.php?rest_route=%2Fwp%2Fv2%2Fproduct_cat&post=3271"},{"taxonomy":"product_tag","embeddable":true,"href":"https:\/\/filma-v.de\/index.php?rest_route=%2Fwp%2Fv2%2Fproduct_tag&post=3271"}],"curies":[{"name":"wp","href":"https:\/\/api.w.org\/{rel}","templated":true}]}}