{"id":3276,"date":"2019-05-28T16:24:49","date_gmt":"2019-05-28T14:24:49","guid":{"rendered":"https:\/\/filma-v.de\/?post_type=product&#038;p=3276"},"modified":"2024-12-12T12:02:23","modified_gmt":"2024-12-12T11:02:23","slug":"fernbedienung-als-ersatz-fuer-vantage-hd8000-hd8000c-hd8000cs","status":"publish","type":"product","link":"https:\/\/filma-v.de\/?product=fernbedienung-als-ersatz-fuer-vantage-hd8000-hd8000c-hd8000cs","title":{"rendered":"Fernbedienung als Ersatz f\u00fcr Vantage HD8000 &#8211; HD8000C &#8211; HD8000CS"},"content":{"rendered":"<div class=\"wpb-content-wrapper\"><p>[vc_row][vc_column][vc_tta_tabs][vc_tta_section title=&#8221;Artikelbeschreibung&#8221; tab_id=&#8221;1464382921179-156eb823-8f811f9e-a2dd0862-cdff1f4b-a706&#8243;][vc_column_text]- Ersetzt die Fernbedienung Vantage HD8000 &#8211; HD8000C &#8211; HD8000CS<br \/>\n<strong><br \/>\n&#8211; Universalfernbedienung f\u00fcr 4 Ger\u00e4te = die weiteren 3 Ger\u00e4te bitte bei Kauf angeben, ansonsten wird nur f\u00fcr die hier angegebene Marke programmiert!\u00a0\u00a0<\/strong><\/p>\n<p>&#8211; Mit allen Symbolen Ihrer Originalfernbedienung.[\/vc_column_text][\/vc_tta_section][vc_tta_section title=&#8221;Descrizione&#8221; tab_id=&#8221;1464382921302-1d55021d-3ef01f9e-a2dd0862-cdff1f4b-a706&#8243;][vc_column_text]- Il telecomando viene programmato e testato prima della spedizione.<\/p>\n<p>&#8211; \u00c8 possibile utilizzare il dispositivo con il telecomando, proprio come fai sempre, solo i tasti possono essere organizzati in modo diverso sul telecomando originale.<\/p>\n<p>\u00c8 necessario 2 batterie AAA <strong>(non incluse)<\/strong>.<\/p>\n<p>La programmazione viene mantenuta anche se si sostituiscono le batterie.[\/vc_column_text][\/vc_tta_section][vc_tta_section title=&#8221;Lieferumfang&#8221; tab_id=&#8221;1464383140502-4eb41e34-4e471f9e-a2dd0862-cdff1f4b-a706&#8243;][vc_column_text]1 x\u00a0Superior Fernbedienung Programmiert[\/vc_column_text][\/vc_tta_section][\/vc_tta_tabs][vc_separator style=&#8221;dotted&#8221; border_width=&#8221;2&#8243;][vc_row_inner][vc_column_inner][vc_column_text]Es werden 2x AAA Batterien ben\u00f6tigt (<strong>sind nicht im Lieferumfang enthalten<\/strong>).<\/p>\n<p>Die Programmierung bleibt auch bei Batteriewechsel erhalten.[\/vc_column_text][\/vc_column_inner][\/vc_row_inner][\/vc_column][\/vc_row]<\/p>\n<\/div>","protected":false},"excerpt":{"rendered":"<p>[vc_row][vc_column][vc_tta_tabs][vc_tta_section title=&#8221;Artikelbeschreibung&#8221; tab_id=&#8221;1464382921179-156eb823-8f811f9e-a2dd0862-cdff1f4b-a706&#8243;][vc_column_text]- Ersetzt die Fernbedienung Vantage HD8000 &#8211; HD8000C &#8211; HD8000CS &#8211; Universalfernbedienung f\u00fcr 4 Ger\u00e4te = die weiteren 3 Ger\u00e4te bitte bei Kauf angeben, ansonsten wird nur f\u00fcr die hier<a class=\"moretag\" href=\"https:\/\/filma-v.de\/?product=fernbedienung-als-ersatz-fuer-vantage-hd8000-hd8000c-hd8000cs\">Weiterlesen&#8230;<\/a><\/p>\n","protected":false},"featured_media":3464,"template":"","meta":[],"product_cat":[34,35],"product_tag":[],"class_list":{"0":"post-3276","1":"product","2":"type-product","3":"status-publish","4":"has-post-thumbnail","6":"product_cat-fernbedienungen","7":"product_cat-superior","8":"product_shipping_class-gls","9":"product_brand-superior","11":"first","12":"instock","13":"shipping-taxable","14":"purchasable","15":"product-type-simple"},"yoast_head":"<!-- This site is optimized with the Yoast SEO plugin v23.8 - https:\/\/yoast.com\/wordpress\/plugins\/seo\/ -->\n<title>Fernbedienung als Ersatz f\u00fcr Vantage HD8000 - HD8000C - HD8000CS &#8211; FILMA-V<\/title>\n<meta name=\"description\" content=\"Fernbedienung als Ersatz f\u00fcr Vantage HD8000 - HD8000C - HD8000CS filma firma ulm receiver neu programmiert fertig\" \/>\n<meta name=\"robots\" content=\"index, follow, max-snippet:-1, max-image-preview:large, max-video-preview:-1\" \/>\n<link rel=\"canonical\" href=\"https:\/\/filma-v.de\/?product=fernbedienung-als-ersatz-fuer-vantage-hd8000-hd8000c-hd8000cs\" \/>\n<meta property=\"og:locale\" content=\"de_DE\" \/>\n<meta property=\"og:type\" content=\"article\" \/>\n<meta property=\"og:title\" content=\"Fernbedienung als Ersatz f\u00fcr Vantage HD8000 - HD8000C - HD8000CS &#8211; FILMA-V\" \/>\n<meta property=\"og:description\" content=\"Fernbedienung als Ersatz f\u00fcr Vantage HD8000 - HD8000C - HD8000CS filma firma ulm receiver neu programmiert fertig\" \/>\n<meta property=\"og:url\" content=\"https:\/\/filma-v.de\/?product=fernbedienung-als-ersatz-fuer-vantage-hd8000-hd8000c-hd8000cs\" \/>\n<meta property=\"og:site_name\" content=\"FILMA-V\" \/>\n<meta property=\"article:modified_time\" content=\"2024-12-12T11:02:23+00:00\" \/>\n<meta property=\"og:image\" content=\"https:\/\/filma-v.de\/wp-content\/uploads\/2016\/09\/Freedom-4in1_Black-RC.jpg\" \/>\n\t<meta property=\"og:image:width\" content=\"721\" \/>\n\t<meta property=\"og:image:height\" content=\"1080\" \/>\n\t<meta property=\"og:image:type\" content=\"image\/jpeg\" \/>\n<meta name=\"twitter:card\" content=\"summary_large_image\" \/>\n<meta name=\"twitter:label1\" content=\"Gesch\u00e4tzte Lesezeit\" \/>\n\t<meta name=\"twitter:data1\" content=\"1\u00a0Minute\" \/>\n<script type=\"application\/ld+json\" class=\"yoast-schema-graph\">{\"@context\":\"https:\/\/schema.org\",\"@graph\":[{\"@type\":\"WebPage\",\"@id\":\"https:\/\/filma-v.de\/?product=fernbedienung-als-ersatz-fuer-vantage-hd8000-hd8000c-hd8000cs\",\"url\":\"https:\/\/filma-v.de\/?product=fernbedienung-als-ersatz-fuer-vantage-hd8000-hd8000c-hd8000cs\",\"name\":\"Fernbedienung als Ersatz f\u00fcr Vantage HD8000 - HD8000C - HD8000CS &#8211; FILMA-V\",\"isPartOf\":{\"@id\":\"https:\/\/filma-v.de\/#website\"},\"primaryImageOfPage\":{\"@id\":\"https:\/\/filma-v.de\/?product=fernbedienung-als-ersatz-fuer-vantage-hd8000-hd8000c-hd8000cs#primaryimage\"},\"image\":{\"@id\":\"https:\/\/filma-v.de\/?product=fernbedienung-als-ersatz-fuer-vantage-hd8000-hd8000c-hd8000cs#primaryimage\"},\"thumbnailUrl\":\"https:\/\/filma-v.de\/wp-content\/uploads\/2016\/09\/Freedom-4in1_Black-RC.jpg\",\"datePublished\":\"2019-05-28T14:24:49+00:00\",\"dateModified\":\"2024-12-12T11:02:23+00:00\",\"description\":\"Fernbedienung als Ersatz f\u00fcr Vantage HD8000 - HD8000C - HD8000CS filma firma ulm receiver neu programmiert fertig\",\"breadcrumb\":{\"@id\":\"https:\/\/filma-v.de\/?product=fernbedienung-als-ersatz-fuer-vantage-hd8000-hd8000c-hd8000cs#breadcrumb\"},\"inLanguage\":\"de\",\"potentialAction\":[{\"@type\":\"ReadAction\",\"target\":[\"https:\/\/filma-v.de\/?product=fernbedienung-als-ersatz-fuer-vantage-hd8000-hd8000c-hd8000cs\"]}]},{\"@type\":\"ImageObject\",\"inLanguage\":\"de\",\"@id\":\"https:\/\/filma-v.de\/?product=fernbedienung-als-ersatz-fuer-vantage-hd8000-hd8000c-hd8000cs#primaryimage\",\"url\":\"https:\/\/filma-v.de\/wp-content\/uploads\/2016\/09\/Freedom-4in1_Black-RC.jpg\",\"contentUrl\":\"https:\/\/filma-v.de\/wp-content\/uploads\/2016\/09\/Freedom-4in1_Black-RC.jpg\",\"width\":721,\"height\":1080},{\"@type\":\"BreadcrumbList\",\"@id\":\"https:\/\/filma-v.de\/?product=fernbedienung-als-ersatz-fuer-vantage-hd8000-hd8000c-hd8000cs#breadcrumb\",\"itemListElement\":[{\"@type\":\"ListItem\",\"position\":1,\"name\":\"Startseite\",\"item\":\"https:\/\/filma-v.de\/\"},{\"@type\":\"ListItem\",\"position\":2,\"name\":\"SHOP\",\"item\":\"https:\/\/filma-v.de\/?page_id=5\"},{\"@type\":\"ListItem\",\"position\":3,\"name\":\"Fernbedienung als Ersatz f\u00fcr Vantage HD8000 &#8211; HD8000C &#8211; HD8000CS\"}]},{\"@type\":\"WebSite\",\"@id\":\"https:\/\/filma-v.de\/#website\",\"url\":\"https:\/\/filma-v.de\/\",\"name\":\"FILMA-V\",\"description\":\"Sat, Kabel, Dreambox, Humax, Topfield, Dreambox, VU+, Kathrein, lnb, Sat-Erotik, PayTV, Anlagen, Sch\u00fcsseln, Satfinder &amp; Pay-TV, Outdoor M\u00f6bel\",\"potentialAction\":[{\"@type\":\"SearchAction\",\"target\":{\"@type\":\"EntryPoint\",\"urlTemplate\":\"https:\/\/filma-v.de\/?s={search_term_string}\"},\"query-input\":{\"@type\":\"PropertyValueSpecification\",\"valueRequired\":true,\"valueName\":\"search_term_string\"}}],\"inLanguage\":\"de\"}]}<\/script>\n<!-- \/ Yoast SEO plugin. -->","yoast_head_json":{"title":"Fernbedienung als Ersatz f\u00fcr Vantage HD8000 - HD8000C - HD8000CS &#8211; FILMA-V","description":"Fernbedienung als Ersatz f\u00fcr Vantage HD8000 - HD8000C - HD8000CS filma firma ulm receiver neu programmiert fertig","robots":{"index":"index","follow":"follow","max-snippet":"max-snippet:-1","max-image-preview":"max-image-preview:large","max-video-preview":"max-video-preview:-1"},"canonical":"https:\/\/filma-v.de\/?product=fernbedienung-als-ersatz-fuer-vantage-hd8000-hd8000c-hd8000cs","og_locale":"de_DE","og_type":"article","og_title":"Fernbedienung als Ersatz f\u00fcr Vantage HD8000 - HD8000C - HD8000CS &#8211; FILMA-V","og_description":"Fernbedienung als Ersatz f\u00fcr Vantage HD8000 - HD8000C - HD8000CS filma firma ulm receiver neu programmiert fertig","og_url":"https:\/\/filma-v.de\/?product=fernbedienung-als-ersatz-fuer-vantage-hd8000-hd8000c-hd8000cs","og_site_name":"FILMA-V","article_modified_time":"2024-12-12T11:02:23+00:00","og_image":[{"width":721,"height":1080,"url":"https:\/\/filma-v.de\/wp-content\/uploads\/2016\/09\/Freedom-4in1_Black-RC.jpg","type":"image\/jpeg"}],"twitter_card":"summary_large_image","twitter_misc":{"Gesch\u00e4tzte Lesezeit":"1\u00a0Minute"},"schema":{"@context":"https:\/\/schema.org","@graph":[{"@type":"WebPage","@id":"https:\/\/filma-v.de\/?product=fernbedienung-als-ersatz-fuer-vantage-hd8000-hd8000c-hd8000cs","url":"https:\/\/filma-v.de\/?product=fernbedienung-als-ersatz-fuer-vantage-hd8000-hd8000c-hd8000cs","name":"Fernbedienung als Ersatz f\u00fcr Vantage HD8000 - HD8000C - HD8000CS &#8211; FILMA-V","isPartOf":{"@id":"https:\/\/filma-v.de\/#website"},"primaryImageOfPage":{"@id":"https:\/\/filma-v.de\/?product=fernbedienung-als-ersatz-fuer-vantage-hd8000-hd8000c-hd8000cs#primaryimage"},"image":{"@id":"https:\/\/filma-v.de\/?product=fernbedienung-als-ersatz-fuer-vantage-hd8000-hd8000c-hd8000cs#primaryimage"},"thumbnailUrl":"https:\/\/filma-v.de\/wp-content\/uploads\/2016\/09\/Freedom-4in1_Black-RC.jpg","datePublished":"2019-05-28T14:24:49+00:00","dateModified":"2024-12-12T11:02:23+00:00","description":"Fernbedienung als Ersatz f\u00fcr Vantage HD8000 - HD8000C - HD8000CS filma firma ulm receiver neu programmiert fertig","breadcrumb":{"@id":"https:\/\/filma-v.de\/?product=fernbedienung-als-ersatz-fuer-vantage-hd8000-hd8000c-hd8000cs#breadcrumb"},"inLanguage":"de","potentialAction":[{"@type":"ReadAction","target":["https:\/\/filma-v.de\/?product=fernbedienung-als-ersatz-fuer-vantage-hd8000-hd8000c-hd8000cs"]}]},{"@type":"ImageObject","inLanguage":"de","@id":"https:\/\/filma-v.de\/?product=fernbedienung-als-ersatz-fuer-vantage-hd8000-hd8000c-hd8000cs#primaryimage","url":"https:\/\/filma-v.de\/wp-content\/uploads\/2016\/09\/Freedom-4in1_Black-RC.jpg","contentUrl":"https:\/\/filma-v.de\/wp-content\/uploads\/2016\/09\/Freedom-4in1_Black-RC.jpg","width":721,"height":1080},{"@type":"BreadcrumbList","@id":"https:\/\/filma-v.de\/?product=fernbedienung-als-ersatz-fuer-vantage-hd8000-hd8000c-hd8000cs#breadcrumb","itemListElement":[{"@type":"ListItem","position":1,"name":"Startseite","item":"https:\/\/filma-v.de\/"},{"@type":"ListItem","position":2,"name":"SHOP","item":"https:\/\/filma-v.de\/?page_id=5"},{"@type":"ListItem","position":3,"name":"Fernbedienung als Ersatz f\u00fcr Vantage HD8000 &#8211; HD8000C &#8211; HD8000CS"}]},{"@type":"WebSite","@id":"https:\/\/filma-v.de\/#website","url":"https:\/\/filma-v.de\/","name":"FILMA-V","description":"Sat, Kabel, Dreambox, Humax, Topfield, Dreambox, VU+, Kathrein, lnb, Sat-Erotik, PayTV, Anlagen, Sch\u00fcsseln, Satfinder &amp; Pay-TV, Outdoor M\u00f6bel","potentialAction":[{"@type":"SearchAction","target":{"@type":"EntryPoint","urlTemplate":"https:\/\/filma-v.de\/?s={search_term_string}"},"query-input":{"@type":"PropertyValueSpecification","valueRequired":true,"valueName":"search_term_string"}}],"inLanguage":"de"}]}},"_links":{"self":[{"href":"https:\/\/filma-v.de\/index.php?rest_route=\/wp\/v2\/product\/3276","targetHints":{"allow":["GET"]}}],"collection":[{"href":"https:\/\/filma-v.de\/index.php?rest_route=\/wp\/v2\/product"}],"about":[{"href":"https:\/\/filma-v.de\/index.php?rest_route=\/wp\/v2\/types\/product"}],"wp:featuredmedia":[{"embeddable":true,"href":"https:\/\/filma-v.de\/index.php?rest_route=\/wp\/v2\/media\/3464"}],"wp:attachment":[{"href":"https:\/\/filma-v.de\/index.php?rest_route=%2Fwp%2Fv2%2Fmedia&parent=3276"}],"wp:term":[{"taxonomy":"product_cat","embeddable":true,"href":"https:\/\/filma-v.de\/index.php?rest_route=%2Fwp%2Fv2%2Fproduct_cat&post=3276"},{"taxonomy":"product_tag","embeddable":true,"href":"https:\/\/filma-v.de\/index.php?rest_route=%2Fwp%2Fv2%2Fproduct_tag&post=3276"}],"curies":[{"name":"wp","href":"https:\/\/api.w.org\/{rel}","templated":true}]}}