{"id":332,"date":"2017-02-21T14:18:38","date_gmt":"2017-02-21T13:18:38","guid":{"rendered":"http:\/\/cipciop.de\/?post_type=product&#038;p=332"},"modified":"2024-12-13T16:47:24","modified_gmt":"2024-12-13T15:47:24","slug":"skross-country-adapter-eu-to-italy-weiss","status":"publish","type":"product","link":"https:\/\/filma-v.de\/?product=skross-country-adapter-eu-to-italy-weiss","title":{"rendered":"SKROSS Country Adapter EU to Italy wei\u00df"},"content":{"rendered":"<div class=\"wpb-content-wrapper\"><p>[vc_row][vc_column][vc_row_inner][vc_column_inner][vc_column_text]Die Country Adapter von SKROSS sind die ideale L\u00f6sung f\u00fcr Reisende, die ein bestimmtes Land bevorzugen.[\/vc_column_text][\/vc_column_inner][\/vc_row_inner][vc_tta_tabs][vc_tta_section title=&#8221;Artikelbeschreibung&#8221; tab_id=&#8221;1464382921179-156eb823-8f811f9e-a2dd1f92-022d018a-9dda&#8221;][vc_column_text]Mit dem Country Adapter Europe to Italy sind alle europ\u00e4ische Ger\u00e4te, die mit 3-Pol Europe(Schuko) oder 2-Pol Euro Steckern ausgestattet sind, in Italien verwendbar.<br \/>\nAuch leistungsstarke Ger\u00e4te wie Laptop und F\u00f6hn k\u00f6nnen problemlos und sicher angeschlossen werden.<\/p>\n<p>Spezifikationen:<br \/>\n-Designed in Switzerland<br \/>\n-Geeignet f\u00fcr alle geerdeten und ungeerdeten Ger\u00e4te(2-&amp;<br \/>\n3-Pol)<br \/>\n-Input Steckdose f\u00fcr:3-pole Europe(Schutzk)&amp;2-pole Euro<br \/>\n-Ausgangsstecker: Italien<\/p>\n<p>L\u00e4nge 60 mm<br \/>\nL\u00e4nge 60 mm<br \/>\nBreite 52 mm<br \/>\nH\u00f6he 66 mm<br \/>\nSpannung 220-240 V<br \/>\nmax. Last 16 A<br \/>\nLeistung 220V &#8211; 3520W \/ 240V &#8211; 3680W W<br \/>\nGewicht mit Verpackung 65 g[\/vc_column_text][\/vc_tta_section][vc_tta_section title=&#8221;Lieferumfang&#8221; tab_id=&#8221;1464383140502-4eb41e34-4e471f9e-a2dd1f92-022d018a-9dda&#8221;][vc_column_text]1 x Country Adapter Italy<br \/>\n[\/vc_column_text][\/vc_tta_section][\/vc_tta_tabs][vc_separator style=&#8221;dotted&#8221; border_width=&#8221;2&#8243;][\/vc_column][\/vc_row]<\/p>\n<\/div>","protected":false},"excerpt":{"rendered":"<p>[vc_row][vc_column][vc_row_inner][vc_column_inner][vc_column_text]Die Country Adapter von SKROSS sind die ideale L\u00f6sung f\u00fcr Reisende, die ein bestimmtes Land bevorzugen.[\/vc_column_text][\/vc_column_inner][\/vc_row_inner][vc_tta_tabs][vc_tta_section title=&#8221;Artikelbeschreibung&#8221; tab_id=&#8221;1464382921179-156eb823-8f811f9e-a2dd1f92-022d018a-9dda&#8221;][vc_column_text]Mit dem Country Adapter Europe to Italy sind alle europ\u00e4ische Ger\u00e4te, die mit 3-Pol Europe(Schuko)<a class=\"moretag\" href=\"https:\/\/filma-v.de\/?product=skross-country-adapter-eu-to-italy-weiss\">Weiterlesen&#8230;<\/a><\/p>\n","protected":false},"featured_media":1441,"template":"","meta":[],"product_cat":[158],"product_tag":[],"class_list":{"0":"post-332","1":"product","2":"type-product","3":"status-publish","4":"has-post-thumbnail","6":"product_cat-stecker-und-leisten","7":"product_shipping_class-gls","9":"first","10":"instock","11":"shipping-taxable","12":"purchasable","13":"product-type-simple"},"yoast_head":"<!-- This site is optimized with the Yoast SEO plugin v23.8 - https:\/\/yoast.com\/wordpress\/plugins\/seo\/ -->\n<title>SKROSS Country Adapter EU to Italy wei\u00df &#8211; FILMA-V<\/title>\n<meta name=\"robots\" content=\"index, follow, max-snippet:-1, max-image-preview:large, max-video-preview:-1\" \/>\n<link rel=\"canonical\" href=\"https:\/\/filma-v.de\/?product=skross-country-adapter-eu-to-italy-weiss\" \/>\n<meta property=\"og:locale\" content=\"de_DE\" \/>\n<meta property=\"og:type\" content=\"article\" \/>\n<meta property=\"og:title\" content=\"SKROSS Country Adapter EU to Italy wei\u00df &#8211; FILMA-V\" \/>\n<meta property=\"og:description\" content=\"[vc_row][vc_column][vc_row_inner][vc_column_inner][vc_column_text]Die Country Adapter von SKROSS sind die ideale L\u00f6sung f\u00fcr Reisende, die ein bestimmtes Land bevorzugen.[\/vc_column_text][\/vc_column_inner][\/vc_row_inner][vc_tta_tabs][vc_tta_section title=&#8221;Artikelbeschreibung&#8221; tab_id=&#8221;1464382921179-156eb823-8f811f9e-a2dd1f92-022d018a-9dda&#8221;][vc_column_text]Mit dem Country Adapter Europe to Italy sind alle europ\u00e4ische Ger\u00e4te, die mit 3-Pol Europe(Schuko)Weiterlesen...\" \/>\n<meta property=\"og:url\" content=\"https:\/\/filma-v.de\/?product=skross-country-adapter-eu-to-italy-weiss\" \/>\n<meta property=\"og:site_name\" content=\"FILMA-V\" \/>\n<meta property=\"article:modified_time\" content=\"2024-12-13T15:47:24+00:00\" \/>\n<meta property=\"og:image\" content=\"https:\/\/filma-v.de\/wp-content\/uploads\/2017\/02\/SKROSS-Country-Adapter-EU-to-Italy-.jpg\" \/>\n\t<meta property=\"og:image:width\" content=\"1500\" \/>\n\t<meta property=\"og:image:height\" content=\"1500\" \/>\n\t<meta property=\"og:image:type\" content=\"image\/jpeg\" \/>\n<meta name=\"twitter:card\" content=\"summary_large_image\" \/>\n<meta name=\"twitter:label1\" content=\"Gesch\u00e4tzte Lesezeit\" \/>\n\t<meta name=\"twitter:data1\" content=\"1\u00a0Minute\" \/>\n<script type=\"application\/ld+json\" class=\"yoast-schema-graph\">{\"@context\":\"https:\/\/schema.org\",\"@graph\":[{\"@type\":\"WebPage\",\"@id\":\"https:\/\/filma-v.de\/?product=skross-country-adapter-eu-to-italy-weiss\",\"url\":\"https:\/\/filma-v.de\/?product=skross-country-adapter-eu-to-italy-weiss\",\"name\":\"SKROSS Country Adapter EU to Italy wei\u00df &#8211; FILMA-V\",\"isPartOf\":{\"@id\":\"https:\/\/filma-v.de\/#website\"},\"primaryImageOfPage\":{\"@id\":\"https:\/\/filma-v.de\/?product=skross-country-adapter-eu-to-italy-weiss#primaryimage\"},\"image\":{\"@id\":\"https:\/\/filma-v.de\/?product=skross-country-adapter-eu-to-italy-weiss#primaryimage\"},\"thumbnailUrl\":\"https:\/\/filma-v.de\/wp-content\/uploads\/2017\/02\/SKROSS-Country-Adapter-EU-to-Italy-.jpg\",\"datePublished\":\"2017-02-21T13:18:38+00:00\",\"dateModified\":\"2024-12-13T15:47:24+00:00\",\"breadcrumb\":{\"@id\":\"https:\/\/filma-v.de\/?product=skross-country-adapter-eu-to-italy-weiss#breadcrumb\"},\"inLanguage\":\"de\",\"potentialAction\":[{\"@type\":\"ReadAction\",\"target\":[\"https:\/\/filma-v.de\/?product=skross-country-adapter-eu-to-italy-weiss\"]}]},{\"@type\":\"ImageObject\",\"inLanguage\":\"de\",\"@id\":\"https:\/\/filma-v.de\/?product=skross-country-adapter-eu-to-italy-weiss#primaryimage\",\"url\":\"https:\/\/filma-v.de\/wp-content\/uploads\/2017\/02\/SKROSS-Country-Adapter-EU-to-Italy-.jpg\",\"contentUrl\":\"https:\/\/filma-v.de\/wp-content\/uploads\/2017\/02\/SKROSS-Country-Adapter-EU-to-Italy-.jpg\",\"width\":1500,\"height\":1500,\"caption\":\"SKROSS Country Adapter EU to Italy\"},{\"@type\":\"BreadcrumbList\",\"@id\":\"https:\/\/filma-v.de\/?product=skross-country-adapter-eu-to-italy-weiss#breadcrumb\",\"itemListElement\":[{\"@type\":\"ListItem\",\"position\":1,\"name\":\"Startseite\",\"item\":\"https:\/\/filma-v.de\/\"},{\"@type\":\"ListItem\",\"position\":2,\"name\":\"SHOP\",\"item\":\"https:\/\/filma-v.de\/?page_id=5\"},{\"@type\":\"ListItem\",\"position\":3,\"name\":\"SKROSS Country Adapter EU to Italy wei\u00df\"}]},{\"@type\":\"WebSite\",\"@id\":\"https:\/\/filma-v.de\/#website\",\"url\":\"https:\/\/filma-v.de\/\",\"name\":\"FILMA-V\",\"description\":\"Sat, Kabel, Dreambox, Humax, Topfield, Dreambox, VU+, Kathrein, lnb, Sat-Erotik, PayTV, Anlagen, Sch\u00fcsseln, Satfinder &amp; Pay-TV, Outdoor M\u00f6bel\",\"potentialAction\":[{\"@type\":\"SearchAction\",\"target\":{\"@type\":\"EntryPoint\",\"urlTemplate\":\"https:\/\/filma-v.de\/?s={search_term_string}\"},\"query-input\":{\"@type\":\"PropertyValueSpecification\",\"valueRequired\":true,\"valueName\":\"search_term_string\"}}],\"inLanguage\":\"de\"}]}<\/script>\n<!-- \/ Yoast SEO plugin. -->","yoast_head_json":{"title":"SKROSS Country Adapter EU to Italy wei\u00df &#8211; FILMA-V","robots":{"index":"index","follow":"follow","max-snippet":"max-snippet:-1","max-image-preview":"max-image-preview:large","max-video-preview":"max-video-preview:-1"},"canonical":"https:\/\/filma-v.de\/?product=skross-country-adapter-eu-to-italy-weiss","og_locale":"de_DE","og_type":"article","og_title":"SKROSS Country Adapter EU to Italy wei\u00df &#8211; FILMA-V","og_description":"[vc_row][vc_column][vc_row_inner][vc_column_inner][vc_column_text]Die Country Adapter von SKROSS sind die ideale L\u00f6sung f\u00fcr Reisende, die ein bestimmtes Land bevorzugen.[\/vc_column_text][\/vc_column_inner][\/vc_row_inner][vc_tta_tabs][vc_tta_section title=&#8221;Artikelbeschreibung&#8221; tab_id=&#8221;1464382921179-156eb823-8f811f9e-a2dd1f92-022d018a-9dda&#8221;][vc_column_text]Mit dem Country Adapter Europe to Italy sind alle europ\u00e4ische Ger\u00e4te, die mit 3-Pol Europe(Schuko)Weiterlesen...","og_url":"https:\/\/filma-v.de\/?product=skross-country-adapter-eu-to-italy-weiss","og_site_name":"FILMA-V","article_modified_time":"2024-12-13T15:47:24+00:00","og_image":[{"width":1500,"height":1500,"url":"https:\/\/filma-v.de\/wp-content\/uploads\/2017\/02\/SKROSS-Country-Adapter-EU-to-Italy-.jpg","type":"image\/jpeg"}],"twitter_card":"summary_large_image","twitter_misc":{"Gesch\u00e4tzte Lesezeit":"1\u00a0Minute"},"schema":{"@context":"https:\/\/schema.org","@graph":[{"@type":"WebPage","@id":"https:\/\/filma-v.de\/?product=skross-country-adapter-eu-to-italy-weiss","url":"https:\/\/filma-v.de\/?product=skross-country-adapter-eu-to-italy-weiss","name":"SKROSS Country Adapter EU to Italy wei\u00df &#8211; FILMA-V","isPartOf":{"@id":"https:\/\/filma-v.de\/#website"},"primaryImageOfPage":{"@id":"https:\/\/filma-v.de\/?product=skross-country-adapter-eu-to-italy-weiss#primaryimage"},"image":{"@id":"https:\/\/filma-v.de\/?product=skross-country-adapter-eu-to-italy-weiss#primaryimage"},"thumbnailUrl":"https:\/\/filma-v.de\/wp-content\/uploads\/2017\/02\/SKROSS-Country-Adapter-EU-to-Italy-.jpg","datePublished":"2017-02-21T13:18:38+00:00","dateModified":"2024-12-13T15:47:24+00:00","breadcrumb":{"@id":"https:\/\/filma-v.de\/?product=skross-country-adapter-eu-to-italy-weiss#breadcrumb"},"inLanguage":"de","potentialAction":[{"@type":"ReadAction","target":["https:\/\/filma-v.de\/?product=skross-country-adapter-eu-to-italy-weiss"]}]},{"@type":"ImageObject","inLanguage":"de","@id":"https:\/\/filma-v.de\/?product=skross-country-adapter-eu-to-italy-weiss#primaryimage","url":"https:\/\/filma-v.de\/wp-content\/uploads\/2017\/02\/SKROSS-Country-Adapter-EU-to-Italy-.jpg","contentUrl":"https:\/\/filma-v.de\/wp-content\/uploads\/2017\/02\/SKROSS-Country-Adapter-EU-to-Italy-.jpg","width":1500,"height":1500,"caption":"SKROSS Country Adapter EU to Italy"},{"@type":"BreadcrumbList","@id":"https:\/\/filma-v.de\/?product=skross-country-adapter-eu-to-italy-weiss#breadcrumb","itemListElement":[{"@type":"ListItem","position":1,"name":"Startseite","item":"https:\/\/filma-v.de\/"},{"@type":"ListItem","position":2,"name":"SHOP","item":"https:\/\/filma-v.de\/?page_id=5"},{"@type":"ListItem","position":3,"name":"SKROSS Country Adapter EU to Italy wei\u00df"}]},{"@type":"WebSite","@id":"https:\/\/filma-v.de\/#website","url":"https:\/\/filma-v.de\/","name":"FILMA-V","description":"Sat, Kabel, Dreambox, Humax, Topfield, Dreambox, VU+, Kathrein, lnb, Sat-Erotik, PayTV, Anlagen, Sch\u00fcsseln, Satfinder &amp; Pay-TV, Outdoor M\u00f6bel","potentialAction":[{"@type":"SearchAction","target":{"@type":"EntryPoint","urlTemplate":"https:\/\/filma-v.de\/?s={search_term_string}"},"query-input":{"@type":"PropertyValueSpecification","valueRequired":true,"valueName":"search_term_string"}}],"inLanguage":"de"}]}},"_links":{"self":[{"href":"https:\/\/filma-v.de\/index.php?rest_route=\/wp\/v2\/product\/332","targetHints":{"allow":["GET"]}}],"collection":[{"href":"https:\/\/filma-v.de\/index.php?rest_route=\/wp\/v2\/product"}],"about":[{"href":"https:\/\/filma-v.de\/index.php?rest_route=\/wp\/v2\/types\/product"}],"wp:featuredmedia":[{"embeddable":true,"href":"https:\/\/filma-v.de\/index.php?rest_route=\/wp\/v2\/media\/1441"}],"wp:attachment":[{"href":"https:\/\/filma-v.de\/index.php?rest_route=%2Fwp%2Fv2%2Fmedia&parent=332"}],"wp:term":[{"taxonomy":"product_cat","embeddable":true,"href":"https:\/\/filma-v.de\/index.php?rest_route=%2Fwp%2Fv2%2Fproduct_cat&post=332"},{"taxonomy":"product_tag","embeddable":true,"href":"https:\/\/filma-v.de\/index.php?rest_route=%2Fwp%2Fv2%2Fproduct_tag&post=332"}],"curies":[{"name":"wp","href":"https:\/\/api.w.org\/{rel}","templated":true}]}}