{"id":3437,"date":"2019-10-31T13:15:48","date_gmt":"2019-10-31T12:15:48","guid":{"rendered":"https:\/\/filma-v.de\/?post_type=product&#038;p=3437"},"modified":"2025-01-02T16:31:15","modified_gmt":"2025-01-02T15:31:15","slug":"tivusat-hd-smarcam-ci-4k-mit-tivusat-karte","status":"publish","type":"product","link":"https:\/\/filma-v.de\/?product=tivusat-hd-smarcam-ci-4k-mit-tivusat-karte","title":{"rendered":"Tivusat HD Smarcam CI+ 4K mit Tivusat Karte"},"content":{"rendered":"<div class=\"wpb-content-wrapper\"><p>[vc_row][vc_column][vc_tta_tabs][vc_tta_section title=&#8221;Technische Daten&#8221; tab_id=&#8221;1464382921179-156eb823-8f817252-e1970767-fc6b&#8221;][vc_column_text]<\/p>\n<div class=\"vc_tta-panel-body\">\n<div class=\"wpb_text_column wpb_content_element \">\n<div class=\"wpb_wrapper\">\n<p>SmarCAM mit Tiv\u00faSat Smar Card 4K \/ con carta Tiv\u00faSat<\/p>\n<p align=\"LEFT\">Bei uns sofort lieferbar<\/p>\n<p align=\"LEFT\">Die Smart CAM tiv\u00f9sat HD ist ein Zugangsberechtigungsmodul<br \/>\n(CAM, Conditional Access Module), das zusammen mit der Smartcard tiv\u00f9sat, das Ansehen der Fernsehprogramme der Satellitenplattform tiv\u00f9sat erm\u00f6glicht.<\/p>\n<\/div>\n<\/div>\n<\/div>\n<p>[\/vc_column_text][\/vc_tta_section][vc_tta_section title=&#8221;Lieferumfang&#8221; tab_id=&#8221;1464383140502-4eb41e34-4e477252-e1970767-fc6b&#8221;][vc_column_text]1x Tivusat Modul 4K<br \/>\n1x Tivusat Karte[\/vc_column_text][\/vc_tta_section][\/vc_tta_tabs][vc_separator style=&#8221;dotted&#8221; border_width=&#8221;2&#8243;][\/vc_column][\/vc_row]<\/p>\n<\/div>","protected":false},"excerpt":{"rendered":"<p>Die SmarCAM tiv\u00f9sat kann mit tiv\u00f9sat-zertifizierten Decodern oder Fernsehern mit CI-Steckpl\u00e4tzen verwendet werden. Sie entschl\u00fcsselt sowohl HD- als auch 4K-Kan\u00e4le (UHD).<\/p>\n","protected":false},"featured_media":4307,"template":"","meta":[],"product_cat":[23,11,13],"product_tag":[],"class_list":{"0":"post-3437","1":"product","2":"type-product","3":"status-publish","4":"has-post-thumbnail","6":"product_cat-ci-module","7":"product_cat-tivusat","8":"product_cat-tivusat-modul","9":"product_shipping_class-gls","10":"product_brand-digiquest","11":"product_brand-tivu-sat","13":"first","14":"instock","15":"shipping-taxable","16":"purchasable","17":"product-type-simple"},"yoast_head":"<!-- This site is optimized with the Yoast SEO plugin v23.8 - https:\/\/yoast.com\/wordpress\/plugins\/seo\/ -->\n<title>Tivusat HD Smarcam CI+ 4K mit Tivusat Karte &#8211; FILMA-V<\/title>\n<meta name=\"description\" content=\"Tivusat HD Smarcam CI+ 4K mit Tivusat Karte filma firma ulm fernsehen italien mediaset\" \/>\n<meta name=\"robots\" content=\"index, follow, max-snippet:-1, max-image-preview:large, max-video-preview:-1\" \/>\n<link rel=\"canonical\" href=\"https:\/\/filma-v.de\/?product=tivusat-hd-smarcam-ci-4k-mit-tivusat-karte\" \/>\n<meta property=\"og:locale\" content=\"de_DE\" \/>\n<meta property=\"og:type\" content=\"article\" \/>\n<meta property=\"og:title\" content=\"Tivusat HD Smarcam CI+ 4K mit Tivusat Karte &#8211; FILMA-V\" \/>\n<meta property=\"og:description\" content=\"Tivusat HD Smarcam CI+ 4K mit Tivusat Karte filma firma ulm fernsehen italien mediaset\" \/>\n<meta property=\"og:url\" content=\"https:\/\/filma-v.de\/?product=tivusat-hd-smarcam-ci-4k-mit-tivusat-karte\" \/>\n<meta property=\"og:site_name\" content=\"FILMA-V\" \/>\n<meta property=\"article:modified_time\" content=\"2025-01-02T15:31:15+00:00\" \/>\n<meta property=\"og:image\" content=\"https:\/\/filma-v.de\/wp-content\/uploads\/2019\/10\/Digiquest-4K.jpg\" \/>\n\t<meta property=\"og:image:width\" content=\"452\" \/>\n\t<meta property=\"og:image:height\" content=\"790\" \/>\n\t<meta property=\"og:image:type\" content=\"image\/jpeg\" \/>\n<meta name=\"twitter:card\" content=\"summary_large_image\" \/>\n<meta name=\"twitter:label1\" content=\"Gesch\u00e4tzte Lesezeit\" \/>\n\t<meta name=\"twitter:data1\" content=\"1\u00a0Minute\" \/>\n<script type=\"application\/ld+json\" class=\"yoast-schema-graph\">{\"@context\":\"https:\/\/schema.org\",\"@graph\":[{\"@type\":\"WebPage\",\"@id\":\"https:\/\/filma-v.de\/?product=tivusat-hd-smarcam-ci-4k-mit-tivusat-karte\",\"url\":\"https:\/\/filma-v.de\/?product=tivusat-hd-smarcam-ci-4k-mit-tivusat-karte\",\"name\":\"Tivusat HD Smarcam CI+ 4K mit Tivusat Karte &#8211; FILMA-V\",\"isPartOf\":{\"@id\":\"https:\/\/filma-v.de\/#website\"},\"primaryImageOfPage\":{\"@id\":\"https:\/\/filma-v.de\/?product=tivusat-hd-smarcam-ci-4k-mit-tivusat-karte#primaryimage\"},\"image\":{\"@id\":\"https:\/\/filma-v.de\/?product=tivusat-hd-smarcam-ci-4k-mit-tivusat-karte#primaryimage\"},\"thumbnailUrl\":\"https:\/\/filma-v.de\/wp-content\/uploads\/2019\/10\/Digiquest-4K.jpg\",\"datePublished\":\"2019-10-31T12:15:48+00:00\",\"dateModified\":\"2025-01-02T15:31:15+00:00\",\"description\":\"Tivusat HD Smarcam CI+ 4K mit Tivusat Karte filma firma ulm fernsehen italien mediaset\",\"breadcrumb\":{\"@id\":\"https:\/\/filma-v.de\/?product=tivusat-hd-smarcam-ci-4k-mit-tivusat-karte#breadcrumb\"},\"inLanguage\":\"de\",\"potentialAction\":[{\"@type\":\"ReadAction\",\"target\":[\"https:\/\/filma-v.de\/?product=tivusat-hd-smarcam-ci-4k-mit-tivusat-karte\"]}]},{\"@type\":\"ImageObject\",\"inLanguage\":\"de\",\"@id\":\"https:\/\/filma-v.de\/?product=tivusat-hd-smarcam-ci-4k-mit-tivusat-karte#primaryimage\",\"url\":\"https:\/\/filma-v.de\/wp-content\/uploads\/2019\/10\/Digiquest-4K.jpg\",\"contentUrl\":\"https:\/\/filma-v.de\/wp-content\/uploads\/2019\/10\/Digiquest-4K.jpg\",\"width\":452,\"height\":790},{\"@type\":\"BreadcrumbList\",\"@id\":\"https:\/\/filma-v.de\/?product=tivusat-hd-smarcam-ci-4k-mit-tivusat-karte#breadcrumb\",\"itemListElement\":[{\"@type\":\"ListItem\",\"position\":1,\"name\":\"Startseite\",\"item\":\"https:\/\/filma-v.de\/\"},{\"@type\":\"ListItem\",\"position\":2,\"name\":\"SHOP\",\"item\":\"https:\/\/filma-v.de\/?page_id=5\"},{\"@type\":\"ListItem\",\"position\":3,\"name\":\"Tivusat HD Smarcam CI+ 4K mit Tivusat Karte\"}]},{\"@type\":\"WebSite\",\"@id\":\"https:\/\/filma-v.de\/#website\",\"url\":\"https:\/\/filma-v.de\/\",\"name\":\"FILMA-V\",\"description\":\"Sat, Kabel, Dreambox, Humax, Topfield, Dreambox, VU+, Kathrein, lnb, Sat-Erotik, PayTV, Anlagen, Sch\u00fcsseln, Satfinder &amp; Pay-TV, Outdoor M\u00f6bel\",\"potentialAction\":[{\"@type\":\"SearchAction\",\"target\":{\"@type\":\"EntryPoint\",\"urlTemplate\":\"https:\/\/filma-v.de\/?s={search_term_string}\"},\"query-input\":{\"@type\":\"PropertyValueSpecification\",\"valueRequired\":true,\"valueName\":\"search_term_string\"}}],\"inLanguage\":\"de\"}]}<\/script>\n<!-- \/ Yoast SEO plugin. -->","yoast_head_json":{"title":"Tivusat HD Smarcam CI+ 4K mit Tivusat Karte &#8211; FILMA-V","description":"Tivusat HD Smarcam CI+ 4K mit Tivusat Karte filma firma ulm fernsehen italien mediaset","robots":{"index":"index","follow":"follow","max-snippet":"max-snippet:-1","max-image-preview":"max-image-preview:large","max-video-preview":"max-video-preview:-1"},"canonical":"https:\/\/filma-v.de\/?product=tivusat-hd-smarcam-ci-4k-mit-tivusat-karte","og_locale":"de_DE","og_type":"article","og_title":"Tivusat HD Smarcam CI+ 4K mit Tivusat Karte &#8211; FILMA-V","og_description":"Tivusat HD Smarcam CI+ 4K mit Tivusat Karte filma firma ulm fernsehen italien mediaset","og_url":"https:\/\/filma-v.de\/?product=tivusat-hd-smarcam-ci-4k-mit-tivusat-karte","og_site_name":"FILMA-V","article_modified_time":"2025-01-02T15:31:15+00:00","og_image":[{"width":452,"height":790,"url":"https:\/\/filma-v.de\/wp-content\/uploads\/2019\/10\/Digiquest-4K.jpg","type":"image\/jpeg"}],"twitter_card":"summary_large_image","twitter_misc":{"Gesch\u00e4tzte Lesezeit":"1\u00a0Minute"},"schema":{"@context":"https:\/\/schema.org","@graph":[{"@type":"WebPage","@id":"https:\/\/filma-v.de\/?product=tivusat-hd-smarcam-ci-4k-mit-tivusat-karte","url":"https:\/\/filma-v.de\/?product=tivusat-hd-smarcam-ci-4k-mit-tivusat-karte","name":"Tivusat HD Smarcam CI+ 4K mit Tivusat Karte &#8211; FILMA-V","isPartOf":{"@id":"https:\/\/filma-v.de\/#website"},"primaryImageOfPage":{"@id":"https:\/\/filma-v.de\/?product=tivusat-hd-smarcam-ci-4k-mit-tivusat-karte#primaryimage"},"image":{"@id":"https:\/\/filma-v.de\/?product=tivusat-hd-smarcam-ci-4k-mit-tivusat-karte#primaryimage"},"thumbnailUrl":"https:\/\/filma-v.de\/wp-content\/uploads\/2019\/10\/Digiquest-4K.jpg","datePublished":"2019-10-31T12:15:48+00:00","dateModified":"2025-01-02T15:31:15+00:00","description":"Tivusat HD Smarcam CI+ 4K mit Tivusat Karte filma firma ulm fernsehen italien mediaset","breadcrumb":{"@id":"https:\/\/filma-v.de\/?product=tivusat-hd-smarcam-ci-4k-mit-tivusat-karte#breadcrumb"},"inLanguage":"de","potentialAction":[{"@type":"ReadAction","target":["https:\/\/filma-v.de\/?product=tivusat-hd-smarcam-ci-4k-mit-tivusat-karte"]}]},{"@type":"ImageObject","inLanguage":"de","@id":"https:\/\/filma-v.de\/?product=tivusat-hd-smarcam-ci-4k-mit-tivusat-karte#primaryimage","url":"https:\/\/filma-v.de\/wp-content\/uploads\/2019\/10\/Digiquest-4K.jpg","contentUrl":"https:\/\/filma-v.de\/wp-content\/uploads\/2019\/10\/Digiquest-4K.jpg","width":452,"height":790},{"@type":"BreadcrumbList","@id":"https:\/\/filma-v.de\/?product=tivusat-hd-smarcam-ci-4k-mit-tivusat-karte#breadcrumb","itemListElement":[{"@type":"ListItem","position":1,"name":"Startseite","item":"https:\/\/filma-v.de\/"},{"@type":"ListItem","position":2,"name":"SHOP","item":"https:\/\/filma-v.de\/?page_id=5"},{"@type":"ListItem","position":3,"name":"Tivusat HD Smarcam CI+ 4K mit Tivusat Karte"}]},{"@type":"WebSite","@id":"https:\/\/filma-v.de\/#website","url":"https:\/\/filma-v.de\/","name":"FILMA-V","description":"Sat, Kabel, Dreambox, Humax, Topfield, Dreambox, VU+, Kathrein, lnb, Sat-Erotik, PayTV, Anlagen, Sch\u00fcsseln, Satfinder &amp; Pay-TV, Outdoor M\u00f6bel","potentialAction":[{"@type":"SearchAction","target":{"@type":"EntryPoint","urlTemplate":"https:\/\/filma-v.de\/?s={search_term_string}"},"query-input":{"@type":"PropertyValueSpecification","valueRequired":true,"valueName":"search_term_string"}}],"inLanguage":"de"}]}},"_links":{"self":[{"href":"https:\/\/filma-v.de\/index.php?rest_route=\/wp\/v2\/product\/3437","targetHints":{"allow":["GET"]}}],"collection":[{"href":"https:\/\/filma-v.de\/index.php?rest_route=\/wp\/v2\/product"}],"about":[{"href":"https:\/\/filma-v.de\/index.php?rest_route=\/wp\/v2\/types\/product"}],"wp:featuredmedia":[{"embeddable":true,"href":"https:\/\/filma-v.de\/index.php?rest_route=\/wp\/v2\/media\/4307"}],"wp:attachment":[{"href":"https:\/\/filma-v.de\/index.php?rest_route=%2Fwp%2Fv2%2Fmedia&parent=3437"}],"wp:term":[{"taxonomy":"product_cat","embeddable":true,"href":"https:\/\/filma-v.de\/index.php?rest_route=%2Fwp%2Fv2%2Fproduct_cat&post=3437"},{"taxonomy":"product_tag","embeddable":true,"href":"https:\/\/filma-v.de\/index.php?rest_route=%2Fwp%2Fv2%2Fproduct_tag&post=3437"}],"curies":[{"name":"wp","href":"https:\/\/api.w.org\/{rel}","templated":true}]}}