{"id":355,"date":"2017-02-21T15:00:34","date_gmt":"2017-02-21T14:00:34","guid":{"rendered":"http:\/\/cipciop.de\/?post_type=product&#038;p=355"},"modified":"2025-04-01T13:24:18","modified_gmt":"2025-04-01T11:24:18","slug":"funkarmbanduhr-schwarz-mit-gruenem-perlonarmband","status":"publish","type":"product","link":"https:\/\/filma-v.de\/?product=funkarmbanduhr-schwarz-mit-gruenem-perlonarmband","title":{"rendered":"Funkarmbanduhr schwarz mit gr\u00fcnem Perlonarmband"},"content":{"rendered":"<div class=\"wpb-content-wrapper\"><p>[vc_row][vc_column][vc_row_inner][vc_column_inner][vc_column_text]<\/p>\n<h5>Funkarmbanduhr Funkchronograph mit Perlonarmband<\/h5>\n<p>Topline Funkarmbanduhr in schwarz mit gr\u00fcnem Perlonarmband.<\/p>\n<p>Sie kaufen eine Funk-Armbanduhr, die sowohl Herren als auch Damen tragen k\u00f6nnen, da sie nicht zu gro\u00df ist.[\/vc_column_text][\/vc_column_inner][\/vc_row_inner][vc_tta_tabs][vc_tta_section title=&#8221;Artikelbeschreibung&#8221; tab_id=&#8221;1464382921179-156eb823-8f811f9e-a2dd1f92-022d0025-eeb0&#8243;][vc_column_text]Funkgesteuerter Quartz -Chronograph von deutschem Hersteller.<br \/>\nMit Anleitung. Robustes Kunststoffgeh\u00e4use. Im Geh\u00e4use integrierte Antenne. Digitale Anzeige von Stunde, Minute, Sekunde, Wochentag, Datum, Monat. Stoppfunktion. 2 Alarme.<\/p>\n<p>Die Uhr ist wasserfest, d. h. Spritzer ja, ins Wasser nein, nicht zum Schwimmen und Tauchen gedacht.[\/vc_column_text][\/vc_tta_section][vc_tta_section title=&#8221;Wasserdichtigkeit&#8221; tab_id=&#8221;1494243966644-64fbcbb2-07e9&#8243;][vc_column_text]<\/p>\n<div><b><span style=\"font-size: small;\">Keine Angaben auf Zifferblatt oder Uhrenboden<\/span><\/b><span style=\"font-size: small;\">\u00a0(Die Uhr ist\u00a0NICHT\u00a0Wassergesch\u00fctzt)<\/span><\/div>\n<p><span style=\"font-family: Verdana;\"><span style=\"font-size: small;\">Diese Uhr muss zumindest gegen normale Umwelteinfl\u00fcsse gesch\u00fctzt werden!<\/span><\/span><\/p>\n<p>Die Angabe\u00a0<b>WATER RESIST<\/b>\u00a0(Wasser gesch\u00fctzt)<br \/>\nDiese Uhr ist nur spritzwasserbest\u00e4ndig (Diese Uhr sollte vor Wasser gesch\u00fctzt werden!)<\/p>\n<p>Die Angabe\u00a0<b>WATERRESISTANT 30M oder 3 ATM<\/b>\u00a0(Wasserdicht 30m)<br \/>\nDiese Uhr eignet sich f\u00fcr Autowaschen, Regen, Wasserspritzer, Schwei\u00df. Nat\u00fcrlich keinesfalls um damit 30\u00a0 Meter tief zu tauchen. Bitte beachten Sie dabei, Reinigungsmittel, wie sie beim Autowaschen verwendet werden k\u00f6nnen die Oberfl\u00e4chenspannung zwischen Glas und Uhrengeh\u00e4use verringern und so das Eindringen von Wasser erm\u00f6glichen.<\/p>\n<p>Die Angabe\u00a0<b>WATERRESISTANT 50M oder 5 ATM<\/b>\u00a0(Wasserdicht 50m)<br \/>\nDiese Uhr eignet sich Sport, insbesondere Skisport, Trekking, Autowaschen, Regen, Wasserspritzer und Schwei\u00df.<\/p>\n<p>Die Angabe\u00a0<b>WATERRESISTANT 100M oder 10 ATM<\/b>\u00a0(Wasserdicht 100m)<br \/>\nDiese Uhr eignet f\u00fcr beim Wassersport, Baden, Skisport, Trekking, Duschen, Autowaschen &#8230;etc.<\/p>\n<p>Die Angabe\u00a0<b>WATERRESISTANT 200M oder 20 ATM\u00a0<\/b>(Wasserdicht 200m)<br \/>\nEndlich, diese Uhr eignet sich f\u00fcr Tauchen (ohne Ausr\u00fcstung), Schnorcheln, Wassersport, Baden etc. Solche Uhren haben eine verschraubte Krone, die nur in verschraubten Zustand wasserdichte garantieren.<\/p>\n<p><span style=\"font-size: small;\"><b>Es gibt viele weitere Faktoren, die auch die angegebene Wasserdichte der Uhr negativ beeinflussen<\/b>k\u00f6nnen.\u00a0Die schon angesprochene verschraubte Krone der Uhr ist ein wichtiger Punkt, ein wesentlicher Punkt bei der Wasserdichtigkeit der Uhren ist auch das Alter der Uhr, je \u00e4lter eine Uhr ist um so mehr vermindern sich die Angaben auf Geh\u00e4useboden oder Ziffernblatt der Uhr. Eine Uhr die nur ein Jahr alt ist wird schon nicht mehr die gleichen Eigenschaften im Hinblick auf Wasserdichte besitzen wie eine neue Uhr.<\/span><\/p>\n<p>Dichtungen der Uhr altern und verspr\u00f6den im Laufe der Zeit. Hitze, K\u00e4lte, L\u00f6sungsmittel und Kosmetika beschleunigen diesen Vorgang. Besch\u00e4digungen des Glases, der Krone, der Aufzugwelle der Uhr oder der Dichtung f\u00fchrt meist zum Verlust der Wasserdichtheit, eindringende Feuchtigkeit in die Uhr zerst\u00f6rt das Werk und auch das Zifferblatt.<\/p>\n<p>Wasserdichtigkeit bei Uhren ist \u00fcbrigens keine Frage des Preises, auch sehr teure Uhren haben hier keinen Vorteil gegen\u00fcber preisg\u00fcnstigen Modellen, sicher spielt die Qualit\u00e4t der Verarbeitung eine wichtige Rolle, aber es ist fast unm\u00f6glich zum Beispiel eine eckige Uhr wasserdicht zu bekommen.[\/vc_column_text][\/vc_tta_section][vc_tta_section title=&#8221;Lieferumfang&#8221; tab_id=&#8221;1464383140502-4eb41e34-4e471f9e-a2dd1f92-022d0025-eeb0&#8243;][vc_column_text]1x Funkuhr schwarz<br \/>\n1x Perlonarmband gr\u00fcn<br \/>\n1x Anleitung[\/vc_column_text][\/vc_tta_section][\/vc_tta_tabs][vc_separator style=&#8221;dotted&#8221; border_width=&#8221;2&#8243;][\/vc_column][\/vc_row]<\/p>\n<\/div>","protected":false},"excerpt":{"rendered":"<p>[vc_row][vc_column][vc_row_inner][vc_column_inner][vc_column_text] Funkarmbanduhr Funkchronograph mit Perlonarmband Topline Funkarmbanduhr in schwarz mit gr\u00fcnem Perlonarmband. Sie kaufen eine Funk-Armbanduhr, die sowohl Herren als auch Damen tragen k\u00f6nnen, da sie nicht zu gro\u00df ist.[\/vc_column_text][\/vc_column_inner][\/vc_row_inner][vc_tta_tabs][vc_tta_section title=&#8221;Artikelbeschreibung&#8221; tab_id=&#8221;1464382921179-156eb823-8f811f9e-a2dd1f92-022d0025-eeb0&#8243;][vc_column_text]Funkgesteuerter<a class=\"moretag\" href=\"https:\/\/filma-v.de\/?product=funkarmbanduhr-schwarz-mit-gruenem-perlonarmband\">Weiterlesen&#8230;<\/a><\/p>\n","protected":false},"featured_media":1815,"template":"","meta":[],"product_cat":[18,19],"product_tag":[],"class_list":{"0":"post-355","1":"product","2":"type-product","3":"status-publish","4":"has-post-thumbnail","6":"product_cat-armbanduhren","7":"product_cat-funkuhren","8":"product_shipping_class-gls","10":"first","11":"instock","12":"shipping-taxable","13":"purchasable","14":"product-type-simple"},"yoast_head":"<!-- This site is optimized with the Yoast SEO plugin v23.8 - https:\/\/yoast.com\/wordpress\/plugins\/seo\/ -->\n<title>Funkarmbanduhr schwarz mit gr\u00fcnem Perlonarmband &#8211; FILMA-V<\/title>\n<meta name=\"robots\" content=\"index, follow, max-snippet:-1, max-image-preview:large, max-video-preview:-1\" \/>\n<link rel=\"canonical\" href=\"https:\/\/filma-v.de\/?product=funkarmbanduhr-schwarz-mit-gruenem-perlonarmband\" \/>\n<meta property=\"og:locale\" content=\"de_DE\" \/>\n<meta property=\"og:type\" content=\"article\" \/>\n<meta property=\"og:title\" content=\"Funkarmbanduhr schwarz mit gr\u00fcnem Perlonarmband &#8211; FILMA-V\" \/>\n<meta property=\"og:description\" content=\"[vc_row][vc_column][vc_row_inner][vc_column_inner][vc_column_text] Funkarmbanduhr Funkchronograph mit Perlonarmband Topline Funkarmbanduhr in schwarz mit gr\u00fcnem Perlonarmband. Sie kaufen eine Funk-Armbanduhr, die sowohl Herren als auch Damen tragen k\u00f6nnen, da sie nicht zu gro\u00df ist.[\/vc_column_text][\/vc_column_inner][\/vc_row_inner][vc_tta_tabs][vc_tta_section title=&#8221;Artikelbeschreibung&#8221; tab_id=&#8221;1464382921179-156eb823-8f811f9e-a2dd1f92-022d0025-eeb0&#8243;][vc_column_text]FunkgesteuerterWeiterlesen...\" \/>\n<meta property=\"og:url\" content=\"https:\/\/filma-v.de\/?product=funkarmbanduhr-schwarz-mit-gruenem-perlonarmband\" \/>\n<meta property=\"og:site_name\" content=\"FILMA-V\" \/>\n<meta property=\"article:modified_time\" content=\"2025-04-01T11:24:18+00:00\" \/>\n<meta property=\"og:image\" content=\"https:\/\/filma-v.de\/wp-content\/uploads\/2017\/02\/Funkarmbanduhr-schwarz-mit-gr\u00fcnem-Perlonarmband.jpg\" \/>\n\t<meta property=\"og:image:width\" content=\"1500\" \/>\n\t<meta property=\"og:image:height\" content=\"1500\" \/>\n\t<meta property=\"og:image:type\" content=\"image\/jpeg\" \/>\n<meta name=\"twitter:card\" content=\"summary_large_image\" \/>\n<meta name=\"twitter:label1\" content=\"Gesch\u00e4tzte Lesezeit\" \/>\n\t<meta name=\"twitter:data1\" content=\"3\u00a0Minuten\" \/>\n<script type=\"application\/ld+json\" class=\"yoast-schema-graph\">{\"@context\":\"https:\/\/schema.org\",\"@graph\":[{\"@type\":\"WebPage\",\"@id\":\"https:\/\/filma-v.de\/?product=funkarmbanduhr-schwarz-mit-gruenem-perlonarmband\",\"url\":\"https:\/\/filma-v.de\/?product=funkarmbanduhr-schwarz-mit-gruenem-perlonarmband\",\"name\":\"Funkarmbanduhr schwarz mit gr\u00fcnem Perlonarmband &#8211; FILMA-V\",\"isPartOf\":{\"@id\":\"https:\/\/filma-v.de\/#website\"},\"primaryImageOfPage\":{\"@id\":\"https:\/\/filma-v.de\/?product=funkarmbanduhr-schwarz-mit-gruenem-perlonarmband#primaryimage\"},\"image\":{\"@id\":\"https:\/\/filma-v.de\/?product=funkarmbanduhr-schwarz-mit-gruenem-perlonarmband#primaryimage\"},\"thumbnailUrl\":\"https:\/\/filma-v.de\/wp-content\/uploads\/2017\/02\/Funkarmbanduhr-schwarz-mit-gr\u00fcnem-Perlonarmband.jpg\",\"datePublished\":\"2017-02-21T14:00:34+00:00\",\"dateModified\":\"2025-04-01T11:24:18+00:00\",\"breadcrumb\":{\"@id\":\"https:\/\/filma-v.de\/?product=funkarmbanduhr-schwarz-mit-gruenem-perlonarmband#breadcrumb\"},\"inLanguage\":\"de\",\"potentialAction\":[{\"@type\":\"ReadAction\",\"target\":[\"https:\/\/filma-v.de\/?product=funkarmbanduhr-schwarz-mit-gruenem-perlonarmband\"]}]},{\"@type\":\"ImageObject\",\"inLanguage\":\"de\",\"@id\":\"https:\/\/filma-v.de\/?product=funkarmbanduhr-schwarz-mit-gruenem-perlonarmband#primaryimage\",\"url\":\"https:\/\/filma-v.de\/wp-content\/uploads\/2017\/02\/Funkarmbanduhr-schwarz-mit-gr\u00fcnem-Perlonarmband.jpg\",\"contentUrl\":\"https:\/\/filma-v.de\/wp-content\/uploads\/2017\/02\/Funkarmbanduhr-schwarz-mit-gr\u00fcnem-Perlonarmband.jpg\",\"width\":1500,\"height\":1500,\"caption\":\"Funkarmbanduhr schwarz mit gr\u00fcnem Perlonarmband\"},{\"@type\":\"BreadcrumbList\",\"@id\":\"https:\/\/filma-v.de\/?product=funkarmbanduhr-schwarz-mit-gruenem-perlonarmband#breadcrumb\",\"itemListElement\":[{\"@type\":\"ListItem\",\"position\":1,\"name\":\"Startseite\",\"item\":\"https:\/\/filma-v.de\/\"},{\"@type\":\"ListItem\",\"position\":2,\"name\":\"SHOP\",\"item\":\"https:\/\/filma-v.de\/?page_id=5\"},{\"@type\":\"ListItem\",\"position\":3,\"name\":\"Funkarmbanduhr schwarz mit gr\u00fcnem Perlonarmband\"}]},{\"@type\":\"WebSite\",\"@id\":\"https:\/\/filma-v.de\/#website\",\"url\":\"https:\/\/filma-v.de\/\",\"name\":\"FILMA-V\",\"description\":\"Sat, Kabel, Dreambox, Humax, Topfield, Dreambox, VU+, Kathrein, lnb, Sat-Erotik, PayTV, Anlagen, Sch\u00fcsseln, Satfinder &amp; Pay-TV, Outdoor M\u00f6bel\",\"potentialAction\":[{\"@type\":\"SearchAction\",\"target\":{\"@type\":\"EntryPoint\",\"urlTemplate\":\"https:\/\/filma-v.de\/?s={search_term_string}\"},\"query-input\":{\"@type\":\"PropertyValueSpecification\",\"valueRequired\":true,\"valueName\":\"search_term_string\"}}],\"inLanguage\":\"de\"}]}<\/script>\n<!-- \/ Yoast SEO plugin. -->","yoast_head_json":{"title":"Funkarmbanduhr schwarz mit gr\u00fcnem Perlonarmband &#8211; FILMA-V","robots":{"index":"index","follow":"follow","max-snippet":"max-snippet:-1","max-image-preview":"max-image-preview:large","max-video-preview":"max-video-preview:-1"},"canonical":"https:\/\/filma-v.de\/?product=funkarmbanduhr-schwarz-mit-gruenem-perlonarmband","og_locale":"de_DE","og_type":"article","og_title":"Funkarmbanduhr schwarz mit gr\u00fcnem Perlonarmband &#8211; FILMA-V","og_description":"[vc_row][vc_column][vc_row_inner][vc_column_inner][vc_column_text] Funkarmbanduhr Funkchronograph mit Perlonarmband Topline Funkarmbanduhr in schwarz mit gr\u00fcnem Perlonarmband. Sie kaufen eine Funk-Armbanduhr, die sowohl Herren als auch Damen tragen k\u00f6nnen, da sie nicht zu gro\u00df ist.[\/vc_column_text][\/vc_column_inner][\/vc_row_inner][vc_tta_tabs][vc_tta_section title=&#8221;Artikelbeschreibung&#8221; tab_id=&#8221;1464382921179-156eb823-8f811f9e-a2dd1f92-022d0025-eeb0&#8243;][vc_column_text]FunkgesteuerterWeiterlesen...","og_url":"https:\/\/filma-v.de\/?product=funkarmbanduhr-schwarz-mit-gruenem-perlonarmband","og_site_name":"FILMA-V","article_modified_time":"2025-04-01T11:24:18+00:00","og_image":[{"width":1500,"height":1500,"url":"https:\/\/filma-v.de\/wp-content\/uploads\/2017\/02\/Funkarmbanduhr-schwarz-mit-gr\u00fcnem-Perlonarmband.jpg","type":"image\/jpeg"}],"twitter_card":"summary_large_image","twitter_misc":{"Gesch\u00e4tzte Lesezeit":"3\u00a0Minuten"},"schema":{"@context":"https:\/\/schema.org","@graph":[{"@type":"WebPage","@id":"https:\/\/filma-v.de\/?product=funkarmbanduhr-schwarz-mit-gruenem-perlonarmband","url":"https:\/\/filma-v.de\/?product=funkarmbanduhr-schwarz-mit-gruenem-perlonarmband","name":"Funkarmbanduhr schwarz mit gr\u00fcnem Perlonarmband &#8211; FILMA-V","isPartOf":{"@id":"https:\/\/filma-v.de\/#website"},"primaryImageOfPage":{"@id":"https:\/\/filma-v.de\/?product=funkarmbanduhr-schwarz-mit-gruenem-perlonarmband#primaryimage"},"image":{"@id":"https:\/\/filma-v.de\/?product=funkarmbanduhr-schwarz-mit-gruenem-perlonarmband#primaryimage"},"thumbnailUrl":"https:\/\/filma-v.de\/wp-content\/uploads\/2017\/02\/Funkarmbanduhr-schwarz-mit-gr\u00fcnem-Perlonarmband.jpg","datePublished":"2017-02-21T14:00:34+00:00","dateModified":"2025-04-01T11:24:18+00:00","breadcrumb":{"@id":"https:\/\/filma-v.de\/?product=funkarmbanduhr-schwarz-mit-gruenem-perlonarmband#breadcrumb"},"inLanguage":"de","potentialAction":[{"@type":"ReadAction","target":["https:\/\/filma-v.de\/?product=funkarmbanduhr-schwarz-mit-gruenem-perlonarmband"]}]},{"@type":"ImageObject","inLanguage":"de","@id":"https:\/\/filma-v.de\/?product=funkarmbanduhr-schwarz-mit-gruenem-perlonarmband#primaryimage","url":"https:\/\/filma-v.de\/wp-content\/uploads\/2017\/02\/Funkarmbanduhr-schwarz-mit-gr\u00fcnem-Perlonarmband.jpg","contentUrl":"https:\/\/filma-v.de\/wp-content\/uploads\/2017\/02\/Funkarmbanduhr-schwarz-mit-gr\u00fcnem-Perlonarmband.jpg","width":1500,"height":1500,"caption":"Funkarmbanduhr schwarz mit gr\u00fcnem Perlonarmband"},{"@type":"BreadcrumbList","@id":"https:\/\/filma-v.de\/?product=funkarmbanduhr-schwarz-mit-gruenem-perlonarmband#breadcrumb","itemListElement":[{"@type":"ListItem","position":1,"name":"Startseite","item":"https:\/\/filma-v.de\/"},{"@type":"ListItem","position":2,"name":"SHOP","item":"https:\/\/filma-v.de\/?page_id=5"},{"@type":"ListItem","position":3,"name":"Funkarmbanduhr schwarz mit gr\u00fcnem Perlonarmband"}]},{"@type":"WebSite","@id":"https:\/\/filma-v.de\/#website","url":"https:\/\/filma-v.de\/","name":"FILMA-V","description":"Sat, Kabel, Dreambox, Humax, Topfield, Dreambox, VU+, Kathrein, lnb, Sat-Erotik, PayTV, Anlagen, Sch\u00fcsseln, Satfinder &amp; Pay-TV, Outdoor M\u00f6bel","potentialAction":[{"@type":"SearchAction","target":{"@type":"EntryPoint","urlTemplate":"https:\/\/filma-v.de\/?s={search_term_string}"},"query-input":{"@type":"PropertyValueSpecification","valueRequired":true,"valueName":"search_term_string"}}],"inLanguage":"de"}]}},"_links":{"self":[{"href":"https:\/\/filma-v.de\/index.php?rest_route=\/wp\/v2\/product\/355","targetHints":{"allow":["GET"]}}],"collection":[{"href":"https:\/\/filma-v.de\/index.php?rest_route=\/wp\/v2\/product"}],"about":[{"href":"https:\/\/filma-v.de\/index.php?rest_route=\/wp\/v2\/types\/product"}],"wp:featuredmedia":[{"embeddable":true,"href":"https:\/\/filma-v.de\/index.php?rest_route=\/wp\/v2\/media\/1815"}],"wp:attachment":[{"href":"https:\/\/filma-v.de\/index.php?rest_route=%2Fwp%2Fv2%2Fmedia&parent=355"}],"wp:term":[{"taxonomy":"product_cat","embeddable":true,"href":"https:\/\/filma-v.de\/index.php?rest_route=%2Fwp%2Fv2%2Fproduct_cat&post=355"},{"taxonomy":"product_tag","embeddable":true,"href":"https:\/\/filma-v.de\/index.php?rest_route=%2Fwp%2Fv2%2Fproduct_tag&post=355"}],"curies":[{"name":"wp","href":"https:\/\/api.w.org\/{rel}","templated":true}]}}