{"id":416,"date":"2017-02-22T13:44:52","date_gmt":"2017-02-22T12:44:52","guid":{"rendered":"http:\/\/cipciop.de\/?post_type=product&#038;p=416"},"modified":"2024-12-13T16:40:55","modified_gmt":"2024-12-13T15:40:55","slug":"inverto-monoblock-quad-lnb-black-pro-6","status":"publish","type":"product","link":"https:\/\/filma-v.de\/?product=inverto-monoblock-quad-lnb-black-pro-6","title":{"rendered":"INVERTO Monoblock Quad LNB Black Pro 6"},"content":{"rendered":"<div class=\"wpb-content-wrapper\"><p>[vc_row][vc_column][vc_row_inner][vc_column_inner][vc_column_text]HDTV DVB-S2 Compliant, ULN+ Noise Reduction Technology<\/p>\n<p>Monoblock Quad Switch 6 Grad LNB, Rauschma\u00df 0,2 dB<br \/>\nDieser speziell f\u00fcr die DTH-M\u00e4rkte Europas konzipierte Monoblock LNB bietet optimale Eigenschaften f\u00fcr den dualen Satellitenempfang. Er unterst\u00fctzt den Satellitenempfang (mit einer 80cm-Antenne) von Satelliten, die 6\u00b0 auseinanderstehen. Dieser LNB erm\u00f6glicht die Signalverteilung zu vier Set Top Boxen mit einem Single Tuner (oder zu zwei Set Top Box mit einem Twin Tuner). Der LNB eignet sich f\u00fcr HD-\u00dcbertragungen und weist exzellente Rauschzahlwerte auf. Da er nach strengsten Vorgaben entwickelt und nach h\u00f6chsten Qualit\u00e4tsstandards gefertigt wurde, ist dieser LNB die ideale L\u00f6sung f\u00fcr den Empfang des europaweiten Satellitenrundfunks.[\/vc_column_text][\/vc_column_inner][\/vc_row_inner][vc_tta_tabs active_section=&#8221;1&#8243;][vc_tta_section title=&#8221;Hauptmerkmale&#8221; tab_id=&#8221;1464382921179-156eb823-8f811f9e-a2dd6a2b-e5040806-76e5&#8243;][vc_column_text]\u2022 Geringes Phasenrauschen, DVB-S2 (HDTV) kompatiblel<br \/>\n\u2022 Geringe Rauschzahl (0.2 dB)<br \/>\n\u2022 Geringer Stromverbrauch<br \/>\n\u2022 Sehr hohe Kreuzpolarisationsisolierung<br \/>\n\u2022 Sehr hohe Frequenzstabilit\u00e4t[\/vc_column_text][\/vc_tta_section][vc_tta_section title=&#8221;Technische Daten&#8221; tab_id=&#8221;1464382921302-1d55021d-3ef01f9e-a2dd6a2b-e5040806-76e5&#8243;][vc_column_text]Rauschma\u00df 0,2 dB<br \/>\n23mm Feed<br \/>\ninkl. Reduzierring von 40mm auf 23mm<br \/>\n4 analog\/digital Ausg\u00e4nge (Astra 19,2\u00b0 &amp; Hotbird 13\u00b0)Umschaltung \u00fcber DiSEqC 1.0<\/p>\n<p>Low Band Eingangsfrequenzbereich 10.7[\/vc_column_text][\/vc_tta_section][vc_tta_section title=&#8221;Lieferumfang&#8221; tab_id=&#8221;1464383140502-4eb41e34-4e471f9e-a2dd6a2b-e5040806-76e5&#8243;][vc_column_text]1x Inverto Monoblock Quad LNB[\/vc_column_text][\/vc_tta_section][\/vc_tta_tabs][vc_separator style=&#8221;dotted&#8221; border_width=&#8221;2&#8243;][\/vc_column][\/vc_row]<\/p>\n<\/div>","protected":false},"excerpt":{"rendered":"<p>[vc_row][vc_column][vc_row_inner][vc_column_inner][vc_column_text]HDTV DVB-S2 Compliant, ULN+ Noise Reduction Technology Monoblock Quad Switch 6 Grad LNB, Rauschma\u00df 0,2 dB Dieser speziell f\u00fcr die DTH-M\u00e4rkte Europas konzipierte Monoblock LNB bietet optimale Eigenschaften f\u00fcr den dualen Satellitenempfang.<a class=\"moretag\" href=\"https:\/\/filma-v.de\/?product=inverto-monoblock-quad-lnb-black-pro-6\">Weiterlesen&#8230;<\/a><\/p>\n","protected":false},"featured_media":1456,"template":"","meta":[],"product_cat":[71,76],"product_tag":[],"class_list":{"0":"post-416","1":"product","2":"type-product","3":"status-publish","4":"has-post-thumbnail","6":"product_cat-lnbs","7":"product_cat-monoblock-lnb","8":"product_shipping_class-gls","10":"first","11":"instock","12":"shipping-taxable","13":"purchasable","14":"product-type-simple"},"yoast_head":"<!-- This site is optimized with the Yoast SEO plugin v23.8 - https:\/\/yoast.com\/wordpress\/plugins\/seo\/ -->\n<title>INVERTO Monoblock Quad LNB Black Pro 6 &#8211; FILMA-V<\/title>\n<meta name=\"robots\" content=\"index, follow, max-snippet:-1, max-image-preview:large, max-video-preview:-1\" \/>\n<link rel=\"canonical\" href=\"https:\/\/filma-v.de\/?product=inverto-monoblock-quad-lnb-black-pro-6\" \/>\n<meta property=\"og:locale\" content=\"de_DE\" \/>\n<meta property=\"og:type\" content=\"article\" \/>\n<meta property=\"og:title\" content=\"INVERTO Monoblock Quad LNB Black Pro 6 &#8211; FILMA-V\" \/>\n<meta property=\"og:description\" content=\"[vc_row][vc_column][vc_row_inner][vc_column_inner][vc_column_text]HDTV DVB-S2 Compliant, ULN+ Noise Reduction Technology Monoblock Quad Switch 6 Grad LNB, Rauschma\u00df 0,2 dB Dieser speziell f\u00fcr die DTH-M\u00e4rkte Europas konzipierte Monoblock LNB bietet optimale Eigenschaften f\u00fcr den dualen Satellitenempfang.Weiterlesen...\" \/>\n<meta property=\"og:url\" content=\"https:\/\/filma-v.de\/?product=inverto-monoblock-quad-lnb-black-pro-6\" \/>\n<meta property=\"og:site_name\" content=\"FILMA-V\" \/>\n<meta property=\"article:modified_time\" content=\"2024-12-13T15:40:55+00:00\" \/>\n<meta property=\"og:image\" content=\"https:\/\/filma-v.de\/wp-content\/uploads\/2017\/02\/INVERTO-Monoblock-Quad-LNB-Black-Pro-6.jpg\" \/>\n\t<meta property=\"og:image:width\" content=\"1500\" \/>\n\t<meta property=\"og:image:height\" content=\"1500\" \/>\n\t<meta property=\"og:image:type\" content=\"image\/jpeg\" \/>\n<meta name=\"twitter:card\" content=\"summary_large_image\" \/>\n<meta name=\"twitter:label1\" content=\"Gesch\u00e4tzte Lesezeit\" \/>\n\t<meta name=\"twitter:data1\" content=\"2\u00a0Minuten\" \/>\n<script type=\"application\/ld+json\" class=\"yoast-schema-graph\">{\"@context\":\"https:\/\/schema.org\",\"@graph\":[{\"@type\":\"WebPage\",\"@id\":\"https:\/\/filma-v.de\/?product=inverto-monoblock-quad-lnb-black-pro-6\",\"url\":\"https:\/\/filma-v.de\/?product=inverto-monoblock-quad-lnb-black-pro-6\",\"name\":\"INVERTO Monoblock Quad LNB Black Pro 6 &#8211; FILMA-V\",\"isPartOf\":{\"@id\":\"https:\/\/filma-v.de\/#website\"},\"primaryImageOfPage\":{\"@id\":\"https:\/\/filma-v.de\/?product=inverto-monoblock-quad-lnb-black-pro-6#primaryimage\"},\"image\":{\"@id\":\"https:\/\/filma-v.de\/?product=inverto-monoblock-quad-lnb-black-pro-6#primaryimage\"},\"thumbnailUrl\":\"https:\/\/filma-v.de\/wp-content\/uploads\/2017\/02\/INVERTO-Monoblock-Quad-LNB-Black-Pro-6.jpg\",\"datePublished\":\"2017-02-22T12:44:52+00:00\",\"dateModified\":\"2024-12-13T15:40:55+00:00\",\"breadcrumb\":{\"@id\":\"https:\/\/filma-v.de\/?product=inverto-monoblock-quad-lnb-black-pro-6#breadcrumb\"},\"inLanguage\":\"de\",\"potentialAction\":[{\"@type\":\"ReadAction\",\"target\":[\"https:\/\/filma-v.de\/?product=inverto-monoblock-quad-lnb-black-pro-6\"]}]},{\"@type\":\"ImageObject\",\"inLanguage\":\"de\",\"@id\":\"https:\/\/filma-v.de\/?product=inverto-monoblock-quad-lnb-black-pro-6#primaryimage\",\"url\":\"https:\/\/filma-v.de\/wp-content\/uploads\/2017\/02\/INVERTO-Monoblock-Quad-LNB-Black-Pro-6.jpg\",\"contentUrl\":\"https:\/\/filma-v.de\/wp-content\/uploads\/2017\/02\/INVERTO-Monoblock-Quad-LNB-Black-Pro-6.jpg\",\"width\":1500,\"height\":1500,\"caption\":\"INVERTO Monoblock Quad LNB Black Pro 6\"},{\"@type\":\"BreadcrumbList\",\"@id\":\"https:\/\/filma-v.de\/?product=inverto-monoblock-quad-lnb-black-pro-6#breadcrumb\",\"itemListElement\":[{\"@type\":\"ListItem\",\"position\":1,\"name\":\"Startseite\",\"item\":\"https:\/\/filma-v.de\/\"},{\"@type\":\"ListItem\",\"position\":2,\"name\":\"SHOP\",\"item\":\"https:\/\/filma-v.de\/?page_id=5\"},{\"@type\":\"ListItem\",\"position\":3,\"name\":\"INVERTO Monoblock Quad LNB Black Pro 6\"}]},{\"@type\":\"WebSite\",\"@id\":\"https:\/\/filma-v.de\/#website\",\"url\":\"https:\/\/filma-v.de\/\",\"name\":\"FILMA-V\",\"description\":\"Sat, Kabel, Dreambox, Humax, Topfield, Dreambox, VU+, Kathrein, lnb, Sat-Erotik, PayTV, Anlagen, Sch\u00fcsseln, Satfinder &amp; Pay-TV, Outdoor M\u00f6bel\",\"potentialAction\":[{\"@type\":\"SearchAction\",\"target\":{\"@type\":\"EntryPoint\",\"urlTemplate\":\"https:\/\/filma-v.de\/?s={search_term_string}\"},\"query-input\":{\"@type\":\"PropertyValueSpecification\",\"valueRequired\":true,\"valueName\":\"search_term_string\"}}],\"inLanguage\":\"de\"}]}<\/script>\n<!-- \/ Yoast SEO plugin. -->","yoast_head_json":{"title":"INVERTO Monoblock Quad LNB Black Pro 6 &#8211; FILMA-V","robots":{"index":"index","follow":"follow","max-snippet":"max-snippet:-1","max-image-preview":"max-image-preview:large","max-video-preview":"max-video-preview:-1"},"canonical":"https:\/\/filma-v.de\/?product=inverto-monoblock-quad-lnb-black-pro-6","og_locale":"de_DE","og_type":"article","og_title":"INVERTO Monoblock Quad LNB Black Pro 6 &#8211; FILMA-V","og_description":"[vc_row][vc_column][vc_row_inner][vc_column_inner][vc_column_text]HDTV DVB-S2 Compliant, ULN+ Noise Reduction Technology Monoblock Quad Switch 6 Grad LNB, Rauschma\u00df 0,2 dB Dieser speziell f\u00fcr die DTH-M\u00e4rkte Europas konzipierte Monoblock LNB bietet optimale Eigenschaften f\u00fcr den dualen Satellitenempfang.Weiterlesen...","og_url":"https:\/\/filma-v.de\/?product=inverto-monoblock-quad-lnb-black-pro-6","og_site_name":"FILMA-V","article_modified_time":"2024-12-13T15:40:55+00:00","og_image":[{"width":1500,"height":1500,"url":"https:\/\/filma-v.de\/wp-content\/uploads\/2017\/02\/INVERTO-Monoblock-Quad-LNB-Black-Pro-6.jpg","type":"image\/jpeg"}],"twitter_card":"summary_large_image","twitter_misc":{"Gesch\u00e4tzte Lesezeit":"2\u00a0Minuten"},"schema":{"@context":"https:\/\/schema.org","@graph":[{"@type":"WebPage","@id":"https:\/\/filma-v.de\/?product=inverto-monoblock-quad-lnb-black-pro-6","url":"https:\/\/filma-v.de\/?product=inverto-monoblock-quad-lnb-black-pro-6","name":"INVERTO Monoblock Quad LNB Black Pro 6 &#8211; FILMA-V","isPartOf":{"@id":"https:\/\/filma-v.de\/#website"},"primaryImageOfPage":{"@id":"https:\/\/filma-v.de\/?product=inverto-monoblock-quad-lnb-black-pro-6#primaryimage"},"image":{"@id":"https:\/\/filma-v.de\/?product=inverto-monoblock-quad-lnb-black-pro-6#primaryimage"},"thumbnailUrl":"https:\/\/filma-v.de\/wp-content\/uploads\/2017\/02\/INVERTO-Monoblock-Quad-LNB-Black-Pro-6.jpg","datePublished":"2017-02-22T12:44:52+00:00","dateModified":"2024-12-13T15:40:55+00:00","breadcrumb":{"@id":"https:\/\/filma-v.de\/?product=inverto-monoblock-quad-lnb-black-pro-6#breadcrumb"},"inLanguage":"de","potentialAction":[{"@type":"ReadAction","target":["https:\/\/filma-v.de\/?product=inverto-monoblock-quad-lnb-black-pro-6"]}]},{"@type":"ImageObject","inLanguage":"de","@id":"https:\/\/filma-v.de\/?product=inverto-monoblock-quad-lnb-black-pro-6#primaryimage","url":"https:\/\/filma-v.de\/wp-content\/uploads\/2017\/02\/INVERTO-Monoblock-Quad-LNB-Black-Pro-6.jpg","contentUrl":"https:\/\/filma-v.de\/wp-content\/uploads\/2017\/02\/INVERTO-Monoblock-Quad-LNB-Black-Pro-6.jpg","width":1500,"height":1500,"caption":"INVERTO Monoblock Quad LNB Black Pro 6"},{"@type":"BreadcrumbList","@id":"https:\/\/filma-v.de\/?product=inverto-monoblock-quad-lnb-black-pro-6#breadcrumb","itemListElement":[{"@type":"ListItem","position":1,"name":"Startseite","item":"https:\/\/filma-v.de\/"},{"@type":"ListItem","position":2,"name":"SHOP","item":"https:\/\/filma-v.de\/?page_id=5"},{"@type":"ListItem","position":3,"name":"INVERTO Monoblock Quad LNB Black Pro 6"}]},{"@type":"WebSite","@id":"https:\/\/filma-v.de\/#website","url":"https:\/\/filma-v.de\/","name":"FILMA-V","description":"Sat, Kabel, Dreambox, Humax, Topfield, Dreambox, VU+, Kathrein, lnb, Sat-Erotik, PayTV, Anlagen, Sch\u00fcsseln, Satfinder &amp; Pay-TV, Outdoor M\u00f6bel","potentialAction":[{"@type":"SearchAction","target":{"@type":"EntryPoint","urlTemplate":"https:\/\/filma-v.de\/?s={search_term_string}"},"query-input":{"@type":"PropertyValueSpecification","valueRequired":true,"valueName":"search_term_string"}}],"inLanguage":"de"}]}},"_links":{"self":[{"href":"https:\/\/filma-v.de\/index.php?rest_route=\/wp\/v2\/product\/416","targetHints":{"allow":["GET"]}}],"collection":[{"href":"https:\/\/filma-v.de\/index.php?rest_route=\/wp\/v2\/product"}],"about":[{"href":"https:\/\/filma-v.de\/index.php?rest_route=\/wp\/v2\/types\/product"}],"wp:featuredmedia":[{"embeddable":true,"href":"https:\/\/filma-v.de\/index.php?rest_route=\/wp\/v2\/media\/1456"}],"wp:attachment":[{"href":"https:\/\/filma-v.de\/index.php?rest_route=%2Fwp%2Fv2%2Fmedia&parent=416"}],"wp:term":[{"taxonomy":"product_cat","embeddable":true,"href":"https:\/\/filma-v.de\/index.php?rest_route=%2Fwp%2Fv2%2Fproduct_cat&post=416"},{"taxonomy":"product_tag","embeddable":true,"href":"https:\/\/filma-v.de\/index.php?rest_route=%2Fwp%2Fv2%2Fproduct_tag&post=416"}],"curies":[{"name":"wp","href":"https:\/\/api.w.org\/{rel}","templated":true}]}}