{"id":436,"date":"2017-02-22T15:12:20","date_gmt":"2017-02-22T14:12:20","guid":{"rendered":"http:\/\/cipciop.de\/?post_type=product&#038;p=436"},"modified":"2024-12-13T16:38:16","modified_gmt":"2024-12-13T15:38:16","slug":"usb-dockingstation-mit-variablem-micro-usb-anschluss","status":"publish","type":"product","link":"https:\/\/filma-v.de\/?product=usb-dockingstation-mit-variablem-micro-usb-anschluss","title":{"rendered":"USB Dockingstation"},"content":{"rendered":"<div class=\"wpb-content-wrapper\"><p>[vc_row][vc_column][vc_row_inner][vc_column_inner][vc_column_text]f\u00fcr Ger\u00e4te mit Micro USB Anschluss (f\u00fcr Samsung, Nokia)<br \/>\nDockingstation mit USB Anschluss. Der variable mircro-USB Anschluss erm\u00f6glicht es, verschiedene Modelle mit unterschiedlichen St\u00e4rken zu laden und gleichzeitig zu synchronisieren.<br \/>\nAuch mit einer H\u00fclle passt ihr Ger\u00e4t optimal in die Dockingstation. [\/vc_column_text][\/vc_column_inner][\/vc_row_inner][vc_tta_tabs][vc_tta_section title=&#8221;Artikelbeschreibung&#8221; tab_id=&#8221;1464382921179-156eb823-8f811f9e-a2dd1f92-022d0e27-dd8d0935-3d0c&#8221;][vc_column_text]In der Tiefe verschiebbarer Micro-USB Anschluss f\u00fcr viele g\u00e4ngige Smartphones<br \/>\n1,0 m USB 2.0 Kabel zum Synchronisieren und Laden f\u00fcr einen guten Blick auf das Smartphone Display<\/p>\n<p>Ausgangsstrom: 500 mA[\/vc_column_text][\/vc_tta_section][vc_tta_section title=&#8221;Kompatibel mit:&#8221; tab_id=&#8221;1464383140502-4eb41e34-4e471f9e-a2dd1f92-022d0e27-dd8d0935-3d0c&#8221;][vc_column_text]Google Nexus, Nexus Prime<\/p>\n<p>LG OPTIMUS 4x HD (P880), Optimus L3 (E400)<\/p>\n<p>Nokia Lumia 1020, Lumia 620, Lumia 625, Lumia 630, Lumia 635, Lumia 730, Lumia 735, Lumia 820, Lumia 920, Lumia 930<\/p>\n<p>Samsung Galaxy Ace, Galaxy Ace 2, Galaxy Ace duos, Galaxy Ace Plus, Galaxy Beam, Galaxy Express (i8730), Galaxy Mega 5.8 (GT-I915), Galaxy mini, Galaxy Mini 2, Galaxy Music, Galaxy Nexus (I9250), Galaxy Pocket, Galaxy Pocket Neo (GT-S5310), Galaxy Pocket Plus, Galaxy S Advance, GALAXY S2 (I9100), GALAXY S3 (I9300), Galaxy S3 mini ((I8190), GALAXY S4 (I9500), Galaxy S4 active (I9295), Galaxy S4 mini, GALAXY S5 (I5500), Galaxy Young (S6310)[\/vc_column_text][\/vc_tta_section][vc_tta_section title=&#8221;Lieferumfang&#8221; tab_id=&#8221;1487772556504-30fe69d8-d32b&#8221;][vc_column_text]1x Dockingstation<br \/>\n1x USB Anschlusskabel[\/vc_column_text][\/vc_tta_section][\/vc_tta_tabs][vc_separator style=&#8221;dotted&#8221; border_width=&#8221;2&#8243;][\/vc_column][\/vc_row]<\/p>\n<\/div>","protected":false},"excerpt":{"rendered":"<p>mit variablem micro-USB Anschluss<\/p>\n","protected":false},"featured_media":1626,"template":"","meta":[],"product_cat":[92,94],"product_tag":[],"class_list":{"0":"post-436","1":"product","2":"type-product","3":"status-publish","4":"has-post-thumbnail","6":"product_cat-handyzubehoer","7":"product_cat-samsung-zubehoer","8":"product_shipping_class-gls","9":"product_brand-goobay","11":"first","12":"instock","13":"shipping-taxable","14":"purchasable","15":"product-type-simple"},"yoast_head":"<!-- This site is optimized with the Yoast SEO plugin v23.8 - https:\/\/yoast.com\/wordpress\/plugins\/seo\/ -->\n<title>USB Dockingstation &#8211; FILMA-V<\/title>\n<meta name=\"robots\" content=\"index, follow, max-snippet:-1, max-image-preview:large, max-video-preview:-1\" \/>\n<link rel=\"canonical\" href=\"https:\/\/filma-v.de\/?product=usb-dockingstation-mit-variablem-micro-usb-anschluss\" \/>\n<meta property=\"og:locale\" content=\"de_DE\" \/>\n<meta property=\"og:type\" content=\"article\" \/>\n<meta property=\"og:title\" content=\"USB Dockingstation &#8211; FILMA-V\" \/>\n<meta property=\"og:description\" content=\"mit variablem micro-USB Anschluss\" \/>\n<meta property=\"og:url\" content=\"https:\/\/filma-v.de\/?product=usb-dockingstation-mit-variablem-micro-usb-anschluss\" \/>\n<meta property=\"og:site_name\" content=\"FILMA-V\" \/>\n<meta property=\"article:modified_time\" content=\"2024-12-13T15:38:16+00:00\" \/>\n<meta property=\"og:image\" content=\"https:\/\/filma-v.de\/wp-content\/uploads\/2017\/02\/USB-Dockingstation.jpg\" \/>\n\t<meta property=\"og:image:width\" content=\"1500\" \/>\n\t<meta property=\"og:image:height\" content=\"1500\" \/>\n\t<meta property=\"og:image:type\" content=\"image\/jpeg\" \/>\n<meta name=\"twitter:card\" content=\"summary_large_image\" \/>\n<meta name=\"twitter:label1\" content=\"Gesch\u00e4tzte Lesezeit\" \/>\n\t<meta name=\"twitter:data1\" content=\"2\u00a0Minuten\" \/>\n<script type=\"application\/ld+json\" class=\"yoast-schema-graph\">{\"@context\":\"https:\/\/schema.org\",\"@graph\":[{\"@type\":\"WebPage\",\"@id\":\"https:\/\/filma-v.de\/?product=usb-dockingstation-mit-variablem-micro-usb-anschluss\",\"url\":\"https:\/\/filma-v.de\/?product=usb-dockingstation-mit-variablem-micro-usb-anschluss\",\"name\":\"USB Dockingstation &#8211; FILMA-V\",\"isPartOf\":{\"@id\":\"https:\/\/filma-v.de\/#website\"},\"primaryImageOfPage\":{\"@id\":\"https:\/\/filma-v.de\/?product=usb-dockingstation-mit-variablem-micro-usb-anschluss#primaryimage\"},\"image\":{\"@id\":\"https:\/\/filma-v.de\/?product=usb-dockingstation-mit-variablem-micro-usb-anschluss#primaryimage\"},\"thumbnailUrl\":\"https:\/\/filma-v.de\/wp-content\/uploads\/2017\/02\/USB-Dockingstation.jpg\",\"datePublished\":\"2017-02-22T14:12:20+00:00\",\"dateModified\":\"2024-12-13T15:38:16+00:00\",\"breadcrumb\":{\"@id\":\"https:\/\/filma-v.de\/?product=usb-dockingstation-mit-variablem-micro-usb-anschluss#breadcrumb\"},\"inLanguage\":\"de\",\"potentialAction\":[{\"@type\":\"ReadAction\",\"target\":[\"https:\/\/filma-v.de\/?product=usb-dockingstation-mit-variablem-micro-usb-anschluss\"]}]},{\"@type\":\"ImageObject\",\"inLanguage\":\"de\",\"@id\":\"https:\/\/filma-v.de\/?product=usb-dockingstation-mit-variablem-micro-usb-anschluss#primaryimage\",\"url\":\"https:\/\/filma-v.de\/wp-content\/uploads\/2017\/02\/USB-Dockingstation.jpg\",\"contentUrl\":\"https:\/\/filma-v.de\/wp-content\/uploads\/2017\/02\/USB-Dockingstation.jpg\",\"width\":1500,\"height\":1500,\"caption\":\"USB Dockingstation\"},{\"@type\":\"BreadcrumbList\",\"@id\":\"https:\/\/filma-v.de\/?product=usb-dockingstation-mit-variablem-micro-usb-anschluss#breadcrumb\",\"itemListElement\":[{\"@type\":\"ListItem\",\"position\":1,\"name\":\"Startseite\",\"item\":\"https:\/\/filma-v.de\/\"},{\"@type\":\"ListItem\",\"position\":2,\"name\":\"SHOP\",\"item\":\"https:\/\/filma-v.de\/?page_id=5\"},{\"@type\":\"ListItem\",\"position\":3,\"name\":\"USB Dockingstation\"}]},{\"@type\":\"WebSite\",\"@id\":\"https:\/\/filma-v.de\/#website\",\"url\":\"https:\/\/filma-v.de\/\",\"name\":\"FILMA-V\",\"description\":\"Sat, Kabel, Dreambox, Humax, Topfield, Dreambox, VU+, Kathrein, lnb, Sat-Erotik, PayTV, Anlagen, Sch\u00fcsseln, Satfinder &amp; Pay-TV, Outdoor M\u00f6bel\",\"potentialAction\":[{\"@type\":\"SearchAction\",\"target\":{\"@type\":\"EntryPoint\",\"urlTemplate\":\"https:\/\/filma-v.de\/?s={search_term_string}\"},\"query-input\":{\"@type\":\"PropertyValueSpecification\",\"valueRequired\":true,\"valueName\":\"search_term_string\"}}],\"inLanguage\":\"de\"}]}<\/script>\n<!-- \/ Yoast SEO plugin. -->","yoast_head_json":{"title":"USB Dockingstation &#8211; FILMA-V","robots":{"index":"index","follow":"follow","max-snippet":"max-snippet:-1","max-image-preview":"max-image-preview:large","max-video-preview":"max-video-preview:-1"},"canonical":"https:\/\/filma-v.de\/?product=usb-dockingstation-mit-variablem-micro-usb-anschluss","og_locale":"de_DE","og_type":"article","og_title":"USB Dockingstation &#8211; FILMA-V","og_description":"mit variablem micro-USB Anschluss","og_url":"https:\/\/filma-v.de\/?product=usb-dockingstation-mit-variablem-micro-usb-anschluss","og_site_name":"FILMA-V","article_modified_time":"2024-12-13T15:38:16+00:00","og_image":[{"width":1500,"height":1500,"url":"https:\/\/filma-v.de\/wp-content\/uploads\/2017\/02\/USB-Dockingstation.jpg","type":"image\/jpeg"}],"twitter_card":"summary_large_image","twitter_misc":{"Gesch\u00e4tzte Lesezeit":"2\u00a0Minuten"},"schema":{"@context":"https:\/\/schema.org","@graph":[{"@type":"WebPage","@id":"https:\/\/filma-v.de\/?product=usb-dockingstation-mit-variablem-micro-usb-anschluss","url":"https:\/\/filma-v.de\/?product=usb-dockingstation-mit-variablem-micro-usb-anschluss","name":"USB Dockingstation &#8211; FILMA-V","isPartOf":{"@id":"https:\/\/filma-v.de\/#website"},"primaryImageOfPage":{"@id":"https:\/\/filma-v.de\/?product=usb-dockingstation-mit-variablem-micro-usb-anschluss#primaryimage"},"image":{"@id":"https:\/\/filma-v.de\/?product=usb-dockingstation-mit-variablem-micro-usb-anschluss#primaryimage"},"thumbnailUrl":"https:\/\/filma-v.de\/wp-content\/uploads\/2017\/02\/USB-Dockingstation.jpg","datePublished":"2017-02-22T14:12:20+00:00","dateModified":"2024-12-13T15:38:16+00:00","breadcrumb":{"@id":"https:\/\/filma-v.de\/?product=usb-dockingstation-mit-variablem-micro-usb-anschluss#breadcrumb"},"inLanguage":"de","potentialAction":[{"@type":"ReadAction","target":["https:\/\/filma-v.de\/?product=usb-dockingstation-mit-variablem-micro-usb-anschluss"]}]},{"@type":"ImageObject","inLanguage":"de","@id":"https:\/\/filma-v.de\/?product=usb-dockingstation-mit-variablem-micro-usb-anschluss#primaryimage","url":"https:\/\/filma-v.de\/wp-content\/uploads\/2017\/02\/USB-Dockingstation.jpg","contentUrl":"https:\/\/filma-v.de\/wp-content\/uploads\/2017\/02\/USB-Dockingstation.jpg","width":1500,"height":1500,"caption":"USB Dockingstation"},{"@type":"BreadcrumbList","@id":"https:\/\/filma-v.de\/?product=usb-dockingstation-mit-variablem-micro-usb-anschluss#breadcrumb","itemListElement":[{"@type":"ListItem","position":1,"name":"Startseite","item":"https:\/\/filma-v.de\/"},{"@type":"ListItem","position":2,"name":"SHOP","item":"https:\/\/filma-v.de\/?page_id=5"},{"@type":"ListItem","position":3,"name":"USB Dockingstation"}]},{"@type":"WebSite","@id":"https:\/\/filma-v.de\/#website","url":"https:\/\/filma-v.de\/","name":"FILMA-V","description":"Sat, Kabel, Dreambox, Humax, Topfield, Dreambox, VU+, Kathrein, lnb, Sat-Erotik, PayTV, Anlagen, Sch\u00fcsseln, Satfinder &amp; Pay-TV, Outdoor M\u00f6bel","potentialAction":[{"@type":"SearchAction","target":{"@type":"EntryPoint","urlTemplate":"https:\/\/filma-v.de\/?s={search_term_string}"},"query-input":{"@type":"PropertyValueSpecification","valueRequired":true,"valueName":"search_term_string"}}],"inLanguage":"de"}]}},"_links":{"self":[{"href":"https:\/\/filma-v.de\/index.php?rest_route=\/wp\/v2\/product\/436","targetHints":{"allow":["GET"]}}],"collection":[{"href":"https:\/\/filma-v.de\/index.php?rest_route=\/wp\/v2\/product"}],"about":[{"href":"https:\/\/filma-v.de\/index.php?rest_route=\/wp\/v2\/types\/product"}],"wp:featuredmedia":[{"embeddable":true,"href":"https:\/\/filma-v.de\/index.php?rest_route=\/wp\/v2\/media\/1626"}],"wp:attachment":[{"href":"https:\/\/filma-v.de\/index.php?rest_route=%2Fwp%2Fv2%2Fmedia&parent=436"}],"wp:term":[{"taxonomy":"product_cat","embeddable":true,"href":"https:\/\/filma-v.de\/index.php?rest_route=%2Fwp%2Fv2%2Fproduct_cat&post=436"},{"taxonomy":"product_tag","embeddable":true,"href":"https:\/\/filma-v.de\/index.php?rest_route=%2Fwp%2Fv2%2Fproduct_tag&post=436"}],"curies":[{"name":"wp","href":"https:\/\/api.w.org\/{rel}","templated":true}]}}