{"id":450,"date":"2017-02-22T15:38:38","date_gmt":"2017-02-22T14:38:38","guid":{"rendered":"http:\/\/cipciop.de\/?post_type=product&#038;p=450"},"modified":"2024-12-13T16:37:43","modified_gmt":"2024-12-13T15:37:43","slug":"slim-universalhalter-fuer-den-lueftungsschacht","status":"publish","type":"product","link":"https:\/\/filma-v.de\/?product=slim-universalhalter-fuer-den-lueftungsschacht","title":{"rendered":"Slim Universalhalter f\u00fcr den Auto-L\u00fcftungsschacht"},"content":{"rendered":"<div class=\"wpb-content-wrapper\"><p>[vc_row][vc_column][vc_row_inner][vc_column_inner][vc_column_text]Federmechanismus erlaubt Ger\u00e4tegr\u00f6\u00dfe Anpassung von 51 &#8211; 90 mm.<br \/>\nDie Befestigung in den Lamellen des L\u00fcftungsschlitzes garantieren einen sicheren Halt.<br \/>\nGummierte Seitenteile sch\u00fctzen vor Kratzern.<br \/>\nErm\u00f6glicht einen uneingeschr\u00e4nkten Zugriff auf Anschl\u00fcsse und Bedienelemente.[\/vc_column_text][\/vc_column_inner][\/vc_row_inner][vc_separator style=&#8221;dotted&#8221; border_width=&#8221;2&#8243;][vc_tta_tabs][vc_tta_section title=&#8221;Artikelbeschreibung&#8221; tab_id=&#8221;1464382921179-156eb823-8f811f9e-a2dd6a2b-e5048810-9c62&#8243;][vc_column_text]Farbe: Schwarz[\/vc_column_text][\/vc_tta_section][vc_tta_section title=&#8221;Lieferumfang&#8221; tab_id=&#8221;1464383140502-4eb41e34-4e471f9e-a2dd6a2b-e5048810-9c62&#8243;][vc_column_text]1x Slim Universalhalter<br \/>\n[\/vc_column_text][\/vc_tta_section][\/vc_tta_tabs][\/vc_column][\/vc_row]<\/p>\n<\/div>","protected":false},"excerpt":{"rendered":"<p>[vc_row][vc_column][vc_row_inner][vc_column_inner][vc_column_text]Federmechanismus erlaubt Ger\u00e4tegr\u00f6\u00dfe Anpassung von 51 &#8211; 90 mm. Die Befestigung in den Lamellen des L\u00fcftungsschlitzes garantieren einen sicheren Halt. Gummierte Seitenteile sch\u00fctzen vor Kratzern. Erm\u00f6glicht einen uneingeschr\u00e4nkten Zugriff auf Anschl\u00fcsse und<a class=\"moretag\" href=\"https:\/\/filma-v.de\/?product=slim-universalhalter-fuer-den-lueftungsschacht\">Weiterlesen&#8230;<\/a><\/p>\n","protected":false},"featured_media":1621,"template":"","meta":[],"product_cat":[92],"product_tag":[],"class_list":{"0":"post-450","1":"product","2":"type-product","3":"status-publish","4":"has-post-thumbnail","6":"product_cat-handyzubehoer","7":"product_shipping_class-gls","8":"product_brand-goobay","10":"first","11":"instock","12":"shipping-taxable","13":"purchasable","14":"product-type-simple"},"yoast_head":"<!-- This site is optimized with the Yoast SEO plugin v23.8 - https:\/\/yoast.com\/wordpress\/plugins\/seo\/ -->\n<title>Slim Universalhalter f\u00fcr den Auto-L\u00fcftungsschacht &#8211; FILMA-V<\/title>\n<meta name=\"robots\" content=\"index, follow, max-snippet:-1, max-image-preview:large, max-video-preview:-1\" \/>\n<link rel=\"canonical\" href=\"https:\/\/filma-v.de\/?product=slim-universalhalter-fuer-den-lueftungsschacht\" \/>\n<meta property=\"og:locale\" content=\"de_DE\" \/>\n<meta property=\"og:type\" content=\"article\" \/>\n<meta property=\"og:title\" content=\"Slim Universalhalter f\u00fcr den Auto-L\u00fcftungsschacht &#8211; FILMA-V\" \/>\n<meta property=\"og:description\" content=\"[vc_row][vc_column][vc_row_inner][vc_column_inner][vc_column_text]Federmechanismus erlaubt Ger\u00e4tegr\u00f6\u00dfe Anpassung von 51 &#8211; 90 mm. Die Befestigung in den Lamellen des L\u00fcftungsschlitzes garantieren einen sicheren Halt. Gummierte Seitenteile sch\u00fctzen vor Kratzern. Erm\u00f6glicht einen uneingeschr\u00e4nkten Zugriff auf Anschl\u00fcsse undWeiterlesen...\" \/>\n<meta property=\"og:url\" content=\"https:\/\/filma-v.de\/?product=slim-universalhalter-fuer-den-lueftungsschacht\" \/>\n<meta property=\"og:site_name\" content=\"FILMA-V\" \/>\n<meta property=\"article:modified_time\" content=\"2024-12-13T15:37:43+00:00\" \/>\n<meta property=\"og:image\" content=\"https:\/\/filma-v.de\/wp-content\/uploads\/2017\/02\/Slim-Universalhalter-f\u00fcr-den-L\u00fcftungsschacht.jpg\" \/>\n\t<meta property=\"og:image:width\" content=\"1500\" \/>\n\t<meta property=\"og:image:height\" content=\"1500\" \/>\n\t<meta property=\"og:image:type\" content=\"image\/jpeg\" \/>\n<meta name=\"twitter:card\" content=\"summary_large_image\" \/>\n<meta name=\"twitter:label1\" content=\"Gesch\u00e4tzte Lesezeit\" \/>\n\t<meta name=\"twitter:data1\" content=\"1\u00a0Minute\" \/>\n<script type=\"application\/ld+json\" class=\"yoast-schema-graph\">{\"@context\":\"https:\/\/schema.org\",\"@graph\":[{\"@type\":\"WebPage\",\"@id\":\"https:\/\/filma-v.de\/?product=slim-universalhalter-fuer-den-lueftungsschacht\",\"url\":\"https:\/\/filma-v.de\/?product=slim-universalhalter-fuer-den-lueftungsschacht\",\"name\":\"Slim Universalhalter f\u00fcr den Auto-L\u00fcftungsschacht &#8211; FILMA-V\",\"isPartOf\":{\"@id\":\"https:\/\/filma-v.de\/#website\"},\"primaryImageOfPage\":{\"@id\":\"https:\/\/filma-v.de\/?product=slim-universalhalter-fuer-den-lueftungsschacht#primaryimage\"},\"image\":{\"@id\":\"https:\/\/filma-v.de\/?product=slim-universalhalter-fuer-den-lueftungsschacht#primaryimage\"},\"thumbnailUrl\":\"https:\/\/filma-v.de\/wp-content\/uploads\/2017\/02\/Slim-Universalhalter-f\u00fcr-den-L\u00fcftungsschacht.jpg\",\"datePublished\":\"2017-02-22T14:38:38+00:00\",\"dateModified\":\"2024-12-13T15:37:43+00:00\",\"breadcrumb\":{\"@id\":\"https:\/\/filma-v.de\/?product=slim-universalhalter-fuer-den-lueftungsschacht#breadcrumb\"},\"inLanguage\":\"de\",\"potentialAction\":[{\"@type\":\"ReadAction\",\"target\":[\"https:\/\/filma-v.de\/?product=slim-universalhalter-fuer-den-lueftungsschacht\"]}]},{\"@type\":\"ImageObject\",\"inLanguage\":\"de\",\"@id\":\"https:\/\/filma-v.de\/?product=slim-universalhalter-fuer-den-lueftungsschacht#primaryimage\",\"url\":\"https:\/\/filma-v.de\/wp-content\/uploads\/2017\/02\/Slim-Universalhalter-f\u00fcr-den-L\u00fcftungsschacht.jpg\",\"contentUrl\":\"https:\/\/filma-v.de\/wp-content\/uploads\/2017\/02\/Slim-Universalhalter-f\u00fcr-den-L\u00fcftungsschacht.jpg\",\"width\":1500,\"height\":1500,\"caption\":\"Slim Universalhalter f\u00fcr den L\u00fcftungsschacht\"},{\"@type\":\"BreadcrumbList\",\"@id\":\"https:\/\/filma-v.de\/?product=slim-universalhalter-fuer-den-lueftungsschacht#breadcrumb\",\"itemListElement\":[{\"@type\":\"ListItem\",\"position\":1,\"name\":\"Startseite\",\"item\":\"https:\/\/filma-v.de\/\"},{\"@type\":\"ListItem\",\"position\":2,\"name\":\"SHOP\",\"item\":\"https:\/\/filma-v.de\/?page_id=5\"},{\"@type\":\"ListItem\",\"position\":3,\"name\":\"Slim Universalhalter f\u00fcr den Auto-L\u00fcftungsschacht\"}]},{\"@type\":\"WebSite\",\"@id\":\"https:\/\/filma-v.de\/#website\",\"url\":\"https:\/\/filma-v.de\/\",\"name\":\"FILMA-V\",\"description\":\"Sat, Kabel, Dreambox, Humax, Topfield, Dreambox, VU+, Kathrein, lnb, Sat-Erotik, PayTV, Anlagen, Sch\u00fcsseln, Satfinder &amp; Pay-TV, Outdoor M\u00f6bel\",\"potentialAction\":[{\"@type\":\"SearchAction\",\"target\":{\"@type\":\"EntryPoint\",\"urlTemplate\":\"https:\/\/filma-v.de\/?s={search_term_string}\"},\"query-input\":{\"@type\":\"PropertyValueSpecification\",\"valueRequired\":true,\"valueName\":\"search_term_string\"}}],\"inLanguage\":\"de\"}]}<\/script>\n<!-- \/ Yoast SEO plugin. -->","yoast_head_json":{"title":"Slim Universalhalter f\u00fcr den Auto-L\u00fcftungsschacht &#8211; FILMA-V","robots":{"index":"index","follow":"follow","max-snippet":"max-snippet:-1","max-image-preview":"max-image-preview:large","max-video-preview":"max-video-preview:-1"},"canonical":"https:\/\/filma-v.de\/?product=slim-universalhalter-fuer-den-lueftungsschacht","og_locale":"de_DE","og_type":"article","og_title":"Slim Universalhalter f\u00fcr den Auto-L\u00fcftungsschacht &#8211; FILMA-V","og_description":"[vc_row][vc_column][vc_row_inner][vc_column_inner][vc_column_text]Federmechanismus erlaubt Ger\u00e4tegr\u00f6\u00dfe Anpassung von 51 &#8211; 90 mm. Die Befestigung in den Lamellen des L\u00fcftungsschlitzes garantieren einen sicheren Halt. Gummierte Seitenteile sch\u00fctzen vor Kratzern. Erm\u00f6glicht einen uneingeschr\u00e4nkten Zugriff auf Anschl\u00fcsse undWeiterlesen...","og_url":"https:\/\/filma-v.de\/?product=slim-universalhalter-fuer-den-lueftungsschacht","og_site_name":"FILMA-V","article_modified_time":"2024-12-13T15:37:43+00:00","og_image":[{"width":1500,"height":1500,"url":"https:\/\/filma-v.de\/wp-content\/uploads\/2017\/02\/Slim-Universalhalter-f\u00fcr-den-L\u00fcftungsschacht.jpg","type":"image\/jpeg"}],"twitter_card":"summary_large_image","twitter_misc":{"Gesch\u00e4tzte Lesezeit":"1\u00a0Minute"},"schema":{"@context":"https:\/\/schema.org","@graph":[{"@type":"WebPage","@id":"https:\/\/filma-v.de\/?product=slim-universalhalter-fuer-den-lueftungsschacht","url":"https:\/\/filma-v.de\/?product=slim-universalhalter-fuer-den-lueftungsschacht","name":"Slim Universalhalter f\u00fcr den Auto-L\u00fcftungsschacht &#8211; FILMA-V","isPartOf":{"@id":"https:\/\/filma-v.de\/#website"},"primaryImageOfPage":{"@id":"https:\/\/filma-v.de\/?product=slim-universalhalter-fuer-den-lueftungsschacht#primaryimage"},"image":{"@id":"https:\/\/filma-v.de\/?product=slim-universalhalter-fuer-den-lueftungsschacht#primaryimage"},"thumbnailUrl":"https:\/\/filma-v.de\/wp-content\/uploads\/2017\/02\/Slim-Universalhalter-f\u00fcr-den-L\u00fcftungsschacht.jpg","datePublished":"2017-02-22T14:38:38+00:00","dateModified":"2024-12-13T15:37:43+00:00","breadcrumb":{"@id":"https:\/\/filma-v.de\/?product=slim-universalhalter-fuer-den-lueftungsschacht#breadcrumb"},"inLanguage":"de","potentialAction":[{"@type":"ReadAction","target":["https:\/\/filma-v.de\/?product=slim-universalhalter-fuer-den-lueftungsschacht"]}]},{"@type":"ImageObject","inLanguage":"de","@id":"https:\/\/filma-v.de\/?product=slim-universalhalter-fuer-den-lueftungsschacht#primaryimage","url":"https:\/\/filma-v.de\/wp-content\/uploads\/2017\/02\/Slim-Universalhalter-f\u00fcr-den-L\u00fcftungsschacht.jpg","contentUrl":"https:\/\/filma-v.de\/wp-content\/uploads\/2017\/02\/Slim-Universalhalter-f\u00fcr-den-L\u00fcftungsschacht.jpg","width":1500,"height":1500,"caption":"Slim Universalhalter f\u00fcr den L\u00fcftungsschacht"},{"@type":"BreadcrumbList","@id":"https:\/\/filma-v.de\/?product=slim-universalhalter-fuer-den-lueftungsschacht#breadcrumb","itemListElement":[{"@type":"ListItem","position":1,"name":"Startseite","item":"https:\/\/filma-v.de\/"},{"@type":"ListItem","position":2,"name":"SHOP","item":"https:\/\/filma-v.de\/?page_id=5"},{"@type":"ListItem","position":3,"name":"Slim Universalhalter f\u00fcr den Auto-L\u00fcftungsschacht"}]},{"@type":"WebSite","@id":"https:\/\/filma-v.de\/#website","url":"https:\/\/filma-v.de\/","name":"FILMA-V","description":"Sat, Kabel, Dreambox, Humax, Topfield, Dreambox, VU+, Kathrein, lnb, Sat-Erotik, PayTV, Anlagen, Sch\u00fcsseln, Satfinder &amp; Pay-TV, Outdoor M\u00f6bel","potentialAction":[{"@type":"SearchAction","target":{"@type":"EntryPoint","urlTemplate":"https:\/\/filma-v.de\/?s={search_term_string}"},"query-input":{"@type":"PropertyValueSpecification","valueRequired":true,"valueName":"search_term_string"}}],"inLanguage":"de"}]}},"_links":{"self":[{"href":"https:\/\/filma-v.de\/index.php?rest_route=\/wp\/v2\/product\/450","targetHints":{"allow":["GET"]}}],"collection":[{"href":"https:\/\/filma-v.de\/index.php?rest_route=\/wp\/v2\/product"}],"about":[{"href":"https:\/\/filma-v.de\/index.php?rest_route=\/wp\/v2\/types\/product"}],"wp:featuredmedia":[{"embeddable":true,"href":"https:\/\/filma-v.de\/index.php?rest_route=\/wp\/v2\/media\/1621"}],"wp:attachment":[{"href":"https:\/\/filma-v.de\/index.php?rest_route=%2Fwp%2Fv2%2Fmedia&parent=450"}],"wp:term":[{"taxonomy":"product_cat","embeddable":true,"href":"https:\/\/filma-v.de\/index.php?rest_route=%2Fwp%2Fv2%2Fproduct_cat&post=450"},{"taxonomy":"product_tag","embeddable":true,"href":"https:\/\/filma-v.de\/index.php?rest_route=%2Fwp%2Fv2%2Fproduct_tag&post=450"}],"curies":[{"name":"wp","href":"https:\/\/api.w.org\/{rel}","templated":true}]}}