{"id":4526,"date":"2024-05-07T13:53:03","date_gmt":"2024-05-07T11:53:03","guid":{"rendered":"https:\/\/filma-v.de\/?post_type=product&#038;p=4526"},"modified":"2026-04-16T14:24:42","modified_gmt":"2026-04-16T12:24:42","slug":"digiquest-q80-4k-combo-mit-aktivierter-tivusat-karte","status":"publish","type":"product","link":"https:\/\/filma-v.de\/?product=digiquest-q80-4k-combo-mit-aktivierter-tivusat-karte","title":{"rendered":"DigiQuest Q80 4K Combo mit aktivierter Tivusat Karte"},"content":{"rendered":"<div class=\"wpb-content-wrapper\"><p>[vc_row][vc_column][vc_tta_tabs][vc_tta_section title=&#8221;Beschreibung&#8221; tab_id=&#8221;1464382921179-156eb823-8f817252-e19700ce-dd14&#8243;][vc_column_text]DVB-S2 digitaler Satellitenreceiver | terrestrisch DVB-T2 HEVC Main 10 (10bit)<br \/>\nVideoaufl\u00f6sung bis zu 4K Ultra HD (UHD)<br \/>\nAlphanumerisches Display mit Zeitanzeige im Standby<br \/>\n2 Nagravision-Smartcard-Leseger\u00e4te, die mit der Tiv\u00f9sat-Plattform und anderen Abonnements kompatibel sind.<br \/>\nFast-Boot-Funktion (schneller Neustart).<br \/>\nEs beschleunigt das Einschalten des Decoders und sorgt so f\u00fcr eine schnellere Anzeige.<br \/>\nMit der Schnellsuchfunktion k\u00f6nnen Sie nur die Kan\u00e4le einstellen, die zum Tiv\u00f9sat-Paket geh\u00f6ren, und so die Suche beschleunigen.<br \/>\nSpeicherbare TV- und Radiosender.<br \/>\nSchnelle Einrichtung und einfach zu bedienendes Men\u00fc.<br \/>\nMehrsprachiges Men\u00fc (Italienisch, Englisch).<br \/>\nEPG \u2013 Elektronischer TV-Programmf\u00fchrer.<br \/>\nAutomatische Aktualisierung der Tiv\u00f9sat-Kan\u00e4le.<br \/>\nAutomatische und manuelle Kanalsuche.<br \/>\nLCN \u2013 Suche mit automatischer Sortierung terrestrischer Sender und Konfliktmanagement.<br \/>\nAutomatische Aktualisierung terrestrischer Sender im Standby-Modus.<br \/>\nDolby Digital \/ Dolby Digital Plus-Audio.<br \/>\nVerschiedene Kanalfunktionen: Favoritenliste, Kindersicherung usw.<br \/>\nTimer und Videotext, Untertitel und Dual-Audio (falls verf\u00fcgbar)<br \/>\nVideoformat 16:9, 4:3,<br \/>\nAutomatisches Einschalten beim zuletzt angesehenen Kanal.<br \/>\nDiSEqC 1.0, 1.1, 1.2, USALS, SCR, dCSS und Universal<br \/>\nSoftware-Update \u00fcber OTA\/USB\/OTN\u00b3.[\/vc_column_text][\/vc_tta_section][vc_tta_section title=&#8221;Lieferumfang&#8221; tab_id=&#8221;1641382002136-0769a586-a34e&#8221;][vc_column_text]1x Digiquest Q80<br \/>\n1x aktivierte Tiv\u00f9sat Karte<br \/>\n1x Externe Stromversorgung<br \/>\n1x Fernbedienung[\/vc_column_text][\/vc_tta_section][\/vc_tta_tabs][vc_separator style=&#8221;dotted&#8221; border_width=&#8221;2&#8243;][\/vc_column][\/vc_row]<\/p>\n<\/div>","protected":false},"excerpt":{"rendered":"<p>Die mitgelieferte Tivusat-Karte kann NUR in diesem Receiver betrieben werden. Andere Ger\u00e4te zerst\u00f6ren den Chip.<\/p>\n<p>Hotbird und Astra bereits installiert.<\/p>\n<p>Mit diesem Receiver k\u00f6nnen Sie die kostenlosen Kan\u00e4le der tiv\u00f9sat-Plattform in 4K Ultra HD und HD, alle Free-To-Air-Satellitenkan\u00e4le und die des neuen digitalen terrestrischen DVB-T2 ansehen.<\/p>\n","protected":false},"featured_media":4527,"template":"","meta":[],"product_cat":[152,155,79,83,81,11,14],"product_tag":[],"class_list":{"0":"post-4526","1":"product","2":"type-product","3":"status-publish","4":"has-post-thumbnail","6":"product_cat-digiquest","7":"product_cat-digiquest-hdtv-receiver","8":"product_cat-receiver","9":"product_cat-satelliten-receiver","10":"product_cat-hdtv-receiver","11":"product_cat-tivusat","12":"product_cat-tivusat-receiver","13":"product_shipping_class-gls","14":"product_brand-digiquest","16":"first","17":"instock","18":"shipping-taxable","19":"purchasable","20":"product-type-simple"},"yoast_head":"<!-- This site is optimized with the Yoast SEO plugin v23.8 - https:\/\/yoast.com\/wordpress\/plugins\/seo\/ -->\n<title>DigiQuest Q80 4K Combo mit aktivierter Tivusat Karte &#8211; FILMA-V<\/title>\n<meta name=\"description\" content=\"DigiQuest Q80 4K Combo mit aktivierter Tivusat Karte filma firma ulm urm italien fernsehen prepaid karte ricevitore receiver\" \/>\n<meta name=\"robots\" content=\"index, follow, max-snippet:-1, max-image-preview:large, max-video-preview:-1\" \/>\n<link rel=\"canonical\" href=\"https:\/\/filma-v.de\/?product=digiquest-q80-4k-combo-mit-aktivierter-tivusat-karte\" \/>\n<meta property=\"og:locale\" content=\"de_DE\" \/>\n<meta property=\"og:type\" content=\"article\" \/>\n<meta property=\"og:title\" content=\"DigiQuest Q80 4K Combo mit aktivierter Tivusat Karte &#8211; FILMA-V\" \/>\n<meta property=\"og:description\" content=\"DigiQuest Q80 4K Combo mit aktivierter Tivusat Karte filma firma ulm urm italien fernsehen prepaid karte ricevitore receiver\" \/>\n<meta property=\"og:url\" content=\"https:\/\/filma-v.de\/?product=digiquest-q80-4k-combo-mit-aktivierter-tivusat-karte\" \/>\n<meta property=\"og:site_name\" content=\"FILMA-V\" \/>\n<meta property=\"article:modified_time\" content=\"2026-04-16T12:24:42+00:00\" \/>\n<meta property=\"og:image\" content=\"https:\/\/filma-v.de\/wp-content\/uploads\/2024\/05\/Q80-4K-Karton.jpg\" \/>\n\t<meta property=\"og:image:width\" content=\"393\" \/>\n\t<meta property=\"og:image:height\" content=\"319\" \/>\n\t<meta property=\"og:image:type\" content=\"image\/jpeg\" \/>\n<meta name=\"twitter:card\" content=\"summary_large_image\" \/>\n<meta name=\"twitter:label1\" content=\"Gesch\u00e4tzte Lesezeit\" \/>\n\t<meta name=\"twitter:data1\" content=\"2\u00a0Minuten\" \/>\n<script type=\"application\/ld+json\" class=\"yoast-schema-graph\">{\"@context\":\"https:\/\/schema.org\",\"@graph\":[{\"@type\":\"WebPage\",\"@id\":\"https:\/\/filma-v.de\/?product=digiquest-q80-4k-combo-mit-aktivierter-tivusat-karte\",\"url\":\"https:\/\/filma-v.de\/?product=digiquest-q80-4k-combo-mit-aktivierter-tivusat-karte\",\"name\":\"DigiQuest Q80 4K Combo mit aktivierter Tivusat Karte &#8211; FILMA-V\",\"isPartOf\":{\"@id\":\"https:\/\/filma-v.de\/#website\"},\"primaryImageOfPage\":{\"@id\":\"https:\/\/filma-v.de\/?product=digiquest-q80-4k-combo-mit-aktivierter-tivusat-karte#primaryimage\"},\"image\":{\"@id\":\"https:\/\/filma-v.de\/?product=digiquest-q80-4k-combo-mit-aktivierter-tivusat-karte#primaryimage\"},\"thumbnailUrl\":\"https:\/\/filma-v.de\/wp-content\/uploads\/2024\/05\/Q80-4K-Karton.jpg\",\"datePublished\":\"2024-05-07T11:53:03+00:00\",\"dateModified\":\"2026-04-16T12:24:42+00:00\",\"description\":\"DigiQuest Q80 4K Combo mit aktivierter Tivusat Karte filma firma ulm urm italien fernsehen prepaid karte ricevitore receiver\",\"breadcrumb\":{\"@id\":\"https:\/\/filma-v.de\/?product=digiquest-q80-4k-combo-mit-aktivierter-tivusat-karte#breadcrumb\"},\"inLanguage\":\"de\",\"potentialAction\":[{\"@type\":\"ReadAction\",\"target\":[\"https:\/\/filma-v.de\/?product=digiquest-q80-4k-combo-mit-aktivierter-tivusat-karte\"]}]},{\"@type\":\"ImageObject\",\"inLanguage\":\"de\",\"@id\":\"https:\/\/filma-v.de\/?product=digiquest-q80-4k-combo-mit-aktivierter-tivusat-karte#primaryimage\",\"url\":\"https:\/\/filma-v.de\/wp-content\/uploads\/2024\/05\/Q80-4K-Karton.jpg\",\"contentUrl\":\"https:\/\/filma-v.de\/wp-content\/uploads\/2024\/05\/Q80-4K-Karton.jpg\",\"width\":393,\"height\":319},{\"@type\":\"BreadcrumbList\",\"@id\":\"https:\/\/filma-v.de\/?product=digiquest-q80-4k-combo-mit-aktivierter-tivusat-karte#breadcrumb\",\"itemListElement\":[{\"@type\":\"ListItem\",\"position\":1,\"name\":\"Startseite\",\"item\":\"https:\/\/filma-v.de\/\"},{\"@type\":\"ListItem\",\"position\":2,\"name\":\"SHOP\",\"item\":\"https:\/\/filma-v.de\/?page_id=5\"},{\"@type\":\"ListItem\",\"position\":3,\"name\":\"DigiQuest Q80 4K Combo mit aktivierter Tivusat Karte\"}]},{\"@type\":\"WebSite\",\"@id\":\"https:\/\/filma-v.de\/#website\",\"url\":\"https:\/\/filma-v.de\/\",\"name\":\"FILMA-V\",\"description\":\"Sat, Kabel, Dreambox, Humax, Topfield, Dreambox, VU+, Kathrein, lnb, Sat-Erotik, PayTV, Anlagen, Sch\u00fcsseln, Satfinder &amp; Pay-TV, Outdoor M\u00f6bel\",\"potentialAction\":[{\"@type\":\"SearchAction\",\"target\":{\"@type\":\"EntryPoint\",\"urlTemplate\":\"https:\/\/filma-v.de\/?s={search_term_string}\"},\"query-input\":{\"@type\":\"PropertyValueSpecification\",\"valueRequired\":true,\"valueName\":\"search_term_string\"}}],\"inLanguage\":\"de\"}]}<\/script>\n<!-- \/ Yoast SEO plugin. -->","yoast_head_json":{"title":"DigiQuest Q80 4K Combo mit aktivierter Tivusat Karte &#8211; FILMA-V","description":"DigiQuest Q80 4K Combo mit aktivierter Tivusat Karte filma firma ulm urm italien fernsehen prepaid karte ricevitore receiver","robots":{"index":"index","follow":"follow","max-snippet":"max-snippet:-1","max-image-preview":"max-image-preview:large","max-video-preview":"max-video-preview:-1"},"canonical":"https:\/\/filma-v.de\/?product=digiquest-q80-4k-combo-mit-aktivierter-tivusat-karte","og_locale":"de_DE","og_type":"article","og_title":"DigiQuest Q80 4K Combo mit aktivierter Tivusat Karte &#8211; FILMA-V","og_description":"DigiQuest Q80 4K Combo mit aktivierter Tivusat Karte filma firma ulm urm italien fernsehen prepaid karte ricevitore receiver","og_url":"https:\/\/filma-v.de\/?product=digiquest-q80-4k-combo-mit-aktivierter-tivusat-karte","og_site_name":"FILMA-V","article_modified_time":"2026-04-16T12:24:42+00:00","og_image":[{"width":393,"height":319,"url":"https:\/\/filma-v.de\/wp-content\/uploads\/2024\/05\/Q80-4K-Karton.jpg","type":"image\/jpeg"}],"twitter_card":"summary_large_image","twitter_misc":{"Gesch\u00e4tzte Lesezeit":"2\u00a0Minuten"},"schema":{"@context":"https:\/\/schema.org","@graph":[{"@type":"WebPage","@id":"https:\/\/filma-v.de\/?product=digiquest-q80-4k-combo-mit-aktivierter-tivusat-karte","url":"https:\/\/filma-v.de\/?product=digiquest-q80-4k-combo-mit-aktivierter-tivusat-karte","name":"DigiQuest Q80 4K Combo mit aktivierter Tivusat Karte &#8211; FILMA-V","isPartOf":{"@id":"https:\/\/filma-v.de\/#website"},"primaryImageOfPage":{"@id":"https:\/\/filma-v.de\/?product=digiquest-q80-4k-combo-mit-aktivierter-tivusat-karte#primaryimage"},"image":{"@id":"https:\/\/filma-v.de\/?product=digiquest-q80-4k-combo-mit-aktivierter-tivusat-karte#primaryimage"},"thumbnailUrl":"https:\/\/filma-v.de\/wp-content\/uploads\/2024\/05\/Q80-4K-Karton.jpg","datePublished":"2024-05-07T11:53:03+00:00","dateModified":"2026-04-16T12:24:42+00:00","description":"DigiQuest Q80 4K Combo mit aktivierter Tivusat Karte filma firma ulm urm italien fernsehen prepaid karte ricevitore receiver","breadcrumb":{"@id":"https:\/\/filma-v.de\/?product=digiquest-q80-4k-combo-mit-aktivierter-tivusat-karte#breadcrumb"},"inLanguage":"de","potentialAction":[{"@type":"ReadAction","target":["https:\/\/filma-v.de\/?product=digiquest-q80-4k-combo-mit-aktivierter-tivusat-karte"]}]},{"@type":"ImageObject","inLanguage":"de","@id":"https:\/\/filma-v.de\/?product=digiquest-q80-4k-combo-mit-aktivierter-tivusat-karte#primaryimage","url":"https:\/\/filma-v.de\/wp-content\/uploads\/2024\/05\/Q80-4K-Karton.jpg","contentUrl":"https:\/\/filma-v.de\/wp-content\/uploads\/2024\/05\/Q80-4K-Karton.jpg","width":393,"height":319},{"@type":"BreadcrumbList","@id":"https:\/\/filma-v.de\/?product=digiquest-q80-4k-combo-mit-aktivierter-tivusat-karte#breadcrumb","itemListElement":[{"@type":"ListItem","position":1,"name":"Startseite","item":"https:\/\/filma-v.de\/"},{"@type":"ListItem","position":2,"name":"SHOP","item":"https:\/\/filma-v.de\/?page_id=5"},{"@type":"ListItem","position":3,"name":"DigiQuest Q80 4K Combo mit aktivierter Tivusat Karte"}]},{"@type":"WebSite","@id":"https:\/\/filma-v.de\/#website","url":"https:\/\/filma-v.de\/","name":"FILMA-V","description":"Sat, Kabel, Dreambox, Humax, Topfield, Dreambox, VU+, Kathrein, lnb, Sat-Erotik, PayTV, Anlagen, Sch\u00fcsseln, Satfinder &amp; Pay-TV, Outdoor M\u00f6bel","potentialAction":[{"@type":"SearchAction","target":{"@type":"EntryPoint","urlTemplate":"https:\/\/filma-v.de\/?s={search_term_string}"},"query-input":{"@type":"PropertyValueSpecification","valueRequired":true,"valueName":"search_term_string"}}],"inLanguage":"de"}]}},"_links":{"self":[{"href":"https:\/\/filma-v.de\/index.php?rest_route=\/wp\/v2\/product\/4526","targetHints":{"allow":["GET"]}}],"collection":[{"href":"https:\/\/filma-v.de\/index.php?rest_route=\/wp\/v2\/product"}],"about":[{"href":"https:\/\/filma-v.de\/index.php?rest_route=\/wp\/v2\/types\/product"}],"wp:featuredmedia":[{"embeddable":true,"href":"https:\/\/filma-v.de\/index.php?rest_route=\/wp\/v2\/media\/4527"}],"wp:attachment":[{"href":"https:\/\/filma-v.de\/index.php?rest_route=%2Fwp%2Fv2%2Fmedia&parent=4526"}],"wp:term":[{"taxonomy":"product_cat","embeddable":true,"href":"https:\/\/filma-v.de\/index.php?rest_route=%2Fwp%2Fv2%2Fproduct_cat&post=4526"},{"taxonomy":"product_tag","embeddable":true,"href":"https:\/\/filma-v.de\/index.php?rest_route=%2Fwp%2Fv2%2Fproduct_tag&post=4526"}],"curies":[{"name":"wp","href":"https:\/\/api.w.org\/{rel}","templated":true}]}}