{"id":4872,"date":"2026-03-24T10:08:47","date_gmt":"2026-03-24T09:08:47","guid":{"rendered":"https:\/\/filma-v.de\/?post_type=product&#038;p=4872"},"modified":"2026-03-24T10:25:35","modified_gmt":"2026-03-24T09:25:35","slug":"tivusat-hd-we-cam-die-letzten-zwei-abbildung-aehnlich","status":"publish","type":"product","link":"https:\/\/filma-v.de\/?product=tivusat-hd-we-cam-die-letzten-zwei-abbildung-aehnlich","title":{"rendered":"Tivusat HD WE cam -die letzten zwei- Abbildung  \u00e4hnlich"},"content":{"rendered":"<div class=\"wpb-content-wrapper\"><p>[vc_row][vc_column][vc_tta_tabs][vc_tta_section title=&#8221;Artikelbeschreibung&#8221; tab_id=&#8221;1464382921179-156eb823-8f811f9e-a2ddce67-45c488ad-80fa&#8221;][vc_column_text css=&#8221;&#8221;]Dank der tiv\u00f9sat HD-zertifizierten WE CAM k\u00f6nnen Sie alle Kan\u00e4le auf der tiv\u00f9sat-Satellitenplattform sehen.\u00a0 Viele freie nationale und internationale Kan\u00e4le.<\/p>\n<p>Die Karte ist in dieser Lieferung nicht enthalten!<\/p>\n<p>[\/vc_column_text][\/vc_tta_section][vc_tta_section title=&#8221;Lieferumfang&#8221; tab_id=&#8221;1464383140502-4eb41e34-4e471f9e-a2ddce67-45c488ad-80fa&#8221;][vc_column_text css=&#8221;&#8221;]1 x Tiv\u00fasat Cam[\/vc_column_text][\/vc_tta_section][\/vc_tta_tabs][vc_separator style=&#8221;dotted&#8221; border_width=&#8221;2&#8243;][\/vc_column][\/vc_row]<\/p>\n<\/div>","protected":false},"excerpt":{"rendered":"<p>Die smartcard Tiv\u00fasat ist NICHT enthalten!<\/p>\n","protected":false},"featured_media":3789,"template":"","meta":[],"product_cat":[11,13],"product_tag":[268],"class_list":{"0":"post-4872","1":"product","2":"type-product","3":"status-publish","4":"has-post-thumbnail","6":"product_cat-tivusat","7":"product_cat-tivusat-modul","8":"product_tag-via-avisio-18-00048-nettuno-39-06-985-7981","10":"first","11":"instock","12":"shipping-taxable","13":"purchasable","14":"product-type-simple"},"yoast_head":"<!-- This site is optimized with the Yoast SEO plugin v23.8 - https:\/\/yoast.com\/wordpress\/plugins\/seo\/ -->\n<title>Tivusat HD WE cam -die letzten zwei- Abbildung \u00e4hnlich &#8211; FILMA-V<\/title>\n<meta name=\"description\" content=\"Tivusat HD Smarcam HD filma firma italienische italia fernsehen RAI\" \/>\n<meta name=\"robots\" content=\"index, follow, max-snippet:-1, max-image-preview:large, max-video-preview:-1\" \/>\n<link rel=\"canonical\" href=\"https:\/\/filma-v.de\/?product=tivusat-hd-we-cam-die-letzten-zwei-abbildung-aehnlich\" \/>\n<meta property=\"og:locale\" content=\"de_DE\" \/>\n<meta property=\"og:type\" content=\"article\" \/>\n<meta property=\"og:title\" content=\"Tivusat HD WE cam -die letzten zwei- Abbildung \u00e4hnlich &#8211; FILMA-V\" \/>\n<meta property=\"og:description\" content=\"Tivusat HD Smarcam HD filma firma italienische italia fernsehen RAI\" \/>\n<meta property=\"og:url\" content=\"https:\/\/filma-v.de\/?product=tivusat-hd-we-cam-die-letzten-zwei-abbildung-aehnlich\" \/>\n<meta property=\"og:site_name\" content=\"FILMA-V\" \/>\n<meta property=\"article:modified_time\" content=\"2026-03-24T09:25:35+00:00\" \/>\n<meta property=\"og:image\" content=\"https:\/\/filma-v.de\/wp-content\/uploads\/2020\/12\/we-cam-int.png\" \/>\n\t<meta property=\"og:image:width\" content=\"565\" \/>\n\t<meta property=\"og:image:height\" content=\"667\" \/>\n\t<meta property=\"og:image:type\" content=\"image\/png\" \/>\n<meta name=\"twitter:card\" content=\"summary_large_image\" \/>\n<meta name=\"twitter:label1\" content=\"Gesch\u00e4tzte Lesezeit\" \/>\n\t<meta name=\"twitter:data1\" content=\"1\u00a0Minute\" \/>\n<script type=\"application\/ld+json\" class=\"yoast-schema-graph\">{\"@context\":\"https:\/\/schema.org\",\"@graph\":[{\"@type\":\"WebPage\",\"@id\":\"https:\/\/filma-v.de\/?product=tivusat-hd-we-cam-die-letzten-zwei-abbildung-aehnlich\",\"url\":\"https:\/\/filma-v.de\/?product=tivusat-hd-we-cam-die-letzten-zwei-abbildung-aehnlich\",\"name\":\"Tivusat HD WE cam -die letzten zwei- Abbildung \u00e4hnlich &#8211; FILMA-V\",\"isPartOf\":{\"@id\":\"https:\/\/filma-v.de\/#website\"},\"primaryImageOfPage\":{\"@id\":\"https:\/\/filma-v.de\/?product=tivusat-hd-we-cam-die-letzten-zwei-abbildung-aehnlich#primaryimage\"},\"image\":{\"@id\":\"https:\/\/filma-v.de\/?product=tivusat-hd-we-cam-die-letzten-zwei-abbildung-aehnlich#primaryimage\"},\"thumbnailUrl\":\"https:\/\/filma-v.de\/wp-content\/uploads\/2020\/12\/we-cam-int.png\",\"datePublished\":\"2026-03-24T09:08:47+00:00\",\"dateModified\":\"2026-03-24T09:25:35+00:00\",\"description\":\"Tivusat HD Smarcam HD filma firma italienische italia fernsehen RAI\",\"breadcrumb\":{\"@id\":\"https:\/\/filma-v.de\/?product=tivusat-hd-we-cam-die-letzten-zwei-abbildung-aehnlich#breadcrumb\"},\"inLanguage\":\"de\",\"potentialAction\":[{\"@type\":\"ReadAction\",\"target\":[\"https:\/\/filma-v.de\/?product=tivusat-hd-we-cam-die-letzten-zwei-abbildung-aehnlich\"]}]},{\"@type\":\"ImageObject\",\"inLanguage\":\"de\",\"@id\":\"https:\/\/filma-v.de\/?product=tivusat-hd-we-cam-die-letzten-zwei-abbildung-aehnlich#primaryimage\",\"url\":\"https:\/\/filma-v.de\/wp-content\/uploads\/2020\/12\/we-cam-int.png\",\"contentUrl\":\"https:\/\/filma-v.de\/wp-content\/uploads\/2020\/12\/we-cam-int.png\",\"width\":565,\"height\":667},{\"@type\":\"BreadcrumbList\",\"@id\":\"https:\/\/filma-v.de\/?product=tivusat-hd-we-cam-die-letzten-zwei-abbildung-aehnlich#breadcrumb\",\"itemListElement\":[{\"@type\":\"ListItem\",\"position\":1,\"name\":\"Startseite\",\"item\":\"https:\/\/filma-v.de\/\"},{\"@type\":\"ListItem\",\"position\":2,\"name\":\"SHOP\",\"item\":\"https:\/\/filma-v.de\/?page_id=5\"},{\"@type\":\"ListItem\",\"position\":3,\"name\":\"Tivusat HD WE cam -die letzten zwei- Abbildung \u00e4hnlich\"}]},{\"@type\":\"WebSite\",\"@id\":\"https:\/\/filma-v.de\/#website\",\"url\":\"https:\/\/filma-v.de\/\",\"name\":\"FILMA-V\",\"description\":\"Sat, Kabel, Dreambox, Humax, Topfield, Dreambox, VU+, Kathrein, lnb, Sat-Erotik, PayTV, Anlagen, Sch\u00fcsseln, Satfinder &amp; Pay-TV, Outdoor M\u00f6bel\",\"potentialAction\":[{\"@type\":\"SearchAction\",\"target\":{\"@type\":\"EntryPoint\",\"urlTemplate\":\"https:\/\/filma-v.de\/?s={search_term_string}\"},\"query-input\":{\"@type\":\"PropertyValueSpecification\",\"valueRequired\":true,\"valueName\":\"search_term_string\"}}],\"inLanguage\":\"de\"}]}<\/script>\n<!-- \/ Yoast SEO plugin. -->","yoast_head_json":{"title":"Tivusat HD WE cam -die letzten zwei- Abbildung \u00e4hnlich &#8211; FILMA-V","description":"Tivusat HD Smarcam HD filma firma italienische italia fernsehen RAI","robots":{"index":"index","follow":"follow","max-snippet":"max-snippet:-1","max-image-preview":"max-image-preview:large","max-video-preview":"max-video-preview:-1"},"canonical":"https:\/\/filma-v.de\/?product=tivusat-hd-we-cam-die-letzten-zwei-abbildung-aehnlich","og_locale":"de_DE","og_type":"article","og_title":"Tivusat HD WE cam -die letzten zwei- Abbildung \u00e4hnlich &#8211; FILMA-V","og_description":"Tivusat HD Smarcam HD filma firma italienische italia fernsehen RAI","og_url":"https:\/\/filma-v.de\/?product=tivusat-hd-we-cam-die-letzten-zwei-abbildung-aehnlich","og_site_name":"FILMA-V","article_modified_time":"2026-03-24T09:25:35+00:00","og_image":[{"width":565,"height":667,"url":"https:\/\/filma-v.de\/wp-content\/uploads\/2020\/12\/we-cam-int.png","type":"image\/png"}],"twitter_card":"summary_large_image","twitter_misc":{"Gesch\u00e4tzte Lesezeit":"1\u00a0Minute"},"schema":{"@context":"https:\/\/schema.org","@graph":[{"@type":"WebPage","@id":"https:\/\/filma-v.de\/?product=tivusat-hd-we-cam-die-letzten-zwei-abbildung-aehnlich","url":"https:\/\/filma-v.de\/?product=tivusat-hd-we-cam-die-letzten-zwei-abbildung-aehnlich","name":"Tivusat HD WE cam -die letzten zwei- Abbildung \u00e4hnlich &#8211; FILMA-V","isPartOf":{"@id":"https:\/\/filma-v.de\/#website"},"primaryImageOfPage":{"@id":"https:\/\/filma-v.de\/?product=tivusat-hd-we-cam-die-letzten-zwei-abbildung-aehnlich#primaryimage"},"image":{"@id":"https:\/\/filma-v.de\/?product=tivusat-hd-we-cam-die-letzten-zwei-abbildung-aehnlich#primaryimage"},"thumbnailUrl":"https:\/\/filma-v.de\/wp-content\/uploads\/2020\/12\/we-cam-int.png","datePublished":"2026-03-24T09:08:47+00:00","dateModified":"2026-03-24T09:25:35+00:00","description":"Tivusat HD Smarcam HD filma firma italienische italia fernsehen RAI","breadcrumb":{"@id":"https:\/\/filma-v.de\/?product=tivusat-hd-we-cam-die-letzten-zwei-abbildung-aehnlich#breadcrumb"},"inLanguage":"de","potentialAction":[{"@type":"ReadAction","target":["https:\/\/filma-v.de\/?product=tivusat-hd-we-cam-die-letzten-zwei-abbildung-aehnlich"]}]},{"@type":"ImageObject","inLanguage":"de","@id":"https:\/\/filma-v.de\/?product=tivusat-hd-we-cam-die-letzten-zwei-abbildung-aehnlich#primaryimage","url":"https:\/\/filma-v.de\/wp-content\/uploads\/2020\/12\/we-cam-int.png","contentUrl":"https:\/\/filma-v.de\/wp-content\/uploads\/2020\/12\/we-cam-int.png","width":565,"height":667},{"@type":"BreadcrumbList","@id":"https:\/\/filma-v.de\/?product=tivusat-hd-we-cam-die-letzten-zwei-abbildung-aehnlich#breadcrumb","itemListElement":[{"@type":"ListItem","position":1,"name":"Startseite","item":"https:\/\/filma-v.de\/"},{"@type":"ListItem","position":2,"name":"SHOP","item":"https:\/\/filma-v.de\/?page_id=5"},{"@type":"ListItem","position":3,"name":"Tivusat HD WE cam -die letzten zwei- Abbildung \u00e4hnlich"}]},{"@type":"WebSite","@id":"https:\/\/filma-v.de\/#website","url":"https:\/\/filma-v.de\/","name":"FILMA-V","description":"Sat, Kabel, Dreambox, Humax, Topfield, Dreambox, VU+, Kathrein, lnb, Sat-Erotik, PayTV, Anlagen, Sch\u00fcsseln, Satfinder &amp; Pay-TV, Outdoor M\u00f6bel","potentialAction":[{"@type":"SearchAction","target":{"@type":"EntryPoint","urlTemplate":"https:\/\/filma-v.de\/?s={search_term_string}"},"query-input":{"@type":"PropertyValueSpecification","valueRequired":true,"valueName":"search_term_string"}}],"inLanguage":"de"}]}},"_links":{"self":[{"href":"https:\/\/filma-v.de\/index.php?rest_route=\/wp\/v2\/product\/4872","targetHints":{"allow":["GET"]}}],"collection":[{"href":"https:\/\/filma-v.de\/index.php?rest_route=\/wp\/v2\/product"}],"about":[{"href":"https:\/\/filma-v.de\/index.php?rest_route=\/wp\/v2\/types\/product"}],"wp:featuredmedia":[{"embeddable":true,"href":"https:\/\/filma-v.de\/index.php?rest_route=\/wp\/v2\/media\/3789"}],"wp:attachment":[{"href":"https:\/\/filma-v.de\/index.php?rest_route=%2Fwp%2Fv2%2Fmedia&parent=4872"}],"wp:term":[{"taxonomy":"product_cat","embeddable":true,"href":"https:\/\/filma-v.de\/index.php?rest_route=%2Fwp%2Fv2%2Fproduct_cat&post=4872"},{"taxonomy":"product_tag","embeddable":true,"href":"https:\/\/filma-v.de\/index.php?rest_route=%2Fwp%2Fv2%2Fproduct_tag&post=4872"}],"curies":[{"name":"wp","href":"https:\/\/api.w.org\/{rel}","templated":true}]}}