{"id":530,"date":"2017-02-26T16:01:17","date_gmt":"2017-02-26T15:01:17","guid":{"rendered":"http:\/\/cipciop.de\/?post_type=product&#038;p=530"},"modified":"2024-12-13T16:34:27","modified_gmt":"2024-12-13T15:34:27","slug":"mt-vision-monitor-wandhalterung","status":"publish","type":"product","link":"https:\/\/filma-v.de\/?product=mt-vision-monitor-wandhalterung","title":{"rendered":"Monitor Wandhalterung"},"content":{"rendered":"<div class=\"wpb-content-wrapper\"><p>[vc_row][vc_column][vc_row_inner][vc_column_inner][vc_column_text]Mit der Universalhalterung k\u00f6nnen die \u00dcberwachungsmonitore der Kamerasysteme an der Wand montiert werden. So schaffen Sie Platz auf Ihrem Schreibtisch und k\u00f6nnen den Monitor auf Augenh\u00f6he befestigen. Der Monitor wird einfach in die Halterung eingeh\u00e4ngt. Die passenden Schrauben liegen dem Lieferumfang bei.[\/vc_column_text][\/vc_column_inner][\/vc_row_inner][vc_tta_tabs][vc_tta_section title=&#8221;Artikelbeschreibung&#8221; tab_id=&#8221;1464382921179-156eb823-8f811f9e-a2dd6a2b-e5049bb7-a27d&#8221;][vc_column_text]Passend f\u00fcr folgende Modelle:<\/p>\n<p>MT Vision HS-200<br \/>\nMT Vision HS-400<br \/>\nMT Vision HS-210<br \/>\nMT Vision HS-410<br \/>\n[\/vc_column_text][\/vc_tta_section][vc_tta_section title=&#8221;Technische Daten&#8221; tab_id=&#8221;1464382921302-1d55021d-3ef01f9e-a2dd6a2b-e5049bb7-a27d&#8221;][vc_column_text]Material: Stahl<br \/>\nFarbe: schwarz<br \/>\nAbmessungen: 70 x 60 x 10 mm (B\/H\/T)<br \/>\nGewicht: 71 g<\/p>\n<p>*Die tats\u00e4chlichen Abmessungen und das Gewicht k\u00f6nnen abh\u00e4ngig von Konfiguration und Fertigungsprozess variieren.[\/vc_column_text][\/vc_tta_section][vc_tta_section title=&#8221;Lieferumfang&#8221; tab_id=&#8221;1464383140502-4eb41e34-4e471f9e-a2dd6a2b-e5049bb7-a27d&#8221;][vc_column_text]<br \/>\n1 x Monitor Wandhalterung<br \/>\n1 x Adapterplatte<br \/>\n1 x Schraubensatz<br \/>\n[\/vc_column_text][\/vc_tta_section][\/vc_tta_tabs][vc_separator style=&#8221;dotted&#8221; border_width=&#8221;2&#8243;][\/vc_column][\/vc_row]<\/p>\n<\/div>","protected":false},"excerpt":{"rendered":"<p>\u00dcberwachungsmonitore der Kamerasysteme an der Wand montieren<\/p>\n","protected":false},"featured_media":1642,"template":"","meta":[],"product_cat":[102],"product_tag":[],"class_list":{"0":"post-530","1":"product","2":"type-product","3":"status-publish","4":"has-post-thumbnail","6":"product_cat-zubehoer-sicherheit","7":"product_shipping_class-gls","8":"product_brand-mtvision","10":"first","11":"instock","12":"shipping-taxable","13":"purchasable","14":"product-type-simple"},"yoast_head":"<!-- This site is optimized with the Yoast SEO plugin v23.8 - https:\/\/yoast.com\/wordpress\/plugins\/seo\/ -->\n<title>Monitor Wandhalterung &#8211; FILMA-V<\/title>\n<meta name=\"robots\" content=\"index, follow, max-snippet:-1, max-image-preview:large, max-video-preview:-1\" \/>\n<link rel=\"canonical\" href=\"https:\/\/filma-v.de\/?product=mt-vision-monitor-wandhalterung\" \/>\n<meta property=\"og:locale\" content=\"de_DE\" \/>\n<meta property=\"og:type\" content=\"article\" \/>\n<meta property=\"og:title\" content=\"Monitor Wandhalterung &#8211; FILMA-V\" \/>\n<meta property=\"og:description\" content=\"\u00dcberwachungsmonitore der Kamerasysteme an der Wand montieren\" \/>\n<meta property=\"og:url\" content=\"https:\/\/filma-v.de\/?product=mt-vision-monitor-wandhalterung\" \/>\n<meta property=\"og:site_name\" content=\"FILMA-V\" \/>\n<meta property=\"article:modified_time\" content=\"2024-12-13T15:34:27+00:00\" \/>\n<meta property=\"og:image\" content=\"https:\/\/filma-v.de\/wp-content\/uploads\/2017\/02\/MT-Vision-Monitor-Wandhalterung.jpg\" \/>\n\t<meta property=\"og:image:width\" content=\"1500\" \/>\n\t<meta property=\"og:image:height\" content=\"1500\" \/>\n\t<meta property=\"og:image:type\" content=\"image\/jpeg\" \/>\n<meta name=\"twitter:card\" content=\"summary_large_image\" \/>\n<meta name=\"twitter:label1\" content=\"Gesch\u00e4tzte Lesezeit\" \/>\n\t<meta name=\"twitter:data1\" content=\"1\u00a0Minute\" \/>\n<script type=\"application\/ld+json\" class=\"yoast-schema-graph\">{\"@context\":\"https:\/\/schema.org\",\"@graph\":[{\"@type\":\"WebPage\",\"@id\":\"https:\/\/filma-v.de\/?product=mt-vision-monitor-wandhalterung\",\"url\":\"https:\/\/filma-v.de\/?product=mt-vision-monitor-wandhalterung\",\"name\":\"Monitor Wandhalterung &#8211; FILMA-V\",\"isPartOf\":{\"@id\":\"https:\/\/filma-v.de\/#website\"},\"primaryImageOfPage\":{\"@id\":\"https:\/\/filma-v.de\/?product=mt-vision-monitor-wandhalterung#primaryimage\"},\"image\":{\"@id\":\"https:\/\/filma-v.de\/?product=mt-vision-monitor-wandhalterung#primaryimage\"},\"thumbnailUrl\":\"https:\/\/filma-v.de\/wp-content\/uploads\/2017\/02\/MT-Vision-Monitor-Wandhalterung.jpg\",\"datePublished\":\"2017-02-26T15:01:17+00:00\",\"dateModified\":\"2024-12-13T15:34:27+00:00\",\"breadcrumb\":{\"@id\":\"https:\/\/filma-v.de\/?product=mt-vision-monitor-wandhalterung#breadcrumb\"},\"inLanguage\":\"de\",\"potentialAction\":[{\"@type\":\"ReadAction\",\"target\":[\"https:\/\/filma-v.de\/?product=mt-vision-monitor-wandhalterung\"]}]},{\"@type\":\"ImageObject\",\"inLanguage\":\"de\",\"@id\":\"https:\/\/filma-v.de\/?product=mt-vision-monitor-wandhalterung#primaryimage\",\"url\":\"https:\/\/filma-v.de\/wp-content\/uploads\/2017\/02\/MT-Vision-Monitor-Wandhalterung.jpg\",\"contentUrl\":\"https:\/\/filma-v.de\/wp-content\/uploads\/2017\/02\/MT-Vision-Monitor-Wandhalterung.jpg\",\"width\":1500,\"height\":1500,\"caption\":\"MT Vision Monitor Wandhalterung\"},{\"@type\":\"BreadcrumbList\",\"@id\":\"https:\/\/filma-v.de\/?product=mt-vision-monitor-wandhalterung#breadcrumb\",\"itemListElement\":[{\"@type\":\"ListItem\",\"position\":1,\"name\":\"Startseite\",\"item\":\"https:\/\/filma-v.de\/\"},{\"@type\":\"ListItem\",\"position\":2,\"name\":\"SHOP\",\"item\":\"https:\/\/filma-v.de\/?page_id=5\"},{\"@type\":\"ListItem\",\"position\":3,\"name\":\"Monitor Wandhalterung\"}]},{\"@type\":\"WebSite\",\"@id\":\"https:\/\/filma-v.de\/#website\",\"url\":\"https:\/\/filma-v.de\/\",\"name\":\"FILMA-V\",\"description\":\"Sat, Kabel, Dreambox, Humax, Topfield, Dreambox, VU+, Kathrein, lnb, Sat-Erotik, PayTV, Anlagen, Sch\u00fcsseln, Satfinder &amp; Pay-TV, Outdoor M\u00f6bel\",\"potentialAction\":[{\"@type\":\"SearchAction\",\"target\":{\"@type\":\"EntryPoint\",\"urlTemplate\":\"https:\/\/filma-v.de\/?s={search_term_string}\"},\"query-input\":{\"@type\":\"PropertyValueSpecification\",\"valueRequired\":true,\"valueName\":\"search_term_string\"}}],\"inLanguage\":\"de\"}]}<\/script>\n<!-- \/ Yoast SEO plugin. -->","yoast_head_json":{"title":"Monitor Wandhalterung &#8211; FILMA-V","robots":{"index":"index","follow":"follow","max-snippet":"max-snippet:-1","max-image-preview":"max-image-preview:large","max-video-preview":"max-video-preview:-1"},"canonical":"https:\/\/filma-v.de\/?product=mt-vision-monitor-wandhalterung","og_locale":"de_DE","og_type":"article","og_title":"Monitor Wandhalterung &#8211; FILMA-V","og_description":"\u00dcberwachungsmonitore der Kamerasysteme an der Wand montieren","og_url":"https:\/\/filma-v.de\/?product=mt-vision-monitor-wandhalterung","og_site_name":"FILMA-V","article_modified_time":"2024-12-13T15:34:27+00:00","og_image":[{"width":1500,"height":1500,"url":"https:\/\/filma-v.de\/wp-content\/uploads\/2017\/02\/MT-Vision-Monitor-Wandhalterung.jpg","type":"image\/jpeg"}],"twitter_card":"summary_large_image","twitter_misc":{"Gesch\u00e4tzte Lesezeit":"1\u00a0Minute"},"schema":{"@context":"https:\/\/schema.org","@graph":[{"@type":"WebPage","@id":"https:\/\/filma-v.de\/?product=mt-vision-monitor-wandhalterung","url":"https:\/\/filma-v.de\/?product=mt-vision-monitor-wandhalterung","name":"Monitor Wandhalterung &#8211; FILMA-V","isPartOf":{"@id":"https:\/\/filma-v.de\/#website"},"primaryImageOfPage":{"@id":"https:\/\/filma-v.de\/?product=mt-vision-monitor-wandhalterung#primaryimage"},"image":{"@id":"https:\/\/filma-v.de\/?product=mt-vision-monitor-wandhalterung#primaryimage"},"thumbnailUrl":"https:\/\/filma-v.de\/wp-content\/uploads\/2017\/02\/MT-Vision-Monitor-Wandhalterung.jpg","datePublished":"2017-02-26T15:01:17+00:00","dateModified":"2024-12-13T15:34:27+00:00","breadcrumb":{"@id":"https:\/\/filma-v.de\/?product=mt-vision-monitor-wandhalterung#breadcrumb"},"inLanguage":"de","potentialAction":[{"@type":"ReadAction","target":["https:\/\/filma-v.de\/?product=mt-vision-monitor-wandhalterung"]}]},{"@type":"ImageObject","inLanguage":"de","@id":"https:\/\/filma-v.de\/?product=mt-vision-monitor-wandhalterung#primaryimage","url":"https:\/\/filma-v.de\/wp-content\/uploads\/2017\/02\/MT-Vision-Monitor-Wandhalterung.jpg","contentUrl":"https:\/\/filma-v.de\/wp-content\/uploads\/2017\/02\/MT-Vision-Monitor-Wandhalterung.jpg","width":1500,"height":1500,"caption":"MT Vision Monitor Wandhalterung"},{"@type":"BreadcrumbList","@id":"https:\/\/filma-v.de\/?product=mt-vision-monitor-wandhalterung#breadcrumb","itemListElement":[{"@type":"ListItem","position":1,"name":"Startseite","item":"https:\/\/filma-v.de\/"},{"@type":"ListItem","position":2,"name":"SHOP","item":"https:\/\/filma-v.de\/?page_id=5"},{"@type":"ListItem","position":3,"name":"Monitor Wandhalterung"}]},{"@type":"WebSite","@id":"https:\/\/filma-v.de\/#website","url":"https:\/\/filma-v.de\/","name":"FILMA-V","description":"Sat, Kabel, Dreambox, Humax, Topfield, Dreambox, VU+, Kathrein, lnb, Sat-Erotik, PayTV, Anlagen, Sch\u00fcsseln, Satfinder &amp; Pay-TV, Outdoor M\u00f6bel","potentialAction":[{"@type":"SearchAction","target":{"@type":"EntryPoint","urlTemplate":"https:\/\/filma-v.de\/?s={search_term_string}"},"query-input":{"@type":"PropertyValueSpecification","valueRequired":true,"valueName":"search_term_string"}}],"inLanguage":"de"}]}},"_links":{"self":[{"href":"https:\/\/filma-v.de\/index.php?rest_route=\/wp\/v2\/product\/530","targetHints":{"allow":["GET"]}}],"collection":[{"href":"https:\/\/filma-v.de\/index.php?rest_route=\/wp\/v2\/product"}],"about":[{"href":"https:\/\/filma-v.de\/index.php?rest_route=\/wp\/v2\/types\/product"}],"wp:featuredmedia":[{"embeddable":true,"href":"https:\/\/filma-v.de\/index.php?rest_route=\/wp\/v2\/media\/1642"}],"wp:attachment":[{"href":"https:\/\/filma-v.de\/index.php?rest_route=%2Fwp%2Fv2%2Fmedia&parent=530"}],"wp:term":[{"taxonomy":"product_cat","embeddable":true,"href":"https:\/\/filma-v.de\/index.php?rest_route=%2Fwp%2Fv2%2Fproduct_cat&post=530"},{"taxonomy":"product_tag","embeddable":true,"href":"https:\/\/filma-v.de\/index.php?rest_route=%2Fwp%2Fv2%2Fproduct_tag&post=530"}],"curies":[{"name":"wp","href":"https:\/\/api.w.org\/{rel}","templated":true}]}}