{"id":869,"date":"2017-03-07T11:02:27","date_gmt":"2017-03-07T10:02:27","guid":{"rendered":"http:\/\/filma-v.de\/?post_type=product&#038;p=869"},"modified":"2026-02-10T08:08:52","modified_gmt":"2026-02-10T07:08:52","slug":"goobay-sat-fensterdurchfuehrung-flach","status":"publish","type":"product","link":"https:\/\/filma-v.de\/?product=goobay-sat-fensterdurchfuehrung-flach","title":{"rendered":"SAT Fensterdurchf\u00fchrung, extrem flach, dicht  L\u00e4nge 0,5 m"},"content":{"rendered":"<div class=\"wpb-content-wrapper\"><p>[vc_row][vc_column][vc_row_inner][vc_column_inner][vc_column_text]<strong>SAT Fensterdurchf\u00fchrung, flach<\/strong><\/p>\n<p>F-Buchse -F-Buchse<\/p>\n<p>[\/vc_column_text][\/vc_column_inner][\/vc_row_inner][vc_tta_tabs][vc_tta_section title=&#8221;Artikelbeschreibung&#8221; tab_id=&#8221;1464382921179-156eb823-8f811f9e-a2dd6a2b-e504b585-ab96&#8243;][vc_column_text]- zur Durchf\u00fchrung von Koaxialkabel durch Fenster- oder T\u00fcrrahmen, ohne Bohren<br \/>\n&#8211; wasserdichte F-Verbindung durch Gummit\u00fclle<br \/>\n&#8211; dauerhaft fixierbar durch Schraubbefestigungsm\u00f6glichkeit<br \/>\n&#8211; transparent, Leiterplattenfolie<br \/>\n&#8211; extrem flache Durchf\u00fchrung, 0,3 mm stark[\/vc_column_text][\/vc_tta_section][vc_tta_section title=&#8221;Technische Daten&#8221; tab_id=&#8221;1464382921302-1d55021d-3ef01f9e-a2dd6a2b-e504b585-ab96&#8243;][vc_column_text css=&#8221;&#8221;]<strong>Anschl\u00fcsse<\/strong><br \/>\nAnschluss, Typ F-Buchse<br \/>\nAnschluss 2, Typ F-Buchse<br \/>\nAnschluss, L\u00e4nge 4,25 cm<br \/>\n<strong>Kabel<\/strong><br \/>\nKabeltyp Flachkabel<br \/>\nDurchmesser Kabelmantel (ca.) 0,3 mm<br \/>\nInnenleiter, Material CU (Kupfer)<br \/>\nKabell\u00e4nge 0,5 m<br \/>\nH\u00f6he Kabelmantel 0,3 mm<br \/>\nBreite Kabelmantel 12 mm<br \/>\nSignal\u00fcbertragung<br \/>\nWellenwiderstand 75 \u03a9[\/vc_column_text][\/vc_tta_section][vc_tta_section title=&#8221;Lieferumfang&#8221; tab_id=&#8221;1464383140502-4eb41e34-4e471f9e-a2dd6a2b-e504b585-ab96&#8243;][vc_column_text]1 x Fensterdurchf\u00fchrung im Plastikbeutel<\/p>\n<p>[\/vc_column_text][\/vc_tta_section][\/vc_tta_tabs][vc_separator style=&#8221;dotted&#8221; border_width=&#8221;2&#8243;][\/vc_column][\/vc_row]<\/p>\n<\/div>","protected":false},"excerpt":{"rendered":"<p>[vc_row][vc_column][vc_row_inner][vc_column_inner][vc_column_text]SAT Fensterdurchf\u00fchrung, flach F-Buchse -F-Buchse [\/vc_column_text][\/vc_column_inner][\/vc_row_inner][vc_tta_tabs][vc_tta_section title=&#8221;Artikelbeschreibung&#8221; tab_id=&#8221;1464382921179-156eb823-8f811f9e-a2dd6a2b-e504b585-ab96&#8243;][vc_column_text]- zur Durchf\u00fchrung von Koaxialkabel durch Fenster- oder T\u00fcrrahmen, ohne Bohren &#8211; wasserdichte F-Verbindung durch Gummit\u00fclle &#8211; dauerhaft fixierbar durch Schraubbefestigungsm\u00f6glichkeit &#8211; transparent, Leiterplattenfolie &#8211;<a class=\"moretag\" href=\"https:\/\/filma-v.de\/?product=goobay-sat-fensterdurchfuehrung-flach\">Weiterlesen&#8230;<\/a><\/p>\n","protected":false},"featured_media":3294,"template":"","meta":[],"product_cat":[63,90],"product_tag":[],"class_list":{"0":"post-869","1":"product","2":"type-product","3":"status-publish","4":"has-post-thumbnail","6":"product_cat-montagezubehoer","7":"product_cat-weiteres-zubehoer","8":"product_shipping_class-gls","9":"product_brand-goobay","11":"first","12":"instock","13":"shipping-taxable","14":"purchasable","15":"product-type-simple"},"yoast_head":"<!-- This site is optimized with the Yoast SEO plugin v23.8 - https:\/\/yoast.com\/wordpress\/plugins\/seo\/ -->\n<title>SAT Fensterdurchf\u00fchrung, extrem flach, dicht L\u00e4nge 0,5 m &#8211; FILMA-V<\/title>\n<meta name=\"description\" content=\"Wasserdichte SAT Fensterdurchf\u00fchrung, extrem flach (0,3 mm) filma firma ulm kabel\" \/>\n<meta name=\"robots\" content=\"index, follow, max-snippet:-1, max-image-preview:large, max-video-preview:-1\" \/>\n<link rel=\"canonical\" href=\"https:\/\/filma-v.de\/?product=goobay-sat-fensterdurchfuehrung-flach\" \/>\n<meta property=\"og:locale\" content=\"de_DE\" \/>\n<meta property=\"og:type\" content=\"article\" \/>\n<meta property=\"og:title\" content=\"SAT Fensterdurchf\u00fchrung, extrem flach, dicht L\u00e4nge 0,5 m &#8211; FILMA-V\" \/>\n<meta property=\"og:description\" content=\"Wasserdichte SAT Fensterdurchf\u00fchrung, extrem flach (0,3 mm) filma firma ulm kabel\" \/>\n<meta property=\"og:url\" content=\"https:\/\/filma-v.de\/?product=goobay-sat-fensterdurchfuehrung-flach\" \/>\n<meta property=\"og:site_name\" content=\"FILMA-V\" \/>\n<meta property=\"article:modified_time\" content=\"2026-02-10T07:08:52+00:00\" \/>\n<meta property=\"og:image\" content=\"https:\/\/filma-v.de\/wp-content\/uploads\/2017\/03\/Fensterdurchf\u00fchrung-71409.jpg\" \/>\n\t<meta property=\"og:image:width\" content=\"1555\" \/>\n\t<meta property=\"og:image:height\" content=\"683\" \/>\n\t<meta property=\"og:image:type\" content=\"image\/jpeg\" \/>\n<meta name=\"twitter:card\" content=\"summary_large_image\" \/>\n<meta name=\"twitter:label1\" content=\"Gesch\u00e4tzte Lesezeit\" \/>\n\t<meta name=\"twitter:data1\" content=\"1\u00a0Minute\" \/>\n<script type=\"application\/ld+json\" class=\"yoast-schema-graph\">{\"@context\":\"https:\/\/schema.org\",\"@graph\":[{\"@type\":\"WebPage\",\"@id\":\"https:\/\/filma-v.de\/?product=goobay-sat-fensterdurchfuehrung-flach\",\"url\":\"https:\/\/filma-v.de\/?product=goobay-sat-fensterdurchfuehrung-flach\",\"name\":\"SAT Fensterdurchf\u00fchrung, extrem flach, dicht L\u00e4nge 0,5 m &#8211; FILMA-V\",\"isPartOf\":{\"@id\":\"https:\/\/filma-v.de\/#website\"},\"primaryImageOfPage\":{\"@id\":\"https:\/\/filma-v.de\/?product=goobay-sat-fensterdurchfuehrung-flach#primaryimage\"},\"image\":{\"@id\":\"https:\/\/filma-v.de\/?product=goobay-sat-fensterdurchfuehrung-flach#primaryimage\"},\"thumbnailUrl\":\"https:\/\/filma-v.de\/wp-content\/uploads\/2017\/03\/Fensterdurchf\u00fchrung-71409.jpg\",\"datePublished\":\"2017-03-07T10:02:27+00:00\",\"dateModified\":\"2026-02-10T07:08:52+00:00\",\"description\":\"Wasserdichte SAT Fensterdurchf\u00fchrung, extrem flach (0,3 mm) filma firma ulm kabel\",\"breadcrumb\":{\"@id\":\"https:\/\/filma-v.de\/?product=goobay-sat-fensterdurchfuehrung-flach#breadcrumb\"},\"inLanguage\":\"de\",\"potentialAction\":[{\"@type\":\"ReadAction\",\"target\":[\"https:\/\/filma-v.de\/?product=goobay-sat-fensterdurchfuehrung-flach\"]}]},{\"@type\":\"ImageObject\",\"inLanguage\":\"de\",\"@id\":\"https:\/\/filma-v.de\/?product=goobay-sat-fensterdurchfuehrung-flach#primaryimage\",\"url\":\"https:\/\/filma-v.de\/wp-content\/uploads\/2017\/03\/Fensterdurchf\u00fchrung-71409.jpg\",\"contentUrl\":\"https:\/\/filma-v.de\/wp-content\/uploads\/2017\/03\/Fensterdurchf\u00fchrung-71409.jpg\",\"width\":1555,\"height\":683},{\"@type\":\"BreadcrumbList\",\"@id\":\"https:\/\/filma-v.de\/?product=goobay-sat-fensterdurchfuehrung-flach#breadcrumb\",\"itemListElement\":[{\"@type\":\"ListItem\",\"position\":1,\"name\":\"Startseite\",\"item\":\"https:\/\/filma-v.de\/\"},{\"@type\":\"ListItem\",\"position\":2,\"name\":\"SHOP\",\"item\":\"https:\/\/filma-v.de\/?page_id=5\"},{\"@type\":\"ListItem\",\"position\":3,\"name\":\"SAT Fensterdurchf\u00fchrung, extrem flach, dicht L\u00e4nge 0,5 m\"}]},{\"@type\":\"WebSite\",\"@id\":\"https:\/\/filma-v.de\/#website\",\"url\":\"https:\/\/filma-v.de\/\",\"name\":\"FILMA-V\",\"description\":\"Sat, Kabel, Dreambox, Humax, Topfield, Dreambox, VU+, Kathrein, lnb, Sat-Erotik, PayTV, Anlagen, Sch\u00fcsseln, Satfinder &amp; Pay-TV, Outdoor M\u00f6bel\",\"potentialAction\":[{\"@type\":\"SearchAction\",\"target\":{\"@type\":\"EntryPoint\",\"urlTemplate\":\"https:\/\/filma-v.de\/?s={search_term_string}\"},\"query-input\":{\"@type\":\"PropertyValueSpecification\",\"valueRequired\":true,\"valueName\":\"search_term_string\"}}],\"inLanguage\":\"de\"}]}<\/script>\n<!-- \/ Yoast SEO plugin. -->","yoast_head_json":{"title":"SAT Fensterdurchf\u00fchrung, extrem flach, dicht L\u00e4nge 0,5 m &#8211; FILMA-V","description":"Wasserdichte SAT Fensterdurchf\u00fchrung, extrem flach (0,3 mm) filma firma ulm kabel","robots":{"index":"index","follow":"follow","max-snippet":"max-snippet:-1","max-image-preview":"max-image-preview:large","max-video-preview":"max-video-preview:-1"},"canonical":"https:\/\/filma-v.de\/?product=goobay-sat-fensterdurchfuehrung-flach","og_locale":"de_DE","og_type":"article","og_title":"SAT Fensterdurchf\u00fchrung, extrem flach, dicht L\u00e4nge 0,5 m &#8211; FILMA-V","og_description":"Wasserdichte SAT Fensterdurchf\u00fchrung, extrem flach (0,3 mm) filma firma ulm kabel","og_url":"https:\/\/filma-v.de\/?product=goobay-sat-fensterdurchfuehrung-flach","og_site_name":"FILMA-V","article_modified_time":"2026-02-10T07:08:52+00:00","og_image":[{"width":1555,"height":683,"url":"https:\/\/filma-v.de\/wp-content\/uploads\/2017\/03\/Fensterdurchf\u00fchrung-71409.jpg","type":"image\/jpeg"}],"twitter_card":"summary_large_image","twitter_misc":{"Gesch\u00e4tzte Lesezeit":"1\u00a0Minute"},"schema":{"@context":"https:\/\/schema.org","@graph":[{"@type":"WebPage","@id":"https:\/\/filma-v.de\/?product=goobay-sat-fensterdurchfuehrung-flach","url":"https:\/\/filma-v.de\/?product=goobay-sat-fensterdurchfuehrung-flach","name":"SAT Fensterdurchf\u00fchrung, extrem flach, dicht L\u00e4nge 0,5 m &#8211; FILMA-V","isPartOf":{"@id":"https:\/\/filma-v.de\/#website"},"primaryImageOfPage":{"@id":"https:\/\/filma-v.de\/?product=goobay-sat-fensterdurchfuehrung-flach#primaryimage"},"image":{"@id":"https:\/\/filma-v.de\/?product=goobay-sat-fensterdurchfuehrung-flach#primaryimage"},"thumbnailUrl":"https:\/\/filma-v.de\/wp-content\/uploads\/2017\/03\/Fensterdurchf\u00fchrung-71409.jpg","datePublished":"2017-03-07T10:02:27+00:00","dateModified":"2026-02-10T07:08:52+00:00","description":"Wasserdichte SAT Fensterdurchf\u00fchrung, extrem flach (0,3 mm) filma firma ulm kabel","breadcrumb":{"@id":"https:\/\/filma-v.de\/?product=goobay-sat-fensterdurchfuehrung-flach#breadcrumb"},"inLanguage":"de","potentialAction":[{"@type":"ReadAction","target":["https:\/\/filma-v.de\/?product=goobay-sat-fensterdurchfuehrung-flach"]}]},{"@type":"ImageObject","inLanguage":"de","@id":"https:\/\/filma-v.de\/?product=goobay-sat-fensterdurchfuehrung-flach#primaryimage","url":"https:\/\/filma-v.de\/wp-content\/uploads\/2017\/03\/Fensterdurchf\u00fchrung-71409.jpg","contentUrl":"https:\/\/filma-v.de\/wp-content\/uploads\/2017\/03\/Fensterdurchf\u00fchrung-71409.jpg","width":1555,"height":683},{"@type":"BreadcrumbList","@id":"https:\/\/filma-v.de\/?product=goobay-sat-fensterdurchfuehrung-flach#breadcrumb","itemListElement":[{"@type":"ListItem","position":1,"name":"Startseite","item":"https:\/\/filma-v.de\/"},{"@type":"ListItem","position":2,"name":"SHOP","item":"https:\/\/filma-v.de\/?page_id=5"},{"@type":"ListItem","position":3,"name":"SAT Fensterdurchf\u00fchrung, extrem flach, dicht L\u00e4nge 0,5 m"}]},{"@type":"WebSite","@id":"https:\/\/filma-v.de\/#website","url":"https:\/\/filma-v.de\/","name":"FILMA-V","description":"Sat, Kabel, Dreambox, Humax, Topfield, Dreambox, VU+, Kathrein, lnb, Sat-Erotik, PayTV, Anlagen, Sch\u00fcsseln, Satfinder &amp; Pay-TV, Outdoor M\u00f6bel","potentialAction":[{"@type":"SearchAction","target":{"@type":"EntryPoint","urlTemplate":"https:\/\/filma-v.de\/?s={search_term_string}"},"query-input":{"@type":"PropertyValueSpecification","valueRequired":true,"valueName":"search_term_string"}}],"inLanguage":"de"}]}},"_links":{"self":[{"href":"https:\/\/filma-v.de\/index.php?rest_route=\/wp\/v2\/product\/869","targetHints":{"allow":["GET"]}}],"collection":[{"href":"https:\/\/filma-v.de\/index.php?rest_route=\/wp\/v2\/product"}],"about":[{"href":"https:\/\/filma-v.de\/index.php?rest_route=\/wp\/v2\/types\/product"}],"wp:featuredmedia":[{"embeddable":true,"href":"https:\/\/filma-v.de\/index.php?rest_route=\/wp\/v2\/media\/3294"}],"wp:attachment":[{"href":"https:\/\/filma-v.de\/index.php?rest_route=%2Fwp%2Fv2%2Fmedia&parent=869"}],"wp:term":[{"taxonomy":"product_cat","embeddable":true,"href":"https:\/\/filma-v.de\/index.php?rest_route=%2Fwp%2Fv2%2Fproduct_cat&post=869"},{"taxonomy":"product_tag","embeddable":true,"href":"https:\/\/filma-v.de\/index.php?rest_route=%2Fwp%2Fv2%2Fproduct_tag&post=869"}],"curies":[{"name":"wp","href":"https:\/\/api.w.org\/{rel}","templated":true}]}}